{"id":7929,"date":"2025-03-22T17:53:26","date_gmt":"2025-03-22T09:53:26","guid":{"rendered":"https:\/\/zojopackaging.com\/?post_type=product&#038;p=7929"},"modified":"2025-03-22T21:30:37","modified_gmt":"2025-03-22T13:30:37","slug":"high-quality-custom-printed-essential-oil-boxes-distributors","status":"publish","type":"product","link":"https:\/\/zojopackaging.com\/fr\/product\/high-quality-custom-printed-essential-oil-boxes-distributors\/","title":{"rendered":"Distributeurs de bo\u00eetes d'huile essentielle imprim\u00e9es de haute qualit\u00e9"},"content":{"rendered":"<p>Choix classique, couvercle et base : Le couvercle et la base ont une structure stable, sont faciles \u00e0 ouvrir et \u00e0 fermer, et sont classiques et \u00e9l\u00e9gants. C'est un choix id\u00e9al pour les emballages d'huiles essentielles de soins de la peau haut de gamme. L'impression de rituel qui se d\u00e9gage de l'ouverture de l'emballage fait ressentir aux consommateurs la recherche ultime de la marque en mati\u00e8re de d\u00e9tails.<\/p>\n<p>Exclusivit\u00e9 pour les huiles essentielles, soin complet : Nos bo\u00eetes d'emballage sont con\u00e7ues sp\u00e9cifiquement pour les huiles essentielles destin\u00e9es aux soins de la peau, en tenant pleinement compte de la sensibilit\u00e9 des huiles essentielles \u00e0 la lumi\u00e8re, \u00e0 la temp\u00e9rature et \u00e0 l'air. Le choix des mat\u00e9riaux et la conception de la structure sont con\u00e7us pour offrir la meilleure protection possible \u00e0 vos huiles essentielles, afin que leurs principes actifs ne soient pas alt\u00e9r\u00e9s.<br \/>\nPossibilit\u00e9s illimit\u00e9es, personnalisation illimit\u00e9e : Nous proposons des services de personnalisation v\u00e9ritablement illimit\u00e9s : taille, forme, couleur, motif, tout peut \u00eatre personnalis\u00e9 en fonction de vos besoins. Vous pouvez laisser libre cours \u00e0 votre cr\u00e9ativit\u00e9 et cr\u00e9er un emballage unique et exclusif pour votre marque.<br \/>\nToucher luxueux, papier sp\u00e9cial : Nous utilisons une vari\u00e9t\u00e9 de papiers sp\u00e9ciaux, tels que le papier tactile, le papier perl\u00e9, le papier d'art, etc., avec des textures riches et d\u00e9licates, donnant \u00e0 la bo\u00eete d'emballage une exp\u00e9rience visuelle et tactile unique, soulignant le positionnement haut de gamme de la marque.<br \/>\nCouleurs vives, impression CMYK : Nous utilisons une technologie d'impression CMJN avanc\u00e9e, avec une reproduction des couleurs \u00e9lev\u00e9e et des images claires et vives, qui peuvent parfaitement pr\u00e9senter votre concept de design et rendre votre emballage plus attrayant.<br \/>\n\u00c9chantillons gratuits, exp\u00e9rience personnelle : Afin de vous permettre de mieux comprendre la qualit\u00e9 de nos produits et de nos services, nous vous proposons des \u00e9chantillons gratuits. Vous pouvez ainsi d\u00e9couvrir nos mat\u00e9riaux, notre savoir-faire et notre design en personne et vous assurer que la bo\u00eete d'emballage r\u00e9pond parfaitement \u00e0 vos attentes.<br \/>\nFournisseur de source chinoise, prix les plus bas : Nous sommes un fournisseur chinois disposant d'un syst\u00e8me de production et d'un syst\u00e8me de cha\u00eene d'approvisionnement complets, qui peut vous fournir le prix le plus bas, vous permettant de profiter de produits de haute qualit\u00e9 tout en \u00e9conomisant des co\u00fbts.<br \/>\nContr\u00f4le strict de la qualit\u00e9, excellence : Nous avons mis en place un syst\u00e8me strict de contr\u00f4le de la qualit\u00e9. De l'approvisionnement en mati\u00e8res premi\u00e8res \u00e0 l'inspection des produits finis, chaque \u00e9tape est rigoureusement contr\u00f4l\u00e9e pour garantir une qualit\u00e9 stable et fiable des produits, afin que vous puissiez les utiliser en toute confiance.<br \/>\nCertification FSC et ISO, protection de l'environnement et engagement en faveur de la qualit\u00e9 : Nos produits ont obtenu le certificat FSC et la certification ISO, ce qui t\u00e9moigne de notre engagement en faveur de la protection de l'environnement et de la responsabilit\u00e9 sociale, ainsi que d'exigences strictes en mati\u00e8re de qualit\u00e9 des produits et de syst\u00e8me de gestion.<br \/>\nConception gratuite, conseils professionnels : Nous proposons des services de conception gratuits et des concepteurs professionnels qui vous proposeront des solutions d'emballage sur mesure. Vous pouvez nous faire part de vos id\u00e9es et de vos besoins, et nous vous fournirons des conseils et des suggestions professionnels pour vous aider \u00e0 cr\u00e9er un emballage de marque unique.<br \/>\nExpert en solutions d'emballage : nous ne nous contentons pas de produire des bo\u00eetes d'emballage, nous excellons \u00e9galement dans les suggestions de solutions d'emballage. Forts d'une connaissance approfondie de l'industrie des soins de la peau et des produits \u00e0 base d'huiles essentielles, nous pouvons proposer \u00e0 vos produits une gamme compl\u00e8te de solutions d'emballage, allant de la s\u00e9lection des mat\u00e9riaux \u00e0 la conception structurelle, en passant par l'adaptation des processus, afin d'am\u00e9liorer la valeur globale du produit.<\/p>\n<p>Sp\u00e9cifications du produit :<\/p>\n<p>Mat\u00e9riau : Une vari\u00e9t\u00e9 de papiers sp\u00e9ciaux est disponible<br \/>\nImpression : Impression en quadrichromie CMYK<br \/>\nType de bo\u00eete : Bo\u00eete \u00e0 couvercle sup\u00e9rieur et inf\u00e9rieur<br \/>\nCertification : Certification FSC, certification ISO<br \/>\nCaract\u00e9ristiques :<br \/>\nCouvercle sup\u00e9rieur et inf\u00e9rieur, atmosph\u00e8re classique<br \/>\nUne vari\u00e9t\u00e9 de papiers sp\u00e9ciaux est disponible, texture luxueuse<br \/>\nPersonnalisation de la marque, style exclusif<br \/>\nService de conception gratuit<br \/>\nBonne capacit\u00e9 \u00e0 proposer des solutions d'emballage<\/p>\n<p>Sc\u00e9narios applicables :<\/p>\n<p>Emballage cadeau pour huile essentielle de soin de la peau haut de gamme<br \/>\nPromotion de l'image de marque des huiles essentielles<br \/>\nEmballage d'huiles essentielles pour les f\u00eates de fin d'ann\u00e9e<br \/>\nEmballage pour la vente au d\u00e9tail d'huiles essentielles<\/p>\n<p>Les raisons de nous choisir :<\/p>\n<p>Service de personnalisation professionnel : Nous disposons d'une \u00e9quipe de conception et d'une \u00e9quipe de production professionnelles, qui peuvent vous fournir une gamme compl\u00e8te de services de personnalisation, de la conception \u00e0 la production, sans aucun souci tout au long du processus.<br \/>\nExcellente garantie de qualit\u00e9 : Nous contr\u00f4lons rigoureusement chaque \u00e9tape de la production afin de garantir une qualit\u00e9 stable et fiable du produit, pour que vous puissiez l'utiliser en toute confiance.<br \/>\nAvantage \u00e9vident en termes de prix : Nous sommes le fournisseur principal et pouvons vous proposer les prix les plus comp\u00e9titifs, ce qui vous permet d'obtenir une meilleure performance en termes de co\u00fbts.<br \/>\nService de conception gratuit : Nous proposons un service de conception gratuit et des solutions d'emballage sur mesure.<br \/>\nExpert en solutions d'emballage : nous sommes \u00e0 m\u00eame de proposer des solutions d'emballage et de fournir une gamme compl\u00e8te de solutions d'emballage pour vos produits.<br \/>\nRespectueux de l'environnement et durable : Nous utilisons du papier certifi\u00e9 FSC, nous soutenons la gestion durable des for\u00eats et nous contribuons \u00e0 la protection de la plan\u00e8te.<\/p>","protected":false},"excerpt":{"rendered":"<p>Bo\u00eete d'huile essentielle pour soins de la peau avec couvercle, papier sp\u00e9cial imprim\u00e9 en CMYK, texture d\u00e9licate. Nombre illimit\u00e9 de tailles et de designs personnalis\u00e9s pour cr\u00e9er des emballages haut de gamme exclusifs pour les marques.<\/p>","protected":false},"featured_media":7933,"template":"","meta":[],"product_brand":[],"product_cat":[31,30,390,425],"product_tag":[452,453,451],"class_list":{"0":"post-7929","1":"product","2":"type-product","3":"status-publish","4":"has-post-thumbnail","6":"product_cat-paper-box-style","7":"product_cat-by-industry","8":"product_cat-custom-cosmetics-boxes","9":"product_cat-lid-and-base-gift-box","10":"product_tag-custom-printed-essential-oil-boxes","11":"product_tag-essential-oil-boxes-distributors","12":"product_tag-high-quality-essential-oil-boxes","14":"first","15":"instock","16":"shipping-taxable","17":"product-type-simple"},"_links":{"self":[{"href":"https:\/\/zojopackaging.com\/fr\/wp-json\/wp\/v2\/product\/7929","targetHints":{"allow":["GET"]}}],"collection":[{"href":"https:\/\/zojopackaging.com\/fr\/wp-json\/wp\/v2\/product"}],"about":[{"href":"https:\/\/zojopackaging.com\/fr\/wp-json\/wp\/v2\/types\/product"}],"version-history":[{"count":2,"href":"https:\/\/zojopackaging.com\/fr\/wp-json\/wp\/v2\/product\/7929\/revisions"}],"predecessor-version":[{"id":7973,"href":"https:\/\/zojopackaging.com\/fr\/wp-json\/wp\/v2\/product\/7929\/revisions\/7973"}],"wp:featuredmedia":[{"embeddable":true,"href":"https:\/\/zojopackaging.com\/fr\/wp-json\/wp\/v2\/media\/7933"}],"wp:attachment":[{"href":"https:\/\/zojopackaging.com\/fr\/wp-json\/wp\/v2\/media?parent=7929"}],"wp:term":[{"taxonomy":"product_brand","embeddable":true,"href":"https:\/\/zojopackaging.com\/fr\/wp-json\/wp\/v2\/product_brand?post=7929"},{"taxonomy":"product_cat","embeddable":true,"href":"https:\/\/zojopackaging.com\/fr\/wp-json\/wp\/v2\/product_cat?post=7929"},{"taxonomy":"product_tag","embeddable":true,"href":"https:\/\/zojopackaging.com\/fr\/wp-json\/wp\/v2\/product_tag?post=7929"}],"curies":[{"name":"wp","href":"https:\/\/api.w.org\/{rel}","templated":true}]}}