{"id":7937,"date":"2025-03-22T18:06:03","date_gmt":"2025-03-22T10:06:03","guid":{"rendered":"https:\/\/zojopackaging.com\/?post_type=product&#038;p=7937"},"modified":"2025-03-22T21:27:23","modified_gmt":"2025-03-22T13:27:23","slug":"customized-logo-hair-straightener-packaging-boxes-wholesale","status":"publish","type":"product","link":"https:\/\/zojopackaging.com\/fr\/product\/customized-logo-hair-straightener-packaging-boxes-wholesale\/","title":{"rendered":"Bo\u00eetes d'emballage pour lisseurs de cheveux avec logo personnalis\u00e9 Wholesale"},"content":{"rendered":"<p>Fermeture magn\u00e9tique classique, pratique et \u00e9l\u00e9gante : La bo\u00eete d'aspiration \u00e0 fermeture magn\u00e9tique a un design classique et atmosph\u00e9rique, et elle est facile \u00e0 ouvrir et \u00e0 fermer, ajoutant un sens \u00e9l\u00e9gant du rituel \u00e0 vos produits de lissage des cheveux et am\u00e9liorant l'exp\u00e9rience de l'utilisateur.<\/p>\n<p>Personnalisation exclusive, soins complets : Nos bo\u00eetes d'emballage sont con\u00e7ues sp\u00e9cifiquement pour les lisseurs de cheveux, en tenant pleinement compte de la forme, de la taille et des besoins de protection du produit. La structure interne peut \u00eatre personnalis\u00e9e en fonction de votre produit afin de garantir que le lisseur \u00e0 cheveux est plac\u00e9 fermement et d'\u00e9viter les collisions et les frottements pendant le transport.<\/p>\n<p>Possibilit\u00e9s illimit\u00e9es, personnalisation illimit\u00e9e : Nous proposons des services de personnalisation vraiment illimit\u00e9s, et tout, de la taille \u00e0 la forme en passant par la couleur et le motif, peut \u00eatre personnalis\u00e9 en fonction de vos besoins. Vous pouvez laisser libre cours \u00e0 votre cr\u00e9ativit\u00e9 et cr\u00e9er un emballage unique et exclusif pour votre marque.<\/p>\n<p>Superbe pr\u00e9sentation, mat\u00e9riau en carton : Nous utilisons du carton de haute qualit\u00e9, dont la surface est lisse et d\u00e9licate et dont l'effet d'impression est excellent. Gr\u00e2ce \u00e0 la technologie d'impression CMYK, la reproduction des couleurs est \u00e9lev\u00e9e et l'image est claire et vive, ce qui rend votre emballage plus percutant et attire efficacement l'attention des consommateurs.<\/p>\n<p>\u00c9chantillons gratuits, exp\u00e9rience personnelle : Afin de vous permettre de mieux comprendre la qualit\u00e9 de nos produits et de nos services, nous vous proposons des \u00e9chantillons gratuits. Vous pouvez ainsi d\u00e9couvrir nos mat\u00e9riaux, nos finitions et notre design en personne et vous assurer que la bo\u00eete d'emballage r\u00e9pond parfaitement \u00e0 vos attentes.<\/p>\n<p>Fournisseur chinois, prix les plus bas : Nous sommes un fournisseur chinois, avec un syst\u00e8me de production complet et un syst\u00e8me de cha\u00eene d'approvisionnement, qui peut vous fournir le prix le plus bas, afin que vous puissiez \u00e9conomiser des co\u00fbts tout en profitant de produits de haute qualit\u00e9.<\/p>\n<p>Contr\u00f4le strict de la qualit\u00e9, excellence : Nous avons mis en place un syst\u00e8me strict de contr\u00f4le de la qualit\u00e9. De l'approvisionnement en mati\u00e8res premi\u00e8res \u00e0 l'inspection des produits finis, chaque \u00e9tape est rigoureusement contr\u00f4l\u00e9e pour garantir une qualit\u00e9 stable et fiable des produits, afin que vous puissiez les utiliser en toute confiance.<\/p>\n<p>Certification FSC et ISO, protection de l'environnement et engagement en faveur de la qualit\u00e9 : Nos produits ont obtenu le certificat FSC et la certification ISO, ce qui t\u00e9moigne de notre engagement en faveur de la protection de l'environnement et de la responsabilit\u00e9 sociale, ainsi que d'exigences strictes en mati\u00e8re de qualit\u00e9 des produits et de syst\u00e8me de gestion.<\/p>\n<p>Conception gratuite, conseils professionnels : Nous proposons des services de conception gratuits et des concepteurs professionnels qui vous proposeront des solutions d'emballage sur mesure. Vous pouvez nous faire part de vos id\u00e9es et de vos besoins, et nous vous fournirons des conseils et des suggestions professionnels pour vous aider \u00e0 cr\u00e9er un emballage de marque unique.<\/p>\n<p>Devis gratuit dans les 10 minutes : Nous nous engageons \u00e0 vous fournir un devis gratuit dans les 10 minutes suivant la r\u00e9ception de votre demande, afin que vous puissiez comprendre rapidement le co\u00fbt et prendre des d\u00e9cisions efficaces.<\/p>\n<p>Livraison rapide : Nous disposons d'un processus de production efficace et d'une \u00e9quipe logistique professionnelle, qui peuvent vous fournir la livraison la plus rapide, garantissant que votre commande peut \u00eatre compl\u00e9t\u00e9e \u00e0 temps sans retarder votre plan de vente.<br \/>\n24\/7 en ligne : Nous proposons un service client\u00e8le en ligne 24h\/24 et 7j\/7 pour r\u00e9pondre \u00e0 vos questions \u00e0 tout moment et vous fournir une assistance rapide et professionnelle.<\/p>\n<p>Sp\u00e9cifications du produit :<\/p>\n<p>Mat\u00e9riau : carton de haute qualit\u00e9<br \/>\nImpression : Impression CMYK<br \/>\nType de bo\u00eete : bo\u00eete \u00e0 fermeture magn\u00e9tique<br \/>\nCertification : Certification FSC, certification ISO<br \/>\nCaract\u00e9ristiques :<br \/>\nFermeture magn\u00e9tique, pratique et \u00e9l\u00e9gante<br \/>\nCon\u00e7ue sp\u00e9cialement pour les lisseurs de cheveux, elle offre une protection efficace.<br \/>\nPersonnalisation de la marque, style exclusif<br \/>\nDevis gratuit dans les 10 minutes, r\u00e9ponse rapide<br \/>\nService de conception gratuit<br \/>\nLivraison rapide pour r\u00e9pondre \u00e0 vos besoins urgents<br \/>\nService en ligne 7\/24 heures<\/p>\n<p>Sc\u00e9narios applicables :<\/p>\n<p>Bo\u00eete cadeau pour lisseur de cheveux haut de gamme<br \/>\nPromotion de l'image de marque des lisseurs de cheveux<br \/>\nEmballage de d\u00e9tail des lisseurs de cheveux<br \/>\nEmballage promotionnel de lisseurs de cheveux<\/p>\n<p>Raisons de nous choisir :<\/p>\n<p>Service de personnalisation professionnel : Nous disposons d'une \u00e9quipe de conception et d'une \u00e9quipe de production professionnelles, qui peuvent vous fournir une gamme compl\u00e8te de services de personnalisation, de la conception \u00e0 la production, sans aucun souci tout au long du processus.<br \/>\nExcellente garantie de qualit\u00e9 : Nous contr\u00f4lons rigoureusement chaque \u00e9tape de la production pour garantir une qualit\u00e9 stable et fiable du produit, afin que vous puissiez l'utiliser en toute confiance.<br \/>\nAvantage \u00e9vident en termes de prix : Nous sommes le fournisseur principal et pouvons vous proposer les prix les plus comp\u00e9titifs, ce qui vous permet d'obtenir une meilleure performance en termes de co\u00fbts.<br \/>\nLivraison efficace et ponctuelle : Nous disposons d'un processus de production efficace et d'une \u00e9quipe logistique professionnelle pour garantir la livraison de votre commande dans les d\u00e9lais.<br \/>\nService de conception gratuit : Nous proposons des services de conception gratuits afin d'\u00e9laborer des solutions d'emballage sur mesure.<br \/>\nUne r\u00e9ponse rapide : Nous proposons des devis gratuits dans les 10 minutes et un service client\u00e8le en ligne 24 heures sur 24, 7 jours sur 7, afin que vous puissiez obtenir de l'aide \u00e0 tout moment et en tout lieu.<br \/>\nRespectueux de l'environnement et durable : Nous utilisons du papier certifi\u00e9 FSC, nous soutenons la gestion durable des for\u00eats et nous contribuons \u00e0 la protection de la plan\u00e8te.<\/p>","protected":false},"excerpt":{"rendered":"<p>Bo\u00eete magn\u00e9tique personnalis\u00e9e pour lisseur \u00e0 cheveux, papier couch\u00e9, impression CMYK, couleurs vives. Personnalisation illimit\u00e9e de la taille et du design, cr\u00e9ez un emballage de marque exclusif pour prot\u00e9ger vos produits !<\/p>","protected":false},"featured_media":7942,"template":"","meta":[],"product_brand":[],"product_cat":[31,30,413,424],"product_tag":[454,456,455],"class_list":{"0":"post-7937","1":"product","2":"type-product","3":"status-publish","4":"has-post-thumbnail","6":"product_cat-paper-box-style","7":"product_cat-by-industry","8":"product_cat-consumer-electronics-boxes","9":"product_cat-magnetic-closure-boxes","10":"product_tag-customized-hair-straightener-packaging-boxes","11":"product_tag-hair-straightener-boxes","12":"product_tag-hair-straightener-packaging-boxes-wholesale","14":"first","15":"instock","16":"shipping-taxable","17":"product-type-simple"},"_links":{"self":[{"href":"https:\/\/zojopackaging.com\/fr\/wp-json\/wp\/v2\/product\/7937","targetHints":{"allow":["GET"]}}],"collection":[{"href":"https:\/\/zojopackaging.com\/fr\/wp-json\/wp\/v2\/product"}],"about":[{"href":"https:\/\/zojopackaging.com\/fr\/wp-json\/wp\/v2\/types\/product"}],"version-history":[{"count":2,"href":"https:\/\/zojopackaging.com\/fr\/wp-json\/wp\/v2\/product\/7937\/revisions"}],"predecessor-version":[{"id":7972,"href":"https:\/\/zojopackaging.com\/fr\/wp-json\/wp\/v2\/product\/7937\/revisions\/7972"}],"wp:featuredmedia":[{"embeddable":true,"href":"https:\/\/zojopackaging.com\/fr\/wp-json\/wp\/v2\/media\/7942"}],"wp:attachment":[{"href":"https:\/\/zojopackaging.com\/fr\/wp-json\/wp\/v2\/media?parent=7937"}],"wp:term":[{"taxonomy":"product_brand","embeddable":true,"href":"https:\/\/zojopackaging.com\/fr\/wp-json\/wp\/v2\/product_brand?post=7937"},{"taxonomy":"product_cat","embeddable":true,"href":"https:\/\/zojopackaging.com\/fr\/wp-json\/wp\/v2\/product_cat?post=7937"},{"taxonomy":"product_tag","embeddable":true,"href":"https:\/\/zojopackaging.com\/fr\/wp-json\/wp\/v2\/product_tag?post=7937"}],"curies":[{"name":"wp","href":"https:\/\/api.w.org\/{rel}","templated":true}]}}