{"id":7946,"date":"2025-03-22T18:19:55","date_gmt":"2025-03-22T10:19:55","guid":{"rendered":"https:\/\/zojopackaging.com\/?post_type=product&#038;p=7946"},"modified":"2025-03-22T21:21:54","modified_gmt":"2025-03-22T13:21:54","slug":"featured-custom-wine-spirits-packaging-gift-box-wholesale","status":"publish","type":"product","link":"https:\/\/zojopackaging.com\/fr\/product\/featured-custom-wine-spirits-packaging-gift-box-wholesale\/","title":{"rendered":"Emballage personnalis\u00e9 pour vins et spiritueux Bo\u00eete cadeau Wholesale"},"content":{"rendered":"<p>Des bo\u00eetes \u00e0 fermeture magn\u00e9tique classiques, une exp\u00e9rience noble : La bo\u00eete \u00e0 fermeture magn\u00e9tique a un design classique et \u00e9l\u00e9gant, et elle est facile \u00e0 ouvrir et \u00e0 fermer. Elle ajoute un sens noble du rituel \u00e0 vos produits vinicoles et am\u00e9liore l'exp\u00e9rience de l'utilisateur. Le \"clic\" de la fermeture magn\u00e9tique symbolise le d\u00e9but d'un merveilleux voyage de d\u00e9gustation.<\/p>\n<p>Exclusif pour les vins fins, sur mesure : Nos bo\u00eetes d'emballage sont con\u00e7ues pour diff\u00e9rents types de vins, tels que le vin, les spiritueux et le vin rouge, en tenant pleinement compte de la forme, de la taille et des besoins de protection des diff\u00e9rentes bouteilles de vin. La structure interne peut \u00eatre personnalis\u00e9e en fonction de votre produit afin de garantir que la bouteille de vin est plac\u00e9e fermement pour \u00e9viter les collisions et les frottements pendant le transport.<\/p>\n<p>Possibilit\u00e9s illimit\u00e9es, personnalisation illimit\u00e9e : Nous proposons des services de personnalisation v\u00e9ritablement illimit\u00e9s, et tout peut \u00eatre personnalis\u00e9 selon vos besoins en termes de taille, de forme, de couleur et de motif. Vous pouvez laisser libre cours \u00e0 votre cr\u00e9ativit\u00e9 pour cr\u00e9er un emballage unique et exclusif \u00e0 votre marque et mettre en valeur la personnalit\u00e9 de celle-ci.<\/p>\n<p>Superbe pr\u00e9sentation, papier d'art couch\u00e9 C2S : Nous utilisons du papier d'art couch\u00e9 C2S de haute qualit\u00e9, avec une surface lisse et d\u00e9licate et un excellent effet d'impression. Gr\u00e2ce \u00e0 la technologie d'impression CMYK, la reproduction des couleurs est \u00e9lev\u00e9e et l'image est claire et vive, ce qui rend votre emballage plus percutant et attire efficacement l'attention des consommateurs.<\/p>\n<p>Embellissement luxueux, technologie de marquage \u00e0 chaud de l'argent : Nous utilisons une technologie exquise de marquage \u00e0 chaud de l'argent pour marquer \u00e0 chaud une feuille m\u00e9tallique argent\u00e9e sur la surface de l'emballage, qui pr\u00e9sente un \u00e9clat et une texture \u00e9blouissants. Le film argent\u00e9 peut \u00eatre appliqu\u00e9 aux logos des marques, aux noms des produits, aux motifs d\u00e9coratifs, etc., ce qui rehausse instantan\u00e9ment la qualit\u00e9 et le luxe de l'emballage et met en \u00e9vidence la noblesse de la marque.<\/p>\n<p>\u00c9chantillons gratuits, exp\u00e9rience personnelle : Afin de vous permettre de mieux comprendre la qualit\u00e9 de nos produits et de nos services, nous vous proposons des \u00e9chantillons gratuits. Vous pouvez ainsi d\u00e9couvrir nos mat\u00e9riaux, nos finitions et notre design en personne afin de vous assurer que la bo\u00eete d'emballage r\u00e9pond parfaitement \u00e0 vos attentes.<\/p>\n<p>Fournisseur de source en Chine, prix le plus bas : Nous sommes un fournisseur de source en Chine avec un syst\u00e8me de production complet et un syst\u00e8me de cha\u00eene d'approvisionnement, qui peut vous fournir le prix le plus bas, vous permettant d'\u00e9conomiser des co\u00fbts tout en profitant de produits de haute qualit\u00e9.<\/p>\n<p>Contr\u00f4le strict de la qualit\u00e9, excellence : Nous avons mis en place un syst\u00e8me strict de contr\u00f4le de la qualit\u00e9. De l'approvisionnement en mati\u00e8res premi\u00e8res \u00e0 l'inspection des produits finis, chaque \u00e9tape est strictement contr\u00f4l\u00e9e afin de garantir la stabilit\u00e9 et la fiabilit\u00e9 de la qualit\u00e9 du produit, pour que vous puissiez l'utiliser en toute confiance.<\/p>\n<p>Certification FSC et ISO, protection de l'environnement et engagement en faveur de la qualit\u00e9 : Nos produits ont obtenu le certificat FSC et la certification ISO, ce qui t\u00e9moigne de notre engagement en faveur de la protection de l'environnement et de la responsabilit\u00e9 sociale, ainsi que d'exigences strictes en mati\u00e8re de qualit\u00e9 des produits et de syst\u00e8me de gestion.<\/p>\n<p>Conception gratuite, conseils professionnels : Nous proposons des services de conception gratuits et des concepteurs professionnels qui vous proposeront des solutions d'emballage sur mesure. Vous pouvez nous faire part de vos id\u00e9es et de vos besoins, et nous vous fournirons des conseils et des suggestions professionnels pour vous aider \u00e0 cr\u00e9er un emballage de marque unique.<\/p>\n<p>Devis gratuit dans les 10 minutes : Nous nous engageons \u00e0 vous fournir un devis gratuit dans les 10 minutes suivant la r\u00e9ception de votre demande, afin que vous puissiez comprendre rapidement le co\u00fbt et prendre des d\u00e9cisions efficaces.<br \/>\nLivraison rapide : Nous disposons d'un processus de production efficace et d'une \u00e9quipe logistique professionnelle, qui peuvent vous fournir la livraison la plus rapide, garantissant que votre commande peut \u00eatre compl\u00e9t\u00e9e \u00e0 temps sans retarder votre plan de vente.<\/p>\n<p>\u00c9chantillonnage rapide en 2 jours, saisissez l'opportunit\u00e9 du march\u00e9 : L'\u00e9chantillonnage acc\u00e9l\u00e9r\u00e9 ne prend que 2 jours, ce qui vous permet d'obtenir rapidement des \u00e9chantillons physiques et d'acc\u00e9l\u00e9rer le rythme de lancement du produit.<\/p>\n<p>Sp\u00e9cifications du produit :<\/p>\n<p>Mat\u00e9riau : carton de haute qualit\u00e9<br \/>\nImpression : Impression en quadrichromie CMYK<br \/>\nTechnologie : feuille de marquage \u00e0 chaud argent\u00e9e<br \/>\nType de bo\u00eete : bo\u00eete \u00e0 fermeture magn\u00e9tique<br \/>\nCertification : Certification FSC, certification ISO<br \/>\nCaract\u00e9ristiques :<br \/>\nFermeture magn\u00e9tique, noble et \u00e9l\u00e9gante<br \/>\nCon\u00e7u pour le vin, forte protection<br \/>\nTechnologie de marquage \u00e0 chaud de la feuille d'argent, texture luxueuse<br \/>\nPersonnalisation de la marque, style exclusif<br \/>\nDevis gratuit dans les 10 minutes, r\u00e9ponse rapide<br \/>\nService de conception gratuit<br \/>\nLivraison rapide pour r\u00e9pondre \u00e0 vos besoins urgents<br \/>\n\u00c9chantillon \u00e0 jeun de 2 jours<\/p>\n<p>Sc\u00e9narios applicables :<\/p>\n<p>Emballage pour coffret cadeau de vin haut de gamme<br \/>\nPromotion de l'image de marque de l'alcool<br \/>\nEmballage de vente au d\u00e9tail de vin rouge, de vin \u00e9tranger, de vin blanc et d'autres produits alcoolis\u00e9s<br \/>\nEmballage de vin pour les f\u00eates de fin d'ann\u00e9e<\/p>\n<p>Raisons de nous choisir :<\/p>\n<p>Service de personnalisation professionnel : Nous disposons d'une \u00e9quipe de conception et d'une \u00e9quipe de production professionnelles, qui peuvent vous fournir une gamme compl\u00e8te de services personnalis\u00e9s, de la conception \u00e0 la production, sans aucun souci tout au long du processus.<br \/>\nExcellente garantie de qualit\u00e9 : Nous contr\u00f4lons rigoureusement chaque \u00e9tape de la production pour garantir une qualit\u00e9 stable et fiable du produit, afin que vous puissiez l'utiliser en toute confiance.<br \/>\nAvantage \u00e9vident en termes de prix : Nous sommes le fournisseur principal et pouvons vous proposer les prix les plus comp\u00e9titifs, ce qui vous permet d'obtenir une meilleure performance en termes de co\u00fbts.<br \/>\nLivraison efficace et ponctuelle : Nous disposons d'un processus de production efficace et d'une \u00e9quipe logistique professionnelle pour garantir la livraison de votre commande dans les d\u00e9lais.<br \/>\nService de conception gratuit : Nous proposons des services de conception gratuits et des solutions d'emballage sur mesure.<br \/>\nR\u00e9ponse rapide : Nous fournissons des devis gratuits dans les 10 minutes et des \u00e9chantillons rapides dans les 2 jours, afin que vous puissiez b\u00e9n\u00e9ficier de services efficaces et pratiques.<br \/>\nRespectueux de l'environnement et durable : Nous utilisons du papier certifi\u00e9 FSC, nous soutenons la gestion durable des for\u00eats et nous contribuons \u00e0 la protection de la plan\u00e8te.<\/p>","protected":false},"excerpt":{"rendered":"<p>Bo\u00eete cadeau magn\u00e9tique personnalis\u00e9e pour le vin, papier couch\u00e9 argent\u00e9 \u00e0 chaud, texture luxueuse. Dimensions et designs personnalis\u00e9s illimit\u00e9s, adapt\u00e9s au vin, aux spiritueux, au vin rouge, etc., pour cr\u00e9er des emballages de marque exclusifs !<\/p>","protected":false},"featured_media":7950,"template":"","meta":[],"product_brand":[],"product_cat":[31,30,419,424],"product_tag":[459,457,458],"class_list":{"0":"post-7946","1":"product","2":"type-product","3":"status-publish","4":"has-post-thumbnail","6":"product_cat-paper-box-style","7":"product_cat-by-industry","8":"product_cat-custom-wines-spirits-boxes","9":"product_cat-magnetic-closure-boxes","10":"product_tag-custom-wine-spirits-box-wholesale","11":"product_tag-featured-custom-wine-spirits-box","12":"product_tag-wine-spirits-packaging-gift-box","14":"first","15":"instock","16":"shipping-taxable","17":"product-type-simple"},"_links":{"self":[{"href":"https:\/\/zojopackaging.com\/fr\/wp-json\/wp\/v2\/product\/7946","targetHints":{"allow":["GET"]}}],"collection":[{"href":"https:\/\/zojopackaging.com\/fr\/wp-json\/wp\/v2\/product"}],"about":[{"href":"https:\/\/zojopackaging.com\/fr\/wp-json\/wp\/v2\/types\/product"}],"version-history":[{"count":3,"href":"https:\/\/zojopackaging.com\/fr\/wp-json\/wp\/v2\/product\/7946\/revisions"}],"predecessor-version":[{"id":7971,"href":"https:\/\/zojopackaging.com\/fr\/wp-json\/wp\/v2\/product\/7946\/revisions\/7971"}],"wp:featuredmedia":[{"embeddable":true,"href":"https:\/\/zojopackaging.com\/fr\/wp-json\/wp\/v2\/media\/7950"}],"wp:attachment":[{"href":"https:\/\/zojopackaging.com\/fr\/wp-json\/wp\/v2\/media?parent=7946"}],"wp:term":[{"taxonomy":"product_brand","embeddable":true,"href":"https:\/\/zojopackaging.com\/fr\/wp-json\/wp\/v2\/product_brand?post=7946"},{"taxonomy":"product_cat","embeddable":true,"href":"https:\/\/zojopackaging.com\/fr\/wp-json\/wp\/v2\/product_cat?post=7946"},{"taxonomy":"product_tag","embeddable":true,"href":"https:\/\/zojopackaging.com\/fr\/wp-json\/wp\/v2\/product_tag?post=7946"}],"curies":[{"name":"wp","href":"https:\/\/api.w.org\/{rel}","templated":true}]}}