{"id":7954,"date":"2025-03-22T18:30:43","date_gmt":"2025-03-22T10:30:43","guid":{"rendered":"https:\/\/zojopackaging.com\/?post_type=product&#038;p=7954"},"modified":"2025-03-22T21:02:22","modified_gmt":"2025-03-22T13:02:22","slug":"custom-cosmetic-skincare-shipping-mailer-boxes-wholesale","status":"publish","type":"product","link":"https:\/\/zojopackaging.com\/fr\/product\/custom-cosmetic-skincare-shipping-mailer-boxes-wholesale\/","title":{"rendered":"Bo\u00eete postale d'exp\u00e9dition de produits cosm\u00e9tiques sur mesure Wholesale"},"content":{"rendered":"<p>Structure robuste et durable de la bo\u00eete postale : La bo\u00eete postale est fabriqu\u00e9e en carton ondul\u00e9, avec une structure stable, une r\u00e9sistance \u00e0 la compression et aux chocs, qui peut prot\u00e9ger efficacement les cosm\u00e9tiques, les produits de soins de la peau, les huiles essentielles, les cr\u00e8mes et autres produits contre la compression, les collisions et les dommages pendant le transport.<\/p>\n<p>Con\u00e7ues sur mesure et largement utilisables : Nos bo\u00eetes d'exp\u00e9dition sont con\u00e7ues pour les cosm\u00e9tiques, les produits de soins de la peau, les huiles essentielles, les cr\u00e8mes et autres produits. Elles peuvent \u00eatre personnalis\u00e9es \u00e0 l'infini en fonction de la taille et de la forme de vos produits, afin de garantir que les produits sont plac\u00e9s fermement et d'\u00e9viter les secousses et les frottements.<\/p>\n<p>Personnalisation personnalis\u00e9e et exclusive de la marque : Nous proposons des services de personnalisation de la marque. Vous pouvez imprimer le logo de votre marque, votre slogan, des informations sur le produit, etc. sur la bo\u00eete d'emballage afin de cr\u00e9er un emballage unique et exclusif et d'am\u00e9liorer la reconnaissance de la marque.<\/p>\n<p>Mat\u00e9riau respectueux de l'environnement, le carton ondul\u00e9 : Nous utilisons du carton ondul\u00e9 de haute qualit\u00e9, respectueux de l'environnement et recyclable, conform\u00e9ment au concept de d\u00e9veloppement durable. Le carton ondul\u00e9 poss\u00e8de de bonnes propri\u00e9t\u00e9s d'amortissement, il peut absorber efficacement les chocs et prot\u00e9ger vos produits.<\/p>\n<p>\u00c9chantillons gratuits, exp\u00e9rience personnelle : Afin de vous permettre de mieux comprendre la qualit\u00e9 de nos produits et de nos services, nous vous proposons des \u00e9chantillons gratuits. Vous pouvez ainsi d\u00e9couvrir nos mat\u00e9riaux, nos finitions et notre design en personne et vous assurer que la bo\u00eete d'emballage r\u00e9pond parfaitement \u00e0 vos attentes.<\/p>\n<p>Fournisseur chinois, prix les plus bas : Nous sommes un fournisseur chinois, avec un syst\u00e8me de production complet et un syst\u00e8me de cha\u00eene d'approvisionnement, qui peut vous fournir le prix le plus bas, afin que vous puissiez \u00e9conomiser des co\u00fbts tout en profitant de produits de haute qualit\u00e9.<\/p>\n<p>Contr\u00f4le strict de la qualit\u00e9, excellence : Nous avons mis en place un syst\u00e8me strict de contr\u00f4le de la qualit\u00e9. De l'approvisionnement en mati\u00e8res premi\u00e8res \u00e0 l'inspection des produits finis, chaque \u00e9tape est rigoureusement contr\u00f4l\u00e9e pour garantir une qualit\u00e9 stable et fiable des produits, afin que vous puissiez les utiliser en toute confiance.<\/p>\n<p>Certification FSC et ISO, protection de l'environnement et engagement en faveur de la qualit\u00e9 : Nos produits ont obtenu le certificat FSC et la certification ISO, ce qui t\u00e9moigne de notre engagement en faveur de la protection de l'environnement et de la responsabilit\u00e9 sociale, ainsi que d'exigences strictes en mati\u00e8re de qualit\u00e9 des produits et de syst\u00e8me de gestion.<\/p>\n<p>Conception gratuite, conseils professionnels : Nous proposons des services de conception gratuits et des concepteurs professionnels qui vous proposeront des solutions d'emballage sur mesure. Vous pouvez nous faire part de vos id\u00e9es et de vos besoins, et nous vous fournirons des conseils et des suggestions professionnels pour vous aider \u00e0 cr\u00e9er un emballage de marque unique.<\/p>\n<p>Livraison rapide, r\u00e9ponse efficace : Nous disposons d'un processus de production efficace et d'une \u00e9quipe logistique professionnelle, qui peuvent vous fournir la livraison la plus rapide, garantissant que votre commande peut \u00eatre compl\u00e9t\u00e9e \u00e0 temps sans retarder votre plan de vente.<\/p>\n<p>Production rapide d'\u00e9chantillons en 2 jours, saisir l'opportunit\u00e9 du march\u00e9 : Nous nous engageons \u00e0 produire des \u00e9chantillons rapidement en 2 jours, afin que vous puissiez rapidement confirmer le plan de conception, raccourcir le cycle de production et saisir l'opportunit\u00e9 du march\u00e9.<\/p>\n<p>Livraison nationale, pratique et sans souci : Nous proposons des services de livraison \u00e0 l'\u00e9chelle nationale. O\u00f9 que vous soyez, nous pouvons livrer vos produits en toute s\u00e9curit\u00e9, afin que vous puissiez profiter d'une exp\u00e9rience d'achat pratique et sans souci.<\/p>\n<p>Sp\u00e9cifications du produit :<\/p>\n<p>Mat\u00e9riau : carton ondul\u00e9 de haute qualit\u00e9<br \/>\nImpression : Personnalisable<br \/>\nType de bo\u00eete : bo\u00eete d'avion<br \/>\nCertification : Certification FSC, certification ISO<\/p>\n<p>Caract\u00e9ristiques :<br \/>\nStructure de la bo\u00eete d'exp\u00e9dition, robuste et durable<br \/>\nCon\u00e7u sp\u00e9cifiquement pour les cosm\u00e9tiques et les produits de soin de la peau<br \/>\nPersonnalisation de la marque, style exclusif<br \/>\nService de conception gratuit<br \/>\nProduction rapide d'\u00e9chantillons en 2 jours<br \/>\nLivraison nationale<\/p>\n<p>Sc\u00e9narios applicables :<\/p>\n<p>Emballage de transport pour le commerce \u00e9lectronique de cosm\u00e9tiques<br \/>\nEmballage pour la vente en ligne de produits de soins de la peau<br \/>\nProtection des huiles essentielles, cr\u00e8mes et autres produits contre le transport<br \/>\nPromotion de l'image de marque<\/p>\n<p>Les raisons de nous choisir :<\/p>\n<p>Service de personnalisation professionnel : Nous disposons d'une \u00e9quipe de conception et d'une \u00e9quipe de production professionnelles, qui peuvent vous fournir une gamme compl\u00e8te de services personnalis\u00e9s, de la conception \u00e0 la production, sans aucun souci tout au long du processus.<br \/>\nExcellente garantie de qualit\u00e9 : Nous contr\u00f4lons rigoureusement chaque \u00e9tape de la production afin de garantir une qualit\u00e9 stable et fiable du produit, pour que vous puissiez l'utiliser en toute confiance.<br \/>\nAvantage \u00e9vident en termes de prix : Nous sommes le fournisseur principal et pouvons vous proposer les prix les plus comp\u00e9titifs, ce qui vous permet d'obtenir une meilleure performance en termes de co\u00fbts.<br \/>\nLivraison efficace et ponctuelle : Nous disposons d'un processus de production efficace et d'une \u00e9quipe logistique professionnelle pour garantir la livraison de votre commande dans les d\u00e9lais.<br \/>\nService de conception gratuit : Nous proposons des services de conception gratuits et des solutions d'emballage sur mesure.<br \/>\nR\u00e9ponse rapide : Nous nous engageons \u00e0 produire rapidement des \u00e9chantillons et \u00e0 les livrer dans tout le pays dans les deux jours, afin que vous puissiez b\u00e9n\u00e9ficier de services efficaces et pratiques.<br \/>\nRespectueux de l'environnement et durable : Nous utilisons du papier certifi\u00e9 FSC, nous soutenons la gestion durable des for\u00eats et nous contribuons \u00e0 la protection de la plan\u00e8te.<\/p>","protected":false},"excerpt":{"rendered":"<p>Bo\u00eetes avion personnalis\u00e9es pour cosm\u00e9tiques\/soins de la peau, en papier ondul\u00e9, s\u00fbres et r\u00e9sistantes aux chocs. Personnalisation illimit\u00e9e des tailles et des logos de marque, adapt\u00e9e aux huiles essentielles et aux cr\u00e8mes, pour cr\u00e9er des emballages de transport de marque exclusifs.<\/p>","protected":false},"featured_media":7956,"template":"","meta":[],"product_brand":[],"product_cat":[31,30,390,433],"product_tag":[462,460,461],"class_list":{"0":"post-7954","1":"product","2":"type-product","3":"status-publish","4":"has-post-thumbnail","6":"product_cat-paper-box-style","7":"product_cat-by-industry","8":"product_cat-custom-cosmetics-boxes","9":"product_cat-shipping-mailer-boxes","10":"product_tag-cosmetic-skincare-boxes-wholesale","11":"product_tag-custom-cosmetic-shipping-boxes","12":"product_tag-skincare-mailer-boxes","14":"first","15":"instock","16":"shipping-taxable","17":"product-type-simple"},"_links":{"self":[{"href":"https:\/\/zojopackaging.com\/fr\/wp-json\/wp\/v2\/product\/7954","targetHints":{"allow":["GET"]}}],"collection":[{"href":"https:\/\/zojopackaging.com\/fr\/wp-json\/wp\/v2\/product"}],"about":[{"href":"https:\/\/zojopackaging.com\/fr\/wp-json\/wp\/v2\/types\/product"}],"version-history":[{"count":2,"href":"https:\/\/zojopackaging.com\/fr\/wp-json\/wp\/v2\/product\/7954\/revisions"}],"predecessor-version":[{"id":7969,"href":"https:\/\/zojopackaging.com\/fr\/wp-json\/wp\/v2\/product\/7954\/revisions\/7969"}],"wp:featuredmedia":[{"embeddable":true,"href":"https:\/\/zojopackaging.com\/fr\/wp-json\/wp\/v2\/media\/7956"}],"wp:attachment":[{"href":"https:\/\/zojopackaging.com\/fr\/wp-json\/wp\/v2\/media?parent=7954"}],"wp:term":[{"taxonomy":"product_brand","embeddable":true,"href":"https:\/\/zojopackaging.com\/fr\/wp-json\/wp\/v2\/product_brand?post=7954"},{"taxonomy":"product_cat","embeddable":true,"href":"https:\/\/zojopackaging.com\/fr\/wp-json\/wp\/v2\/product_cat?post=7954"},{"taxonomy":"product_tag","embeddable":true,"href":"https:\/\/zojopackaging.com\/fr\/wp-json\/wp\/v2\/product_tag?post=7954"}],"curies":[{"name":"wp","href":"https:\/\/api.w.org\/{rel}","templated":true}]}}