{"id":7981,"date":"2025-03-23T09:24:28","date_gmt":"2025-03-23T01:24:28","guid":{"rendered":"https:\/\/zojopackaging.com\/?post_type=product&#038;p=7981"},"modified":"2025-03-23T11:24:09","modified_gmt":"2025-03-23T03:24:09","slug":"premium-custom-rigid-candle-gift-packaging-box-manufacturer","status":"publish","type":"product","link":"https:\/\/zojopackaging.com\/fr\/product\/premium-custom-rigid-candle-gift-packaging-box-manufacturer\/","title":{"rendered":"Bo\u00eete d'emballage cadeau rigide pour bougie, fabriqu\u00e9e sur mesure et de qualit\u00e9 sup\u00e9rieure"},"content":{"rendered":"<h2 id=\"-customized-solution-for-high-end-lid-candle-packaging-box-chinese-quality-global-trust-\"><strong>Solution personnalis\u00e9e pour le couvercle et la base de la bo\u00eete d'emballage de bougies - Qualit\u00e9 chinoise, confiance mondiale<\/strong><\/h2>\n<h3 id=\"1-product-core-professional-lid-box\">1. Produit de base : bo\u00eete professionnelle avec couvercle et base<\/h3>\n<p>Con\u00e7us pour l'industrie de la bougie, le couvercle et la bo\u00eete de base sont fabriqu\u00e9s en papier couch\u00e9 haute r\u00e9sistance (250-400 g), en tenant compte de l'\u00e9l\u00e9gance de la texture et de la durabilit\u00e9. Les traitements de surface tels que le motif peau de mouton et le film tactile sont optionnels, mettant parfaitement en valeur le logo de la marque et le design artistique. <a href=\"https:\/\/zojopackaging.com\/fr\/produit\/custom-printing-luxury-candle-packaging-gift-boxes-wholesale\/\">https:\/\/zojoprint.en.alibaba.com\/<\/a><\/p>\n<h3 id=\"2-unlimited-customization-empowering-brand-uniqueness\">2. Personnalisation illimit\u00e9e, favorisant l'unicit\u00e9 de la marque<\/h3>\n<ul>\n<li><strong>Libert\u00e9 de cr\u00e9ation<\/strong>: De la taille \u00e0 la structure en passant par l'effet d'impression (UV\/estampage \u00e0 chaud\/embossage), il permet une conception personnalis\u00e9e approfondie ;<\/li>\n<li><strong>Garantie technique<\/strong>: Dot\u00e9 d'\u00e9quipements de pointe tels que la machine six couleurs Heidelberg et l'imprimante UV, il permet de restaurer avec une grande pr\u00e9cision des motifs complexes ; <a href=\"https:\/\/zojopackaging.com\/fr\/produit\/custom-printing-luxury-candle-packaging-gift-boxes-wholesale\/\">https:\/\/zojopackaging.com\/<\/a><\/li>\n<li><strong>Mention de certification<\/strong>: Certification foresti\u00e8re FSC (respect de l'environnement et tra\u00e7abilit\u00e9) et syst\u00e8me de gestion de la qualit\u00e9 ISO pour garantir la conformit\u00e9 \u00e0 l'exportation.<\/li>\n<\/ul>\n<h3 id=\"3-one-stop-export-service-competitive\">3. Service d'exportation unique, comp\u00e9titif<\/h3>\n<p>En tant qu'exportateur d'emballages de haute qualit\u00e9 en Chine, nous fournissons : \u2705\u00a0<strong>D\u00e9marrage sans frais<\/strong>: conception gratuite + \u00e9preuve en 3D + devis instantan\u00e9, abaissant le seuil de coop\u00e9ration ; \u2705\u00a0<strong>Un syst\u00e8me de prix transparent<\/strong>: la production \u00e0 grande \u00e9chelle r\u00e9duit les co\u00fbts, et le prix des produits similaires est 15%-20% inf\u00e9rieur \u00e0 celui du march\u00e9 ; \u2705\u00a0<strong>Contr\u00f4le de la qualit\u00e9 de l'ensemble des liens<\/strong>Le taux de d\u00e9fectuosit\u00e9 est strictement contr\u00f4l\u00e9 \u00e0 &lt;0,3% ; \u2705 depuis le contr\u00f4le des mati\u00e8res premi\u00e8res jusqu&#039;\u00e0 l&#039;\u00e9chantillonnage des produits finis.\u00a0<strong>Livraison efficace<\/strong>Exp\u00e9dition sous 7 \u00e0 12 jours, extr\u00eamement rapide, supportant la logistique mondiale DDP\/DDU. <a href=\"https:\/\/zojopackaging.com\/fr\/\">zojopackaging.com<\/a><\/p>\n<hr \/>\n<h3 id=\"4-why-choose-us-\">4. Pourquoi nous choisir ?<\/h3>\n<ul>\n<li><strong>Cas de r\u00e9f\u00e9rence dans l'industrie<\/strong>: Fournir des emballages \u00e0 plus de 50 marques de parfums dans le monde entier, y compris\u00a0<strong>Dongguan Tinbo Packing<\/strong>et les bo\u00eetes en papier assorties ;<\/li>\n<li><strong>Garantie de risque, d'essai et d'erreur<\/strong>: Livraison gratuite d'\u00e9chantillons physiques, soutien aux commandes de petits lots (commande minimale de 500 pi\u00e8ces) ;<\/li>\n<li><strong>Service \u00e0 valeur ajout\u00e9e<\/strong>: Fournir des suggestions d'optimisation de la structure de l'emballage pour vous aider \u00e0 r\u00e9duire le taux de perte de transport.<\/li>\n<\/ul>","protected":false},"excerpt":{"rendered":"<p>Bo\u00eete \u00e0 bougies avec couvercle et base, 157g C2S coated art paper + 1200g grey rigid paperboard, CMYK printing + matte lamination, unlimited customization. Usine de source chinoise, assurance qualit\u00e9.<\/p>","protected":false},"featured_media":7983,"template":"","meta":[],"product_brand":[],"product_cat":[31,30,416,425],"product_tag":[465,464,463],"class_list":{"0":"post-7981","1":"product","2":"type-product","3":"status-publish","4":"has-post-thumbnail","6":"product_cat-paper-box-style","7":"product_cat-by-industry","8":"product_cat-custom-candle-boxes","9":"product_cat-lid-and-base-gift-box","10":"product_tag-candle-gift-packaging-box-manufacturer","11":"product_tag-custom-rigid-candle-gift-packaging-box","12":"product_tag-premium-rigid-candle-gift-box","14":"first","15":"instock","16":"shipping-taxable","17":"product-type-simple"},"_links":{"self":[{"href":"https:\/\/zojopackaging.com\/fr\/wp-json\/wp\/v2\/product\/7981","targetHints":{"allow":["GET"]}}],"collection":[{"href":"https:\/\/zojopackaging.com\/fr\/wp-json\/wp\/v2\/product"}],"about":[{"href":"https:\/\/zojopackaging.com\/fr\/wp-json\/wp\/v2\/types\/product"}],"version-history":[{"count":2,"href":"https:\/\/zojopackaging.com\/fr\/wp-json\/wp\/v2\/product\/7981\/revisions"}],"predecessor-version":[{"id":8016,"href":"https:\/\/zojopackaging.com\/fr\/wp-json\/wp\/v2\/product\/7981\/revisions\/8016"}],"wp:featuredmedia":[{"embeddable":true,"href":"https:\/\/zojopackaging.com\/fr\/wp-json\/wp\/v2\/media\/7983"}],"wp:attachment":[{"href":"https:\/\/zojopackaging.com\/fr\/wp-json\/wp\/v2\/media?parent=7981"}],"wp:term":[{"taxonomy":"product_brand","embeddable":true,"href":"https:\/\/zojopackaging.com\/fr\/wp-json\/wp\/v2\/product_brand?post=7981"},{"taxonomy":"product_cat","embeddable":true,"href":"https:\/\/zojopackaging.com\/fr\/wp-json\/wp\/v2\/product_cat?post=7981"},{"taxonomy":"product_tag","embeddable":true,"href":"https:\/\/zojopackaging.com\/fr\/wp-json\/wp\/v2\/product_tag?post=7981"}],"curies":[{"name":"wp","href":"https:\/\/api.w.org\/{rel}","templated":true}]}}