{"id":7989,"date":"2025-03-23T09:59:02","date_gmt":"2025-03-23T01:59:02","guid":{"rendered":"https:\/\/zojopackaging.com\/?post_type=product&#038;p=7989"},"modified":"2025-03-23T10:28:33","modified_gmt":"2025-03-23T02:28:33","slug":"luxury-premium-chocolate-gift-boxes-from-china-distributor","status":"publish","type":"product","link":"https:\/\/zojopackaging.com\/fr\/product\/luxury-premium-chocolate-gift-boxes-from-china-distributor\/","title":{"rendered":"Bo\u00eetes cadeaux de luxe en chocolat de qualit\u00e9 sup\u00e9rieure, distributeur en Chine"},"content":{"rendered":"<h2 id=\"-chocolate-box-with-lid-and-top-cover-unlimited-customization-of-high-end-packaging-solutions-\"><strong>Bo\u00eete \u00e0 chocolat avec couvercle et couvercle de base - personnalisation illimit\u00e9e de solutions d'emballage haut de gamme<\/strong><\/h2>\n<p><strong>1. Pr\u00e9sentation du produit<\/strong>\u00a0La bo\u00eete \u00e0 couvercle est un mod\u00e8le classique d'emballage haut de gamme avec une structure de couvercle sup\u00e9rieur et inf\u00e9rieur. Elle est facile \u00e0 ouvrir et \u00e0 fermer et pr\u00e9sente une forte \u00e9tanch\u00e9it\u00e9. Elle convient parfaitement aux produits tels que\u00a0<strong>chocolat<\/strong>Il peut \u00eatre utilis\u00e9 pour des produits de consommation courante, des bonbons et des produits de luxe. Son aspect \u00e9l\u00e9gant et sa praticit\u00e9 peuvent conf\u00e9rer une valeur unique \u00e0 la marque et am\u00e9liorer l'exp\u00e9rience de d\u00e9ballage du consommateur.<\/p>\n<p><strong>2. Avantages principaux<\/strong><\/p>\n<ul>\n<li><strong>Excellente mati\u00e8re<\/strong>: Fabriqu\u00e9 en mat\u00e9riaux de haute qualit\u00e9\u00a0<strong>papier couch\u00e9<\/strong>Il pr\u00e9sente une surface lisse et d\u00e9licate et une reproduction des couleurs extr\u00eamement \u00e9lev\u00e9e. Il peut imprimer des motifs complexes ou utiliser la technologie de l'estampage \u00e0 chaud pour mettre en valeur la texture haut de gamme de la marque.<\/li>\n<li><strong>Personnalisation illimit\u00e9e<\/strong>: Permet une personnalisation compl\u00e8te de la taille, de la forme, de l'impression et de la structure de la doublure pour r\u00e9pondre aux besoins personnalis\u00e9s de la marque.\u00a0<a href=\"https:\/\/zojoprint.en.alibaba.com\" target=\"_blank\" rel=\"noopener\">Pour les cas de coop\u00e9ration, se r\u00e9f\u00e9rer au service ODM de <\/a><a href=\"https:\/\/zojoprint.en.alibaba.com\/?spm=a2700.29482153.0.0.f2a871d2PoWaDJ\" target=\"_blank\" rel=\"noopener\">Pr\u00e9sentation de l'entreprise - Shenzhen Zojoprint Co.<\/a>.<\/li>\n<li><strong>Certification environnementale<\/strong>: R\u00e9ussi\u00a0<strong>Certification foresti\u00e8re FSC<\/strong>\u00a0garantir une source durable de papier ; obtenu\u00a0<strong>Certification du syst\u00e8me de gestion de la qualit\u00e9 ISO<\/strong>\u00a0pour garantir la conformit\u00e9 de l'ensemble du processus de production.<\/li>\n<\/ul>\n<p><strong>3. Points forts du service<\/strong><\/p>\n<ul>\n<li><strong>Avantages des fournisseurs chinois<\/strong>: En tant que fabricant direct, nous \u00e9liminons les interm\u00e9diaires et fournissons les produits de qualit\u00e9.\u00a0<strong>prix le plus raisonnable<\/strong>\u00a0(\u00e9conomies de 30%+ par rapport aux emballages import\u00e9s) et de r\u00e9pondre rapidement \u00e0 la demande.\u00a0<a href=\"https:\/\/zojoprint.en.alibaba.com\/\" target=\"_blank\" rel=\"noopener\">Voir https:\/\/zojoprint.en.alibaba.com\/ <\/a>\u00a0pour des services personnalis\u00e9s \u00e0 guichet unique.<\/li>\n<li><strong>Contr\u00f4le strict de la qualit\u00e9<\/strong>: Adoption d'un processus d'inspection de la qualit\u00e9 \u00e0 trois niveaux : contr\u00f4le des mati\u00e8res premi\u00e8res, test des produits semi-finis et inspection compl\u00e8te des produits finis, afin de garantir un taux de qualification des exp\u00e9ditions sup\u00e9rieur \u00e0 99%.<\/li>\n<li><strong>Livraison rapide<\/strong>:\u00a0<strong>Les \u00e9chantillons sont disponibles sous 3 jours<\/strong>L'application d'\u00e9chantillons gratuits est prise en charge afin d'aider les clients \u00e0 prendre des d\u00e9cisions efficaces.\u00a0<a href=\"https:\/\/zojoprint.en.alibaba.com\/\" target=\"_blank\" rel=\"noopener\">https:\/\/zojoprint.en.alibaba.com\/ <\/a>.<\/li>\n<\/ul>\n<p><strong>4. Sc\u00e9narios d'application<\/strong><\/p>\n<ul>\n<li>Bo\u00eetes-cadeaux en chocolat (par exemple, sur le th\u00e8me du mariage ou des f\u00eates de fin d'ann\u00e9e)<\/li>\n<li>Aliments haut de gamme (truffes, biscuits, etc.)<\/li>\n<li>Cosm\u00e9tiques et produits de luxe (parfums, bijoux, etc.)\u00a0<em>(Inspiration des divers cas d'emballage de <a href=\"https:\/\/zojopackaging.com\/fr\/\">https:\/\/zojopackaging.com\/<\/a>)<\/em><\/li>\n<\/ul>\n<hr \/>\n<p><strong>5. Pourquoi nous choisir ?<\/strong><\/p>\n<ul>\n<li><strong>Des prix transparents<\/strong>: Le devis comprend l'ensemble du processus de conception, d'\u00e9preuvage et de production, sans frais cach\u00e9s.<\/li>\n<li><strong>Des services de qualit\u00e9<\/strong>: Des consultants exclusifs, un soutien complet, de l'analyse de la demande au suivi logistique.<\/li>\n<li><strong>Garantie des lots<\/strong>: Les commandes d'essai en petits lots peuvent aller jusqu'\u00e0 la production de masse \u00e0 l'\u00e9chelle du million, ce qui permet de r\u00e9pondre avec souplesse aux besoins des marques.<\/li>\n<\/ul>\n<p><strong>Passez \u00e0 l'action !\u00a0<\/strong>\u2b07\ufe0f\u00a0<a href=\"https:\/\/zojopackaging.com\/fr\/contact-us\/\"><strong>Contactez nous<\/strong><\/a>\u00a0pour obtenir des \u00e9chantillons gratuits et des devis exclusifs, et commencer votre voyage de mise \u00e0 niveau de l'emballage de votre marque ! \ud83d\udce6\u2728<\/p>","protected":false},"excerpt":{"rendered":"<p>Bo\u00eete \u00e0 chocolat avec couvercle et base, personnalis\u00e9e par l'usine source ! Papier couch\u00e9 + impression CMYK, taille et design illimit\u00e9s, cr\u00e9ation d'emballages exclusifs<\/p>","protected":false},"featured_media":7990,"template":"","meta":[],"product_brand":[],"product_cat":[31,30,422,425],"product_tag":[467,466,449],"class_list":{"0":"post-7989","1":"product","2":"type-product","3":"status-publish","4":"has-post-thumbnail","6":"product_cat-paper-box-style","7":"product_cat-by-industry","8":"product_cat-custom-gourmet-boxes-by-industry","9":"product_cat-lid-and-base-gift-box","10":"product_tag-chocolate-boxes-distributor","11":"product_tag-luxury-chocolate-gift-boxes","12":"product_tag-premium-chocolate-gift-boxes","14":"first","15":"instock","16":"shipping-taxable","17":"product-type-simple"},"_links":{"self":[{"href":"https:\/\/zojopackaging.com\/fr\/wp-json\/wp\/v2\/product\/7989","targetHints":{"allow":["GET"]}}],"collection":[{"href":"https:\/\/zojopackaging.com\/fr\/wp-json\/wp\/v2\/product"}],"about":[{"href":"https:\/\/zojopackaging.com\/fr\/wp-json\/wp\/v2\/types\/product"}],"version-history":[{"count":1,"href":"https:\/\/zojopackaging.com\/fr\/wp-json\/wp\/v2\/product\/7989\/revisions"}],"predecessor-version":[{"id":7996,"href":"https:\/\/zojopackaging.com\/fr\/wp-json\/wp\/v2\/product\/7989\/revisions\/7996"}],"wp:featuredmedia":[{"embeddable":true,"href":"https:\/\/zojopackaging.com\/fr\/wp-json\/wp\/v2\/media\/7990"}],"wp:attachment":[{"href":"https:\/\/zojopackaging.com\/fr\/wp-json\/wp\/v2\/media?parent=7989"}],"wp:term":[{"taxonomy":"product_brand","embeddable":true,"href":"https:\/\/zojopackaging.com\/fr\/wp-json\/wp\/v2\/product_brand?post=7989"},{"taxonomy":"product_cat","embeddable":true,"href":"https:\/\/zojopackaging.com\/fr\/wp-json\/wp\/v2\/product_cat?post=7989"},{"taxonomy":"product_tag","embeddable":true,"href":"https:\/\/zojopackaging.com\/fr\/wp-json\/wp\/v2\/product_tag?post=7989"}],"curies":[{"name":"wp","href":"https:\/\/api.w.org\/{rel}","templated":true}]}}