{"id":8006,"date":"2025-03-23T10:48:38","date_gmt":"2025-03-23T02:48:38","guid":{"rendered":"https:\/\/zojopackaging.com\/?post_type=product&#038;p=8006"},"modified":"2025-03-23T11:16:01","modified_gmt":"2025-03-23T03:16:01","slug":"high-quality-custom-hat-packaging-boxes-wholesale-branding","status":"publish","type":"product","link":"https:\/\/zojopackaging.com\/fr\/product\/high-quality-custom-hat-packaging-boxes-wholesale-branding\/","title":{"rendered":"Bo\u00eetes d'emballage de chapeaux personnalis\u00e9es de haute qualit\u00e9 avec marquage en gros"},"content":{"rendered":"<h2 id=\"-core-advantages-of-the-product-\"><strong>Avantages principaux du produit<\/strong><\/h2>\n<ol>\n<li><strong>bo\u00eete \u00e0 fermeture magn\u00e9tique + poign\u00e9e portable<\/strong><\/li>\n<li>Le couvercle est dot\u00e9 d'une feuille magn\u00e9tique int\u00e9gr\u00e9e, qui s'ouvre et se ferme silencieusement et en douceur, et est \u00e9quip\u00e9 d'une poign\u00e9e solide. Il convient pour\u00a0<strong>chapeaux, v\u00eatements<\/strong>\u00a0et d'autres produits de luxe l\u00e9gers, qui sont \u00e0 la fois beaux et faciles \u00e0 transporter.<\/li>\n<li>Convient aux sc\u00e9narios de vente au d\u00e9tail en ligne et hors ligne pour renforcer le sentiment de qualit\u00e9 du produit.<\/li>\n<li><strong>Options de personnalisation illimit\u00e9es<\/strong><\/li>\n<li><strong>Taille, forme, proc\u00e9d\u00e9 d'impression<\/strong>\u00a0Libre choix, possibilit\u00e9 de marquage \u00e0 chaud\/UV\/embossage et autres proc\u00e9d\u00e9s pour r\u00e9pondre aux besoins de personnalisation de la marque.<\/li>\n<li>Fabriqu\u00e9 en papier couch\u00e9, avec un film mat\/brillant sur la surface, il a une texture d\u00e9licate et est r\u00e9sistant \u00e0 l'usure, mettant parfaitement en valeur le design de la marque VI.<\/li>\n<li><strong>Une certification officielle garantit la qualit\u00e9<\/strong><\/li>\n<li>Avec\u00a0<strong>Certification foresti\u00e8re FSC<\/strong>\u00a0et\u00a0<strong>Certification du syst\u00e8me de gestion de la qualit\u00e9 ISO<\/strong>Les mat\u00e9riaux utilis\u00e9s sont respectueux de l'environnement et recyclables, et le processus de production respecte strictement les normes internationales.<\/li>\n<li>Des mati\u00e8res premi\u00e8res aux produits finis,\u00a0<strong>100% inspection compl\u00e8te<\/strong> est mis en \u0153uvre pour garantir l'absence de d\u00e9fauts sur chaque lien.<\/li>\n<\/ol>\n<h2 id=\"-service-commitment-\"><strong>Engagement de service<\/strong><\/h2>\n<ul>\n<li><strong>Devis et conception gratuits<\/strong>: L'\u00e9quipe de conception exclusive fournit des rendus en 3D et r\u00e9pond rapidement aux besoins de modification.<\/li>\n<li><strong>Le prix le plus comp\u00e9titif<\/strong>: Gr\u00e2ce \u00e0 une production \u00e0 grande \u00e9chelle et \u00e0 une cha\u00eene d'approvisionnement locale, le devis est transparent et il n'y a pas de co\u00fbts cach\u00e9s.<\/li>\n<li><strong>Exp\u00e9rience d'\u00e9chantillonnage gratuit<\/strong>: V\u00e9rifier d'abord la qualit\u00e9, puis passer les commandes par lots afin de r\u00e9duire le risque de coop\u00e9ration.<\/li>\n<li><strong>Livraison \u00e9clair<\/strong>: Les commandes r\u00e9guli\u00e8res sont exp\u00e9di\u00e9es dans un d\u00e9lai de\u00a0<strong>15 jours<\/strong>et les commandes acc\u00e9l\u00e9r\u00e9es sont livr\u00e9es dans un d\u00e9lai de 7 jours, ce qui permet de soutenir la logistique mondiale \uff08<a href=\"https:\/\/zojopackaging.com\/fr\/\">https:\/\/zojopackaging.com\/<\/a>).<\/li>\n<\/ul>\n<p><strong>Passez \u00e0 l'action et commencez \u00e0 coop\u00e9rer !\u00a0<\/strong>\ud83d\udce9\u00a0<strong>Soumettez vos besoins<\/strong>\u00a0\u2192\u00a0<strong>Obtenez des solutions exclusives et des \u00e9chantillons gratuits<\/strong>\u00a0\u2192\u00a0<strong>Production en s\u00e9rie apr\u00e8s v\u00e9rification de la qualit\u00e9<\/strong> \u26a0\ufe0f le monde entier nous fait confiance -- Nous avons fourni avec succ\u00e8s des solutions d'emballage \u00e0 de nombreuses marques internationales et nous nous r\u00e9jouissons de devenir votre partenaire \u00e0 long terme !<\/p>\n<hr \/>\n<p><strong>Pourquoi nous choisir ?\u00a0<\/strong>\u2705\u00a0<strong>Riche exp\u00e9rience en mati\u00e8re d'exportation<\/strong>: Export\u00e9 dans plus de 30 pays dont l'Europe, l'Am\u00e9rique, le Japon et la Cor\u00e9e du Sud, familier avec les normes d'emballage des diff\u00e9rents pays. \u2705\u00a0<strong>Technologie + service : double garantie<\/strong>Le syst\u00e8me de gestion de la qualit\u00e9 : \u00e9quipe de conception de 20 personnes + ligne de production enti\u00e8rement automatis\u00e9e, \u00e0 la fois efficace et cr\u00e9ative. \u2705\u00a0<strong>Engagement environnemental<\/strong>: Utiliser des mat\u00e9riaux papier renouvelables pour aider les marques \u00e0 mettre en \u0153uvre les objectifs de d\u00e9veloppement durable.<\/p>","protected":false},"excerpt":{"rendered":"<p>Bo\u00eete cadeau \u00e0 fermeture magn\u00e9tique adapt\u00e9e aux chapeaux\/v\u00eatements, papier couch\u00e9 C2S permettant une personnalisation illimit\u00e9e, exportateur chinois certifi\u00e9 ISO\/SGS<\/p>","protected":false},"featured_media":8007,"template":"","meta":[],"product_brand":[],"product_cat":[31,30,427,414],"product_tag":[471,472,473],"class_list":{"0":"post-8006","1":"product","2":"type-product","3":"status-publish","4":"has-post-thumbnail","6":"product_cat-paper-box-style","7":"product_cat-by-industry","8":"product_cat-collapsible-gift-boxes","9":"product_cat-custom-apparel-boxes","10":"product_tag-custom-hat-packaging","11":"product_tag-hat-packaging-boxes","12":"product_tag-hat-packaging-wholesale","14":"first","15":"instock","16":"shipping-taxable","17":"product-type-simple"},"_links":{"self":[{"href":"https:\/\/zojopackaging.com\/fr\/wp-json\/wp\/v2\/product\/8006","targetHints":{"allow":["GET"]}}],"collection":[{"href":"https:\/\/zojopackaging.com\/fr\/wp-json\/wp\/v2\/product"}],"about":[{"href":"https:\/\/zojopackaging.com\/fr\/wp-json\/wp\/v2\/types\/product"}],"version-history":[{"count":1,"href":"https:\/\/zojopackaging.com\/fr\/wp-json\/wp\/v2\/product\/8006\/revisions"}],"predecessor-version":[{"id":8013,"href":"https:\/\/zojopackaging.com\/fr\/wp-json\/wp\/v2\/product\/8006\/revisions\/8013"}],"wp:featuredmedia":[{"embeddable":true,"href":"https:\/\/zojopackaging.com\/fr\/wp-json\/wp\/v2\/media\/8007"}],"wp:attachment":[{"href":"https:\/\/zojopackaging.com\/fr\/wp-json\/wp\/v2\/media?parent=8006"}],"wp:term":[{"taxonomy":"product_brand","embeddable":true,"href":"https:\/\/zojopackaging.com\/fr\/wp-json\/wp\/v2\/product_brand?post=8006"},{"taxonomy":"product_cat","embeddable":true,"href":"https:\/\/zojopackaging.com\/fr\/wp-json\/wp\/v2\/product_cat?post=8006"},{"taxonomy":"product_tag","embeddable":true,"href":"https:\/\/zojopackaging.com\/fr\/wp-json\/wp\/v2\/product_tag?post=8006"}],"curies":[{"name":"wp","href":"https:\/\/api.w.org\/{rel}","templated":true}]}}