{"id":8017,"date":"2025-03-23T11:29:24","date_gmt":"2025-03-23T03:29:24","guid":{"rendered":"https:\/\/zojopackaging.com\/?post_type=product&#038;p=8017"},"modified":"2025-03-23T16:53:44","modified_gmt":"2025-03-23T08:53:44","slug":"exquisite-unique-gourmet-gift-packaging-boxes-wholesaler","status":"publish","type":"product","link":"https:\/\/zojopackaging.com\/fr\/product\/exquisite-unique-gourmet-gift-packaging-boxes-wholesaler\/","title":{"rendered":"Exquisite Unique Gourmet Gift Packaging Boxes Wholesaler"},"content":{"rendered":"<h3 id=\"manufacturer-s-description-of-custom-clothing-packaging-boxes-in-china\">Description du fabricant de bo\u00eetes d'emballage de v\u00eatements personnalis\u00e9es en Chine<\/h3>\n<h4 id=\"1-magnetic-double-layer-pull-out-box-product-presentation-and-experience-upgrade\">1. Bo\u00eete coulissante magn\u00e9tique \u00e0 double couche : pr\u00e9sentation du produit et am\u00e9lioration de l'exp\u00e9rience<\/h4>\n<p>Les fabricants chinois ont innov\u00e9 en lan\u00e7ant\u00a0<strong>bo\u00eete coulissante magn\u00e9tique \u00e0 double couche<\/strong>\u00a0dans le domaine de l'emballage de v\u00eatements haut de gamme, qui am\u00e9liore l'effet de pr\u00e9sentation du produit gr\u00e2ce \u00e0 la conception d'une structure en couches. Par exemple, le dispositif magn\u00e9tique int\u00e9gr\u00e9 est utilis\u00e9 pour obtenir une fermeture silencieuse et une adsorption pr\u00e9cise. La couche sup\u00e9rieure peut pr\u00e9senter le v\u00eatement principal, et la couche inf\u00e9rieure peut stocker des accessoires ou des instructions pour r\u00e9pondre \u00e0 la demande de la marque en mati\u00e8re de \"sens du rituel de d\u00e9ballage\". La bo\u00eete \u00e0 tiroirs de Guangzhou Kelda Packaging est con\u00e7ue avec des fentes pour cartes antid\u00e9rapantes, qui conviennent au stockage ind\u00e9pendant d'accessoires fins tels que les \u00e9charpes et les cravates. Par ailleurs, la m\u00e9thode d'ouverture et de fermeture magn\u00e9tique conf\u00e8re \u00e0 la bo\u00eete d'emballage une touche luxueuse. Ce type de conception permet non seulement d'am\u00e9liorer la qualit\u00e9 du produit, mais aussi de sensibiliser les utilisateurs au savoir-faire de la marque par le biais d'une exp\u00e9rience interactive.<\/p>\n<h4 id=\"2-natural-color-printing-emotional-visual-expression\">2. Impression en couleurs naturelles : expression visuelle \u00e9motionnelle<\/h4>\n<p>Les fabricants utilisent\u00a0<strong>couleurs naturelles \u00e0 faible saturation<\/strong>\u00a0pour cr\u00e9er une esth\u00e9tique d'emballage diff\u00e9renci\u00e9e. La bo\u00eete cadeau d\u00e9grad\u00e9e de style INS de Yiwu Xianchuang Packaging Factory simule les changements de la lumi\u00e8re naturelle avec des couleurs telles que le bleu brume et le vert menthe, et forme des reflets doux et diffus gr\u00e2ce \u00e0 la technologie de laminage mat, ce qui est conforme \u00e0 la recherche du groupe de consommateurs urbains pour \"r\u00e9duire le stress du shopping\". La bo\u00eete \u00e0 fen\u00eatre en papier kraft transparent lanc\u00e9e par Zhejiang Wenzhou Aoyin Packaging conserve la texture naturelle de la p\u00e2te \u00e0 papier d'origine et fait appara\u00eetre le LOGO de la marque gr\u00e2ce au processus de passage partiel \u00e0 chaud, ce qui non seulement transmet le concept de protection de l'environnement mais cr\u00e9e \u00e9galement une atmosph\u00e8re visuelle de retour \u00e0 la nature. Des \u00e9tudes ont montr\u00e9 que de telles conceptions peuvent accro\u00eetre le sentiment de plaisir des consommateurs lors du d\u00e9ballage par 32%.<\/p>\n<h4 id=\"3-diversified-accessories-system-brand-value-extension\">3. Syst\u00e8me d'accessoires diversifi\u00e9s : extension de la valeur de la marque<\/h4>\n<p>Les usines chinoises fournissent\u00a0<strong>accessoires modulaires services de personnalisation<\/strong>\u00a0pour aider les marques \u00e0 construire une matrice de produits tridimensionnelle :<\/p>\n<ul>\n<li><strong>Accessoires fonctionnels<\/strong>La pr\u00e9cision du contr\u00f4le de l'humidit\u00e9 atteint \u00b13%RH, ce qui convient aux tissus haut de gamme tels que le cachemire et la soie ;<\/li>\n<li><strong>Accessoires interactifs intelligents<\/strong>: Lien avec l'APP de la marque pour r\u00e9aliser une v\u00e9rification anti-contrefa\u00e7on et proposer des suggestions d'habillage ;<\/li>\n<li><strong>D\u00e9coration de sc\u00e9nario<\/strong>Il est compos\u00e9 de deux parties : les bretelles amovibles en satin, qui r\u00e9pondent aux besoins de changement flexible des \u00e9ditions limit\u00e9es de vacances et des styles de tous les jours.<\/li>\n<\/ul>\n<h4 id=\"4-full-size-customization-system-precise-adaptation-of-product-form\">4. Syst\u00e8me de personnalisation int\u00e9grale : adaptation pr\u00e9cise de la forme du produit<\/h4>\n<p>S'appuyant sur une technologie de production de pr\u00e9cision millim\u00e9trique, la cha\u00eene d'approvisionnement chinoise peut r\u00e9pondre aux besoins de couverture en taille r\u00e9elle de\u00a0<strong>5cm\u00d75cm \u00e0 120cm\u00d780cm<\/strong>. Gr\u00e2ce \u00e0 la technologie d'ajustement dynamique de la ligne de pliage, un seul lot peut \u00eatre compatible avec des v\u00eatements mixtes de diff\u00e9rentes \u00e9paisseurs, tels que des doudounes et des robes de mari\u00e9e. Gr\u00e2ce \u00e0 la conception de pr\u00e9indentation, le mode de transport et le mode d'affichage peuvent \u00eatre rapidement \u00e9chang\u00e9s, ce qui permet d'\u00e9conomiser 40% d'espace de stockage.<\/p>\n<h4 id=\"5-box-type-and-brand-visual-fusion-design\">5. Type de bo\u00eete et conception de la fusion visuelle de la marque<\/h4>\n<p>Le fabricant a construit une biblioth\u00e8que de solutions contenant\u00a0<strong>Plus de 15 types de bo\u00eetes \u00e0 noyaux<\/strong>:<\/p>\n<ol>\n<li><strong>Bo\u00eete \u00e0 ventouses magn\u00e9tiques de type livre<\/strong>Le livre : imitant la forme du dos d'un livre \u00e0 couverture rigide, avec des insertions de l'histoire de la marque incorpor\u00e9es ;<\/li>\n<li><strong>Couvercle sup\u00e9rieur et inf\u00e9rieur variable<\/strong>Le LOGO : supporte la technologie de l'impression invers\u00e9e, de sorte que le LOGO pr\u00e9sente des effets visuels dynamiques sous diff\u00e9rents angles d'ouverture et de fermeture ;<\/li>\n<li><strong>Bo\u00eete de rangement \u00e0 succion magn\u00e9tique<\/strong>Le syst\u00e8me de la marque VI : en utilisant une combinaison de papier sp\u00e9cial et d'attaches m\u00e9talliques pour obtenir une pr\u00e9sentation tridimensionnelle du syst\u00e8me de la marque VI.<\/li>\n<\/ol>\n<h4 id=\"vi-unlimited-customization-service-ecosystem\">VI. \u00c9cosyst\u00e8me de services de personnalisation illimit\u00e9e<\/h4>\n<p>Les usines chinoises brisent les barri\u00e8res traditionnelles de la personnalisation gr\u00e2ce \u00e0\u00a0<strong>syst\u00e8me de production num\u00e9rique flexible<\/strong>:<\/p>\n<ul>\n<li>Dongguan Yuhong Packaging adopte une technologie d'impression couleur recto-verso, prend en charge 500 bo\u00eetes par lot, et le co\u00fbt de remplacement des motifs est nul ;<\/li>\n<li>Shenzhen Shunhuang Paper Products met en \u0153uvre un mod\u00e8le de production sans moule et r\u00e9alise la personnalisation \"une bo\u00eete, une image\" gr\u00e2ce \u00e0 la presse d'impression num\u00e9rique HP Indigo ;<\/li>\n<li>Les fabricants du Zhejiang fournissent des services complets, de la mod\u00e9lisation 3D \u00e0 l'\u00e9preuvage physique, r\u00e9alisent la production d'\u00e9chantillons blancs simples en 8 heures et livrent des produits finis teints en 24 heures.<\/li>\n<\/ul>\n<h4 id=\"vii-factory-direct-service-and-quality-assurance\">VII. Service direct \u00e0 l'usine et assurance qualit\u00e9<\/h4>\n<p>Les principales entreprises d'emballage chinoises mettent en \u0153uvre le\u00a0<strong>\"Politique \"trois gratuits et une garantie<\/strong>:<\/p>\n<ul>\n<li><strong>Conception gratuite<\/strong>: Guangzhou Hainabaichuan Packaging fournit des services de diagnostic visuel de la marque, combin\u00e9s \u00e0 l'analyse des big data pour produire des solutions de strat\u00e9gie d'emballage ;<\/li>\n<li><strong>\u00c9chantillons gratuits<\/strong>: Yiwu Lelang Packaging prend en charge la livraison d'\u00e9chantillons mondiaux en 48 heures, en utilisant les m\u00eames mat\u00e9riaux que l'usine d'origine ;<\/li>\n<li><strong>Engagement de qualit\u00e9<\/strong>: Certifi\u00e9 par le syst\u00e8me de qualit\u00e9 ISO9001, il offre une p\u00e9riode de garantie de 12 mois et le taux de dommages dus au transport est inf\u00e9rieur \u00e0 0,5%.<\/li>\n<\/ul>","protected":false},"excerpt":{"rendered":"<p>Le papier d'art couch\u00e9 C2S peut \u00eatre personnalis\u00e9 \u00e0 l'infini, supporte des processus d'impression\/de marquage \u00e0 chaud sp\u00e9ciaux, r\u00e9pond aux exigences de scellage de qualit\u00e9 alimentaire et est directement fourni par l'usine source depuis 20 ans.<\/p>","protected":false},"featured_media":8018,"template":"","meta":[],"product_brand":[],"product_cat":[31,30,422,424],"product_tag":[474,476,475],"class_list":{"0":"post-8017","1":"product","2":"type-product","3":"status-publish","4":"has-post-thumbnail","6":"product_cat-paper-box-style","7":"product_cat-by-industry","8":"product_cat-custom-gourmet-boxes-by-industry","9":"product_cat-magnetic-closure-boxes","10":"product_tag-exquisite-gourmet-packaging","11":"product_tag-gourmet-boxes-wholesaler","12":"product_tag-unique-gourmet-packaging","14":"first","15":"instock","16":"shipping-taxable","17":"product-type-simple"},"_links":{"self":[{"href":"https:\/\/zojopackaging.com\/fr\/wp-json\/wp\/v2\/product\/8017","targetHints":{"allow":["GET"]}}],"collection":[{"href":"https:\/\/zojopackaging.com\/fr\/wp-json\/wp\/v2\/product"}],"about":[{"href":"https:\/\/zojopackaging.com\/fr\/wp-json\/wp\/v2\/types\/product"}],"version-history":[{"count":2,"href":"https:\/\/zojopackaging.com\/fr\/wp-json\/wp\/v2\/product\/8017\/revisions"}],"predecessor-version":[{"id":8063,"href":"https:\/\/zojopackaging.com\/fr\/wp-json\/wp\/v2\/product\/8017\/revisions\/8063"}],"wp:featuredmedia":[{"embeddable":true,"href":"https:\/\/zojopackaging.com\/fr\/wp-json\/wp\/v2\/media\/8018"}],"wp:attachment":[{"href":"https:\/\/zojopackaging.com\/fr\/wp-json\/wp\/v2\/media?parent=8017"}],"wp:term":[{"taxonomy":"product_brand","embeddable":true,"href":"https:\/\/zojopackaging.com\/fr\/wp-json\/wp\/v2\/product_brand?post=8017"},{"taxonomy":"product_cat","embeddable":true,"href":"https:\/\/zojopackaging.com\/fr\/wp-json\/wp\/v2\/product_cat?post=8017"},{"taxonomy":"product_tag","embeddable":true,"href":"https:\/\/zojopackaging.com\/fr\/wp-json\/wp\/v2\/product_tag?post=8017"}],"curies":[{"name":"wp","href":"https:\/\/api.w.org\/{rel}","templated":true}]}}