{"id":8027,"date":"2025-03-23T11:47:13","date_gmt":"2025-03-23T03:47:13","guid":{"rendered":"https:\/\/zojopackaging.com\/?post_type=product&#038;p=8027"},"modified":"2025-03-23T16:34:14","modified_gmt":"2025-03-23T08:34:14","slug":"custom-clothing-packaging-apparel-boxes-china-manufacturer","status":"publish","type":"product","link":"https:\/\/zojopackaging.com\/fr\/product\/custom-clothing-packaging-apparel-boxes-china-manufacturer\/","title":{"rendered":"Bo\u00eetes d'emballage de v\u00eatements sur mesure Fabricant chinois"},"content":{"rendered":"<h3 id=\"customized-clothing-packaging-box-chinese-manufacturer-description\">Bo\u00eete d'emballage de v\u00eatements personnalis\u00e9e Description du fabricant chinois<\/h3>\n<h4 id=\"1-double-sided-color-printing-professional-visual-shaping\">1. Impression couleur recto-verso : mise en forme visuelle professionnelle<\/h4>\n<p>Les fabricants chinois utilisent largement\u00a0<strong>technologie d'impression couleur recto-verso<\/strong>\u00a0dans la personnalisation des bo\u00eetes d'emballage de v\u00eatements, en pr\u00e9sentant des logos de marque, des motifs ou des couleurs d\u00e9grad\u00e9es gr\u00e2ce \u00e0 une technologie d'impression de haute pr\u00e9cision. Cela permet non seulement d'am\u00e9liorer la reconnaissance du produit, mais aussi de renforcer l'unit\u00e9 visuelle de la marque gr\u00e2ce \u00e0 la superposition des couleurs. L'impression recto-verso combin\u00e9e \u00e0 la technologie de pelliculage mat\/brillant conf\u00e8re \u00e0 la bo\u00eete d'emballage une texture d\u00e9licate dans diff\u00e9rents environnements lumineux, r\u00e9pondant ainsi au double besoin de professionnalisme et de sophistication des marques de v\u00eatements haut de gamme.<\/p>\n<h4 id=\"2-macron-color-system-emotional-design-language\">2. Le syst\u00e8me de couleurs Macron : un langage de conception \u00e9motionnel<\/h4>\n<p>Pour r\u00e9pondre \u00e0 la tendance d'une consommation plus jeune, les fabricants int\u00e8grent\u00a0<strong>syst\u00e8me de couleurs douces Macron<\/strong>\u00a0dans la conception des emballages. Par exemple, le coffret cadeau Qixi gradient INS style utilise du bleu poudre \u00e0 faible saturation, du violet clair et d'autres tons pour cr\u00e9er un effet visuel de r\u00eave, ce qui r\u00e9pond aux demandes des marques de v\u00eatements f\u00e9minins pour des sc\u00e8nes de consommation \u00e9motionnelle. Gr\u00e2ce \u00e0 des services personnalis\u00e9s de mise en correspondance des couleurs, le syst\u00e8me de couleurs Macron est associ\u00e9 au syst\u00e8me VI de la marque, ce qui permet non seulement de transmettre un ton de marque d\u00e9tendu et agr\u00e9able, mais aussi d'am\u00e9liorer le sens du rituel de l'utilisateur lors de l'exp\u00e9rience de d\u00e9ballage par le biais de la psychologie des couleurs.<\/p>\n<h4 id=\"3-magnetic-box-structure-high-end-interactive-experience-upgrade\">3. Structure de la bo\u00eete magn\u00e9tique : am\u00e9lioration de l'exp\u00e9rience interactive haut de gamme<\/h4>\n<p><strong>Ouverture et fermeture magn\u00e9tiques<\/strong>\u00a0est devenue l'une des principales technologies permettant d'am\u00e9liorer la valeur de l'emballage. La bo\u00eete-cadeau magn\u00e9tique pliante utilise des boucles magn\u00e9tiques int\u00e9gr\u00e9es pour assurer une fermeture silencieuse. Sa force d'adsorption pr\u00e9cise garantit non seulement la s\u00e9curit\u00e9 du transport, mais offre \u00e9galement un retour tactile haut de gamme gr\u00e2ce \u00e0 la sensation d'amortissement lors de l'ouverture et de la fermeture. La bo\u00eete magn\u00e9tique \u00e0 rabat combine des boucles m\u00e9talliques et des mat\u00e9riaux en papier sp\u00e9ciaux pour permettre aux utilisateurs de mieux comprendre le niveau de savoir-faire de la marque gr\u00e2ce \u00e0 un design interactif \"une seule touche pour ouvrir\". Ce type de conception est particuli\u00e8rement adapt\u00e9 aux lignes de produits telles que les v\u00eatements de luxe l\u00e9gers et les costumes sur mesure qui doivent mettre l'accent sur le sens du rituel.<\/p>\n<h4 id=\"4-high-strength-material-safety-and-environmental-protection-are-equally-important\">4. Mat\u00e9riau tr\u00e8s r\u00e9sistant : la s\u00e9curit\u00e9 et la protection de l'environnement sont tout aussi importantes.<\/h4>\n<p>Les fabricants utilisent g\u00e9n\u00e9ralement une structure composite compos\u00e9e de\u00a0<strong>Carton gris 1200 GSM + papier couch\u00e9 157 GSM<\/strong>. La bo\u00eete en papier kraft de couleur originale a une capacit\u00e9 de charge de \u226550kg gr\u00e2ce \u00e0 la doublure en carton gris, qui peut r\u00e9sister efficacement \u00e0 l'extrusion logistique. La bo\u00eete cadeau avec couvercle sup\u00e9rieur et inf\u00e9rieur ajoute un rev\u00eatement \u00e9cologique \u00e0 base d'eau sur la surface du papier couch\u00e9, qui non seulement garantit la saturation des couleurs de l'impression, mais est \u00e9galement conforme \u00e0 la norme REACH de l'UE, en tenant compte de la durabilit\u00e9 et de la viabilit\u00e9. Gr\u00e2ce \u00e0 cette combinaison de mat\u00e9riaux, le taux de rupture de la bo\u00eete d'emballage est inf\u00e9rieur \u00e0 0,3% lors du test de chute, ce qui d\u00e9passe de loin la moyenne de l'industrie.<\/p>\n<h4 id=\"5-full-size-customization-accurately-adapt-to-product-form\">5. Personnalisation en taille r\u00e9elle : Adaptation pr\u00e9cise \u00e0 la forme du produit<\/h4>\n<p>La cha\u00eene d'approvisionnement de la Chine fournit\u00a0<strong>pr\u00e9cision au millim\u00e8tre pr\u00e8s personnalisation de la taille<\/strong>\u00a0services. Par exemple : sa bo\u00eete d'emballage de v\u00eatements permet de couvrir toutes les dimensions de 5cm\u00d75cm \u00e0 120cm\u00d780cm, et l'erreur des sp\u00e9cifications sp\u00e9ciales est contr\u00f4l\u00e9e \u00e0 \u00b10,5mm. Pour les v\u00eatements irr\u00e9guliers (tels que les robes de mari\u00e9e et les doudounes), la structure de la bo\u00eete r\u00e9glable permet un ajustement dynamique de la profondeur de la bo\u00eete gr\u00e2ce \u00e0 la conception de la ligne de pliage, et un seul lot peut \u00eatre compatible avec 3 \u00e0 5 \u00e9paisseurs diff\u00e9rentes de besoins mixtes en mati\u00e8re de v\u00eatements.<\/p>\n<h4 id=\"vi-multiple-box-type-system-brand-differentiation-carrier\">6. Syst\u00e8me de bo\u00eetes multiples : Support de diff\u00e9renciation des marques<\/h4>\n<p>Les fabricants ont cr\u00e9\u00e9 une biblioth\u00e8que de solutions couvrant plus de 10 types de bo\u00eetiers courants :<\/p>\n<ol>\n<li><strong>Bo\u00eete \u00e0 tiroirs<\/strong>: Convient au rangement en couches d'accessoires tels que les foulards et les cravates, avec des fentes antid\u00e9rapantes pour les cartes \u00e0 l'int\u00e9rieur ;<\/li>\n<li><strong>Bo\u00eete \u00e0 ventouses magn\u00e9tiques de type livre<\/strong>: Imitation du design du dos d'un livre \u00e0 couverture rigide, convenant \u00e0 l'emballage des marques de cr\u00e9ateurs ;<\/li>\n<li><strong>Bo\u00eete d'avion interchangeable<\/strong>: Le pr\u00e9presse est utilis\u00e9 pour r\u00e9aliser une conversion rapide du type de bo\u00eete entre le mode de transport et le mode d'exposition.<\/li>\n<\/ol>\n<h4 id=\"vii-functional-inner-tray-product-protection-is-upgraded\">7. Plateau int\u00e9rieur fonctionnel : La protection du produit est am\u00e9lior\u00e9e<\/h4>\n<p>D\u00e9velopper des syst\u00e8mes de plateaux int\u00e9rieurs sp\u00e9ciaux pour diff\u00e9rentes cat\u00e9gories de v\u00eatements :<\/p>\n<ul>\n<li><strong>Doublure imperm\u00e9able<\/strong>: Le tissu non tiss\u00e9 enduit de PE de qualit\u00e9 alimentaire est utilis\u00e9, et la pr\u00e9cision du contr\u00f4le de l'humidit\u00e9 atteint \u00b13%RH, ce qui convient aux tissus d\u00e9licats tels que le cachemire et la soie ;<\/li>\n<li><strong>Support amovible<\/strong>: Le support tridimensionnel en PP permet de suspendre les costumes et les robes sans les froisser ;<\/li>\n<li><strong>Plateau int\u00e9rieur \u00e0 d\u00e9tection intelligente<\/strong>: Puce RFID int\u00e9gr\u00e9e, reli\u00e9e \u00e0 l'APP de la marque pour r\u00e9aliser la v\u00e9rification anti-contrefa\u00e7on et la suggestion d'habillage.<\/li>\n<\/ul>","protected":false},"excerpt":{"rendered":"<p>La bo\u00eete \u00e0 v\u00eatements \u00e0 fermeture magn\u00e9tique convient \u00e0 tous les types de v\u00eatements. Elle est fabriqu\u00e9e en papier couch\u00e9 C2S et peut \u00eatre personnalis\u00e9e \u00e0 l'infini. Elle est produite dans des usines chinoises avec une garantie de qualit\u00e9.<\/p>","protected":false},"featured_media":8030,"template":"","meta":[],"product_brand":[],"product_cat":[31,30,414,424],"product_tag":[478,479,477],"class_list":{"0":"post-8027","1":"product","2":"type-product","3":"status-publish","4":"has-post-thumbnail","6":"product_cat-paper-box-style","7":"product_cat-by-industry","8":"product_cat-custom-apparel-boxes","9":"product_cat-magnetic-closure-boxes","10":"product_tag-apparel-boxes-manufacturer","11":"product_tag-apparel-packaging-china","12":"product_tag-custom-clothing-packaging","14":"first","15":"instock","16":"shipping-taxable","17":"product-type-simple"},"_links":{"self":[{"href":"https:\/\/zojopackaging.com\/fr\/wp-json\/wp\/v2\/product\/8027","targetHints":{"allow":["GET"]}}],"collection":[{"href":"https:\/\/zojopackaging.com\/fr\/wp-json\/wp\/v2\/product"}],"about":[{"href":"https:\/\/zojopackaging.com\/fr\/wp-json\/wp\/v2\/types\/product"}],"version-history":[{"count":3,"href":"https:\/\/zojopackaging.com\/fr\/wp-json\/wp\/v2\/product\/8027\/revisions"}],"predecessor-version":[{"id":8062,"href":"https:\/\/zojopackaging.com\/fr\/wp-json\/wp\/v2\/product\/8027\/revisions\/8062"}],"wp:featuredmedia":[{"embeddable":true,"href":"https:\/\/zojopackaging.com\/fr\/wp-json\/wp\/v2\/media\/8030"}],"wp:attachment":[{"href":"https:\/\/zojopackaging.com\/fr\/wp-json\/wp\/v2\/media?parent=8027"}],"wp:term":[{"taxonomy":"product_brand","embeddable":true,"href":"https:\/\/zojopackaging.com\/fr\/wp-json\/wp\/v2\/product_brand?post=8027"},{"taxonomy":"product_cat","embeddable":true,"href":"https:\/\/zojopackaging.com\/fr\/wp-json\/wp\/v2\/product_cat?post=8027"},{"taxonomy":"product_tag","embeddable":true,"href":"https:\/\/zojopackaging.com\/fr\/wp-json\/wp\/v2\/product_tag?post=8027"}],"curies":[{"name":"wp","href":"https:\/\/api.w.org\/{rel}","templated":true}]}}