{"id":8035,"date":"2025-03-23T12:14:07","date_gmt":"2025-03-23T04:14:07","guid":{"rendered":"https:\/\/zojopackaging.com\/?post_type=product&#038;p=8035"},"modified":"2025-03-23T16:14:54","modified_gmt":"2025-03-23T08:14:54","slug":"luxury-design-apparel-shirts-clothes-bikini-boxes-wholesale","status":"publish","type":"product","link":"https:\/\/zojopackaging.com\/fr\/product\/luxury-design-apparel-shirts-clothes-bikini-boxes-wholesale\/","title":{"rendered":"Luxury Design Apparel Shirts Clothes Bikini Boxes Wholesale"},"content":{"rendered":"<h2 id=\"-fsc-environmentally-friendly-foldable-magnetic-window-packaging-box-special-solution-for-high-end-clothing-shirts-bikinis-wholesale-\"><strong>Bo\u00eete d'emballage \u00e0 fen\u00eatre magn\u00e9tique pliable FSC respectueuse de l'environnement<\/strong><\/h2>\n<h3 id=\"-material-and-environmental-certification-the-unity-of-quality-and-responsibility-\"><strong>1. Certification des mat\u00e9riaux et de l'environnement : l'unit\u00e9 de la qualit\u00e9 et de la responsabilit\u00e9<\/strong><\/h3>\n<ol>\n<li><strong>1200GSM carton gris + 157GSM papier couch\u00e9 FSC<\/strong><\/li>\n<li><strong>Panneau gris \u00e0 haute densit\u00e9<\/strong>Le sac d'emballage : capacit\u00e9 de charge de 3 kg, r\u00e9sistance \u00e0 la compression et \u00e0 la d\u00e9formation, id\u00e9al pour la protection des v\u00eatements de grande taille (tels que manteaux et robes) pendant le transport.<\/li>\n<li><strong>Papier couch\u00e9 \u00e9cologique FSC<\/strong>Le produit est dot\u00e9 d'un film mat\/brillant \u00e0 la surface, imperm\u00e9able \u00e0 l'eau et \u00e0 l'huile. Il a obtenu la certification REACH de l'UE, est recyclable et d\u00e9gradable (100%) et r\u00e9pond aux besoins des marques mondiales en mati\u00e8re de d\u00e9veloppement durable.<\/li>\n<\/ol>\n<h3 id=\"-box-design-minimalist-and-practical-cost-reduction-and-efficiency-improvement-\"><strong>2. conception de la bo\u00eete : minimaliste et pratique, r\u00e9duction des co\u00fbts et am\u00e9lioration de l'efficacit\u00e9<\/strong><\/h3>\n<ol>\n<li><strong>Bo\u00eete pliable en forme de livre + interrupteur magn\u00e9tique<\/strong><\/li>\n<li>L'\u00e9paisseur apr\u00e8s pliage n'est que de 2,5 cm, le volume de transport est r\u00e9duit de 70%, et le co\u00fbt du transport est r\u00e9duit de 50% ; la conception de la fermeture magn\u00e9tique est silencieuse et douce \u00e0 ouvrir et \u00e0 fermer, et elle ne se d\u00e9formera pas apr\u00e8s une utilisation r\u00e9p\u00e9t\u00e9e.<\/li>\n<li><strong>Fen\u00eatre transparente (PVC\/PET en option)<\/strong>: La position et la forme de la fen\u00eatre peuvent \u00eatre personnalis\u00e9es \u00e0 la demande, et les d\u00e9tails des v\u00eatements (tels que le style du bikini, le tissu de la chemise) peuvent \u00eatre affich\u00e9s de mani\u00e8re intuitive, ce qui r\u00e9duit le taux de consultation des clients de 30%+.<\/li>\n<li><strong>Technologie de surface minimale<\/strong><\/li>\n<li>Pas d'impression complexe, seulement un film mat\/brillant respectueux de l'environnement, un toucher d\u00e9licat et des rayures anti-traces de doigts, adapt\u00e9 au concept de design \"moins c'est plus\" des produits de luxe, r\u00e9duisant les co\u00fbts de traitement de 15%.<\/li>\n<\/ol>\n<h3 id=\"-customized-service-flexible-adaptation-to-all-categories-of-clothing-\"><strong>3. Service personnalis\u00e9 : adaptation flexible \u00e0 toutes les cat\u00e9gories de v\u00eatements<\/strong><\/h3>\n<ol>\n<li><strong>Taille librement d\u00e9finie : <\/strong>La doublure peut \u00eatre \u00e9quip\u00e9e de rainures en EVA, de supports de flocage ou de boucles de suspension pour fixer avec pr\u00e9cision les parties facilement d\u00e9formables telles que les cols de chemise et les bretelles de bikini.<\/li>\n<li><strong>Lien de r\u00e9ponse rapide<\/strong>\u00a0<strong>Devis intelligent en 10 minutes<\/strong>: Soumettez vos exigences en mati\u00e8re de dimensions et de fen\u00eatres en ligne, et le syst\u00e8me d'intelligence artificielle g\u00e9n\u00e9rera des devis et des rendus 3D en temps r\u00e9el, sans v\u00e9rification manuelle.<\/li>\n<li><strong>Contr\u00f4le de la qualit\u00e9 de l'\u00e9chantillon gratuit sous 3 jours<\/strong>: L'\u00e9preuvage comprend le rapport d'essai des mat\u00e9riaux de SGS, prend en charge 5 modifications de d\u00e9tail et garantit l'absence d'erreur dans la production de masse.<\/li>\n<\/ol>\n<h3 id=\"-global-delivery-guarantee-efficient-access-to-end-customers-\"><strong>4. Garantie de livraison globale : acc\u00e8s efficace aux clients finaux<\/strong><\/h3>\n<ol>\n<li><strong><strong>5-7 jours ouvrables pour la livraison express mondiale<\/strong><\/strong>Coop\u00e9rer avec des g\u00e9ants de la logistique tels que DHL et FedEx, 5 jours pour les \u00c9tats-Unis et l'Europe, 3 jours pour l'Asie du Sud-Est, et prendre en charge la livraison directe depuis les entrep\u00f4ts FBA d'Amazon.<\/li>\n<li><strong><strong>Avantage du co\u00fbt de la commande par lots<\/strong><\/strong>Quantit\u00e9 minimale de commande de 1 000 pi\u00e8ces, prix unitaire aussi bas que\u00a0<strong>$0,89\/pi\u00e8ce<\/strong> (y compris la logistique globale porte-\u00e0-porte), commande d'essai de 500 pi\u00e8ces.<\/li>\n<\/ol>\n<h3 id=\"-application-scenarios-and-benefits-\"><strong>5. Sc\u00e9narios d'application et avantages<\/strong><\/h3>\n<p>\u2705\u00a0<strong>Marques de v\u00eatements haut de gamme<\/strong>: La conception de la vitrine renforce l'attrait de l'\u00e9talage du magasin, et la texture du film mat renforce l'image de la marque.<br \/>\n\u2705\u00a0<strong>Commerce \u00e9lectronique transfrontalier<\/strong>: L'emballage plat r\u00e9duit le taux de dommages logistiques et la livraison en 5-7 jours acc\u00e9l\u00e8re la rotation des stocks.<br \/>\n\u2705\u00a0<strong>Personnalisation des coffrets cadeaux pour les f\u00eates<\/strong>: Convient \u00e0 l'\u00e9dition limit\u00e9e de No\u00ebl et de la Saint-Valentin, la bo\u00eete magn\u00e9tique \u00e0 ventouses peut \u00eatre r\u00e9utilis\u00e9e comme bo\u00eete de rangement pour am\u00e9liorer l'adh\u00e9rence du client.<\/p>\n<p><strong>Processus de coop\u00e9ration<\/strong><\/p>\n<ol>\n<li><strong>Conception en ligne<\/strong> \u21922.\u00a0<strong>Devis de 10 minutes<\/strong>\u00a0\u2192 3.\u00a0<strong>Confirmation de l'\u00e9chantillon en 3 jours<\/strong>\u00a0\u2192 4.\u00a0<strong>Production de masse<\/strong>\u00a0\u2192 5.\u00a0<strong>Livraison mondiale<\/strong><\/li>\n<\/ol>\n<p><strong>Pourquoi nous choisir ?<\/strong><\/p>\n<ul>\n<li><strong>Usine de source chinoise<\/strong>: Certification ISO\/FSC, production quotidienne de plus de 200 000 bo\u00eetes standard, r\u00e9ponse aux commandes d'urgence dans les 72 heures.<\/li>\n<li><strong>Aucun co\u00fbt cach\u00e9<\/strong>: Le devis comprend les frais de moule et les frais de logistique, et prend en charge le r\u00e8glement en RMB\/USD.<\/li>\n<\/ul>","protected":false},"excerpt":{"rendered":"<p>Bo\u00eete \u00e0 v\u00eatements pliante \u00e0 fermeture magn\u00e9tique, adapt\u00e9e au stockage de v\u00eatements haut de gamme, en papier couch\u00e9, mat\u00e9riau respectueux de l'environnement, permettant une personnalisation illimit\u00e9e des dimensions. Usine chinoise : devis en 20 minutes, \u00e9chantillon en 3 jours<\/p>","protected":false},"featured_media":8036,"template":"","meta":[],"product_brand":[],"product_cat":[31,30,414,424],"product_tag":[480,482,481],"class_list":{"0":"post-8035","1":"product","2":"type-product","3":"status-publish","4":"has-post-thumbnail","6":"product_cat-paper-box-style","7":"product_cat-by-industry","8":"product_cat-custom-apparel-boxes","9":"product_cat-magnetic-closure-boxes","10":"product_tag-apparel-boxes","11":"product_tag-bikini-boxes-wholesale","12":"product_tag-luxury-clothes-boxes","14":"first","15":"instock","16":"shipping-taxable","17":"product-type-simple"},"_links":{"self":[{"href":"https:\/\/zojopackaging.com\/fr\/wp-json\/wp\/v2\/product\/8035","targetHints":{"allow":["GET"]}}],"collection":[{"href":"https:\/\/zojopackaging.com\/fr\/wp-json\/wp\/v2\/product"}],"about":[{"href":"https:\/\/zojopackaging.com\/fr\/wp-json\/wp\/v2\/types\/product"}],"version-history":[{"count":3,"href":"https:\/\/zojopackaging.com\/fr\/wp-json\/wp\/v2\/product\/8035\/revisions"}],"predecessor-version":[{"id":8060,"href":"https:\/\/zojopackaging.com\/fr\/wp-json\/wp\/v2\/product\/8035\/revisions\/8060"}],"wp:featuredmedia":[{"embeddable":true,"href":"https:\/\/zojopackaging.com\/fr\/wp-json\/wp\/v2\/media\/8036"}],"wp:attachment":[{"href":"https:\/\/zojopackaging.com\/fr\/wp-json\/wp\/v2\/media?parent=8035"}],"wp:term":[{"taxonomy":"product_brand","embeddable":true,"href":"https:\/\/zojopackaging.com\/fr\/wp-json\/wp\/v2\/product_brand?post=8035"},{"taxonomy":"product_cat","embeddable":true,"href":"https:\/\/zojopackaging.com\/fr\/wp-json\/wp\/v2\/product_cat?post=8035"},{"taxonomy":"product_tag","embeddable":true,"href":"https:\/\/zojopackaging.com\/fr\/wp-json\/wp\/v2\/product_tag?post=8035"}],"curies":[{"name":"wp","href":"https:\/\/api.w.org\/{rel}","templated":true}]}}