{"id":8044,"date":"2025-03-23T13:26:13","date_gmt":"2025-03-23T05:26:13","guid":{"rendered":"https:\/\/zojopackaging.com\/?post_type=product&#038;p=8044"},"modified":"2025-03-23T16:13:21","modified_gmt":"2025-03-23T08:13:21","slug":"custom-high-quality-pen-packaging-box-factory-wholesale","status":"publish","type":"product","link":"https:\/\/zojopackaging.com\/fr\/product\/custom-high-quality-pen-packaging-box-factory-wholesale\/","title":{"rendered":"Bo\u00eete d'emballage de stylo de haute qualit\u00e9 Factory Wholesale"},"content":{"rendered":"<h3 id=\"customized-high-quality-pen-packaging-factory-wholesale-instructions\">Emballage de stylo de haute qualit\u00e9 personnalis\u00e9 instructions en gros<\/h3>\n<h4 id=\"1-minimalist-design-and-environmental-sustainability\">1. Conception minimaliste et durabilit\u00e9 environnementale<\/h4>\n<p>Le concept de base de l'emballage personnalis\u00e9 de stylos de haute qualit\u00e9 est l'int\u00e9gration des \u00e9l\u00e9ments suivants\u00a0<strong>design minimaliste<\/strong>\u00a0et\u00a0<strong>la durabilit\u00e9 environnementale<\/strong>. L'utilisation de mat\u00e9riaux d\u00e9gradables (tels que le PLA, le papier \u00e9cologique) et d'une technologie l\u00e9g\u00e8re permet non seulement de r\u00e9duire le gaspillage des ressources, mais aussi de diminuer les co\u00fbts de transport. Par exemple, l'utilisation de 300 grammes de carton blanc gris ou de p\u00e2te \u00e0 papier recycl\u00e9e r\u00e9pond non seulement \u00e0 la demande du consommateur moderne en mati\u00e8re de protection de l'environnement, mais am\u00e9liore \u00e9galement le rapport co\u00fbt-efficacit\u00e9 en simplifiant la conception structurelle (par exemple en r\u00e9duisant les doublures redondantes).<\/p>\n<h4 id=\"2-classic-color-matching-white-and-gray\">2. Correspondance classique des couleurs : blanc et gris<\/h4>\n<p>La palette de couleurs blanc et gris est une\u00a0<strong>classique et multi-sc\u00e9narios<\/strong>\u00a0choix. Le blanc symbolise la puret\u00e9 et la simplicit\u00e9, tandis que le gris repr\u00e9sente la stabilit\u00e9 et le haut de gamme. La combinaison des deux peut \u00eatre adapt\u00e9e aux cadeaux d'affaires, aux articles de papeterie pour \u00e9tudiants et \u00e0 d'autres sc\u00e8nes. Par exemple, le type de bo\u00eete \u00e0 couvercle sup\u00e9rieur et inf\u00e9rieur est assorti d'un fond gris mat et d'un LOGO blanc marqu\u00e9 \u00e0 chaud, ce qui permet non seulement d'am\u00e9liorer la reconnaissance de la marque, mais aussi de v\u00e9hiculer un ton de marque discret et luxueux.<\/p>\n<h4 id=\"3-diversified-box-customization\">3. Personnalisation diversifi\u00e9e des bo\u00eetes<\/h4>\n<p>L'usine prend en charge\u00a0<strong>plusieurs mod\u00e8les de bo\u00eetes<\/strong>y compris :<\/p>\n<ul>\n<li><strong>Bo\u00eetes \u00e0 couvercle sup\u00e9rieur et inf\u00e9rieur<\/strong>La bo\u00eete d'ouverture : adapt\u00e9e aux stylos haut de gamme, elle renforce l'impression de c\u00e9r\u00e9monie d'ouverture de la bo\u00eete ;<\/li>\n<li><strong>Bo\u00eetes coulissantes<\/strong>Le syst\u00e8me d'affichage : pratique pour afficher plusieurs jeux de stylos, am\u00e9liorant ainsi l'effet d'affichage ;<\/li>\n<li><strong>Bo\u00eetes \u00e0 ventouses magn\u00e9tiques \u00e0 couvercle rabattable<\/strong>Le syst\u00e8me d'ouverture et de fermeture : combin\u00e9 \u00e0 un m\u00e9canisme de fermeture magn\u00e9tique, il simplifie l'action d'ouverture et de fermeture ;<\/li>\n<li><strong>Bo\u00eetes de forme sp\u00e9ciale<\/strong>Les bo\u00eetes peuvent \u00eatre de forme cylindrique ou hexagonale, afin de r\u00e9pondre aux besoins des marques cr\u00e9atives. La conception diff\u00e9renci\u00e9e des bo\u00eetes permet de renforcer les points de m\u00e9morisation de la marque.<\/li>\n<\/ul>\n<h4 id=\"4-magnetic-suction-closing-mechanism\">4. M\u00e9canisme de fermeture par aspiration magn\u00e9tique<\/h4>\n<p><strong>Fermeture magn\u00e9tique<\/strong>\u00a0offre non seulement une exp\u00e9rience d'utilisation pratique, mais renforce \u00e9galement l'interaction avec le consommateur gr\u00e2ce au \"clic\" de l'adsorption magn\u00e9tique. Par exemple, l'utilisation d'aimants n\u00e9odyme-fer-bore int\u00e9gr\u00e9s, qui sont tr\u00e8s discrets et ont une force d'adsorption stable, convient aux bo\u00eetes \u00e0 couvercle rabattable ou aux structures de bo\u00eetes en deux parties. Cette conception a \u00e9t\u00e9 largement utilis\u00e9e dans les bo\u00eetes d'emballage d'instruments de beaut\u00e9 pour r\u00e9duire le taux de perte \u00e0 l'ouverture et \u00e0 la fermeture.<\/p>\n<h4 id=\"5-material-selection-and-value-enhancement\">5. S\u00e9lection des mat\u00e9riaux et am\u00e9lioration de la valeur<\/h4>\n<p>L'usine fournit\u00a0<strong>divers mat\u00e9riaux<\/strong>\u00a0la personnalisation :<\/p>\n<ul>\n<li><strong>Papier<\/strong>Les supports utilis\u00e9s sont : le carton blanc, le papier gris, adapt\u00e9s au style minimaliste de l'entreprise ;<\/li>\n<li><strong>Plastique<\/strong>: PP, PETG bo\u00eete transparente, design du corps du stylo ;<\/li>\n<li><strong>Mat\u00e9riau composite<\/strong>Le mod\u00e8le est compos\u00e9 d'une doublure en EVA floqu\u00e9 et d'une coque rigide, prenant en compte \u00e0 la fois la protection et le toucher ;<\/li>\n<li><strong>Protection de l'environnement<\/strong>: Mat\u00e9riau biod\u00e9gradable PLA, conforme \u00e0 l'image de marque verte.<\/li>\n<\/ul>\n<h4 id=\"6-inner-tray-customization-and-protection-function\">6. Fonction de personnalisation et de protection du plateau int\u00e9rieur<\/h4>\n<p><strong>Plateau int\u00e9rieur personnalis\u00e9<\/strong>\u00a0est la cl\u00e9 de la protection et de l'affichage :<\/p>\n<ul>\n<li><strong>Mousse EVA<\/strong>Le stylo est moul\u00e9 en fonction de la forme du stylo, il est r\u00e9sistant aux chocs et \u00e0 la pression ;<\/li>\n<li><strong>Doublure floqu\u00e9e<\/strong>Les produits de la collection sont de qualit\u00e9 sup\u00e9rieure : ils sont agr\u00e9ables au toucher et conviennent \u00e0 des cadeaux haut de gamme ;<\/li>\n<li><strong>Conception amovible en couches<\/strong>Le syst\u00e8me de classement et de stockage de plusieurs stylos est tr\u00e8s pratique.<\/li>\n<\/ul>\n<h4 id=\"vii-advantages-of-the-source-factory\">VII. Avantages de l'usine source<\/h4>\n<p>En tant que\u00a0<strong>usine source<\/strong>Nous fournissons les services suivants :<\/p>\n<ul>\n<li><strong>\u00c9preuve et conception gratuites<\/strong>Les produits de la s\u00e9rie \"LOGO\" peuvent \u00eatre imprim\u00e9s par estampage \u00e0 chaud, s\u00e9rigraphie et autres proc\u00e9d\u00e9s ;<\/li>\n<li><strong>Qualit\u00e9 contr\u00f4lable<\/strong>Les contr\u00f4les de qualit\u00e9 : inspection compl\u00e8te de la qualit\u00e9 depuis l'achat des mati\u00e8res premi\u00e8res jusqu'\u00e0 la livraison des produits finis ;<\/li>\n<li><strong>R\u00e9ponse rapide<\/strong>: la personnalisation est r\u00e9alis\u00e9e dans un d\u00e9lai de 7 \u00e0 15 jours ouvrables.<\/li>\n<\/ul>\n<h4 id=\"viii-fully-automatic-production-and-delivery-guarantee\">VIII. Production enti\u00e8rement automatique et garantie de livraison<\/h4>\n<p>L'usine est \u00e9quip\u00e9e de\u00a0<strong>lignes de production enti\u00e8rement automatiques<\/strong>y compris :<\/p>\n<ul>\n<li><strong>Machine de d\u00e9coupe CNC<\/strong>: erreur de pr\u00e9cision \u22640,2mm ;<\/li>\n<li><strong>Machine de moulage par injection \u00e0 grande vitesse<\/strong>La capacit\u00e9 de production quotidienne est sup\u00e9rieure \u00e0 1 million de pi\u00e8ces ;<\/li>\n<li><strong>Syst\u00e8me logistique intelligent<\/strong>Les produits de cette cat\u00e9gorie sont les suivants : empilage et emballage automatiques, ce qui r\u00e9duit les interventions manuelles.<\/li>\n<\/ul>\n<h3 id=\"summary\">R\u00e9sum\u00e9<\/h3>\n<p>La personnalisation des bo\u00eetes d'emballage de stylos de haute qualit\u00e9 n\u00e9cessite de prendre en compte le design, la fonction et l'efficacit\u00e9. Gr\u00e2ce \u00e0 des concepts minimalistes de protection de l'environnement, \u00e0 une correspondance classique des couleurs, \u00e0 des types de bo\u00eetes diversifi\u00e9s, \u00e0 des fermetures magn\u00e9tiques et \u00e0 d'autres conceptions innovantes, combin\u00e9s \u00e0 la production \u00e0 grande \u00e9chelle et au contr\u00f4le strict de la qualit\u00e9 de l'usine source, une solution d'emballage \u00e0 la fois pratique et esth\u00e9tique peut \u00eatre cr\u00e9\u00e9e pour la marque. Des \u00e9chantillons gratuits \u00e0 la livraison enti\u00e8rement automatis\u00e9e, le service unique de l'usine aide les marques \u00e0 saisir les opportunit\u00e9s du march\u00e9.<\/p>","protected":false},"excerpt":{"rendered":"<p>Gr\u00e2ce \u00e0 des concepts minimalistes de protection de l'environnement, \u00e0 une correspondance classique des couleurs, \u00e0 des types de bo\u00eetes diversifi\u00e9s, \u00e0 des fermetures magn\u00e9tiques et \u00e0 d'autres conceptions innovantes.<\/p>","protected":false},"featured_media":8047,"template":"","meta":[],"product_brand":[],"product_cat":[31,30,413,424],"product_tag":[487,488,486],"class_list":{"0":"post-8044","1":"product","2":"type-product","3":"status-publish","4":"has-post-thumbnail","6":"product_cat-paper-box-style","7":"product_cat-by-industry","8":"product_cat-consumer-electronics-boxes","9":"product_cat-magnetic-closure-boxes","10":"product_tag-custom-pen-packaging","11":"product_tag-pen-box-wholesale","12":"product_tag-pen-packaging-factory","14":"first","15":"instock","16":"shipping-taxable","17":"product-type-simple"},"_links":{"self":[{"href":"https:\/\/zojopackaging.com\/fr\/wp-json\/wp\/v2\/product\/8044","targetHints":{"allow":["GET"]}}],"collection":[{"href":"https:\/\/zojopackaging.com\/fr\/wp-json\/wp\/v2\/product"}],"about":[{"href":"https:\/\/zojopackaging.com\/fr\/wp-json\/wp\/v2\/types\/product"}],"version-history":[{"count":1,"href":"https:\/\/zojopackaging.com\/fr\/wp-json\/wp\/v2\/product\/8044\/revisions"}],"predecessor-version":[{"id":8059,"href":"https:\/\/zojopackaging.com\/fr\/wp-json\/wp\/v2\/product\/8044\/revisions\/8059"}],"wp:featuredmedia":[{"embeddable":true,"href":"https:\/\/zojopackaging.com\/fr\/wp-json\/wp\/v2\/media\/8047"}],"wp:attachment":[{"href":"https:\/\/zojopackaging.com\/fr\/wp-json\/wp\/v2\/media?parent=8044"}],"wp:term":[{"taxonomy":"product_brand","embeddable":true,"href":"https:\/\/zojopackaging.com\/fr\/wp-json\/wp\/v2\/product_brand?post=8044"},{"taxonomy":"product_cat","embeddable":true,"href":"https:\/\/zojopackaging.com\/fr\/wp-json\/wp\/v2\/product_cat?post=8044"},{"taxonomy":"product_tag","embeddable":true,"href":"https:\/\/zojopackaging.com\/fr\/wp-json\/wp\/v2\/product_tag?post=8044"}],"curies":[{"name":"wp","href":"https:\/\/api.w.org\/{rel}","templated":true}]}}