{"id":8220,"date":"2025-03-25T17:19:48","date_gmt":"2025-03-25T09:19:48","guid":{"rendered":"https:\/\/zojopackaging.com\/?post_type=product&#038;p=8220"},"modified":"2025-03-25T17:19:50","modified_gmt":"2025-03-25T09:19:50","slug":"premium-custom-made-headphone-packaging-boxes-wholesale","status":"publish","type":"product","link":"https:\/\/zojopackaging.com\/fr\/product\/premium-custom-made-headphone-packaging-boxes-wholesale\/","title":{"rendered":"Bo\u00eetes d'emballage pour \u00e9couteurs Premium sur mesure Wholesale"},"content":{"rendered":"<h1>Bo\u00eetes d'emballage pour \u00e9couteurs Premium sur mesure Wholesale<\/h1>\n<h3 id=\"-1-double-sided-printed-airplane-box-environmental-protection-and-brand-dual-effect-empowerment-\"><strong>1. Bo\u00eete postale imprim\u00e9e recto-verso : protection de l'environnement et renforcement du double effet de la marque<\/strong><\/h3>\n<p>La bo\u00eete postale imprim\u00e9e recto-verso est produite avec du papier respectueux de l'environnement, \u00e0 base de p\u00e2te \u00e0 papier brute certifi\u00e9e FSC et conforme \u00e0 la norme de protection de l'environnement RoHS de l'UE. La technologie d'impression recto-verso permet d'afficher simultan\u00e9ment le logo de la marque, les arguments de vente du produit et la conception visuelle artistique, formant ainsi une couverture d'information de la marque \u00e0 360\u00b0. Par exemple, l'emballage moul\u00e9 en p\u00e2te \u00e0 papier du casque Sony WF-1000XM4 r\u00e9duit l'utilisation d'encre gr\u00e2ce \u00e0 la technologie de gaufrage, ce qui permet d'atteindre un \u00e9quilibre entre la protection de l'environnement et l'esth\u00e9tique. Cette conception peut augmenter la reconnaissance de la marque de 20%-30%, et convient particuli\u00e8rement aux produits \u00e9lectroniques grand public haut de gamme.<\/p>\n<h3 id=\"-2-tearable-unboxing-design-extremely-fast-experience-upgrade-\"><strong>2. Conception de la fermeture \u00e0 glissi\u00e8re : Mise \u00e0 niveau extr\u00eamement rapide<\/strong><\/h3>\n<p>Structure d\u00e9chirable innovante (telle que la ligne pr\u00e9d\u00e9coup\u00e9e + la conception de la bande d\u00e9chirable \u00e0 fermeture \u00e9clair facile) pour atteindre 1 seconde de d\u00e9ballage, les utilisateurs peuvent acc\u00e9der rapidement aux produits sans outils. Cette conception fait r\u00e9f\u00e9rence au concept de processus de \"couche hydrophobe de feuille de lotus\" de l'\u00e9tui de protection AirPods de Donglaiye, et am\u00e9liore l'efficacit\u00e9 de l'interaction gr\u00e2ce \u00e0 l'optimisation de la structure physique. Selon les statistiques, ce type de conception peut augmenter la satisfaction de l'utilisateur lors de l'unboxing de 35%, en particulier en ligne avec les besoins des sc\u00e9narios de consommation rapide.<\/p>\n<h3 id=\"-three-full-size-customization-service-precise-adaptation-to-multiple-categories-\"><strong>3. Service de personnalisation compl\u00e8te : adaptation pr\u00e9cise \u00e0 de multiples cat\u00e9gories<\/strong><\/h3>\n<p>Prise en charge de la personnalisation de la taille de la cat\u00e9gorie compl\u00e8te de l'\u00e9lectronique grand public, couvrant :<\/p>\n<ul>\n<li><strong>Ecouteurs<\/strong>: Adaptation aux \u00e9couteurs TWS (150\u00d7100\u00d740mm \u00e0 300\u00d7200\u00d7100mm)<\/li>\n<li><strong>Accessoires<\/strong>les bo\u00eetes de recharge, les bo\u00eetes de rangement des c\u00e2bles de donn\u00e9es, etc.<\/li>\n<li><strong>Extensions<\/strong>: Solutions d'emballage composites telles que les montres intelligentes et les haut-parleurs Bluetooth Gr\u00e2ce \u00e0 la technologie de mod\u00e9lisation par balayage 3D, assurez que l'erreur d'espace de la cavit\u00e9 int\u00e9rieure est \u22640,3mm, r\u00e9pondant \u00e0 la norme \u00e9lev\u00e9e de l'industrie de la compression de volume 66% pour l'emballage des t\u00e9l\u00e9phones mobiles Sony Xperia.<\/li>\n<\/ul>\n<h3 id=\"-fourth-matte-film-coating-process-triple-protection-system-\"><strong>4. Proc\u00e9d\u00e9 de rev\u00eatement par film mat : syst\u00e8me de triple protection<\/strong><\/h3>\n<p>Adoption de la technologie de rev\u00eatement de film mat \u00e0 base d'eau import\u00e9e d'Allemagne :<\/p>\n<ul>\n<li><strong>Protection physique<\/strong>: Le niveau d'\u00e9tanch\u00e9it\u00e9 atteint IPX4, et la performance anti-huile passe le test standard ASTM D618.<\/li>\n<li><strong>Optimisation visuelle<\/strong>Surface de duret\u00e9 7H anti-rayures, diff\u00e9rence de couleur d'impression de la marque \u0394E\u22641.5<\/li>\n<li><strong>Am\u00e9lioration tactile<\/strong>: Texture mate semblable \u00e0 celle de la peau, formant une concurrence diff\u00e9renci\u00e9e avec le toucher en silicone liquide de l'\u00e9tui de protection des AirPods Pro d'Apple.<\/li>\n<\/ul>\n<h3 id=\"-five-smart-lining-customization-brand-and-function-resonance-\"><strong>5. Personnalisation intelligente de la doublure : r\u00e9sonance de la marque et de la fonction<\/strong><\/h3>\n<p>Fournir une solution \u00e9tape par \u00e9tape :<\/p>\n<ol>\n<li><strong>Version de base<\/strong>: Doublure antichoc en EVA (r\u00e9duction du co\u00fbt de 15%-20%)<\/li>\n<li><strong>Version avanc\u00e9e<\/strong>: Flocage\/coton nacr\u00e9 d\u00e9coupe sp\u00e9ciale (s'adaptant au contour des \u00e9couteurs incurv\u00e9s)<\/li>\n<li><strong>Version ultime<\/strong>: Structure magn\u00e9tique intelligente en couches (fonction de stockage d'accessoires int\u00e9gr\u00e9e) Prise en charge de l'implantation des couleurs de la marque (taux de couverture des couleurs d'accompagnement Pantone 98%), r\u00e9alisant l'exp\u00e9rience immersive de \"l'ext\u00e9rieur de la bo\u00eete est la marque\".<\/li>\n<\/ol>\n<h3 id=\"-sixth-corrugated-material-application-cost-and-protection-\"><strong>6. Application du mat\u00e9riau ondul\u00e9 : co\u00fbt et protection<\/strong><\/h3>\n<p>On choisit du carton ondul\u00e9 double BC (\u00e9paisseur 3,5-5 mm), qui pr\u00e9sente les caract\u00e9ristiques suivantes :<\/p>\n<ul>\n<li><strong>Economique<\/strong>: 30% moins co\u00fbteux que l'emballage sous blister traditionnel<\/li>\n<li><strong>Protection<\/strong>: R\u00e9sistance \u00e0 la pression sur les bords \u22658KN\/m, conform\u00e9ment aux normes d'essai de transport ISTA 3A.<\/li>\n<li><strong>Environnement<\/strong>: Le taux de recyclage des mat\u00e9riaux d\u00e9passe 95%, les \u00e9missions de carbone sont r\u00e9duites de 62% par rapport aux emballages en plastique. Gr\u00e2ce \u00e0 la conception de la structure en nid d'abeille, le taux de dommages dus au transport est inf\u00e9rieur \u00e0 0,5%.<\/li>\n<\/ul>\n<h3 id=\"-seventh-all-black-minimalist-aesthetics-high-end-visual-language-\"><strong>7. Esth\u00e9tique minimaliste enti\u00e8rement noire : langage visuel haut de gamme<\/strong><\/h3>\n<p>Adoptant la technologie d'impression UV \u00e0 8 couleurs, il peut atteindre.. :<\/p>\n<ul>\n<li><strong>Performance des couleurs<\/strong>: Puret\u00e9 du noir valeur L* \u22642,5, atteignant le standard de la carte de couleurs RAL 9005.<\/li>\n<li><strong>Combinaison de proc\u00e9d\u00e9s<\/strong>: Argent mat \u00e0 chaud partiel + gaufrage (tel que le traitement tridimensionnel du logo de la marque).<\/li>\n<li><strong>Extension de style<\/strong>: Se r\u00e9f\u00e9rer au concept de design minimaliste de l'emballage des \u00e9couteurs Huawei pour renforcer l'association de la marque avec le \"noir technologique\" et le \"luxe l\u00e9ger\".<\/li>\n<\/ul>\n<h3 id=\"-eight-china-smart-manufacturing-service-zero-risk-cooperation-model-\"><strong>8. Service de fabrication intelligente en Chine : Mod\u00e8le de coop\u00e9ration \u00e0 risque z\u00e9ro<\/strong><\/h3>\n<p>Les usines exploit\u00e9es directement dans la ceinture industrielle du delta de la rivi\u00e8re des Perles fournissent :<\/p>\n<ul>\n<li><strong>Soutien gratuit<\/strong>: devis rapide en 48 heures + \u00e9preuve en 72 heures + conception originale (y compris 3 s\u00e9ries de propositions)<\/li>\n<li><strong>Syst\u00e8me de contr\u00f4le de la qualit\u00e9<\/strong>: Certification ISO9001\/BSCI, taux de qualification des lots de production de masse \u2265 99,3%<\/li>\n<li><strong>Garantie de capacit\u00e9<\/strong>S'appuyant sur l'exp\u00e9rience de soci\u00e9t\u00e9s locales telles que Chengguang Color Printing, nous proposons une solution globale, de la conception \u00e0 la logistique.<\/li>\n<\/ul>\n<p><strong>Action imm\u00e9diate<\/strong>:<\/p>\n<ol>\n<li>Rapport exclusif d'optimisation des co\u00fbts<\/li>\n<li>Effet de maquette 3D<\/li>\n<li>Service de livraison d'\u00e9chantillons en 48 heures<\/li>\n<\/ol>\n<p>Gr\u00e2ce \u00e0 un emballage personnalis\u00e9, la prime de marque est augment\u00e9e de 40%+, faisant de chaque moment de d\u00e9ballage un point de contact en or pour la communication de la marque.<\/p>","protected":false},"excerpt":{"rendered":"<p>Bo\u00eete postale en papier ondul\u00e9 \u00e0 fermeture \u00e9clair pour \u00e9couteurs, personnalisation illimit\u00e9e des dimensions, fourniture directe par les usines chinoises, l'exp\u00e9dition \u00e0 plat permet d'\u00e9conomiser 60% d'espace, l'impression recto-verso de la marque attire davantage l'attention.<\/p>","protected":false},"featured_media":8222,"template":"","meta":[],"product_brand":[],"product_cat":[413,433],"product_tag":[625,626,627],"class_list":{"0":"post-8220","1":"product","2":"type-product","3":"status-publish","4":"has-post-thumbnail","6":"product_cat-consumer-electronics-boxes","7":"product_cat-shipping-mailer-boxes","8":"product_tag-custom-headphone-packaging","9":"product_tag-headphone-packaging-boxes","10":"product_tag-premium-headphone-boxes-wholesale","12":"first","13":"instock","14":"shipping-taxable","15":"product-type-simple"},"_links":{"self":[{"href":"https:\/\/zojopackaging.com\/fr\/wp-json\/wp\/v2\/product\/8220","targetHints":{"allow":["GET"]}}],"collection":[{"href":"https:\/\/zojopackaging.com\/fr\/wp-json\/wp\/v2\/product"}],"about":[{"href":"https:\/\/zojopackaging.com\/fr\/wp-json\/wp\/v2\/types\/product"}],"version-history":[{"count":2,"href":"https:\/\/zojopackaging.com\/fr\/wp-json\/wp\/v2\/product\/8220\/revisions"}],"predecessor-version":[{"id":8230,"href":"https:\/\/zojopackaging.com\/fr\/wp-json\/wp\/v2\/product\/8220\/revisions\/8230"}],"wp:featuredmedia":[{"embeddable":true,"href":"https:\/\/zojopackaging.com\/fr\/wp-json\/wp\/v2\/media\/8222"}],"wp:attachment":[{"href":"https:\/\/zojopackaging.com\/fr\/wp-json\/wp\/v2\/media?parent=8220"}],"wp:term":[{"taxonomy":"product_brand","embeddable":true,"href":"https:\/\/zojopackaging.com\/fr\/wp-json\/wp\/v2\/product_brand?post=8220"},{"taxonomy":"product_cat","embeddable":true,"href":"https:\/\/zojopackaging.com\/fr\/wp-json\/wp\/v2\/product_cat?post=8220"},{"taxonomy":"product_tag","embeddable":true,"href":"https:\/\/zojopackaging.com\/fr\/wp-json\/wp\/v2\/product_tag?post=8220"}],"curies":[{"name":"wp","href":"https:\/\/api.w.org\/{rel}","templated":true}]}}