{"id":8261,"date":"2025-03-25T19:04:36","date_gmt":"2025-03-25T11:04:36","guid":{"rendered":"https:\/\/zojopackaging.com\/?post_type=product&#038;p=8261"},"modified":"2025-03-25T19:08:32","modified_gmt":"2025-03-25T11:08:32","slug":"custom-printed-quality-pen-packaging-gift-boxes-wholesale","status":"publish","type":"product","link":"https:\/\/zojopackaging.com\/fr\/product\/custom-printed-quality-pen-packaging-gift-boxes-wholesale\/","title":{"rendered":"Bo\u00eetes cadeaux pour stylos imprim\u00e9es sur mesure Wholesale"},"content":{"rendered":"<h2 id=\"-wholesale-instructions-for-customized-gift-boxes-for-high-end-pens-dual-empowerment-of-craftsmanship-and-brand-value-\"><strong>Instructions pour la vente en gros de bo\u00eetes-cadeaux personnalis\u00e9es pour stylos haut de gamme<\/strong><\/h2>\n<h3 id=\"-1-environmentally-friendly-and-sturdy-materials-laying-a-high-end-tone-\"><strong>1. Mat\u00e9riaux respectueux de l'environnement et robustes, offrant une sonorit\u00e9 haut de gamme<\/strong><\/h3>\n<ul>\n<li><strong>Carton gris 1200 GSM + papier d'art couch\u00e9 157 GSM<\/strong>: Des mat\u00e9riaux doubles de haute qualit\u00e9 garantissent que le corps de la bo\u00eete est r\u00e9sistant \u00e0 la pression et \u00e0 la chute, avec une capacit\u00e9 de charge de plus de 5 kg, r\u00e9sistant efficacement aux impacts externes pendant le transport et r\u00e9duisant le taux d'endommagement de la cargaison.<\/li>\n<li><strong>Certification environnementale<\/strong>: Le papier a obtenu la certification FSC, l'encre est conforme \u00e0 la norme REACH de l'UE, elle est recyclable et d\u00e9gradable, et elle est conforme \u00e0 la strat\u00e9gie de d\u00e9veloppement durable de l'entreprise.<\/li>\n<\/ul>\n<h3 id=\"-2-magnetic-book-shaped-box-design-luxury-in-simplicity-\"><strong>2. Bo\u00eete \u00e0 fermeture magn\u00e9tique : le luxe dans la simplicit\u00e9<\/strong><\/h3>\n<ul>\n<li><strong>Fermeture magn\u00e9tique invisible<\/strong>: Pas de fermeture magn\u00e9tique expos\u00e9e, ouverture et fermeture douces et silencieuses, \u00e9vitant le probl\u00e8me de l'usure et de la chute de la boucle magn\u00e9tique traditionnelle, et la dur\u00e9e de vie est multipli\u00e9e par plus de 3.<\/li>\n<li><strong>Structure de la bo\u00eete \u00e0 fermeture magn\u00e9tique<\/strong>: L'ouverture de la bo\u00eete est comme le feuilletage d'un livre, ce qui donne aux utilisateurs un sentiment de rituel, et le corps de la bo\u00eete peut \u00eatre r\u00e9utilis\u00e9 comme bo\u00eete de stockage et bo\u00eete d'exposition pour prolonger le cycle d'exposition de la marque.<\/li>\n<li><strong>Fond noir mat<\/strong>: Impression noire en tons directs Pantone, superpos\u00e9e \u00e0 de fines particules nacr\u00e9es, discr\u00e8te et textur\u00e9e, convenant aux entreprises, au luxe l\u00e9ger, \u00e0 l'art et \u00e0 d'autres tonalit\u00e9s de marque.<\/li>\n<\/ul>\n<h3 id=\"-three-high-definition-printing-deep-customization-accurate-delivery-of-brand-value-\"><strong>Troisi\u00e8mement, l'impression haute d\u00e9finition et la personnalisation pouss\u00e9e permettent une diffusion pr\u00e9cise de la valeur de la marque.<\/strong><\/h3>\n<ol>\n<li><strong>Impression \u00e0 double diff\u00e9rence de couleur<\/strong><\/li>\n<li>Gr\u00e2ce \u00e0 l'utilisation d'une machine d'impression UV 8 couleurs, la pr\u00e9cision du motif atteint 300 dpi, les lignes de texte sont claires et sans bavures, et la transition de gradient est naturelle, assurant la pr\u00e9sentation parfaite de d\u00e9tails tels que le LOGO de la marque et la texture de l'estampage \u00e0 chaud.<\/li>\n<li>La surface est recouverte d'un film mat\/tactile, qui r\u00e9siste aux rayures et \u00e0 l'usure, et ne se d\u00e9colore pas apr\u00e8s une utilisation prolong\u00e9e.<\/li>\n<li><strong>Protection personnalis\u00e9e de la doublure EVA<\/strong><\/li>\n<li><strong>Tampon anti-choc<\/strong>: Mat\u00e9riau EVA haute densit\u00e9 (duret\u00e9 40\u00b0-50\u00b0), corps de stylo fixe \u00e0 fente, adapt\u00e9 \u00e0 des ensembles multiples tels que stylos \u00e0 plume, bouteilles d'encre, certificats, etc., et le taux d'endommagement pendant le transport est proche de z\u00e9ro.<\/li>\n<li><strong>Am\u00e9lioration visuelle<\/strong>La bo\u00eete peut \u00eatre dot\u00e9e d'un flocage optionnel, d'une doublure en soie pour renforcer l'impression de luxe \u00e0 l'ouverture de la bo\u00eete, ou d'un support en acrylique transparent pour mettre en valeur les d\u00e9tails artisanaux tels que la gravure de la pointe du stylo.<\/li>\n<\/ol>\n<h3 id=\"-fourth-direct-supply-from-chinese-factories-0-risk-customized-service-\"><strong>4. Fourniture directe par les usines chinoises, service personnalis\u00e9 sans risque<\/strong><\/h3>\n<ul>\n<li><strong>Assistance gratuite \u00e0 la conception<\/strong>: Fournir des rendus en 3D, des \u00e9preuves physiques, des solutions personnalis\u00e9es telles que l'estampage \u00e0 chaud du logo, la texture gaufr\u00e9e, la correspondance des couleurs du ruban, etc. et mettre en production 72 heures apr\u00e8s la confirmation.<\/li>\n<li><strong>R\u00e9duction du prix de 35%<\/strong>: L'usine source \u00e9limine la diff\u00e9rence de prix des interm\u00e9diaires, et le prix d'une commande de 500 pi\u00e8ces est aussi bas que XX yuans, et les commandes de 10 000 pi\u00e8ces b\u00e9n\u00e9ficient d'une remise \u00e9chelonn\u00e9e.<\/li>\n<li><strong>Livraison mondiale en 15 jours<\/strong>: Les commandes nationales sont livr\u00e9es en 7 jours, la logistique internationale DHL\/FedEx est prise en charge et une assurance transport compl\u00e8te est fournie.<\/li>\n<\/ul>\n<h3 id=\"-highlights-of-cooperation-value-\"><strong>Points forts de la valeur de la coop\u00e9ration<\/strong><\/h3>\n<p>\u2705\u00a0<strong>Marque premium<\/strong>: L'emballage haut de gamme augmente le prix unitaire des stylos de 20%-50%, particuli\u00e8rement adapt\u00e9 \u00e0 l'\u00e9dition limit\u00e9e et au marketing co-brand\u00e9 ; \u2705\u00a0<strong>Fid\u00e9lisation des utilisateurs<\/strong>: Le sens de l'ouverture de la bo\u00eete + la conception de la r\u00e9utilisation stimule le partage social des utilisateurs et forme une diffusion secondaire ; \u2705\u00a0<strong>Co\u00fbt contr\u00f4lable<\/strong>: Les mat\u00e9riaux r\u00e9sistants \u00e0 la pression r\u00e9duisent les pertes de transport, et la r\u00e9utilisation du rev\u00eatement EVA r\u00e9duit le co\u00fbt d'achat des accessoires.<\/p>\n<p><strong>Obtenez des solutions exclusives d\u00e8s maintenant !\u00a0<\/strong>Indiquez la taille du stylo, le style de conception et la quantit\u00e9 minimale de commande, et recevez des rendus et des devis gratuits dans les 24 heures. Gr\u00e2ce \u00e0 la qualit\u00e9 de fabrication et au prix de la source, laissez votre stylo conqu\u00e9rir le march\u00e9 du haut de gamme d\u00e8s l'emballage !<\/p>\n<p><strong>Choisissez-nous et laissez l'emballage devenir votre vendeur silencieux !<\/strong><\/p>","protected":false},"excerpt":{"rendered":"<p>La bo\u00eete cadeau pour stylo \u00e0 fermeture magn\u00e9tique est fabriqu\u00e9e en carton 1200GSM, mat\u00e9riau respectueux de l'environnement, impression noire haute d\u00e9finition sans couleur, doublure personnalisable, livraison directe par les usines chinoises, conception gratuite !<\/p>","protected":false},"featured_media":8255,"template":"","meta":[],"product_brand":[],"product_cat":[30,413,424],"product_tag":[487,634,635],"class_list":{"0":"post-8261","1":"product","2":"type-product","3":"status-publish","4":"has-post-thumbnail","6":"product_cat-by-industry","7":"product_cat-consumer-electronics-boxes","8":"product_cat-magnetic-closure-boxes","9":"product_tag-custom-pen-packaging","10":"product_tag-pen-boxes-wholesale","11":"product_tag-pen-packaging-gift-boxes","13":"first","14":"instock","15":"shipping-taxable","16":"product-type-simple"},"_links":{"self":[{"href":"https:\/\/zojopackaging.com\/fr\/wp-json\/wp\/v2\/product\/8261","targetHints":{"allow":["GET"]}}],"collection":[{"href":"https:\/\/zojopackaging.com\/fr\/wp-json\/wp\/v2\/product"}],"about":[{"href":"https:\/\/zojopackaging.com\/fr\/wp-json\/wp\/v2\/types\/product"}],"version-history":[{"count":1,"href":"https:\/\/zojopackaging.com\/fr\/wp-json\/wp\/v2\/product\/8261\/revisions"}],"predecessor-version":[{"id":8262,"href":"https:\/\/zojopackaging.com\/fr\/wp-json\/wp\/v2\/product\/8261\/revisions\/8262"}],"wp:featuredmedia":[{"embeddable":true,"href":"https:\/\/zojopackaging.com\/fr\/wp-json\/wp\/v2\/media\/8255"}],"wp:attachment":[{"href":"https:\/\/zojopackaging.com\/fr\/wp-json\/wp\/v2\/media?parent=8261"}],"wp:term":[{"taxonomy":"product_brand","embeddable":true,"href":"https:\/\/zojopackaging.com\/fr\/wp-json\/wp\/v2\/product_brand?post=8261"},{"taxonomy":"product_cat","embeddable":true,"href":"https:\/\/zojopackaging.com\/fr\/wp-json\/wp\/v2\/product_cat?post=8261"},{"taxonomy":"product_tag","embeddable":true,"href":"https:\/\/zojopackaging.com\/fr\/wp-json\/wp\/v2\/product_tag?post=8261"}],"curies":[{"name":"wp","href":"https:\/\/api.w.org\/{rel}","templated":true}]}}