{"id":8264,"date":"2025-03-25T19:09:07","date_gmt":"2025-03-25T11:09:07","guid":{"rendered":"https:\/\/zojopackaging.com\/?post_type=product&#038;p=8264"},"modified":"2025-03-25T20:35:58","modified_gmt":"2025-03-25T12:35:58","slug":"custom-printed-comb-accessories-packaging-boxes-wholesale","status":"publish","type":"product","link":"https:\/\/zojopackaging.com\/fr\/product\/custom-printed-comb-accessories-packaging-boxes-wholesale\/","title":{"rendered":"Bo\u00eetes d'emballage pour accessoires de peigne imprim\u00e9es sur mesure Wholesale"},"content":{"rendered":"<h2 id=\"-magnetic-book-shaped-healing-comb-packaging-box-customization-plan\">Plan de personnalisation de la bo\u00eete \u00e0 fermeture magn\u00e9tique et de la bo\u00eete d'emballage \u00e0 peigne curatif<\/h2>\n<h3 id=\"-1-high-weight-environmentally-friendly-materials-both-safe-and-textured-\"><strong>1. Mat\u00e9riaux \u00e9cologiques de poids \u00e9lev\u00e9, \u00e0 la fois s\u00fbrs et textur\u00e9s<\/strong><\/h3>\n<ul>\n<li><strong>Carton gris 1200 GSM + papier d'art couch\u00e9 157 GSM<\/strong>: R\u00e9sistant \u00e0 la compression et \u00e0 l'usure, supportant une charge allant jusqu'\u00e0 3 kg, parfait pour les peignes, les accessoires de coiffure, les outils de beaut\u00e9 et d'autres combinaisons de produits.<\/li>\n<li><strong>Papier certifi\u00e9 FSC + encre \u00e0 base d'eau<\/strong>: Conforme aux normes environnementales REACH de l'UE, recyclable et d\u00e9gradable, contribuant \u00e0 fa\u00e7onner une image de marque \u00e9cologique.<\/li>\n<\/ul>\n<h3 id=\"-2-magnetic-book-box-design-simple-and-practical-long-term-exposure-\"><strong>2. Conception de la bo\u00eete \u00e0 fermeture magn\u00e9tique : simple et pratique, exposition \u00e0 long terme<\/strong><\/h3>\n<ul>\n<li><strong>Fermeture magn\u00e9tique invisible<\/strong>: Pas d'usure des pi\u00e8ces m\u00e9talliques expos\u00e9es, ouverture et fermeture douces et silencieuses, et dur\u00e9e de vie 200% sup\u00e9rieure \u00e0 celle des bo\u00eetes \u00e0 boucles magn\u00e9tiques traditionnelles.<\/li>\n<li><strong>Sc\u00e9narios de r\u00e9utilisation multiples<\/strong>: Les bo\u00eetes vides peuvent \u00eatre utilis\u00e9es comme bo\u00eetes de rangement pour les bijoux et comme ornements de bureau pour renforcer en permanence la m\u00e9moire de la marque.<\/li>\n<\/ul>\n<h3 id=\"-three-double-sided-color-printing-macaron-healing-color-system-igniting-the-hearts-of-girls-\"><strong>3. Impression couleur recto-verso + syst\u00e8me de couleur de gu\u00e9rison des macarons, enflammant le c\u0153ur des filles<\/strong><\/h3>\n<ul>\n<li><strong>Impression UV haute d\u00e9finition recto-verso<\/strong>Impression compl\u00e8te de fleurs de cerisier, de nuages et d'autres motifs curatifs sur les deux faces, avec une r\u00e9solution de 300 dpi, sans diff\u00e9rence de couleur ni effet de flou.<\/li>\n<li><strong>Correspondance des couleurs du d\u00e9grad\u00e9 de macarons<\/strong>Les tons \u00e0 faible saturation, tels que le rose clair, le violet clair et le vert menthe, r\u00e9duisent la fatigue visuelle, touchent avec pr\u00e9cision les femmes \u00e2g\u00e9es de 18 \u00e0 35 ans et s'adaptent aux besoins de communication des m\u00e9dias sociaux.<\/li>\n<\/ul>\n<h3 id=\"-four-eva-lining-deep-customization-protecting-product-safety-\"><strong>4. Doublure en EVA + personnalisation approfondie, protection de la s\u00e9curit\u00e9 du produit<\/strong><\/h3>\n<ol>\n<li><strong>Solution de rev\u00eatement antisismique<\/strong><\/li>\n<li><strong>Rainure en EVA haute densit\u00e9<\/strong>: rainure pr\u00e9cise de 5 mm d'\u00e9paisseur, dents de peigne fixes, lentilles et autres pi\u00e8ces vuln\u00e9rables, et le taux de dommages dus au transport est proche de z\u00e9ro.<\/li>\n<li><strong>Compatibilit\u00e9 multi-cat\u00e9gories<\/strong>: La combinaison d'un peigne, d'un flacon d'huile essentielle et d'un manuel d'instructions permet d'augmenter la valeur ajout\u00e9e de l'ensemble.<\/li>\n<li><strong>Flexibilit\u00e9 de la personnalisation de l'apparence<\/strong><\/li>\n<li><strong>Marquage \u00e0 chaud\/\u00e9cran de soie LOGO<\/strong>: Le logo de la marque peut \u00eatre implant\u00e9 \u00e0 la fois sur la surface de la bo\u00eete et sur la doublure ;<\/li>\n<li><strong>Transformation d'une bo\u00eete de forme sp\u00e9ciale<\/strong>: Des bo\u00eetes circulaires, en forme de c\u0153ur et d'autres formes sp\u00e9ciales sont disponibles en option, ainsi que des \u00e9tag\u00e8res de pr\u00e9sentation diff\u00e9renci\u00e9es.<\/li>\n<\/ol>\n<h3 id=\"-v-direct-supply-from-chinese-factories-0-cost-to-start-cooperation-\"><strong>5. Approvisionnement direct aupr\u00e8s des usines chinoises, 0 co\u00fbt pour d\u00e9marrer la coop\u00e9ration<\/strong><\/h3>\n<ul>\n<li><strong>Assistance gratuite \u00e0 la conception<\/strong>: Fournir des rendus en 3D et des \u00e9preuves physiques, et mettre en production dans les 72 heures suivant la confirmation ;<\/li>\n<li><strong>Prix bas et transparence<\/strong>: Le prix de commande de 1 000 pi\u00e8ces est inf\u00e9rieur \u00e0 XX yuans, soit 40% de moins que le prix du march\u00e9 ;<\/li>\n<li><strong>Livraison extr\u00eame<\/strong>: Livraison sous 10 \u00e0 15 jours, avec livraison directe mondiale DHL\/FedEx.<\/li>\n<\/ul>\n<h3 id=\"-commercial-value-analysis-\"><strong>Analyse de la valeur commerciale<\/strong><\/h3>\n<p>\u2705\u00a0<strong>Augmentation de l'espace r\u00e9serv\u00e9 aux primes<\/strong>: L'emballage de gu\u00e9rison augmente le prix unitaire du peigne de 30%-100%, ce qui convient particuli\u00e8rement aux produits de milieu \u00e0 haut de gamme tels que les peignes en bois de style chinois et les peignes portables \u00e0 coussin d'air ; \u2705\u00a0<strong>R\u00e9duire les co\u00fbts d'exploitation<\/strong>: Le taux de r\u00e9utilisation du rev\u00eatement EVA est aussi \u00e9lev\u00e9 que 90%, ce qui permet de r\u00e9duire les achats secondaires ; le type de bo\u00eete r\u00e9sistant \u00e0 la pression r\u00e9duit les compensations li\u00e9es au transport ; \u2705\u00a0<strong>Outil de fission pour l'utilisateur<\/strong>: Le design de style Instagram stimule le contenu UGC et apporte son propre trafic de communication.<\/p>\n<p><strong>Obtenez des solutions exclusives d\u00e8s maintenant !\u00a0<\/strong>Soumettez vos exigences en mati\u00e8re de taille et de conception du produit et obtenez des rendus et des devis gratuits dans les 24 heures. Avec des prix \u00e0 la source et un savoir-faire extr\u00eame, faites en sorte que votre peigne se d\u00e9marque de l'emballage !<\/p>","protected":false},"excerpt":{"rendered":"<p>La bo\u00eete \u00e0 fermeture magn\u00e9tique imprim\u00e9e recto-verso en couleurs haute d\u00e9finition est associ\u00e9e \u00e0 des couleurs de gu\u00e9rison macaron et \u00e0 une doublure flocage personnalisable, compatible avec les pierres de gu\u00e9rison en cristal. Elle permet un affichage sans perte et am\u00e9liore la valeur de la marque et l'exp\u00e9rience de l'utilisateur.<\/p>","protected":false},"featured_media":8265,"template":"","meta":[],"product_brand":[],"product_cat":[30,390,424],"product_tag":[637,636,638],"class_list":{"0":"post-8264","1":"product","2":"type-product","3":"status-publish","4":"has-post-thumbnail","6":"product_cat-by-industry","7":"product_cat-custom-cosmetics-boxes","8":"product_cat-magnetic-closure-boxes","9":"product_tag-comb-boxes-wholesale","10":"product_tag-custom-comb-packaging","11":"product_tag-printed-comb-packaging","13":"first","14":"instock","15":"shipping-taxable","16":"product-type-simple"},"_links":{"self":[{"href":"https:\/\/zojopackaging.com\/fr\/wp-json\/wp\/v2\/product\/8264","targetHints":{"allow":["GET"]}}],"collection":[{"href":"https:\/\/zojopackaging.com\/fr\/wp-json\/wp\/v2\/product"}],"about":[{"href":"https:\/\/zojopackaging.com\/fr\/wp-json\/wp\/v2\/types\/product"}],"version-history":[{"count":1,"href":"https:\/\/zojopackaging.com\/fr\/wp-json\/wp\/v2\/product\/8264\/revisions"}],"predecessor-version":[{"id":8270,"href":"https:\/\/zojopackaging.com\/fr\/wp-json\/wp\/v2\/product\/8264\/revisions\/8270"}],"wp:featuredmedia":[{"embeddable":true,"href":"https:\/\/zojopackaging.com\/fr\/wp-json\/wp\/v2\/media\/8265"}],"wp:attachment":[{"href":"https:\/\/zojopackaging.com\/fr\/wp-json\/wp\/v2\/media?parent=8264"}],"wp:term":[{"taxonomy":"product_brand","embeddable":true,"href":"https:\/\/zojopackaging.com\/fr\/wp-json\/wp\/v2\/product_brand?post=8264"},{"taxonomy":"product_cat","embeddable":true,"href":"https:\/\/zojopackaging.com\/fr\/wp-json\/wp\/v2\/product_cat?post=8264"},{"taxonomy":"product_tag","embeddable":true,"href":"https:\/\/zojopackaging.com\/fr\/wp-json\/wp\/v2\/product_tag?post=8264"}],"curies":[{"name":"wp","href":"https:\/\/api.w.org\/{rel}","templated":true}]}}