{"id":8271,"date":"2025-03-25T20:36:16","date_gmt":"2025-03-25T12:36:16","guid":{"rendered":"https:\/\/zojopackaging.com\/?post_type=product&#038;p=8271"},"modified":"2025-03-25T21:06:13","modified_gmt":"2025-03-25T13:06:13","slug":"custom-glitter-fake-press-on-nail-packaging-box-wholesale","status":"publish","type":"product","link":"https:\/\/zojopackaging.com\/fr\/product\/custom-glitter-fake-press-on-nail-packaging-box-wholesale\/","title":{"rendered":"Bo\u00eete d'emballage pour faux ongles paillet\u00e9s \u00e0 presser personnalis\u00e9e Wholesale"},"content":{"rendered":"<h2 id=\"-customized-flashing-false-nails-magnetic-book-shaped-packaging-box-wholesale-instructions\">Faux ongles clignotants personnalis\u00e9s bo\u00eete d'emballage \u00e0 fermeture magn\u00e9tique instructions en gros<\/h2>\n<h3 id=\"-1-military-grade-material-sturdy-and-durable-worry-free-transportation-\"><strong>1. Mat\u00e9riau de qualit\u00e9 militaire : robuste et durable, transport sans souci<\/strong><\/h3>\n<ul>\n<li><strong>Carton gris 1200 GSM + papier couch\u00e9 157 GSM<\/strong>: Le corps de la bo\u00eete peut supporter jusqu'\u00e0 5 kg et sa r\u00e9sistance \u00e0 la compression est deux fois sup\u00e9rieure \u00e0 la norme nationale. Elle r\u00e9siste efficacement \u00e0 l'extrusion et aux collisions dues au transport et convient \u00e0 l'emballage d'objets lourds tels que des ensembles de faux clous et des ensembles d'outils de diff\u00e9rentes sp\u00e9cifications.<\/li>\n<li><strong>Papier couch\u00e9 nacr\u00e9<\/strong>: La surface adopte une technologie de rev\u00eatement nacr\u00e9, qui pr\u00e9sente un d\u00e9licat effet \u00e9toil\u00e9 sous la lumi\u00e8re, et l'attrait visuel est augment\u00e9 de 60% par rapport au papier ordinaire, ce qui permet d'attirer rapidement l'attention des consommateurs lorsqu'ils sont expos\u00e9s dans les rayons.<\/li>\n<\/ul>\n<h3 id=\"-2-magnetic-book-box-design-simple-and-practical-long-term-reuse-\"><strong>2. Conception de la bo\u00eete \u00e0 fermeture magn\u00e9tique : simple et pratique, r\u00e9utilisation \u00e0 long terme<\/strong><\/h3>\n<ul>\n<li><strong>Fermeture magn\u00e9tique invisible<\/strong>: Sans fermeture magn\u00e9tique apparente, le couvercle de la bo\u00eete s'ouvre et se ferme en douceur et sans bruit, \u00e9vitant les probl\u00e8mes de froissement et de rupture des bo\u00eetes \u00e0 rabat traditionnelles, et la dur\u00e9e de vie de l'ouverture et de la fermeture est sup\u00e9rieure \u00e0 1 000 fois.<\/li>\n<li><strong>R\u00e9utilisation multifonctionnelle<\/strong>: La bo\u00eete vide peut \u00eatre utilis\u00e9e comme bo\u00eete de rangement pour les bijoux et comme bo\u00eete de rangement pour les produits cosm\u00e9tiques de bureau, afin d'am\u00e9liorer en permanence la visibilit\u00e9 de la marque et l'adh\u00e9sion des utilisateurs.<\/li>\n<\/ul>\n<h3 id=\"-three-pink-healing-aesthetics-window-function-design-igniting-the-hearts-of-girls-\"><strong>3. Esth\u00e9tique de gu\u00e9rison rose + conception de la fonction de fen\u00eatre, enflammant le c\u0153ur des filles<\/strong><\/h3>\n<ol>\n<li><strong>Plan de personnalisation visuelle<\/strong><\/li>\n<li><strong>Syst\u00e8me de couleur rose<\/strong>Les couleurs principales \u00e0 faible saturation, telles que le rose cerisier et le violet taro, superpos\u00e9es \u00e0 une texture nacr\u00e9e d\u00e9grad\u00e9e, r\u00e9duisent la fatigue visuelle et permettent d'atteindre avec pr\u00e9cision les femmes \u00e2g\u00e9es de 18 \u00e0 30 ans.<\/li>\n<li><strong>Ajout d'un ruban ou d'un pendentif<\/strong>L'ouverture de la bo\u00eete renforce instantan\u00e9ment le sentiment de c\u00e9r\u00e9monie, et le taux de partage sur les m\u00e9dias sociaux augmente de 45%.<\/li>\n<li><strong>Structure transparente de la fen\u00eatre<\/strong><\/li>\n<li><strong>Fen\u00eatre partielle<\/strong>: La surface de la bo\u00eete est recouverte d'un panneau en PVC ou en acrylique \u00e0 haute transparence pour pr\u00e9senter intuitivement les arguments de vente tels que les styles de faux ongles et les d\u00e9corations en strass, tout en pr\u00e9servant l'int\u00e9grit\u00e9 du corps de la bo\u00eete.<\/li>\n<li><strong>Fen\u00eatre de forme sp\u00e9ciale<\/strong>Le syst\u00e8me d'\u00e9tiquetage : permet de cr\u00e9er des fen\u00eatres en forme de c\u0153ur ou d'\u00e9toile afin d'am\u00e9liorer la reconnaissance des \u00e9tag\u00e8res.<\/li>\n<\/ol>\n<h3 id=\"-fourth-environmentally-friendly-inner-tray-deep-customization-protect-products-and-the-earth-\"><strong>4. Plateau int\u00e9rieur respectueux de l'environnement + personnalisation pouss\u00e9e, protection des produits et de la terre<\/strong><\/h3>\n<ul>\n<li><strong>Plateau int\u00e9rieur en plastique recyclable<\/strong>: Fabriqu\u00e9 en PET\/PP de qualit\u00e9 alimentaire, chaque faux ongle est dot\u00e9 d'une fente de fixation, r\u00e9sistant aux chocs et aux rayures, r\u00e9utilisable apr\u00e8s nettoyage, et 30% moins de plastique que la doublure en EVA.<\/li>\n<li><strong>Sch\u00e9ma d'adaptation flexible<\/strong>: \u2705\u00a0<strong>Compatibilit\u00e9 multi-tailles<\/strong>Les plateaux de pr\u00e9sentation des ongles, les plateaux combin\u00e9s de 10 pi\u00e8ces et les plateaux de rangement des outils peuvent \u00eatre assortis librement ; \u2705\u00a0<strong>Impression de la marque<\/strong>: S\u00e9rigraphie du LOGO ou du guide d'entretien sur la surface du plateau int\u00e9rieur pour renforcer l'image professionnelle de la marque.<\/li>\n<\/ul>\n<h3 id=\"-five-direct-supply-from-chinese-factories-high-end-customization-for-0-yuan-\"><strong>5. Fourniture directe par les usines chinoises, personnalisation haut de gamme pour 0 yuan<\/strong><\/h3>\n<ul>\n<li><strong>Service de conception gratuit<\/strong>: Une \u00e9quipe professionnelle fournit des rendus en 3D, des \u00e9preuves en prise de vue r\u00e9elle, prend en charge plus de 20 combinaisons de processus tels que l'estampage \u00e0 chaud, la s\u00e9rigraphie, l'\u00e9vidage, etc. et confirme le plan dans les 72 heures.<\/li>\n<li><strong>R\u00e9duction du prix de 50%<\/strong>: Le prix d'une commande de 1 000 pi\u00e8ces est aussi bas que XX yuans, et la commande de 10 000 pi\u00e8ces b\u00e9n\u00e9ficie de remises suppl\u00e9mentaires, sans que les interm\u00e9diaires n'ajoutent de prix.<\/li>\n<li><strong>Livraison mondiale en 15 jours<\/strong>: Les commandes nationales sont exp\u00e9di\u00e9es dans les 7 jours, la logistique transfrontali\u00e8re DHL\/FedEx est prise en charge et les dommages sont indemnis\u00e9s.<\/li>\n<\/ul>\n<h3 id=\"-commercial-value-analysis-\"><strong>Analyse de la valeur commerciale<\/strong><\/h3>\n<p>\u2705\u00a0<strong>Am\u00e9lioration de l'espace prime<\/strong>: L'emballage haut de gamme augmente le prix unitaire des ensembles de faux ongles de 50%-120%, particuli\u00e8rement adapt\u00e9 aux \u00e9ditions limit\u00e9es pour les f\u00eates et aux mod\u00e8les co-marqu\u00e9s IP ; \u2705\u00a0<strong>R\u00e9duire les co\u00fbts d'exploitation<\/strong>: Le type de bo\u00eete r\u00e9sistant \u00e0 la pression + plateau int\u00e9rieur en plastique permet de contr\u00f4ler le taux de perte de transport en dessous de 0,3% ; \u2705\u00a0<strong>Diffusion spontan\u00e9e par l'utilisateur<\/strong>: La conception du style INS favorise la fission du contenu UGC et permet d'obtenir un trafic naturel \u00e0 faible co\u00fbt.<\/p>\n<p><strong>Obtenez d\u00e8s maintenant le plan le plus vendu !\u00a0<\/strong>Soumettez la taille de votre produit et vos exigences en mati\u00e8re de conception, et obtenez des rendus et des devis gratuits dans les 24 heures. Avec le meilleur rapport co\u00fbt-efficacit\u00e9 et la meilleure qualit\u00e9 de source, laissez vos faux ongles conqu\u00e9rir le march\u00e9 \u00e0 partir de l'emballage !<\/p>\n<hr \/>\n<h3 id=\"-technical-parameters-\"><strong>Param\u00e8tres techniques<\/strong><\/h3>\n<table>\n<thead>\n<tr>\n<th><strong>Projet<\/strong><\/th>\n<th><strong>Sp\u00e9cifications<\/strong><\/th>\n<\/tr>\n<\/thead>\n<tbody>\n<tr>\n<td>Processus d'impression<\/td>\n<td>Vernis nacr\u00e9 + impression en tons directs \/ vernis UV local<\/td>\n<\/tr>\n<tr>\n<td>Mat\u00e9riau de la fen\u00eatre<\/td>\n<td>PVC haute transparence 0,5 mm \/ Acrylique 2 mm<\/td>\n<\/tr>\n<tr>\n<td>Quantit\u00e9 minimale de commande<\/td>\n<td>1000 pi\u00e8ces (100 \u00e9chantillons)<\/td>\n<\/tr>\n<tr>\n<td>Certification environnementale<\/td>\n<td>FSC, REACH, FDA (plateau int\u00e9rieur de qualit\u00e9 alimentaire)<\/td>\n<\/tr>\n<tr>\n<td>Cycle de personnalisation<\/td>\n<td>5 jours pour l'\u00e9preuvage + 10 jours pour le vrac<\/td>\n<\/tr>\n<\/tbody>\n<\/table>","protected":false},"excerpt":{"rendered":"<p>Bo\u00eete \u00e0 fermeture magn\u00e9tique en carton gris 1200GSM + 157 C2S coated art paper, ouverture et fermeture magn\u00e9tiques invisibles, durables et r\u00e9sistantes aux dommages, ruban \u00e0 finition nacr\u00e9e rehaussant la texture de la marque, plateau int\u00e9rieur respectueux de l'environnement et recyclable, le premier choix pour les emballages l\u00e9gers de luxe.<\/p>","protected":false},"featured_media":8272,"template":"","meta":[],"product_brand":[],"product_cat":[30,390,424],"product_tag":[640,641,639],"class_list":{"0":"post-8271","1":"product","2":"type-product","3":"status-publish","4":"has-post-thumbnail","6":"product_cat-by-industry","7":"product_cat-custom-cosmetics-boxes","8":"product_cat-magnetic-closure-boxes","9":"product_tag-custom-press-on-nail-boxes","10":"product_tag-fake-nails-packaging","11":"product_tag-press-on-nail-packaging","13":"first","14":"instock","15":"shipping-taxable","16":"product-type-simple"},"_links":{"self":[{"href":"https:\/\/zojopackaging.com\/fr\/wp-json\/wp\/v2\/product\/8271","targetHints":{"allow":["GET"]}}],"collection":[{"href":"https:\/\/zojopackaging.com\/fr\/wp-json\/wp\/v2\/product"}],"about":[{"href":"https:\/\/zojopackaging.com\/fr\/wp-json\/wp\/v2\/types\/product"}],"version-history":[{"count":1,"href":"https:\/\/zojopackaging.com\/fr\/wp-json\/wp\/v2\/product\/8271\/revisions"}],"predecessor-version":[{"id":8278,"href":"https:\/\/zojopackaging.com\/fr\/wp-json\/wp\/v2\/product\/8271\/revisions\/8278"}],"wp:featuredmedia":[{"embeddable":true,"href":"https:\/\/zojopackaging.com\/fr\/wp-json\/wp\/v2\/media\/8272"}],"wp:attachment":[{"href":"https:\/\/zojopackaging.com\/fr\/wp-json\/wp\/v2\/media?parent=8271"}],"wp:term":[{"taxonomy":"product_brand","embeddable":true,"href":"https:\/\/zojopackaging.com\/fr\/wp-json\/wp\/v2\/product_brand?post=8271"},{"taxonomy":"product_cat","embeddable":true,"href":"https:\/\/zojopackaging.com\/fr\/wp-json\/wp\/v2\/product_cat?post=8271"},{"taxonomy":"product_tag","embeddable":true,"href":"https:\/\/zojopackaging.com\/fr\/wp-json\/wp\/v2\/product_tag?post=8271"}],"curies":[{"name":"wp","href":"https:\/\/api.w.org\/{rel}","templated":true}]}}