{"id":8318,"date":"2025-03-26T20:58:19","date_gmt":"2025-03-26T12:58:19","guid":{"rendered":"https:\/\/zojopackaging.com\/?post_type=product&#038;p=8318"},"modified":"2025-03-26T21:47:04","modified_gmt":"2025-03-26T13:47:04","slug":"custom-bakery-cupcake-cookie-packaging-box-manufacturer","status":"publish","type":"product","link":"https:\/\/zojopackaging.com\/fr\/product\/custom-bakery-cupcake-cookie-packaging-box-manufacturer\/","title":{"rendered":"Bo\u00eete d'emballage de biscuits et de cupcakes sur mesure pour boulangerie"},"content":{"rendered":"<h1 id=\"-customized-solution-for-high-end-art-baking-packaging-box-\"><strong>Solution personnalis\u00e9e pour les bo\u00eetes d'emballage de p\u00e2tisserie haut de gamme<\/strong><\/h1>\n<h2 id=\"-1-innovative-box-design-the-craft-aesthetics-of-book-shaped-magnetic-suction-box-\"><strong>1. Conception innovante de la bo\u00eete : l'esth\u00e9tique artisanale de la bo\u00eete \u00e0 fermeture magn\u00e9tique<\/strong><\/h2>\n<p>La conception brevet\u00e9e des bo\u00eetes \u00e0 fermeture magn\u00e9tique est adopt\u00e9e, et le syst\u00e8me de fermeture int\u00e9gr\u00e9 \u00e0 l'aimant est utilis\u00e9 pour r\u00e9aliser l'exp\u00e9rience d'ouverture \"page tournante\", et l'amortissement de l'ouverture et de la fermeture est contr\u00f4l\u00e9 avec pr\u00e9cision dans une fourchette de 0,5N-m. Le ratio dor\u00e9 du corps de la bo\u00eete, combin\u00e9 au processus d'ourlet en biseau \u00e0 45\u00b0, permet \u00e0 la bo\u00eete d'emballage d'avoir \u00e9galement la fonction d'un pr\u00e9sentoir d'\u0153uvres d'art. Selon des tests en laboratoire, la r\u00e9sistance \u00e0 la compression de la structure atteint 120kg\/\u33a1, soit 40% de plus que celle des bo\u00eetes traditionnelles.<\/p>\n<h2 id=\"-2-visual-experience-upgrade-macaron-color-double-sided-printing-system-\"><strong>2. Am\u00e9lioration de l'exp\u00e9rience visuelle : syst\u00e8me d'impression recto-verso en couleur macaron<\/strong><\/h2>\n<p>S'appuyant sur l'\u00e9quipement d'impression UV allemand Heidelberg \u00e0 8 couleurs, il r\u00e9alise l'impression en quadrichromie recto-verso et le processus de superposition de vernis UV local, et le degr\u00e9 de reproduction des couleurs \u0394E\u22641,2 (la norme internationale \u0394E\u22643 est qualifi\u00e9e). La \"biblioth\u00e8que de couleurs de macaron \u00e0 faible saturation\" sp\u00e9cialement d\u00e9velopp\u00e9e contient 12 couleurs principales de gu\u00e9rison + 24 couleurs de transition. Le test de l'indice de fatigue visuelle montre que ce syst\u00e8me de couleurs peut prolonger le temps de vision des consommateurs de 30%. La surface est faite de papier atr couch\u00e9 157GSM recouvert d'un film mat respectueux de l'environnement, et la valeur de la brume est contr\u00f4l\u00e9e dans une fourchette de 28-32GU, \u00e9quilibrant parfaitement la texture et la clart\u00e9 de l'impression.<\/p>\n<h2 id=\"-three-military-grade-material-system-structural-protection-solution-\"><strong>3. Syst\u00e8me de mat\u00e9riaux de qualit\u00e9 militaire : solution de protection structurelle<\/strong><\/h2>\n<p>Le mat\u00e9riau de base adopte une structure composite de carton gris de qualit\u00e9 alimentaire 1200GSM (densit\u00e9 0,85g\/cm\u00b3, indice de pression annulaire \u226518kN\/m) et de papier couch\u00e9 r\u00e9sistant \u00e0 l'humidit\u00e9. Il a \u00e9t\u00e9 certifi\u00e9 par le test de transport ISTA 3A et peut supporter des changements de temp\u00e9rature de -20\u2103 \u00e0 50\u2103. Le syst\u00e8me de doublure offre trois solutions de tampon de moulage CNC 3D EPE\/EVA\/PETG, et personnalise les fentes de carte exclusives au produit gr\u00e2ce \u00e0 l'analyse par \u00e9l\u00e9ments finis FEA. Le test de chute montre que le taux de protection des cupcakes est de 99,7%.<\/p>\n<h2 id=\"-fourth-flexible-intelligent-manufacturing-system-unlimited-customization-driven-by-mes-\"><strong>4. Syst\u00e8me de fabrication intelligent et flexible : personnalisation illimit\u00e9e pilot\u00e9e par le syst\u00e8me MES<\/strong><\/h2>\n<p>-\u00a0<strong>Flexibilit\u00e9 de la taille<\/strong>Le syst\u00e8me de mod\u00e9lisation param\u00e9trique original permet de r\u00e9aliser l'\u00e9preuvage 3D en 24 heures.\u00a0<strong>Visualisation de la production<\/strong>: L'atelier d\u00e9ploie un tableau de bord intelligent 5G+MES, les clients peuvent voir en temps r\u00e9el l'\u00e9tat d'avancement des commandes dans 12 processus, et le taux d'utilisation de l'\u00e9quipement est port\u00e9 \u00e0 92% -\u00a0<strong>Fabrication verte et intelligente<\/strong>Le taux d'utilisation des mat\u00e9riaux atteint 98,5%, soit 15% de plus que la moyenne de l'industrie, gr\u00e2ce \u00e0 un syst\u00e8me de coupe intelligent aliment\u00e9 par l'\u00e9nergie photovolta\u00efque.<\/p>\n<h2 id=\"-five-source-factory-service-advantages-\"><strong>5. Avantages du service de l'usine d'origine<\/strong><\/h2>\n<p>En tant qu'entreprise centrale de l'industrie chinoise de l'emballage des produits de boulangerie, nous fournissons : \u221a Service de conception gratuit : 10 \u00e9quipes professionnelles r\u00e9pondent dans les 48 heures, avec plus de 2000 cas de conception par an \u221a Syst\u00e8me de prix \u00e9chelonn\u00e9 : profiter du prix d'usine pour les commandes de 500 pi\u00e8ces, et le co\u00fbt des commandes de plus de 5000 pi\u00e8ces est r\u00e9duit de 18% \u221a Engagement de qualit\u00e9 : Double certification ISO22000\/BRCGS, v\u00e9rification rapide sous 72 heures, tra\u00e7abilit\u00e9 de la qualit\u00e9 pendant 30 jours.<\/p>\n<h2 id=\"-technical-parameter-comparison-table-\"><strong>Tableau de comparaison des param\u00e8tres techniques<\/strong><\/h2>\n<table>\n<thead>\n<tr>\n<th>Index<\/th>\n<th>Ce produit<\/th>\n<th>Norme industrielle<\/th>\n<th>Taux d'am\u00e9lioration<\/th>\n<\/tr>\n<\/thead>\n<tbody>\n<tr>\n<td>Cycle de livraison<\/td>\n<td>7-12 jours ouvrables<\/td>\n<td>15-25 jours ouvrables<\/td>\n<td>40%<\/td>\n<\/tr>\n<tr>\n<td>Stabilit\u00e9 des couleurs<\/td>\n<td>\u00b12% diff\u00e9rence de couleur<\/td>\n<td>\u00b15% diff\u00e9rence de couleur<\/td>\n<td>60%<\/td>\n<\/tr>\n<tr>\n<td>R\u00e9sistance \u00e0 la compression<\/td>\n<td>120kg\/\u33a1<\/td>\n<td>85kg\/\u33a1<\/td>\n<td>41%<\/td>\n<\/tr>\n<tr>\n<td>Quantit\u00e9 minimale de commande<\/td>\n<td>100 pi\u00e8ces<\/td>\n<td>500 pi\u00e8ces<\/td>\n<td>80%<\/td>\n<\/tr>\n<\/tbody>\n<\/table>","protected":false},"excerpt":{"rendered":"<p>Bo\u00eete d'emballage \u00e0 fermeture magn\u00e9tique de haute qualit\u00e9, impression double face en couleur de macaron, style girly, logo de marque clair, taille flexible sur mesure, sp\u00e9cialement con\u00e7ue pour cr\u00e9er des bo\u00eetes cadeaux accrocheuses pour les g\u00e2teaux et les biscuits.<\/p>","protected":false},"featured_media":8319,"template":"","meta":[],"product_brand":[],"product_cat":[30,422,424,31],"product_tag":[653,652,651],"class_list":{"0":"post-8318","1":"product","2":"type-product","3":"status-publish","4":"has-post-thumbnail","6":"product_cat-by-industry","7":"product_cat-custom-gourmet-boxes-by-industry","8":"product_cat-magnetic-closure-boxes","9":"product_cat-paper-box-style","10":"product_tag-cookie-packaging-box","11":"product_tag-cupcake-box-manufacturer","12":"product_tag-custom-bakery-packaging","14":"first","15":"instock","16":"shipping-taxable","17":"product-type-simple"},"_links":{"self":[{"href":"https:\/\/zojopackaging.com\/fr\/wp-json\/wp\/v2\/product\/8318","targetHints":{"allow":["GET"]}}],"collection":[{"href":"https:\/\/zojopackaging.com\/fr\/wp-json\/wp\/v2\/product"}],"about":[{"href":"https:\/\/zojopackaging.com\/fr\/wp-json\/wp\/v2\/types\/product"}],"version-history":[{"count":1,"href":"https:\/\/zojopackaging.com\/fr\/wp-json\/wp\/v2\/product\/8318\/revisions"}],"predecessor-version":[{"id":8324,"href":"https:\/\/zojopackaging.com\/fr\/wp-json\/wp\/v2\/product\/8318\/revisions\/8324"}],"wp:featuredmedia":[{"embeddable":true,"href":"https:\/\/zojopackaging.com\/fr\/wp-json\/wp\/v2\/media\/8319"}],"wp:attachment":[{"href":"https:\/\/zojopackaging.com\/fr\/wp-json\/wp\/v2\/media?parent=8318"}],"wp:term":[{"taxonomy":"product_brand","embeddable":true,"href":"https:\/\/zojopackaging.com\/fr\/wp-json\/wp\/v2\/product_brand?post=8318"},{"taxonomy":"product_cat","embeddable":true,"href":"https:\/\/zojopackaging.com\/fr\/wp-json\/wp\/v2\/product_cat?post=8318"},{"taxonomy":"product_tag","embeddable":true,"href":"https:\/\/zojopackaging.com\/fr\/wp-json\/wp\/v2\/product_tag?post=8318"}],"curies":[{"name":"wp","href":"https:\/\/api.w.org\/{rel}","templated":true}]}}