{"id":8325,"date":"2025-03-26T21:47:14","date_gmt":"2025-03-26T13:47:14","guid":{"rendered":"https:\/\/zojopackaging.com\/?post_type=product&#038;p=8325"},"modified":"2025-03-26T22:26:07","modified_gmt":"2025-03-26T14:26:07","slug":"personalized-custom-wedding-keepsake-gift-boxes-wholesale","status":"publish","type":"product","link":"https:\/\/zojopackaging.com\/fr\/product\/personalized-custom-wedding-keepsake-gift-boxes-wholesale\/","title":{"rendered":"Bo\u00eetes cadeaux mariage personnalis\u00e9es Wholesale"},"content":{"rendered":"<h3 id=\"-1-high-end-material-the-cornerstone-of-solid-protection-and-brand-presentation-\"><strong>Bo\u00eetes cadeaux mariage personnalis\u00e9es Wholesale<br \/>\n<\/strong><strong>1. Mat\u00e9riaux haut de gamme : la pierre angulaire d'une protection solide et de la pr\u00e9sentation de la marque<\/strong><\/h3>\n<ul>\n<li><strong>Carton gris 1200 GSM + papier d'art couch\u00e9 157 GSM<\/strong>La surface du papier est lisse et le taux de restauration de l'impression Pantone en tons directs atteint 98%, ce qui permet de transmettre avec pr\u00e9cision des informations personnalis\u00e9es telles que le LOGO de la marque, le nom du couple, la date, etc.<\/li>\n<\/ul>\n<h3 id=\"-second-the-box-shaped-design-of-the-top-and-bottom-lid-the-first-act-of-happiness-\"><strong>2. La bo\u00eete \u00e0 fermeture magn\u00e9tique du couvercle et de la base : le premier acte de bonheur<\/strong><\/h3>\n<ul>\n<li><strong>Structure int\u00e9gr\u00e9e des paupi\u00e8res sup\u00e9rieure et inf\u00e9rieure<\/strong>: Il offre une sensation d'amortissement lors de l'ouverture et de la fermeture, simulant l'ouverture d'une bo\u00eete \u00e0 bijoux et renfor\u00e7ant l'association \u00e9motionnelle des \"moments pr\u00e9cieux\" ;<\/li>\n<li><strong>Poign\u00e9e en cuir humanis\u00e9<\/strong>: \u2705\u00a0<strong>Couche sup\u00e9rieure en cuir de vachette PU respectueux de l'environnement<\/strong>: La largeur de la poign\u00e9e est de 3 cm, ce qui correspond \u00e0 la courbure de la paume et n'\u00e9crase pas la main lorsqu'elle est soulev\u00e9e pendant une longue p\u00e9riode ; \u2705\u00a0<strong>Anneau d\u00e9coratif en m\u00e9tal<\/strong>: La boucle en or rose plaqu\u00e9 relie le corps de la bo\u00eete, avec une capacit\u00e9 de charge de 15 kg, et elle est \u00e0 la fois durable et exquise.<\/li>\n<\/ul>\n<h3 id=\"-three-macaron-healing-color-system-the-secret-weapon-of-visual-stickiness-\"><strong>3. Le syst\u00e8me de couleurs de gu\u00e9rison des macarons : l'arme secr\u00e8te de l'adh\u00e9rence visuelle<\/strong><\/h3>\n<ul>\n<li><strong>Correspondance des couleurs en lumi\u00e8re douce \u00e0 faible saturation<\/strong>: Bleu brume, rose nude, blanc vanille et autres couleurs ont pass\u00e9 la certification SGS, visionnement \u00e0 long terme sans fatigue, convient aux th\u00e8mes de mariage forestier, cor\u00e9en, r\u00e9tro et autres ;<\/li>\n<li><strong>Proc\u00e9d\u00e9 couleur \u00e0 deux canaux<\/strong>: \u2705\u00a0<strong>Base mate<\/strong>: L'encre \u00e0 base d'eau respectueuse de l'environnement est utilis\u00e9e, avec un toucher d\u00e9licat et sans reflet ; \u2705\u00a0<strong>All\u00e8gement partiel des UV<\/strong>: La silhouette des jeunes mari\u00e9s et les v\u0153ux peuvent \u00eatre emboss\u00e9s sur le couvercle de la bo\u00eete, et un effet d'ombre et de lumi\u00e8re tridimensionnel peut \u00eatre pr\u00e9sent\u00e9 sous la source lumineuse.<\/li>\n<\/ul>\n<h3 id=\"-four-environmentally-friendly-lining-high-definition-printing-a-balance-between-sustainability-and-aesthetics-\"><strong>4. Doublure \u00e9cologique et impression haute d\u00e9finition : un \u00e9quilibre entre durabilit\u00e9 et esth\u00e9tique<\/strong><\/h3>\n<ol>\n<li><strong>Rev\u00eatement en fibres v\u00e9g\u00e9tales<\/strong>:<\/li>\n<li>Plateau int\u00e9rieur moul\u00e9 en bagasse de canne \u00e0 sucre\/pulpe de bambou, 100% d\u00e9gradable, la profondeur et la courbure des rainures sont personnalis\u00e9es en fonction de la forme du souvenir, et les performances antisismiques sont comparables \u00e0 celles de l'EVA ;<\/li>\n<li>En option, flocage\/enveloppe de soie pour renforcer l'impression de luxe lors du d\u00e9ballage.<\/li>\n<li><strong>Garantie d'impression sans diff\u00e9rence de couleur<\/strong>:<\/li>\n<li>Machine d'impression allemande Heidelberg \u00e0 8 couleurs, pr\u00e9cision d'impression minimale de 0,1 mm, transition des blocs de couleurs d\u00e9grad\u00e9es sans discontinuit\u00e9 ;<\/li>\n<li>Film mat\/film tactile sur la surface, anti-traces de doigts et r\u00e9sistant aux rayures, garantissant qu'il reste aussi brillant et propre qu'\u00e0 l'\u00e9tat neuf apr\u00e8s avoir circul\u00e9 parmi de nombreuses personnes sur la sc\u00e8ne du mariage.<\/li>\n<\/ol>\n<h3 id=\"-v-china-s-smart-manufacturing-strength-extremely-fast-response-and-ultimate-cost-effectiveness-\"><strong>5. La force de la Chine en mati\u00e8re de fabrication intelligente : une r\u00e9ponse extr\u00eamement rapide et un excellent rapport co\u00fbt-efficacit\u00e9<\/strong><\/h3>\n<ul>\n<li><strong>Devis pr\u00e9cis en 10 minutes<\/strong>: Soumettez vos exigences (taille, couleur, processus) en ligne, et le syst\u00e8me d'IA g\u00e9n\u00e9rera un devis en temps r\u00e9el, avec une baisse de prix de 40% par rapport au march\u00e9 ;<\/li>\n<li><strong>Ligne de production enti\u00e8rement automatique<\/strong>La soci\u00e9t\u00e9 est dot\u00e9e d'un \u00e9quipement de pointe : machine de d\u00e9coupe intelligente + \u00e9quipement de gravure au laser, avec une capacit\u00e9 de production quotidienne d'un million de pi\u00e8ces, permettant une livraison en 72 heures des commandes acc\u00e9l\u00e9r\u00e9es ;<\/li>\n<li><strong>Triple ligne de d\u00e9fense pour l'inspection de la qualit\u00e9<\/strong>Les contr\u00f4les sont les suivants : contr\u00f4le des lots de mati\u00e8res premi\u00e8res, contr\u00f4le de l'ensemble du processus de production et contr\u00f4le par \u00e9chantillonnage de l'exp\u00e9dition des produits finis, avec un taux de d\u00e9fectuosit\u00e9 inf\u00e9rieur \u00e0 0,3%.<\/li>\n<\/ul>\n<h3 id=\"-six-commercial-empowerment-highlights-\"><strong>6, Points forts de l'habilitation commerciale<\/strong><\/h3>\n<p>\u2705\u00a0<strong>Augmentation des primes<\/strong>: Les bo\u00eetes-cadeaux haut de gamme augmentent le prix des ensembles de souvenirs de 50%-150%, ce qui convient aux sc\u00e9narios \u00e0 forte rentabilit\u00e9 tels que les souvenirs de mariage et d'anniversaire ; \u2705\u00a0<strong>Impression de la marque<\/strong>: Les jeunes mari\u00e9s partagent des coffrets cadeaux personnalis\u00e9s comme monnaie sociale, ce qui entra\u00eene son propre trafic de fission ; \u2705\u00a0<strong>La b\u00e9n\u00e9diction de la certification environnementale<\/strong>: La certification FSC+ISO14001 aide les marques \u00e0 p\u00e9n\u00e9trer le march\u00e9 du mariage haut de gamme en Europe et aux \u00c9tats-Unis.<\/p>\n<p><strong>Commencez d\u00e8s maintenant \u00e0 personnaliser votre romantisme !\u00a0<\/strong>Indiquez la taille du cadeau et l'inspiration pour le design, et obtenez des rendus 3D et des listes de co\u00fbts en 10 minutes. Avec des millions de capacit\u00e9 de production et un savoir-faire artistique, les usines chinoises rendent chaque souvenir de mariage digne d'une collection \u00e9ternelle !<\/p>\n<h3 id=\"-technical-parameters-\"><strong>Param\u00e8tres techniques<\/strong><\/h3>\n<table>\n<thead>\n<tr>\n<th><strong>Projet<\/strong><\/th>\n<th><strong>Sp\u00e9cifications<\/strong><\/th>\n<\/tr>\n<\/thead>\n<tbody>\n<tr>\n<td>Charge de la poign\u00e9e<\/td>\n<td>15kg (peau de vache) \/ 10kg (PU)<\/td>\n<\/tr>\n<tr>\n<td>R\u00e9solution d'impression<\/td>\n<td>300dpi (motif), 600dpi (texte)<\/td>\n<\/tr>\n<tr>\n<td>Quantit\u00e9 minimale de commande<\/td>\n<td>300 pi\u00e8ces (50 \u00e9chantillons)<\/td>\n<\/tr>\n<tr>\n<td>Cycle de personnalisation<\/td>\n<td>5 jours pour l'\u00e9preuvage + 7 jours pour les envois en nombre (pour les livraisons acc\u00e9l\u00e9r\u00e9es)<\/td>\n<\/tr>\n<tr>\n<td>Certification environnementale<\/td>\n<td>FSC, SGS, ISO14001<\/td>\n<\/tr>\n<\/tbody>\n<\/table>\n<hr \/>\n<p><strong>Choisissez-nous et laissez la douceur du mariage se r\u00e9pandre d\u00e8s l'ouverture du paquet cadeau !<\/strong><\/p>","protected":false},"excerpt":{"rendered":"<p>Des macarons aux couleurs peu satur\u00e9es, des souvenirs personnalis\u00e9s, la garantie d'un prix direct d'usine et une livraison pr\u00e9cise dans un d\u00e9lai de 7 \u00e0 12 jours.<\/p>","protected":false},"featured_media":8293,"template":"","meta":[],"product_brand":[],"product_cat":[30,423,425,31],"product_tag":[656,655,654],"class_list":{"0":"post-8325","1":"product","2":"type-product","3":"status-publish","4":"has-post-thumbnail","6":"product_cat-by-industry","7":"product_cat-custom-presentation-boxes-by-industry","8":"product_cat-lid-and-base-gift-box","9":"product_cat-paper-box-style","10":"product_tag-custom-wedding-gift-boxes","11":"product_tag-keepsake-boxes-wholesale","12":"product_tag-wedding-gift-boxes","14":"first","15":"instock","16":"shipping-taxable","17":"product-type-simple"},"_links":{"self":[{"href":"https:\/\/zojopackaging.com\/fr\/wp-json\/wp\/v2\/product\/8325","targetHints":{"allow":["GET"]}}],"collection":[{"href":"https:\/\/zojopackaging.com\/fr\/wp-json\/wp\/v2\/product"}],"about":[{"href":"https:\/\/zojopackaging.com\/fr\/wp-json\/wp\/v2\/types\/product"}],"version-history":[{"count":1,"href":"https:\/\/zojopackaging.com\/fr\/wp-json\/wp\/v2\/product\/8325\/revisions"}],"predecessor-version":[{"id":8326,"href":"https:\/\/zojopackaging.com\/fr\/wp-json\/wp\/v2\/product\/8325\/revisions\/8326"}],"wp:featuredmedia":[{"embeddable":true,"href":"https:\/\/zojopackaging.com\/fr\/wp-json\/wp\/v2\/media\/8293"}],"wp:attachment":[{"href":"https:\/\/zojopackaging.com\/fr\/wp-json\/wp\/v2\/media?parent=8325"}],"wp:term":[{"taxonomy":"product_brand","embeddable":true,"href":"https:\/\/zojopackaging.com\/fr\/wp-json\/wp\/v2\/product_brand?post=8325"},{"taxonomy":"product_cat","embeddable":true,"href":"https:\/\/zojopackaging.com\/fr\/wp-json\/wp\/v2\/product_cat?post=8325"},{"taxonomy":"product_tag","embeddable":true,"href":"https:\/\/zojopackaging.com\/fr\/wp-json\/wp\/v2\/product_tag?post=8325"}],"curies":[{"name":"wp","href":"https:\/\/api.w.org\/{rel}","templated":true}]}}