{"id":8328,"date":"2025-03-27T09:28:32","date_gmt":"2025-03-27T01:28:32","guid":{"rendered":"https:\/\/zojopackaging.com\/?post_type=product&#038;p=8328"},"modified":"2025-03-27T10:44:18","modified_gmt":"2025-03-27T02:44:18","slug":"custom-boutique-garment-swimwear-underwear-box-wholesale","status":"publish","type":"product","link":"https:\/\/zojopackaging.com\/fr\/product\/custom-boutique-garment-swimwear-underwear-box-wholesale\/","title":{"rendered":"V\u00eatements de bain Bo\u00eete \u00e0 sous-v\u00eatements Boutique personnalis\u00e9e Wholesale"},"content":{"rendered":"<h3 id=\"customized-boutique-clothing-swimwear-lingerie-box-wholesale-product-description\">Boutique personnalis\u00e9e de v\u00eatements de bain bo\u00eete de lingerie en gros description du produit<\/h3>\n<h4 id=\"-i-core-materials-and-craftsmanship-\"><strong>I. Mat\u00e9riaux de base et savoir-faire<\/strong><\/h4>\n<ol>\n<li><strong>Structure composite carton gris 1200 GSM + papier d'art couch\u00e9 157 GSM<\/strong><\/li>\n<li>Le carton gris \u00e0 haut grammage (tel que le carton gris de 1200 g de qualit\u00e9 K5 mentionn\u00e9 \u00e0 la page web 2) et la technologie composite du papier couch\u00e9 sont utilis\u00e9s pour tenir compte de la rigidit\u00e9 et de la texture d'impression de la surface, avec d'excellentes performances de r\u00e9sistance \u00e0 la compression, adapt\u00e9es au transport sur de longues distances et aux besoins d'entreposage par empilage.<\/li>\n<li>Le papier couch\u00e9 157 GSM fournit une surface d'impression d\u00e9licate, qui peut pr\u00e9senter les effets fins du LOGO de la marque et des motifs, tout en am\u00e9liorant les performances d'imperm\u00e9abilit\u00e9 et de r\u00e9sistance \u00e0 l'humidit\u00e9.<\/li>\n<\/ol>\n<h4 id=\"-ii-humanized-design-highlights-\"><strong>2. Points forts de la conception humanis\u00e9e<\/strong><\/h4>\n<ol>\n<li><strong>Correspondance des couleurs noire et bleue pour r\u00e9duire l'anxi\u00e9t\u00e9 visuelle<\/strong><\/li>\n<li>La couleur principale est une combinaison de bleu profond et de noir mat, se r\u00e9f\u00e9rant \u00e0 la th\u00e9orie de la psychologie des couleurs, cr\u00e9ant une impression visuelle calme et professionnelle, att\u00e9nuant la nervosit\u00e9 des consommateurs lors du d\u00e9ballage et renfor\u00e7ant la confiance dans la marque.<\/li>\n<li><strong>bo\u00eete de fermeture magn\u00e9tique + ouverture et fermeture magn\u00e9tique encastr\u00e9e<\/strong><\/li>\n<li>Structure pliante innovante en forme de livre, avec boucle magn\u00e9tique int\u00e9gr\u00e9e (voir le processus de moulage tridimensionnel de la bo\u00eete mondiale sur la page web 2), facile \u00e0 ouvrir et \u00e0 fermer et artistique.<\/li>\n<li>Emballage plat apr\u00e8s pliage (similaire au concept d'optimisation logistique de la bo\u00eete d'avion de la page web 3), r\u00e9duisant le volume de transport, augmentant l'utilisation de l'espace par 50%, et r\u00e9duisant consid\u00e9rablement les co\u00fbts de transport.<\/li>\n<li><strong>Papier \u00e9crit respectueux de l'environnement<\/strong><\/li>\n<li>Int\u00e9gr\u00e9e dans du carton recycl\u00e9 respectueux de l'environnement, la surface peut \u00eatre \u00e9crite \u00e0 la main avec des b\u00e9n\u00e9dictions ou des informations sur le produit (comme l'id\u00e9e de personnalisation des accessoires en ruban de la page web 2), ce qui favorise la r\u00e9utilisation et s'inscrit dans la tendance des emballages \u00e9cologiques.<\/li>\n<\/ol>\n<h4 id=\"-three-flexible-customization-service-\"><strong>3. Service de personnalisation flexible<\/strong><\/h4>\n<ol>\n<li><strong>Adaptation multidimensionnelle de la taille<\/strong><\/li>\n<li>Prise en charge de la personnalisation en taille r\u00e9elle (telle que les sp\u00e9cifications flexibles de 23<em>16<\/em>7,5 cm en page web 3), couvrant diff\u00e9rentes cat\u00e9gories telles que les sous-v\u00eatements, les maillots de bain, les robes, etc., pour r\u00e9pondre aux besoins d'un emballage ind\u00e9pendant ou d'une combinaison d'ensembles.<\/li>\n<li><strong>Personnalisation de la doublure par la marque<\/strong><\/li>\n<li>Fournir une \u00e9ponge EVA, de la soie, de la flanelle et d'autres options de doublure (\u00e9tendre le service de personnalisation des accessoires \u00e0 la page 2), fixer pr\u00e9cis\u00e9ment le produit et renforcer le sentiment de c\u00e9r\u00e9monie de d\u00e9ballage, s'adapter \u00e0 la tonalit\u00e9 de la marque haut de gamme.<\/li>\n<\/ol>\n<h4 id=\"-fourth-factory-advantages-and-service-commitments-\"><strong>4. Avantages de l'usine et engagements de service<\/strong><\/h4>\n<ol>\n<li><strong>Garantie d'une cha\u00eene d'approvisionnement unique<\/strong><\/li>\n<li><strong>\u00c9chantillons gratuits<\/strong>: Soutenir l'\u00e9preuvage dans les 3 jours (voir le service efficace du \"cycle d'\u00e9preuvage de 3 jours\" \u00e0 la page 3) pour garantir la visualisation des effets de la conception.<\/li>\n<li><strong>Prix et d\u00e9lais de livraison<\/strong>: La production \u00e0 grande \u00e9chelle r\u00e9duit les co\u00fbts (comme l'avantage du lot de \"10 yuans\/100 000 pi\u00e8ces\" \u00e0 la page 1), les commandes r\u00e9guli\u00e8res sont livr\u00e9es dans les 7 jours, et les besoins urgents peuvent \u00eatre exp\u00e9di\u00e9s dans les 5 jours.<\/li>\n<li><strong>Assurance qualit\u00e9<\/strong>: Couvrant l'ensemble du processus d'impression, de pelliculage et de d\u00e9coupage (description de l'\u00e9quipement de traitement \u00e0 la page 3), il promet un contr\u00f4le des risques de l'ensemble du processus, tel que la compensation des erreurs d'impression et la compensation des retards de livraison.<\/li>\n<\/ol>\n<h4 id=\"-v-application-scenarios-and-competitiveness-\"><strong>5. Sc\u00e9narios d'application et comp\u00e9titivit\u00e9<\/strong><\/h4>\n<ul>\n<li><strong>Objets concern\u00e9s<\/strong>les marques transfrontali\u00e8res (compatibles avec Amazon, les sites ind\u00e9pendants et les autres plates-formes de la page web 2), le commerce de d\u00e9tail physique et les march\u00e9s de cadeaux haut de gamme.<\/li>\n<li><strong>Comp\u00e9titivit\u00e9 de base<\/strong>: Gr\u00e2ce \u00e0 l'am\u00e9lioration des mat\u00e9riaux, \u00e0 l'optimisation des structures et \u00e0 une personnalisation pouss\u00e9e, le contr\u00f4le des co\u00fbts et l'exp\u00e9rience de l'utilisateur sont \u00e9quilibr\u00e9s afin de contribuer \u00e0 l'am\u00e9lioration de la marque.<\/li>\n<\/ul>","protected":false},"excerpt":{"rendered":"<p>Bo\u00eete \u00e0 fermeture magn\u00e9tique pouvant \u00eatre pli\u00e9e pour \u00e9conomiser 68% de frais d'exp\u00e9dition, doublure inscriptible certifi\u00e9e FSC, personnalisation des v\u00eatements en taille r\u00e9elle, livraison en 15 jours.<\/p>","protected":false},"featured_media":8329,"template":"","meta":[],"product_brand":[],"product_cat":[30,414,424,31],"product_tag":[657,658,659],"class_list":{"0":"post-8328","1":"product","2":"type-product","3":"status-publish","4":"has-post-thumbnail","6":"product_cat-by-industry","7":"product_cat-custom-apparel-boxes","8":"product_cat-magnetic-closure-boxes","9":"product_cat-paper-box-style","10":"product_tag-custom-garment-box","11":"product_tag-swimwear-box-wholesale","12":"product_tag-underwear-box-wholesale","14":"first","15":"instock","16":"shipping-taxable","17":"product-type-simple"},"_links":{"self":[{"href":"https:\/\/zojopackaging.com\/fr\/wp-json\/wp\/v2\/product\/8328","targetHints":{"allow":["GET"]}}],"collection":[{"href":"https:\/\/zojopackaging.com\/fr\/wp-json\/wp\/v2\/product"}],"about":[{"href":"https:\/\/zojopackaging.com\/fr\/wp-json\/wp\/v2\/types\/product"}],"version-history":[{"count":3,"href":"https:\/\/zojopackaging.com\/fr\/wp-json\/wp\/v2\/product\/8328\/revisions"}],"predecessor-version":[{"id":8337,"href":"https:\/\/zojopackaging.com\/fr\/wp-json\/wp\/v2\/product\/8328\/revisions\/8337"}],"wp:featuredmedia":[{"embeddable":true,"href":"https:\/\/zojopackaging.com\/fr\/wp-json\/wp\/v2\/media\/8329"}],"wp:attachment":[{"href":"https:\/\/zojopackaging.com\/fr\/wp-json\/wp\/v2\/media?parent=8328"}],"wp:term":[{"taxonomy":"product_brand","embeddable":true,"href":"https:\/\/zojopackaging.com\/fr\/wp-json\/wp\/v2\/product_brand?post=8328"},{"taxonomy":"product_cat","embeddable":true,"href":"https:\/\/zojopackaging.com\/fr\/wp-json\/wp\/v2\/product_cat?post=8328"},{"taxonomy":"product_tag","embeddable":true,"href":"https:\/\/zojopackaging.com\/fr\/wp-json\/wp\/v2\/product_tag?post=8328"}],"curies":[{"name":"wp","href":"https:\/\/api.w.org\/{rel}","templated":true}]}}