{"id":8338,"date":"2025-03-27T10:44:33","date_gmt":"2025-03-27T02:44:33","guid":{"rendered":"https:\/\/zojopackaging.com\/?post_type=product&#038;p=8338"},"modified":"2025-03-27T11:06:25","modified_gmt":"2025-03-27T03:06:25","slug":"oem-luxury-hair-tie-accessories-scrunchies-packaging-box","status":"publish","type":"product","link":"https:\/\/zojopackaging.com\/fr\/product\/oem-luxury-hair-tie-accessories-scrunchies-packaging-box\/","title":{"rendered":"Bo\u00eete d'emballage OEM pour accessoires de cravate de luxe pour chouchous"},"content":{"rendered":"<h3 id=\"oem-luxury-headband-accessories-packaging-box-product-description\">Bo\u00eete d'emballage OEM pour accessoires de serre-t\u00eate de luxe Description du produit<\/h3>\n<h4 id=\"-i-core-materials-and-process-guarantee-\"><strong>I. Mat\u00e9riaux de base et garantie des proc\u00e9d\u00e9s<\/strong><\/h4>\n<ol>\n<li><strong>Structure composite carton gris 1200 GSM + papier d'art couch\u00e9 157 GSM<\/strong><\/li>\n<li>Adoptant le proc\u00e9d\u00e9 composite du carton gris haute densit\u00e9 1200 GSM et du papier d'art couch\u00e9 157 GSM, le carton gris offre une excellente r\u00e9sistance \u00e0 la compression et \u00e0 l'usure, et peut supporter plus de 5 kg, r\u00e9pondant ainsi aux besoins du transport longue distance et de l'empilage de stockage.<\/li>\n<li>La surface du papier couch\u00e9 est recouverte d'un film brillant afin d'obtenir une impression de haute pr\u00e9cision en noir int\u00e9gral, avec une saturation du noir de plus de 98%, sans bavure ni diff\u00e9rence de couleur, et de pr\u00e9senter parfaitement le LOGO de la marque et les d\u00e9tails de la conception.<\/li>\n<\/ol>\n<h4 id=\"-ii-luxury-design-and-functional-innovation-\"><strong>2. Design de luxe et innovation fonctionnelle<\/strong><\/h4>\n<ol>\n<li><strong>Impression en noir int\u00e9gral, interpr\u00e9tation de l'esth\u00e9tique du luxe<\/strong><\/li>\n<li>L'ensemble du corps adopte la technologie du noir mat ou du noir brillant, combin\u00e9e \u00e0 une feuille d'or, un gaufrage et d'autres d\u00e9corations (personnalisables), v\u00e9hiculant un ton de marque de luxe discret, qui correspond au positionnement du produit en tant qu'accessoire de bandeau haut de gamme.<\/li>\n<li><strong>Bo\u00eete \u00e0 fermeture magn\u00e9tique, \u00e0 la fois belle et pratique<\/strong><\/li>\n<li>La conception de la bo\u00eete \u00e0 fermeture magn\u00e9tique est assortie d'une boucle magn\u00e9tique int\u00e9gr\u00e9e, qui s'ouvre et se ferme en douceur sans se bloquer. La position magn\u00e9tique est cach\u00e9e \u00e0 l'int\u00e9rieur de la bo\u00eete pour \u00e9viter l'usure externe et am\u00e9liorer l'int\u00e9grit\u00e9 visuelle globale.<\/li>\n<li>L'\u00e9paisseur apr\u00e8s pliage n'est que de 1 cm, et l'emballage plat r\u00e9duit le volume de transport, ce qui permet d'\u00e9conomiser plus de 40% de co\u00fbts logistiques.<\/li>\n<\/ol>\n<h4 id=\"-three-full-dimensional-customization-service-\"><strong>3. Service de personnalisation compl\u00e8te<\/strong><\/h4>\n<ol>\n<li><strong>Adaptation souple de la taille et du type de bo\u00eete<\/strong><\/li>\n<li>Permet de personnaliser les bo\u00eetes rectangulaires, carr\u00e9es et autres, avec une taille comprise entre 5x5x3cm et 50x30x15cm (extensible), convenant \u00e0 divers accessoires tels que les bandeaux, les accessoires pour cheveux, les serre-t\u00eates, etc.<\/li>\n<li><strong>Syst\u00e8me exclusif de protection de la doublure<\/strong><\/li>\n<li>Fournir des mat\u00e9riaux de rev\u00eatement tels que l'\u00e9ponge EVA, la flanelle, le papier floqu\u00e9, etc., ouvrir et personnaliser les rainures en fonction de la forme du produit, fixer des accessoires pour \u00e9viter les secousses, et le taux de dommages dus au transport est inf\u00e9rieur \u00e0 0,5%.<\/li>\n<li>La doublure permet d'imprimer des slogans ou des motifs de la marque afin d'am\u00e9liorer l'exp\u00e9rience de d\u00e9ballage.<\/li>\n<li><strong>Impression de haute pr\u00e9cision et mise en valeur du logo de la marque<\/strong><\/li>\n<li>Utilisation de la technologie d'impression CMYK+Pantone, contr\u00f4le de la diff\u00e9rence de couleur \u0394E\u22641,5, clart\u00e9 des bords du LOGO jusqu'\u00e0 300dpi, pour assurer une reconnaissance \u00e9lev\u00e9e du logo de la marque.<\/li>\n<\/ol>\n<h4 id=\"-fourth-factory-advantages-and-service-commitments-\"><strong>4. Avantages de l'usine et engagements de service<\/strong><\/h4>\n<ol>\n<li><strong>Production \u00e0 grande \u00e9chelle et livraison extr\u00eamement rapide<\/strong><\/li>\n<li><strong>Ligne de production enti\u00e8rement automatique<\/strong>L'entreprise est dot\u00e9e d'un \u00e9quipement int\u00e9gr\u00e9 de d\u00e9coupe, de laminage et de marquage \u00e0 chaud, avec une capacit\u00e9 de production quotidienne de 1 000 000 de pi\u00e8ces, ce qui lui permet de r\u00e9pondre sans probl\u00e8me aux commandes importantes et aux commandes urgentes.<\/li>\n<li><strong>\u00c9chantillons gratuits et garantie de prix bas<\/strong>: Les \u00e9preuves sont achev\u00e9es dans les 3 jours ouvrables, les commandes r\u00e9guli\u00e8res sont livr\u00e9es dans les 7 jours suivant la confirmation, et les commandes urgentes peuvent \u00eatre raccourcies \u00e0 5 jours.<\/li>\n<li><strong>Engagement en mati\u00e8re de co\u00fbt-efficacit\u00e9<\/strong>: Le prix de commande pour 10 000 pi\u00e8ces est aussi bas que US$0,5\/pi\u00e8ce, ce qui permet d'accepter diverses conditions commerciales telles que FOB et EXW.<\/li>\n<\/ol>\n<h4 id=\"-v-application-scenarios-and-competitiveness-\"><strong>5. Sc\u00e9narios d'application et comp\u00e9titivit\u00e9<\/strong><\/h4>\n<ul>\n<li><strong>Domaines concern\u00e9s<\/strong>Les domaines d'intervention sont les suivants : commerce \u00e9lectronique transfrontalier (comme Amazon, Shopify, station ind\u00e9pendante), vente au d\u00e9tail de produits de luxe, emballage d'accessoires de coiffure co-marqu\u00e9s par des c\u00e9l\u00e9brit\u00e9s.<\/li>\n<li><strong>Avantages principaux<\/strong>: Gr\u00e2ce \u00e0 l'am\u00e9lioration des mat\u00e9riaux, \u00e0 une conception esth\u00e9tique enti\u00e8rement noire et \u00e0 une personnalisation flexible, il aide les marques \u00e0 se diff\u00e9rencier des produits similaires et \u00e0 augmenter l'espace premium de 20%-30%.<\/li>\n<\/ul>","protected":false},"excerpt":{"rendered":"<p>Bo\u00eete de luxe noire \u00e0 fermeture magn\u00e9tique, aspiration magn\u00e9tique pour \u00e9viter l'usure. Doublure de taille personnalis\u00e9e, adapt\u00e9e \u00e0 la protection du transport des accessoires pour bandeaux \u00e0 cheveux.<\/p>","protected":false},"featured_media":8339,"template":"","meta":[],"product_brand":[],"product_cat":[30,414,424,31],"product_tag":[660,662,661],"class_list":{"0":"post-8338","1":"product","2":"type-product","3":"status-publish","4":"has-post-thumbnail","6":"product_cat-by-industry","7":"product_cat-custom-apparel-boxes","8":"product_cat-magnetic-closure-boxes","9":"product_cat-paper-box-style","10":"product_tag-hair-tie-packaging","11":"product_tag-oem-scrunchies-packaging","12":"product_tag-tie-accessories-packaging","14":"first","15":"instock","16":"shipping-taxable","17":"product-type-simple"},"_links":{"self":[{"href":"https:\/\/zojopackaging.com\/fr\/wp-json\/wp\/v2\/product\/8338","targetHints":{"allow":["GET"]}}],"collection":[{"href":"https:\/\/zojopackaging.com\/fr\/wp-json\/wp\/v2\/product"}],"about":[{"href":"https:\/\/zojopackaging.com\/fr\/wp-json\/wp\/v2\/types\/product"}],"version-history":[{"count":1,"href":"https:\/\/zojopackaging.com\/fr\/wp-json\/wp\/v2\/product\/8338\/revisions"}],"predecessor-version":[{"id":8345,"href":"https:\/\/zojopackaging.com\/fr\/wp-json\/wp\/v2\/product\/8338\/revisions\/8345"}],"wp:featuredmedia":[{"embeddable":true,"href":"https:\/\/zojopackaging.com\/fr\/wp-json\/wp\/v2\/media\/8339"}],"wp:attachment":[{"href":"https:\/\/zojopackaging.com\/fr\/wp-json\/wp\/v2\/media?parent=8338"}],"wp:term":[{"taxonomy":"product_brand","embeddable":true,"href":"https:\/\/zojopackaging.com\/fr\/wp-json\/wp\/v2\/product_brand?post=8338"},{"taxonomy":"product_cat","embeddable":true,"href":"https:\/\/zojopackaging.com\/fr\/wp-json\/wp\/v2\/product_cat?post=8338"},{"taxonomy":"product_tag","embeddable":true,"href":"https:\/\/zojopackaging.com\/fr\/wp-json\/wp\/v2\/product_tag?post=8338"}],"curies":[{"name":"wp","href":"https:\/\/api.w.org\/{rel}","templated":true}]}}