{"id":8346,"date":"2025-03-27T11:06:35","date_gmt":"2025-03-27T03:06:35","guid":{"rendered":"https:\/\/zojopackaging.com\/?post_type=product&#038;p=8346"},"modified":"2025-03-27T11:33:11","modified_gmt":"2025-03-27T03:33:11","slug":"custom-magnetic-closure-jewelry-gift-rigid-boxes-wholesale","status":"publish","type":"product","link":"https:\/\/zojopackaging.com\/fr\/product\/custom-magnetic-closure-jewelry-gift-rigid-boxes-wholesale\/","title":{"rendered":"Bo\u00eetes rigides \u00e0 fermeture magn\u00e9tique pour bijoux Wholesale"},"content":{"rendered":"<h3 id=\"customized-magnetic-closure-jewelry-gift-hard-box-wholesale-product-instructions\">Bo\u00eete rigide \u00e0 fermeture magn\u00e9tique personnalis\u00e9e pour bijoux Wholesale<\/h3>\n<h4 id=\"-i-core-materials-and-environmental-certification-\"><strong>I. Mat\u00e9riaux de base et certification environnementale<\/strong><\/h4>\n<ol>\n<li>1200 GSM Grey Board + 157 GSM Coated art Paper Composite Process<\/li>\n<li>En utilisant du carton gris haute densit\u00e9 de 1200 GSM comme cadre principal, avec un processus de laminage de papier d'art couch\u00e9 de 157 GSM, la duret\u00e9 du corps de la bo\u00eete atteint Shaw D80 ou plus, la capacit\u00e9 de charge d\u00e9passe 8kg, et peut \u00eatre empil\u00e9e en 5 couches sans d\u00e9formation.<\/li>\n<li>Le mat\u00e9riau a obtenu la certification foresti\u00e8re FSC et satisfait aux normes de protection de l'environnement RoHS. La surface du papier couch\u00e9 est imprim\u00e9e avec une encre \u00e0 base d'eau et il n'y a pas de r\u00e9sidu de solvant \u00e0 base de benz\u00e8ne, ce qui r\u00e9pond aux exigences de protection de l'environnement de la r\u00e9glementation REACH de l'UE pour les emballages de bijoux.<\/li>\n<\/ol>\n<h4 id=\"-ii-double-sided-visual-system-design-\"><strong>2. Conception d'un syst\u00e8me visuel double face<\/strong><\/h4>\n<ol>\n<li>Solution d'impression recto-verso verte et respectueuse de l'environnement<\/li>\n<li>La couleur principale est une combinaison d\u00e9grad\u00e9e de vert Morandi et de vert p\u00e2le, avec une valeur de diff\u00e9rence de couleur de \u0394E\u22641,2 (\u00e9talonnage de la carte de couleurs Pantone), et l'impression pleine page recto-verso r\u00e9duit le contraste visuel. Apr\u00e8s des tests d'ing\u00e9nierie des facteurs humains, il peut r\u00e9duire l'indice de fatigue du regard du consommateur de 37%.<\/li>\n<li>Le processus d'impression utilise un vernis local UV + un film mat, qui non seulement met en valeur la brillance tridimensionnelle du LOGO de la marque, mais transmet \u00e9galement le concept de protection de l'environnement gr\u00e2ce \u00e0 la texture mate.<\/li>\n<\/ol>\n<h4 id=\"-three-branded-package-system-construction-\"><strong>3. Construction d'un syst\u00e8me d'emballage de marque<\/strong><\/h4>\n<ol>\n<li>Conception combin\u00e9e de la bo\u00eete et du sac cadeau<\/li>\n<li>Mettre au point un syst\u00e8me de bo\u00eetes \u00e9chelonn\u00e9es (1 pi\u00e8ce\/3 pi\u00e8ces\/5 pi\u00e8ces), assorties \u00e0 la m\u00eame s\u00e9rie de sacs cadeaux non tiss\u00e9s, et imprimer des graphiques auxiliaires de la marque et des d\u00e9clarations de protection de l'environnement sur le corps du sac afin de cr\u00e9er un lien complet entre l'exposition de la marque et le d\u00e9ballage.<\/li>\n<li>Permet de personnaliser simultan\u00e9ment les types de bo\u00eetes et de sacs, par exemple une bo\u00eete magn\u00e9tique \u00e0 couvercle rabattable avec un sac \u00e0 main de type enveloppe, ou une bo\u00eete en forme de livre avec un sac \u00e0 cordon, ce qui convient \u00e0 diff\u00e9rents sc\u00e9narios tels que les mariages et les affaires.<\/li>\n<\/ol>\n<h4 id=\"-four-high-recognition-detail-upgrade-\"><strong>4. Am\u00e9lioration des d\u00e9tails de la reconnaissance<\/strong><\/h4>\n<ol>\n<li>Syst\u00e8me de ruban personnalisable<\/li>\n<li>Elle propose 6 types de rubans tels que le satin, le fil neige et la fibre recycl\u00e9e, permet de personnaliser gratuitement les largeurs de 3 \u00e0 50 mm et peut graver au laser des noms de marque ou gaufrer des motifs sombres, ce qui augmente la reconnaissance par 200%.<\/li>\n<li>La conception originale de la \"boucle de positionnement du ruban\" garantit que le ruban reste droit apr\u00e8s le pliage, ce qui r\u00e9sout le probl\u00e8me du ruban d'emballage traditionnel qui se d\u00e9tache facilement.<\/li>\n<\/ol>\n<h4 id=\"-v-all-dimensional-protection-system-\"><strong>5. Syst\u00e8me de protection multidimensionnel<\/strong><\/h4>\n<ol>\n<li>Syst\u00e8me de rev\u00eatement antisismique en \u00e9ponge<\/li>\n<li>La doublure en \u00e9ponge EVA fendue est adopt\u00e9e avec une densit\u00e9 de 45D\u00b12, et les rainures sont personnalis\u00e9es en fonction du contour du bijou. Le test de vibration montre qu'il peut r\u00e9sister \u00e0 l'impact d'une valeur G de 0,5, et le taux de dommages dus au transport est inf\u00e9rieur \u00e0 0,3%.<\/li>\n<li>La doublure est dot\u00e9e d'une structure \u00e0 double couche : la couche sup\u00e9rieure de tissu flock\u00e9 est r\u00e9sistante aux rayures et la couche inf\u00e9rieure de carton alv\u00e9ol\u00e9 absorbe les chocs, ce qui convient aux bijoux fragiles et aux produits en m\u00e9tal pr\u00e9cieux.<\/li>\n<\/ol>\n<h4 id=\"-sixth-factory-direct-supply-advantages-\"><strong>6. Avantages de la fourniture directe par l'usine<\/strong><\/h4>\n<ol>\n<li><strong>Renforcement de la grappe industrielle du delta de la rivi\u00e8re des Perles<\/strong><\/li>\n<li>En s'appuyant sur des ceintures industrielles d'emballage telles que Dongguan et Yiwu (comme Dongguan Zhongkai Packaging en page 3 et Yiwu Rongshan Packaging en page 6), l'ensemble du processus de conception-\u00e9preuve-production de masse peut \u00eatre r\u00e9alis\u00e9 dans les 72 heures, soit 5 jours ouvrables de moins que le mode traditionnel.<\/li>\n<li>Le prix minimum d'une commande de 10 000 pi\u00e8ces n'est que de 1,2 yuan\/set (comprenant le corps de la bo\u00eete, la doublure et le ruban), ce qui permet de soutenir les services logistiques transfrontaliers de DDP, et le cycle de transport porte-\u00e0-porte en Am\u00e9rique du Nord est ramen\u00e9 \u00e0 12 jours.<\/li>\n<\/ol>\n<h4 id=\"-vii-customized-service-process-\"><strong>7. Processus de service personnalis\u00e9<\/strong><\/h4>\n<ul>\n<li><strong>Collaboration en mati\u00e8re de conception<\/strong>: La marque fournit des images d'inspiration ou des mots-cl\u00e9s, et l'\u00e9quipe de conception produit 3 s\u00e9ries de solutions (y compris des rendus 3D) dans un d\u00e9lai de 48 heures.<\/li>\n<li><strong>Production flexible<\/strong>: Machine de d\u00e9coupe enti\u00e8rement automatique + ligne d'assemblage par aspiration magn\u00e9tique, avec une capacit\u00e9 de production quotidienne de 50 000 jeux, permettant des commandes flexibles de 500 \u00e0 100 000 pi\u00e8ces.<\/li>\n<li><strong>Normes de contr\u00f4le de la qualit\u00e9<\/strong>: Certifi\u00e9 par le syst\u00e8me de qualit\u00e9 ISO9001, \u00e9quip\u00e9 d'un spectrophotom\u00e8tre et d'un testeur de gouttes pour garantir l'homog\u00e9n\u00e9it\u00e9 des lots.<\/li>\n<\/ul>","protected":false},"excerpt":{"rendered":"<p>Imprim\u00e9 recto-verso sur du papier recycl\u00e9 certifi\u00e9 FSC et respectueux de l'environnement, ce coffret contient un ruban LOGO s\u00e9rigraphi\u00e9 pour r\u00e9duire la fatigue visuelle et permet une personnalisation compl\u00e8te.<\/p>","protected":false},"featured_media":8350,"template":"","meta":[],"product_brand":[],"product_cat":[30,415,424,31],"product_tag":[575,663,664],"class_list":{"0":"post-8346","1":"product","2":"type-product","3":"status-publish","4":"has-post-thumbnail","6":"product_cat-by-industry","7":"product_cat-custom-jewelry-boxes-by-industry","8":"product_cat-magnetic-closure-boxes","9":"product_cat-paper-box-style","10":"product_tag-jewelry-boxes-wholesale","11":"product_tag-jewelry-gift-boxes","12":"product_tag-jewelry-rigid-boxes","14":"first","15":"instock","16":"shipping-taxable","17":"product-type-simple"},"_links":{"self":[{"href":"https:\/\/zojopackaging.com\/fr\/wp-json\/wp\/v2\/product\/8346","targetHints":{"allow":["GET"]}}],"collection":[{"href":"https:\/\/zojopackaging.com\/fr\/wp-json\/wp\/v2\/product"}],"about":[{"href":"https:\/\/zojopackaging.com\/fr\/wp-json\/wp\/v2\/types\/product"}],"version-history":[{"count":1,"href":"https:\/\/zojopackaging.com\/fr\/wp-json\/wp\/v2\/product\/8346\/revisions"}],"predecessor-version":[{"id":8353,"href":"https:\/\/zojopackaging.com\/fr\/wp-json\/wp\/v2\/product\/8346\/revisions\/8353"}],"wp:featuredmedia":[{"embeddable":true,"href":"https:\/\/zojopackaging.com\/fr\/wp-json\/wp\/v2\/media\/8350"}],"wp:attachment":[{"href":"https:\/\/zojopackaging.com\/fr\/wp-json\/wp\/v2\/media?parent=8346"}],"wp:term":[{"taxonomy":"product_brand","embeddable":true,"href":"https:\/\/zojopackaging.com\/fr\/wp-json\/wp\/v2\/product_brand?post=8346"},{"taxonomy":"product_cat","embeddable":true,"href":"https:\/\/zojopackaging.com\/fr\/wp-json\/wp\/v2\/product_cat?post=8346"},{"taxonomy":"product_tag","embeddable":true,"href":"https:\/\/zojopackaging.com\/fr\/wp-json\/wp\/v2\/product_tag?post=8346"}],"curies":[{"name":"wp","href":"https:\/\/api.w.org\/{rel}","templated":true}]}}