{"id":8354,"date":"2025-03-27T11:34:12","date_gmt":"2025-03-27T03:34:12","guid":{"rendered":"https:\/\/zojopackaging.com\/?post_type=product&#038;p=8354"},"modified":"2025-03-27T12:08:41","modified_gmt":"2025-03-27T04:08:41","slug":"custom-lotion-foundation-cosmetic-makeup-set-box-wholesale","status":"publish","type":"product","link":"https:\/\/zojopackaging.com\/fr\/product\/custom-lotion-foundation-cosmetic-makeup-set-box-wholesale\/","title":{"rendered":"Bo\u00eete de maquillage pour lotions et fonds de teint sur mesure Wholesale"},"content":{"rendered":"<h3 id=\"customized-lotion-foundation-makeup-set-box-wholesale-product-instructions\">Coffret de lotion et de fond de teint personnalis\u00e9 grossiste<\/h3>\n<h4 id=\"-i-innovative-structural-design-and-functional-optimization-\"><strong>I. Conception structurelle innovante et optimisation fonctionnelle<\/strong><\/h4>\n<ol>\n<li><strong>Syst\u00e8me de bo\u00eete \u00e0 papier \u00e0 tiroir<\/strong><\/li>\n<li>Il adopte une structure en couches de type tiroir, avec un coefficient de r\u00e9sistance au glissement de \u22640,15N, et la douceur de l'ouverture et de la fermeture est augment\u00e9e de 60%. L'op\u00e9ration de prise d'objet peut \u00eatre effectu\u00e9e d'une seule main, ce qui convient parfaitement aux produits cylindriques tels que les flacons de lotion et les pots de fond de teint.<\/li>\n<li>Une boucle antid\u00e9rapante est plac\u00e9e \u00e0 l'int\u00e9rieur du corps de la bo\u00eete, qui ne subit aucune d\u00e9formation apr\u00e8s 5000 tests avec du papier \u00e0 tiroirs. Elle a une capacit\u00e9 de charge de 3 kg et peut \u00eatre empil\u00e9e pour ranger plusieurs articles de maquillage.<\/li>\n<li><strong>Syst\u00e8me de protection du rev\u00eatement mat<\/strong><\/li>\n<li>La surface adopte un processus de film mat \u00e0 base d'eau pour former une couche hydrophobe \u00e0 l'\u00e9chelle nanom\u00e9trique. Elle a \u00e9t\u00e9 test\u00e9e pour r\u00e9sister \u00e0 la p\u00e9n\u00e9tration de liquides tels que l'huile alimentaire et la sueur, et ne pr\u00e9sente aucune d\u00e9coloration ou d\u00e9formation apr\u00e8s avoir \u00e9t\u00e9 stock\u00e9e dans un environnement de 40\u2103\/75% d'humidit\u00e9 pendant 12 mois.<\/li>\n<li>Combin\u00e9 \u00e0 l'impression \u00e9cologique \u00e0 l'encre de soja, il a pass\u00e9 les normes de s\u00e9curit\u00e9 alimentaire certifi\u00e9es par SGS et peut entrer directement en contact avec l'emballage ext\u00e9rieur des produits cosm\u00e9tiques.<\/li>\n<\/ol>\n<h4 id=\"-second-brand-visual-system-construction-\"><strong>2. Construction du syst\u00e8me visuel Drand<\/strong><\/h4>\n<ol>\n<li><strong>Impression de haute pr\u00e9cision pour la visualisation des ingr\u00e9dients<\/strong><\/li>\n<li>Gr\u00e2ce \u00e0 la technologie d'impression offset \u00e0 six couleurs (CMYK+ couleurs d'accompagnement), la diff\u00e9rence de couleur est contr\u00f4l\u00e9e \u00e0 \u0394E\u22641,0, et le diagramme de la structure mol\u00e9culaire et la description de l'efficacit\u00e9 des ingr\u00e9dients actifs (tels que l'acide hyaluronique et la niacinamide) sont directement imprim\u00e9s sur la surface de la bo\u00eete, ce qui augmente la confiance des consommateurs de 45%.<\/li>\n<li>La conception originale de l'\u00e9tiquette d'ingr\u00e9dients \u00e0 fen\u00eatre transparente ouvre une fen\u00eatre transparente sur le c\u00f4t\u00e9 de la bo\u00eete pour afficher simultan\u00e9ment le produit r\u00e9el et les donn\u00e9es sur les ingr\u00e9dients \u00e0 l'int\u00e9rieur.<\/li>\n<li><strong>Syst\u00e8me d'identification de ruban personnalis\u00e9<\/strong><\/li>\n<li>Les rubans sont disponibles en 8 types de mat\u00e9riaux, tels que le satin, le fil de neige et le film laser. Ils peuvent \u00eatre personnalis\u00e9s en largeur de 3 \u00e0 30 mm et peuvent \u00eatre grav\u00e9s au laser pour les slogans de la marque ou emboss\u00e9s pour les motifs sombres anti-contrefa\u00e7on.<\/li>\n<li>La structure innovante de la \"fente de la carte de positionnement du ruban\" garantit un taux de r\u00e9tention de la rigidit\u00e9 du ruban apr\u00e8s le pliage \u226590%, ce qui r\u00e9sout le probl\u00e8me du froissement facile des rubans d'emballage traditionnels.<\/li>\n<\/ol>\n<h4 id=\"-three-full-dimensional-protection-and-customization-services-\"><strong>3. Protection int\u00e9grale et services de personnalisation<\/strong><\/h4>\n<ol>\n<li><strong>Syst\u00e8me de rev\u00eatement antisismique en EVA<\/strong><\/li>\n<li>Il adopte un rev\u00eatement EVA divis\u00e9 (densit\u00e9 35D\u00b12) et personnalise la couche tampon en nid d'abeille en fonction de la forme du produit. Le test de vibration montre qu'il peut r\u00e9sister \u00e0 l'impact d'une valeur G de 0,7, et le taux de dommages dus au transport est inf\u00e9rieur \u00e0 0,2%.<\/li>\n<li>La doublure supporte une structure composite \u00e0 double couche : la couche sup\u00e9rieure de tissu flock\u00e9 est r\u00e9sistante aux rayures (coefficient de frottement \u2264 0,3), et la couche inf\u00e9rieure de tampon en silicone est antid\u00e9rapante, adapt\u00e9e aux produits fragiles tels que l'essence de bouteille en verre.<\/li>\n<li><strong>Une solution de fabrication intelligente et flexible<\/strong><\/li>\n<li><strong>Adaptation souple de la taille<\/strong>: Possibilit\u00e9 de personnaliser les formats de 5x5x3cm \u00e0 30x20x15cm, ce qui permet de couvrir les besoins d'un seul rouge \u00e0 l\u00e8vres ou d'un coffret cadeau de dix pi\u00e8ces de maquillage.<\/li>\n<\/ol>\n<h4 id=\"-fourth-factory-direct-supply-service-guarantee-\"><strong>4. Garantie de service de livraison directe \u00e0 l'usine<\/strong><\/h4>\n<ol>\n<li><strong>Renforcement de la cha\u00eene d'approvisionnement int\u00e9gr\u00e9e<\/strong><\/li>\n<li><strong>R\u00e9ponse rapide<\/strong>: L'\u00e9quipe de conception produit des rendus en 3D dans les 24 heures, r\u00e9alise l'\u00e9preuvage dans les 72 heures et le cycle de production en s\u00e9rie est ramen\u00e9 \u00e0 7 jours ouvrables.<\/li>\n<li><strong>Syst\u00e8me de contr\u00f4le de la qualit\u00e9<\/strong>: Certification de qualit\u00e9 ISO9001.<\/li>\n<\/ol>","protected":false},"excerpt":{"rendered":"<p>1. La conception de la bo\u00eete \u00e0 papier \u00e0 tiroir et l'ouverture coulissante facilitent l'ouverture et la fermeture, ce qui permet de r\u00e9duire le temps d'utilisation et d'am\u00e9liorer l'exp\u00e9rience de d\u00e9ballage.<br \/>\n2. La surface est recouverte d'un film mat, qui est imperm\u00e9able \u00e0 l'eau et \u00e0 l'huile, de sorte que votre produit reste intact m\u00eame apr\u00e8s un stockage de longue dur\u00e9e.<br \/>\n3. Les accessoires en ruban am\u00e9liorent la beaut\u00e9 et la reconnaissance de la marque, et renforcent l'impression que les consommateurs ont de votre marque.<br \/>\n4. La doublure en EVA peut amortir et r\u00e9sister aux chocs pendant le transport, prot\u00e9geant ainsi vos produits afin qu'ils puissent \u00eatre livr\u00e9s en toute s\u00e9curit\u00e9.<\/p>","protected":false},"featured_media":8357,"template":"","meta":[],"product_brand":[],"product_cat":[30,390,31,426],"product_tag":[667,665,666],"class_list":{"0":"post-8354","1":"product","2":"type-product","3":"status-publish","4":"has-post-thumbnail","6":"product_cat-by-industry","7":"product_cat-custom-cosmetics-boxes","8":"product_cat-paper-box-style","9":"product_cat-paper-drawer-boxes","10":"product_tag-cosmetic-makeup-set-box","11":"product_tag-custom-lotion-box","12":"product_tag-foundation-box-wholesale","14":"first","15":"instock","16":"shipping-taxable","17":"product-type-simple"},"_links":{"self":[{"href":"https:\/\/zojopackaging.com\/fr\/wp-json\/wp\/v2\/product\/8354","targetHints":{"allow":["GET"]}}],"collection":[{"href":"https:\/\/zojopackaging.com\/fr\/wp-json\/wp\/v2\/product"}],"about":[{"href":"https:\/\/zojopackaging.com\/fr\/wp-json\/wp\/v2\/types\/product"}],"version-history":[{"count":1,"href":"https:\/\/zojopackaging.com\/fr\/wp-json\/wp\/v2\/product\/8354\/revisions"}],"predecessor-version":[{"id":8361,"href":"https:\/\/zojopackaging.com\/fr\/wp-json\/wp\/v2\/product\/8354\/revisions\/8361"}],"wp:featuredmedia":[{"embeddable":true,"href":"https:\/\/zojopackaging.com\/fr\/wp-json\/wp\/v2\/media\/8357"}],"wp:attachment":[{"href":"https:\/\/zojopackaging.com\/fr\/wp-json\/wp\/v2\/media?parent=8354"}],"wp:term":[{"taxonomy":"product_brand","embeddable":true,"href":"https:\/\/zojopackaging.com\/fr\/wp-json\/wp\/v2\/product_brand?post=8354"},{"taxonomy":"product_cat","embeddable":true,"href":"https:\/\/zojopackaging.com\/fr\/wp-json\/wp\/v2\/product_cat?post=8354"},{"taxonomy":"product_tag","embeddable":true,"href":"https:\/\/zojopackaging.com\/fr\/wp-json\/wp\/v2\/product_tag?post=8354"}],"curies":[{"name":"wp","href":"https:\/\/api.w.org\/{rel}","templated":true}]}}