{"id":8362,"date":"2025-03-27T12:10:51","date_gmt":"2025-03-27T04:10:51","guid":{"rendered":"https:\/\/zojopackaging.com\/?post_type=product&#038;p=8362"},"modified":"2025-03-27T13:49:20","modified_gmt":"2025-03-27T05:49:20","slug":"high-quality-custom-drawer-paper-jewellery-boxes-wholesale","status":"publish","type":"product","link":"https:\/\/zojopackaging.com\/fr\/product\/high-quality-custom-drawer-paper-jewellery-boxes-wholesale\/","title":{"rendered":"Bo\u00eetes \u00e0 bijoux en papier \u00e0 tiroirs personnalis\u00e9es de haute qualit\u00e9 Wholesale"},"content":{"rendered":"<h3 id=\"high-end-custom-drawer-type-jewelry-box-wholesale-product-instructions\">Bo\u00eete \u00e0 bijoux en papier \u00e0 tiroir personnalis\u00e9e de haute qualit\u00e9 Wholesale<\/h3>\n<h4 id=\"-i-innovative-structure-and-material-technology-\"><strong>I. Structure innovante et technologie des mat\u00e9riaux<\/strong><\/h4>\n<ol>\n<li><strong>Syst\u00e8me de bo\u00eete \u00e0 tiroirs pour papier<\/strong>\u00a0Elle adopte une structure en couches, avec un coefficient de r\u00e9sistance au glissement de \u22640,15N, et peut \u00eatre ouverte et ferm\u00e9e en douceur d'une seule main. Le corps de la bo\u00eete est \u00e9quip\u00e9 d'une boucle anti-chute. Il n'y a pas de d\u00e9formation apr\u00e8s 5000 tests d'arrachement, et la capacit\u00e9 de charge atteint 3 kg. Elle convient aux bagues, colliers, bracelets et autres bijoux.<\/li>\n<li><strong>Renforcement des mat\u00e9riaux<\/strong>: Carton gris haute densit\u00e9 1200 GSM et papier d'art couch\u00e9 157 GSM, la duret\u00e9 du corps de la bo\u00eete atteint Shaw D85, a pass\u00e9 la certification foresti\u00e8re FSC et les normes de protection de l'environnement RoHS, et prend en charge le stockage par empilage de 5 couches.<\/li>\n<li><strong>Technologie de s\u00e9chage UV Spot \u00e0 haut rendement<\/strong>\u00a0Le processus de vernissage UV local peut atteindre un durcissement rapide de 3 secondes. Combin\u00e9e \u00e0 la ligne de pelliculage enti\u00e8rement automatique, l'efficacit\u00e9 du s\u00e9chage est augment\u00e9e de 70%, et elle prend en charge l'impression en continu, le marquage \u00e0 chaud et le gaufrage. L'op\u00e9ration de synchronisation post-processus, la capacit\u00e9 de production quotidienne d\u00e9passe les 50 000 pi\u00e8ces.<\/li>\n<\/ol>\n<h4 id=\"-2-brand-identification-and-protection-system-\"><strong>2. Syst\u00e8me d'identification et de protection de la marque<\/strong><\/h4>\n<ol>\n<li><strong>Syst\u00e8me visuel de ruban personnalis\u00e9<\/strong>\u00a0Fournit 8 types de mat\u00e9riaux de ruban tels que le satin, le fil de neige, le film laser, etc., prend en charge la personnalisation gratuite de 3mm-50mm de largeur, peut graver au laser le LOGO de la marque ou embosser un motif sombre anti-contrefa\u00e7on, conception originale de \"fente de carte de positionnement de ruban\", et le taux de r\u00e9tention de la rigidit\u00e9 apr\u00e8s le pliage est \u226590%.<\/li>\n<li><strong>Doublure antisismique en flocage EVA<\/strong>\u00a0Le rev\u00eatement de flocage en EVA fendu (densit\u00e9 45D\u00b12), les rainures personnalis\u00e9es selon le moule de contour des bijoux, peut r\u00e9sister \u00e0 la force d'impact de la valeur G 0,7, et le taux de dommages de transport est inf\u00e9rieur \u00e0 0,3%. Le coefficient de friction de la couche de flocage de surface est \u22640,3 pour \u00e9viter les rayures sur les m\u00e9taux pr\u00e9cieux et les pierres pr\u00e9cieuses.<\/li>\n<\/ol>\n<h4 id=\"-iii-printing-technology-and-environmental-protection-adaptation-\"><strong>3. Adaptation de la technologie d'impression et de la protection de l'environnement<\/strong><\/h4>\n<ol>\n<li><strong>Impression CMYK de haute pr\u00e9cision<\/strong>\u00a0La technologie d'impression offset \u00e0 six couleurs (CMYK+spot color) est utilis\u00e9e, et le contr\u00f4le de la diff\u00e9rence de couleur \u0394E\u22641.0 prend en charge l'impression des diagrammes de structure mol\u00e9culaire des ingr\u00e9dients actifs et la conception des gradients, et est associ\u00e9e \u00e0 une encre de soja respectueuse de l'environnement. Il a pass\u00e9 la certification de s\u00e9curit\u00e9 alimentaire SGS et peut entrer directement en contact avec les bijoux.<\/li>\n<li><strong>Encre respectueuse de l'environnement et proc\u00e9d\u00e9 d\u00e9gradable<\/strong>\u00a0L'encre \u00e0 base d'eau repr\u00e9sente plus de 80%, les \u00e9missions de COV sont inf\u00e9rieures \u00e0 50g\/L, conform\u00e9ment \u00e0 la r\u00e9glementation REACH de l'UE, et le mat\u00e9riau de doublure favorise la biod\u00e9gradation, mettant en pratique le concept d'emballage \u00e9cologique.<\/li>\n<\/ol>\n<h4 id=\"-iv-flexible-customization-and-production-guarantee-\"><strong>4. Personnalisation flexible et garantie de production<\/strong><\/h4>\n<ol>\n<li><strong>Service de personnalisation dimensionnelle illimit\u00e9e<\/strong><\/li>\n<li><strong>Adaptation de la taille<\/strong>: Couvrant l'ensemble des sp\u00e9cifications de 5x5x3cm \u00e0 30x20x15cm, il permet le d\u00e9veloppement simultan\u00e9 de plusieurs types de bo\u00eetes, tels que les livres, les couvertures \u00e0 rabat et les couvertures sup\u00e9rieures et inf\u00e9rieures ;<\/li>\n<li><strong>Collaboration en mati\u00e8re de conception<\/strong>: La marque fournit des images d'inspiration ou des mots-cl\u00e9s, et l'\u00e9quipe de conception produit des rendus en 3D 24 heures sur 24, en prenant en charge la personnalisation compl\u00e8te du LOGO, des motifs et du texte.<\/li>\n<li><strong>Livraison extr\u00eamement rapide et avantage en termes de co\u00fbts<\/strong><\/li>\n<li><strong>Fourniture directe par l'usine source<\/strong>: S'appuyant sur la grappe industrielle du delta de la rivi\u00e8re des Perles, le prix unitaire de 10 000 pi\u00e8ces n'est que de 1,2 yuan\/set, ce qui repr\u00e9sente une \u00e9conomie de 30% par rapport au mod\u00e8le traditionnel ;<\/li>\n<li><strong>Syst\u00e8me de v\u00e9rification des \u00e9chantillons<\/strong>: Le prototypage et l'inspection de la qualit\u00e9 sont r\u00e9alis\u00e9s dans les 3 jours ouvrables, et la livraison de la production de masse est r\u00e9alis\u00e9e dans les 5 \u00e0 7 jours ouvrables apr\u00e8s confirmation, et les commandes acc\u00e9l\u00e9r\u00e9es peuvent \u00eatre raccourcies \u00e0 72 heures.<\/li>\n<\/ol>\n<h4 id=\"-v-application-scenarios-and-competitiveness-\"><strong>5. Sc\u00e9narios d'application et comp\u00e9titivit\u00e9<\/strong><\/h4>\n<ul>\n<li><strong>Valeur fondamentale<\/strong>: Gr\u00e2ce \u00e0 l'innovation des bo\u00eetes \u00e0 tiroirs, au syst\u00e8me de ruban de marque et au rev\u00eatement antisismique, les marques de bijoux peuvent augmenter leur prime de 20%-30% ;<\/li>\n<li><strong>Domaines concern\u00e9s<\/strong>Les domaines d'intervention sont les suivants : commerce \u00e9lectronique transfrontalier, comptoirs de luxe, personnalisation de bijoux de mariage.<\/li>\n<\/ul>","protected":false},"excerpt":{"rendered":"<p>1. Bo\u00eete \u00e0 papier \u00e0 tiroir, coulissante, facile \u00e0 ouvrir et \u00e0 fermer, am\u00e9liorant l'exp\u00e9rience de d\u00e9ballage de l'utilisateur.<br \/>\n2. Accessoires pour rubans Les rubans rehaussent la beaut\u00e9 et la reconnaissance de la marque, et renforcent l'impression que les consommateurs ont de votre marque.<br \/>\n3. Spot UV, s\u00e9chage complet en quelques secondes, raccourcissant consid\u00e9rablement le temps de s\u00e9chage, permettant l'impression en continu et le post-traitement, am\u00e9liorant consid\u00e9rablement l'efficacit\u00e9 de la production.<\/p>","protected":false},"featured_media":8365,"template":"","meta":[],"product_brand":[],"product_cat":[30,415,31,426],"product_tag":[669,668,670],"class_list":{"0":"post-8362","1":"product","2":"type-product","3":"status-publish","4":"has-post-thumbnail","6":"product_cat-by-industry","7":"product_cat-custom-jewelry-boxes-by-industry","8":"product_cat-paper-box-style","9":"product_cat-paper-drawer-boxes","10":"product_tag-custom-jewellery-boxes","11":"product_tag-jewellery-boxes-wholesale","12":"product_tag-jewellery-drawer-paper-boxes","14":"first","15":"instock","16":"shipping-taxable","17":"product-type-simple"},"_links":{"self":[{"href":"https:\/\/zojopackaging.com\/fr\/wp-json\/wp\/v2\/product\/8362","targetHints":{"allow":["GET"]}}],"collection":[{"href":"https:\/\/zojopackaging.com\/fr\/wp-json\/wp\/v2\/product"}],"about":[{"href":"https:\/\/zojopackaging.com\/fr\/wp-json\/wp\/v2\/types\/product"}],"version-history":[{"count":1,"href":"https:\/\/zojopackaging.com\/fr\/wp-json\/wp\/v2\/product\/8362\/revisions"}],"predecessor-version":[{"id":8369,"href":"https:\/\/zojopackaging.com\/fr\/wp-json\/wp\/v2\/product\/8362\/revisions\/8369"}],"wp:featuredmedia":[{"embeddable":true,"href":"https:\/\/zojopackaging.com\/fr\/wp-json\/wp\/v2\/media\/8365"}],"wp:attachment":[{"href":"https:\/\/zojopackaging.com\/fr\/wp-json\/wp\/v2\/media?parent=8362"}],"wp:term":[{"taxonomy":"product_brand","embeddable":true,"href":"https:\/\/zojopackaging.com\/fr\/wp-json\/wp\/v2\/product_brand?post=8362"},{"taxonomy":"product_cat","embeddable":true,"href":"https:\/\/zojopackaging.com\/fr\/wp-json\/wp\/v2\/product_cat?post=8362"},{"taxonomy":"product_tag","embeddable":true,"href":"https:\/\/zojopackaging.com\/fr\/wp-json\/wp\/v2\/product_tag?post=8362"}],"curies":[{"name":"wp","href":"https:\/\/api.w.org\/{rel}","templated":true}]}}