{"id":8370,"date":"2025-03-27T13:49:35","date_gmt":"2025-03-27T05:49:35","guid":{"rendered":"https:\/\/zojopackaging.com\/?post_type=product&#038;p=8370"},"modified":"2025-03-27T14:26:28","modified_gmt":"2025-03-27T06:26:28","slug":"custom-face-cleanser-skin-care-packaging-boxes-wholesale","status":"publish","type":"product","link":"https:\/\/zojopackaging.com\/fr\/product\/custom-face-cleanser-skin-care-packaging-boxes-wholesale\/","title":{"rendered":"Bo\u00eetes d'emballage pour soins de la peau nettoyants pour le visage sur mesure Wholesale"},"content":{"rendered":"<h3 id=\"high-end-customized-cleanser-skin-care-product-box-with-lid-and-top-cover-wholesale-product-manual\">Bo\u00eete de produits de soins pour la peau avec couvercle et base, personnalis\u00e9e, haut de gamme, vente en gros<\/h3>\n<h4 id=\"-i-innovative-box-type-and-protection-system-\"><strong>1. Type de bo\u00eete et syst\u00e8me de protection innovants<\/strong><\/h4>\n<ol>\n<li><strong>Couvercle et bo\u00eete de base <\/strong>\u00a0Le couvercle sup\u00e9rieur et le couvercle inf\u00e9rieur sont embo\u00eet\u00e9s avec pr\u00e9cision. La tol\u00e9rance est de \u00b10,3 mm, le coefficient de r\u00e9sistance \u00e0 l'ouverture et \u00e0 la fermeture est \u22640,2N et il n'y a pas de d\u00e9formation apr\u00e8s 5 000 essais d'ouverture et de fermeture. Des fentes pour cartes anti-collision sont plac\u00e9es dans la bo\u00eete pour r\u00e9duire le taux de collision des produits pendant le transport par 90%.<\/li>\n<li><strong>Renforcement des mat\u00e9riaux<\/strong>: Carton rigide 1200 GSM et papier d'art couch\u00e9 157 GSM, la duret\u00e9 du corps de la bo\u00eete atteint Shaw D85, la surface est lisse \u2265300 secondes (m\u00e9thode Bekk), et permet une impression pr\u00e9cise des couleurs Pantone et des couleurs d\u00e9grad\u00e9es.<\/li>\n<li><strong>Syst\u00e8me de support int\u00e9rieur en carton respectueux de l'environnement<\/strong>\u00a0Doublure en carton recycl\u00e9 450 GSM certifi\u00e9 FSC, d\u00e9coup\u00e9e \u00e0 l'emporte-pi\u00e8ce, personnalis\u00e9e en fonction de la forme de la bouteille de nettoyant, et bords chanfrein\u00e9s pour \u00e9viter les rayures. Associ\u00e9 \u00e0 la couche de flocage EVA (coefficient de frottement \u2264 0,3), il offre une double protection et le test de vibration montre qu'il peut r\u00e9sister \u00e0 un impact de valeur G 0,6.<\/li>\n<\/ol>\n<h4 id=\"-ii-visual-technology-and-brand-recognition-\"><strong>2. Technologie visuelle et reconnaissance de la marque<\/strong><\/h4>\n<ol>\n<li><strong>Am\u00e9lioration de la technologie de marquage \u00e0 chaud<\/strong>\u00a0Adoptant la technologie de marquage \u00e0 chaud par transfert thermique, l'\u00e9paisseur de la feuille d'or est de 0,15 mm, la r\u00e9solution minimale du texte est de 0,2 mm, combin\u00e9e \u00e0 la technologie de recouvrement par film mat, la r\u00e9sistance \u00e0 l'usure est plus de 500 fois. Prise en charge de l'estampage \u00e0 chaud en 3D, la profondeur tridimensionnelle est de 0,5 mm, et la m\u00e9moire tactile du LOGO de la marque est am\u00e9lior\u00e9e.<\/li>\n<li><strong>Sch\u00e9ma de coloration respectueux de l'environnement<\/strong>\u00a0En utilisant une encre \u00e0 base d'eau avec une technologie de s\u00e9chage UV, le contr\u00f4le de la diff\u00e9rence de couleur \u0394E\u22641,0 (\u00e9talonnage au spectrophotom\u00e8tre), les \u00e9missions de COV sont inf\u00e9rieures \u00e0 50g\/L, en conformit\u00e9 avec les r\u00e9glementations REACH de l'UE. Prise en charge de l'impression haute d\u00e9finition des diagrammes de structure mol\u00e9culaire des composants, am\u00e9lioration de la confiance des consommateurs par 45%.<\/li>\n<\/ol>\n<h4 id=\"-three-flexible-intelligent-manufacturing-and-production-efficiency-\"><strong>3. Fabrication flexible et intelligente et efficacit\u00e9 de la production<\/strong><\/h4>\n<ol>\n<li><strong>Service de personnalisation compl\u00e8te<\/strong><\/li>\n<li><strong>Adaptation de la taille<\/strong>: Couvre les sp\u00e9cifications des nettoyants de 50 ml \u00e0 200 ml, prend en charge les flacons cylindriques, les flacons carr\u00e9s, les tuyaux et autres emballages multiformes ;<\/li>\n<li><strong>D\u00e9veloppement de type bo\u00eete<\/strong>: Nous proposons 12 types de bo\u00eetes de base (bo\u00eetes en forme de livre, bo\u00eetes \u00e0 tiroirs, bo\u00eetes de forme sp\u00e9ciale), nous prenons en charge la mod\u00e9lisation 3D et l'\u00e9preuvage rapide, et nous livrons des \u00e9chantillons physiques dans les 72 heures.<\/li>\n<li><strong>Syst\u00e8me de gestion de la production MES<\/strong>\u00a0L'atelier est \u00e9quip\u00e9 d'un module de planification intelligente de la production pour r\u00e9aliser une synchronisation en temps r\u00e9el des donn\u00e9es de commande-planification-production, r\u00e9duire le temps de changement de moule \u00e0 15 minutes et d\u00e9passer les 30 000 pi\u00e8ces par jour. Gr\u00e2ce \u00e0 la surveillance des \u00e9quipements IoT, le taux de rendement des processus cl\u00e9s a \u00e9t\u00e9 port\u00e9 \u00e0 99,6%.<\/li>\n<\/ol>\n<h4 id=\"-fourth-direct-supply-from-the-source-and-cost-advantage-\"><strong>4. Approvisionnement direct \u00e0 partir de la source et avantage en termes de co\u00fbts<\/strong><\/h4>\n<ol>\n<li><strong>Syst\u00e8me d'assurance qualit\u00e9<\/strong>\u00a0Certifi\u00e9 ISO9001, \u00e9quip\u00e9 d'un testeur de chute (transport simul\u00e9 d'une hauteur de 1,2 m) et d'une chambre \u00e0 temp\u00e9rature et humidit\u00e9 constantes (test environnemental de 40\u2103\/75%RH), taux de qualification des lots \u226599,8%.<\/li>\n<\/ol>\n<h4 id=\"-five-application-scenarios-and-competitiveness-\"><strong>5. Sc\u00e9narios d'application et comp\u00e9titivit\u00e9<\/strong><\/h4>\n<ul>\n<li><strong>Valeur fondamentale<\/strong>: Gr\u00e2ce \u00e0 la structure protectrice des couvercles sup\u00e9rieur et inf\u00e9rieur, au processus d'estampage \u00e0 chaud et \u00e0 la flexibilit\u00e9 de la production, il est possible d'augmenter la prime de marque de 25%-40% ;<\/li>\n<li><strong>Cat\u00e9gories applicables<\/strong>: Cr\u00e8me nettoyante en flacon, mousse nettoyante en tuyau, gel nettoyant en format voyage ;<\/li>\n<li><strong>V\u00e9rification du march\u00e9<\/strong>: a servi des marques \u00e9mergentes telles que UNNY et AOEO, et le taux de rachat du commerce \u00e9lectronique transfrontalier d\u00e9passe 82%.<\/li>\n<\/ul>","protected":false},"excerpt":{"rendered":"<p>1. Le type de bo\u00eete avec couvercle et base adopte les structures de couvercle sup\u00e9rieur et inf\u00e9rieur, qui peuvent emp\u00eacher efficacement les articles dans l'emballage d'entrer en collision les uns avec les autres et de causer des dommages \u00e0 la surface du produit.<br \/>\n2. Fabriqu\u00e9 en carton rigide 1200 GSM et en papier d'art couch\u00e9 157 GSM, la surface est lisse et facile \u00e0 colorer.<br \/>\n3. Le proc\u00e9d\u00e9 de marquage \u00e0 chaud en or permet d'afficher clairement les petits textes, ce qui convient aux marques haut de gamme.<br \/>\n4. Le carton fixe et prot\u00e8ge les articles contre les dommages pendant le transport, et le plateau int\u00e9rieur est respectueux de l'environnement et esth\u00e9tique.<\/p>","protected":false},"featured_media":8371,"template":"","meta":[],"product_brand":[],"product_cat":[30,390,425,31],"product_tag":[673,671,672],"class_list":{"0":"post-8370","1":"product","2":"type-product","3":"status-publish","4":"has-post-thumbnail","6":"product_cat-by-industry","7":"product_cat-custom-cosmetics-boxes","8":"product_cat-lid-and-base-gift-box","9":"product_cat-paper-box-style","10":"product_tag-face-cleanser-boxes-wholesale","11":"product_tag-face-cleanser-packaging","12":"product_tag-skin-care-packaging","14":"first","15":"instock","16":"shipping-taxable","17":"product-type-simple"},"_links":{"self":[{"href":"https:\/\/zojopackaging.com\/fr\/wp-json\/wp\/v2\/product\/8370","targetHints":{"allow":["GET"]}}],"collection":[{"href":"https:\/\/zojopackaging.com\/fr\/wp-json\/wp\/v2\/product"}],"about":[{"href":"https:\/\/zojopackaging.com\/fr\/wp-json\/wp\/v2\/types\/product"}],"version-history":[{"count":1,"href":"https:\/\/zojopackaging.com\/fr\/wp-json\/wp\/v2\/product\/8370\/revisions"}],"predecessor-version":[{"id":8377,"href":"https:\/\/zojopackaging.com\/fr\/wp-json\/wp\/v2\/product\/8370\/revisions\/8377"}],"wp:featuredmedia":[{"embeddable":true,"href":"https:\/\/zojopackaging.com\/fr\/wp-json\/wp\/v2\/media\/8371"}],"wp:attachment":[{"href":"https:\/\/zojopackaging.com\/fr\/wp-json\/wp\/v2\/media?parent=8370"}],"wp:term":[{"taxonomy":"product_brand","embeddable":true,"href":"https:\/\/zojopackaging.com\/fr\/wp-json\/wp\/v2\/product_brand?post=8370"},{"taxonomy":"product_cat","embeddable":true,"href":"https:\/\/zojopackaging.com\/fr\/wp-json\/wp\/v2\/product_cat?post=8370"},{"taxonomy":"product_tag","embeddable":true,"href":"https:\/\/zojopackaging.com\/fr\/wp-json\/wp\/v2\/product_tag?post=8370"}],"curies":[{"name":"wp","href":"https:\/\/api.w.org\/{rel}","templated":true}]}}