{"id":8378,"date":"2025-03-27T14:27:37","date_gmt":"2025-03-27T06:27:37","guid":{"rendered":"https:\/\/zojopackaging.com\/?post_type=product&#038;p=8378"},"modified":"2025-03-27T15:36:16","modified_gmt":"2025-03-27T07:36:16","slug":"custom-wrist-watch-packaging-gift-boxes-supplier-wholesale","status":"publish","type":"product","link":"https:\/\/zojopackaging.com\/fr\/product\/custom-wrist-watch-packaging-gift-boxes-supplier-wholesale\/","title":{"rendered":"Bo\u00eete cadeau d'emballage de montre-bracelet personnalis\u00e9e Fournisseur grossiste"},"content":{"rendered":"<h3 id=\"high-end-customized-watch-magnetic-pull-out-packaging-box-wholesale-product-manual\">Bo\u00eete d'emballage \u00e0 fermeture magn\u00e9tique pour montres haut de gamme, personnalis\u00e9e, en gros<\/h3>\n<h4 id=\"-i-innovative-design-of-magnetic-pull-out-box-\"><strong>1. Conception innovante de la bo\u00eete \u00e0 papier \u00e0 tiroir magn\u00e9tique<\/strong><\/h4>\n<ol>\n<li><strong>Structure de fermeture magn\u00e9tique<\/strong> Le corps de la bo\u00eete adopte le processus de fermeture par aimant cach\u00e9, et la force d'attraction magn\u00e9tique est contr\u00f4l\u00e9e dans une plage de 0,8 \u00e0 1,2 N, ce qui permet de r\u00e9aliser une fermeture herm\u00e9tique sans m\u00e9tal expos\u00e9. Apr\u00e8s 5000 essais d'ouverture et de fermeture, l'aimant ne s'est ni d\u00e9tach\u00e9 ni d\u00e9magn\u00e9tis\u00e9, et la dur\u00e9e de vie a \u00e9t\u00e9 augment\u00e9e de 40% par rapport \u00e0 la bo\u00eete d'aspiration magn\u00e9tique traditionnelle.<\/li>\n<li><strong>Optimisation de l'amortissement des glissements<\/strong>: Le rail de guidage est en polycarbonate et le coefficient de r\u00e9sistance au glissement est \u22640,15N. Il peut \u00eatre tir\u00e9 en douceur d'une seule main, et l'exp\u00e9rience d'ouverture et de fermeture est comparable \u00e0 l'emballage de produits \u00e9lectroniques haut de gamme.<\/li>\n<li><strong>Fen\u00eatre panoramique en PVC<\/strong>\u00a0Une fen\u00eatre transparente en PVC de 0,2 mm d'\u00e9paisseur (transmission de la lumi\u00e8re \u226592%) est plac\u00e9e sur le dessus du corps de la bo\u00eete, supportant des d\u00e9coupes de formes sp\u00e9ciales (telles qu'ondul\u00e9es et en forme d'\u00e9toile), et les d\u00e9tails de la montre peuvent \u00eatre observ\u00e9s \u00e0 360\u00b0 sans ouvrir la bo\u00eete. Les tests montrent que cette conception r\u00e9duit de 28% le temps de prise de d\u00e9cision des clients des magasins hors ligne.<\/li>\n<\/ol>\n<h4 id=\"-second-sensory-experience-and-brand-recognition-\"><strong>2. Exp\u00e9rience sensorielle et reconnaissance de la marque<\/strong><\/h4>\n<ol>\n<li><strong>Conception de d\u00e9compression rose compl\u00e8te<\/strong>\u00a0Le Pantone 13-1404 TCX (poudre mate douce) est utilis\u00e9 pour recouvrir l'ensemble de la bo\u00eete, avec un contr\u00f4le de la diff\u00e9rence de couleur \u0394E\u22640,5, ce qui a \u00e9t\u00e9 v\u00e9rifi\u00e9 par la psychologie des couleurs pour r\u00e9duire l'indice d'anxi\u00e9t\u00e9 de l'utilisateur de 15%. La surface est recouverte d'un film tactile mat avec un coefficient de friction de 0,3-0,5, qui est \u00e0 la fois anti-empreintes digitales et agr\u00e9able pour la peau.<\/li>\n<li><strong>Syst\u00e8me de doublure de soutien tridimensionnel<\/strong>\u00a0La doublure de l'oreiller est en mousse EVA de densit\u00e9 45D (rapport de mousse 8:1), moul\u00e9e en fonction de la courbure de la montre, et la force de soutien atteint 5kg\/cm\u00b2. La surface de la doublure est compos\u00e9e de microfibres (coefficient de friction \u22640,2), ce qui peut emp\u00eacher le bo\u00eetier en m\u00e9tal pr\u00e9cieux d'\u00eatre ray\u00e9, et en m\u00eame temps r\u00e9sister \u00e0 l'impact du transport de la valeur G 0,7 par le biais d'un test de vibration.<\/li>\n<li><strong>Syst\u00e8me de reconnaissance de la marque au ruban<\/strong>\u00a0Ruban de satin de 3 \u00e0 30 mm de large, permettant la gravure au laser du LOGO de la marque (largeur de ligne minimale de 0,1 mm) ou l'estampage \u00e0 chaud d'un motif sombre. La conception unique du \"porte-ruban magn\u00e9tique\" garantit un taux de r\u00e9tention de la rigidit\u00e9 du ruban \u226585%, et il tombe naturellement lorsqu'il est tir\u00e9 pour former le point de mire visuel de la marque.<\/li>\n<\/ol>\n<h4 id=\"-three-environmentally-friendly-materials-and-flexible-intelligent-manufacturing-\"><strong>3. Mat\u00e9riaux respectueux de l'environnement et fabrication flexible et intelligente<\/strong><\/h4>\n<ol>\n<li><strong>Syst\u00e8me de mat\u00e9riaux durables<\/strong>\u00a0Le corps de la bo\u00eete adopte une structure composite certifi\u00e9e FSC de 1200 GSM de carton gris + 157 GSM de papier couch\u00e9, avec une duret\u00e9 de Shaw D85 et a pass\u00e9 le test de transport ISTA 3A. L'encre UV \u00e0 base d'eau est utilis\u00e9e pour l'impression (\u00e9missions de COV &lt;50g\/L), ce qui est conforme aux doubles certifications REACH et RoHS de l&#039;UE.<\/li>\n<li><strong>Service de personnalisation illimit\u00e9<\/strong><\/li>\n<li><strong>Adaptation de la taille<\/strong>: Couvrant un diam\u00e8tre de montre de 20 mm \u00e0 80 mm, permettant le d\u00e9veloppement de bo\u00eetes de montres carr\u00e9es, en forme de tonneau et de forme sp\u00e9ciale.<\/li>\n<li><strong>Extension de la fonction<\/strong>: Peut int\u00e9grer une puce NFC, une fen\u00eatre d'affichage de la temp\u00e9rature et de l'humidit\u00e9 et d'autres modules intelligents.<\/li>\n<li><strong>R\u00e9ponse rapide<\/strong>: Fournir un service de pr\u00e9visualisation de la mod\u00e9lisation 3D, livrer des \u00e9chantillons physiques dans les 72 heures et r\u00e9duire le cycle de production de masse \u00e0 7-10 jours.<\/li>\n<\/ol>\n<h4 id=\"-fourth-application-scenarios-and-competitiveness-\"><strong>4. Sc\u00e9narios d'application et comp\u00e9titivit\u00e9<\/strong><\/h4>\n<ul>\n<li><strong>Valeur fondamentale<\/strong>: Gr\u00e2ce \u00e0 la structure innovante de l'aspiration et de l'extraction magn\u00e9tiques, au design rose de d\u00e9compression et au syst\u00e8me d'affichage tridimensionnel, les marques horlog\u00e8res peuvent augmenter leur prime de 30%-50%.<\/li>\n<li><strong>Cat\u00e9gories applicables<\/strong>: Montres m\u00e9caniques, montres intelligentes, montres bijoux<\/li>\n<li><strong>V\u00e9rification du march\u00e9<\/strong>: a servi des marques telles que Tianwang Watch et Seagull Watch, et le taux de rachat transfrontalier par le commerce \u00e9lectronique a atteint 89%<\/li>\n<\/ul>","protected":false},"excerpt":{"rendered":"<p>1. La conception unique de la bo\u00eete \u00e0 papier \u00e0 tiroir \u00e0 fermeture magn\u00e9tique est nouvelle et unique. Elle pr\u00e9sente l'avantage d'int\u00e9grer un aimant pour \u00e9viter l'usure externe, et l'ouverture coulissante facilite l'ouverture et la fermeture pour les utilisateurs, am\u00e9liorant ainsi l'exp\u00e9rience de d\u00e9ballage.<br \/>\n2. La conception de la fen\u00eatre en PVC permet aux clients de voir les produits \u00e0 l'int\u00e9rieur de mani\u00e8re plus intuitive sans toucher les articles, ce qui peut r\u00e9duire les co\u00fbts de communication.<br \/>\n3. Le corps de la bo\u00eete est con\u00e7u en rose pour r\u00e9duire l'anxi\u00e9t\u00e9 et cr\u00e9er une atmosph\u00e8re relaxante.<br \/>\n4. La doublure des coussins a un support solide et peut pr\u00e9senter vos produits horlogers en trois dimensions.<\/p>","protected":false},"featured_media":8379,"template":"","meta":[],"product_brand":[],"product_cat":[30,413,424,31],"product_tag":[675,676,674],"class_list":{"0":"post-8378","1":"product","2":"type-product","3":"status-publish","4":"has-post-thumbnail","6":"product_cat-by-industry","7":"product_cat-consumer-electronics-boxes","8":"product_cat-magnetic-closure-boxes","9":"product_cat-paper-box-style","10":"product_tag-watch-gift-boxes","11":"product_tag-watch-packaging-wholesale","12":"product_tag-wrist-watch-packaging","14":"first","15":"instock","16":"shipping-taxable","17":"product-type-simple"},"_links":{"self":[{"href":"https:\/\/zojopackaging.com\/fr\/wp-json\/wp\/v2\/product\/8378","targetHints":{"allow":["GET"]}}],"collection":[{"href":"https:\/\/zojopackaging.com\/fr\/wp-json\/wp\/v2\/product"}],"about":[{"href":"https:\/\/zojopackaging.com\/fr\/wp-json\/wp\/v2\/types\/product"}],"version-history":[{"count":1,"href":"https:\/\/zojopackaging.com\/fr\/wp-json\/wp\/v2\/product\/8378\/revisions"}],"predecessor-version":[{"id":8385,"href":"https:\/\/zojopackaging.com\/fr\/wp-json\/wp\/v2\/product\/8378\/revisions\/8385"}],"wp:featuredmedia":[{"embeddable":true,"href":"https:\/\/zojopackaging.com\/fr\/wp-json\/wp\/v2\/media\/8379"}],"wp:attachment":[{"href":"https:\/\/zojopackaging.com\/fr\/wp-json\/wp\/v2\/media?parent=8378"}],"wp:term":[{"taxonomy":"product_brand","embeddable":true,"href":"https:\/\/zojopackaging.com\/fr\/wp-json\/wp\/v2\/product_brand?post=8378"},{"taxonomy":"product_cat","embeddable":true,"href":"https:\/\/zojopackaging.com\/fr\/wp-json\/wp\/v2\/product_cat?post=8378"},{"taxonomy":"product_tag","embeddable":true,"href":"https:\/\/zojopackaging.com\/fr\/wp-json\/wp\/v2\/product_tag?post=8378"}],"curies":[{"name":"wp","href":"https:\/\/api.w.org\/{rel}","templated":true}]}}