{"id":8386,"date":"2025-03-27T15:36:36","date_gmt":"2025-03-27T07:36:36","guid":{"rendered":"https:\/\/zojopackaging.com\/?post_type=product&#038;p=8386"},"modified":"2025-03-27T16:01:14","modified_gmt":"2025-03-27T08:01:14","slug":"custom-food-supplements-gift-packaging-boxes-wholesale","status":"publish","type":"product","link":"https:\/\/zojopackaging.com\/fr\/product\/custom-food-supplements-gift-packaging-boxes-wholesale\/","title":{"rendered":"Bo\u00eetes d'emballage cadeau personnalis\u00e9es pour suppl\u00e9ments alimentaires Wholesale"},"content":{"rendered":"<h3 id=\"high-end-customized-food-supplement-gift-packaging-box-wholesale-products\">Bo\u00eete d'emballage cadeau personnalis\u00e9e haut de gamme pour compl\u00e9ments alimentaires produits en gros<\/h3>\n<h4 id=\"-i-box-structure-and-protection-system-\"><strong>I. Structure de la bo\u00eete et syst\u00e8me de protection<\/strong><\/h4>\n<ol>\n<li><strong>Double syst\u00e8me de protection du couvercle et de la base<\/strong> Adoptant une structure de couvercle et de base embo\u00eet\u00e9e avec pr\u00e9cision, la tol\u00e9rance est contr\u00f4l\u00e9e \u00e0 \u00b10,3 mm, et le corps de la bo\u00eete forme une protection d'emballage compl\u00e8te \u00e0 360\u00b0 lorsqu'elle est ferm\u00e9e. Apr\u00e8s le test de transport ISTA 3A, elle peut r\u00e9sister \u00e0 la force d'impact de la valeur G 0,7, et la r\u00e9sistance \u00e0 la compression est augment\u00e9e de 50% par rapport au type de bo\u00eete traditionnel.<\/li>\n<li><strong>Renforcement des mat\u00e9riaux<\/strong>: 157g C2S coated art paper+1200g rigid paperboard composite process, surface lisse \u2265300 secondes, diff\u00e9rence de couleur d'impression \u0394E\u22641,0, support Pantone spot color et diagramme de structure mol\u00e9culaire restauration pr\u00e9cise.<\/li>\n<li><strong>Doublure antisismique intelligente en EVA<\/strong>\u00a0Adoptez la doublure en mousse EVA de densit\u00e9 45D (rapport de mousse 8:1), selon le type de bouteille de suppl\u00e9ment moule personnalis\u00e9, taux d'absorption d'impact \u226585%. La surface est compos\u00e9e de flanelle microfibre pour emp\u00eacher les bouteilles en verre d'\u00eatre ray\u00e9es, et a pass\u00e9 le test de chute de 1,2m.<\/li>\n<\/ol>\n<h4 id=\"-second-sensory-design-and-production-efficiency-\"><strong>2. Conception sensorielle et efficacit\u00e9 de la production<\/strong><\/h4>\n<ol>\n<li><strong>Syst\u00e8me de d\u00e9compression rose \u00e0 la dopamine<\/strong>\u00a0L'ensemble de la bo\u00eete est recouvert de Pantone 13-1404 TCX (poudre de brume douce), qui a \u00e9t\u00e9 v\u00e9rifi\u00e9 par la psychologie des couleurs pour r\u00e9duire l'indice d'anxi\u00e9t\u00e9 de l'utilisateur de 18%. La surface est recouverte d'un film tactile mat qui remplit la double fonction d'anti-empreinte digitale et de texture agr\u00e9able pour la peau, avec un coefficient de friction de 0,3-0,5, et l'exp\u00e9rience de d\u00e9ballage est comparable \u00e0 celle d'un emballage cosm\u00e9tique haut de gamme.<\/li>\n<li><strong>Gestion intelligente de la production MES<\/strong>\u00a0L'atelier est \u00e9quip\u00e9 de dispositifs IoT et reli\u00e9 au syst\u00e8me MES pour r\u00e9aliser une visualisation en temps r\u00e9el de la programmation des commandes, de la commutation des moules et des donn\u00e9es d'inspection de la qualit\u00e9. Le temps de changement de moule est r\u00e9duit \u00e0 15 minutes, le taux de rendement des processus cl\u00e9s est augment\u00e9 \u00e0 99,6%, et le taux de retard de livraison est r\u00e9duit \u00e0 0,3%.<\/li>\n<\/ol>\n<h4 id=\"-three-flexible-customization-and-production-capacity-guarantee-\"><strong>3. Personnalisation souple et capacit\u00e9 de production garantie<\/strong><\/h4>\n<ol>\n<li><strong>Service de personnalisation compl\u00e8te<\/strong><\/li>\n<li><strong>Adaptation de la taille<\/strong>: Couvrant les sp\u00e9cifications des compl\u00e9ments de 5ml \u00e0 500ml, prenant en charge les emballages multiformes tels que les flacons compte-gouttes, les flacons de capsules, les capsules molles, etc ;<\/li>\n<li><strong>D\u00e9veloppement de type bo\u00eete<\/strong>: Fournir 12 types de bo\u00eetes de base, telles que des bo\u00eetes en forme de livre, des bo\u00eetes \u00e0 tiroirs, des bo\u00eetes de forme sp\u00e9ciale, etc., prendre en charge la mod\u00e9lisation 3D et la livraison d'\u00e9chantillons physiques dans les 72 heures.<\/li>\n<li><strong>Syst\u00e8me automatis\u00e9 de fabrication intelligente<\/strong>\u00a0\u00c9quip\u00e9e de machines de d\u00e9coupe enti\u00e8rement automatiques (pr\u00e9cision de \u00b10,1 mm) et de lignes d'impression offset \u00e0 six couleurs, la capacit\u00e9 de production quotidienne d\u00e9passe 1 000 000 de pi\u00e8ces. Ayant obtenu la double certification ISO22000 et FSC, le taux de qualification des lots est \u226599,8%.<\/li>\n<\/ol>\n<h4 id=\"-four-market-competitiveness-and-cost-advantages-\"><strong>4. Comp\u00e9titivit\u00e9 du march\u00e9 et avantages en termes de co\u00fbts<\/strong><\/h4>\n<ol>\n<li><strong>Source : mod\u00e8le d'approvisionnement direct de l'usine<\/strong>\u00a0En s'appuyant sur la cha\u00eene d'approvisionnement de la grappe industrielle du delta de la rivi\u00e8re des Perles (Dongguan\/Guangzhou), le prix unitaire de 10 000 commandes n'est que de 0,8 yuan\/set, ce qui r\u00e9duit les co\u00fbts de 40% par rapport au mod\u00e8le traditionnel. La logistique transfrontali\u00e8re DDP est prise en charge, et le cycle de transport porte-\u00e0-porte en Europe et aux \u00c9tats-Unis est r\u00e9duit \u00e0 7 jours.<\/li>\n<li><strong>M\u00e9canisme de r\u00e9ponse rapide<\/strong><\/li>\n<li><strong>Devis rapide<\/strong>: Le syst\u00e8me de devis intelligent AI fournit une analyse des co\u00fbts en moins d'une heure ;<\/li>\n<li><strong>\u00c9chantillon gratuit<\/strong>: R\u00e9aliser l'\u00e9preuvage dans les 3 jours ouvrables et soutenir l'inspection de la qualit\u00e9.<\/li>\n<\/ol>\n<h4 id=\"-v-application-scenarios-and-verification-data-\"><strong>5. Sc\u00e9narios d'application et donn\u00e9es de v\u00e9rification<\/strong><\/h4>\n<ul>\n<li><strong>Valeur fondamentale<\/strong>: Gr\u00e2ce \u00e0 la protection des couvercles sup\u00e9rieur et inf\u00e9rieur, \u00e0 la conception rose dopamine et au syst\u00e8me de production intelligent, les marques de nutrition peuvent augmenter leur prime de 25%-35% ;<\/li>\n<li><strong>Cat\u00e9gories applicables<\/strong>: Gommes de vitamines, g\u00e9lules de probiotiques, collag\u00e8ne oral liquide ;<\/li>\n<\/ul>","protected":false},"excerpt":{"rendered":"<p>1. Le type de bo\u00eete avec couvercle et base forme une structure de protection double pour emp\u00eacher efficacement l'\u00e9crasement pendant le transport et le stockage.<br \/>\n2. Fabriqu\u00e9 en papier d'art couch\u00e9 C2S 157g + carton rigide 1200g, l'impression de surface est claire et ne pr\u00e9sente aucune diff\u00e9rence de couleur.<br \/>\n3. Le corps de la bo\u00eete est enti\u00e8rement rose pour favoriser la s\u00e9cr\u00e9tion de dopamine et soulager l'anxi\u00e9t\u00e9.<br \/>\n4. La doublure personnalis\u00e9e en EVA disperse efficacement la force d'impact externe, absorbe les vibrations et prot\u00e8ge le produit contre les dommages pendant le transport.<br \/>\n5. Taille et conception de la bo\u00eete personnalis\u00e9es pour s'adapter \u00e0 diff\u00e9rentes s\u00e9ries de produits de compl\u00e9ments alimentaires<\/p>","protected":false},"featured_media":8387,"template":"","meta":[],"product_brand":[],"product_cat":[30,422,425,31],"product_tag":[677,678,679],"class_list":{"0":"post-8386","1":"product","2":"type-product","3":"status-publish","4":"has-post-thumbnail","6":"product_cat-by-industry","7":"product_cat-custom-gourmet-boxes-by-industry","8":"product_cat-lid-and-base-gift-box","9":"product_cat-paper-box-style","10":"product_tag-food-packaging-boxes","11":"product_tag-supplements-boxes-wholesale","12":"product_tag-supplements-gift-boxes","14":"first","15":"instock","16":"shipping-taxable","17":"product-type-simple"},"_links":{"self":[{"href":"https:\/\/zojopackaging.com\/fr\/wp-json\/wp\/v2\/product\/8386","targetHints":{"allow":["GET"]}}],"collection":[{"href":"https:\/\/zojopackaging.com\/fr\/wp-json\/wp\/v2\/product"}],"about":[{"href":"https:\/\/zojopackaging.com\/fr\/wp-json\/wp\/v2\/types\/product"}],"version-history":[{"count":1,"href":"https:\/\/zojopackaging.com\/fr\/wp-json\/wp\/v2\/product\/8386\/revisions"}],"predecessor-version":[{"id":8393,"href":"https:\/\/zojopackaging.com\/fr\/wp-json\/wp\/v2\/product\/8386\/revisions\/8393"}],"wp:featuredmedia":[{"embeddable":true,"href":"https:\/\/zojopackaging.com\/fr\/wp-json\/wp\/v2\/media\/8387"}],"wp:attachment":[{"href":"https:\/\/zojopackaging.com\/fr\/wp-json\/wp\/v2\/media?parent=8386"}],"wp:term":[{"taxonomy":"product_brand","embeddable":true,"href":"https:\/\/zojopackaging.com\/fr\/wp-json\/wp\/v2\/product_brand?post=8386"},{"taxonomy":"product_cat","embeddable":true,"href":"https:\/\/zojopackaging.com\/fr\/wp-json\/wp\/v2\/product_cat?post=8386"},{"taxonomy":"product_tag","embeddable":true,"href":"https:\/\/zojopackaging.com\/fr\/wp-json\/wp\/v2\/product_tag?post=8386"}],"curies":[{"name":"wp","href":"https:\/\/api.w.org\/{rel}","templated":true}]}}