{"id":8394,"date":"2025-03-27T16:04:37","date_gmt":"2025-03-27T08:04:37","guid":{"rendered":"https:\/\/zojopackaging.com\/?post_type=product&#038;p=8394"},"modified":"2025-03-27T16:26:19","modified_gmt":"2025-03-27T08:26:19","slug":"custom-luxury-adult-sex-toys-packaging-boxes-manufacturer","status":"publish","type":"product","link":"https:\/\/zojopackaging.com\/fr\/product\/custom-luxury-adult-sex-toys-packaging-boxes-manufacturer\/","title":{"rendered":"Bo\u00eetes d'emballage de luxe pour jouets sexuels pour adultes"},"content":{"rendered":"<h3 id=\"high-end-customized-luxury-adult-sex-toy-packaging-box-product-manual\">Bo\u00eete d'emballage de luxe pour jouets sexuels pour adultes, personnalis\u00e9e et haut de gamme<\/h3>\n<h4 id=\"-i-magnetic-box-system-and-visual-aesthetics-\"><strong>I. Syst\u00e8me de bo\u00eete \u00e0 fermeture magn\u00e9tique et esth\u00e9tique visuelle<\/strong><\/h4>\n<ol>\n<li><strong>Technologie de fermeture magn\u00e9tique invisible<\/strong>\u00a0Gr\u00e2ce \u00e0 la conception int\u00e9gr\u00e9e des aimants n\u00e9odyme-fer-bore, la force d'attraction magn\u00e9tique est contr\u00f4l\u00e9e avec pr\u00e9cision dans la plage de 1,0 \u00e0 1,5 N, ce qui permet de r\u00e9aliser une structure ferm\u00e9e minimaliste sans m\u00e9tal expos\u00e9. Apr\u00e8s 5000 tests d'ouverture et de fermeture, l'aimant ne pr\u00e9sente aucun ph\u00e9nom\u00e8ne de d\u00e9placement ou de d\u00e9magn\u00e9tisation, et la dur\u00e9e de vie est augment\u00e9e de 45% par rapport \u00e0 la bo\u00eete d'aspiration magn\u00e9tique traditionnelle.<\/li>\n<li><strong>Optimisation de l'amortissement des glissements<\/strong>: Le rail de guidage est en polycarbonate et le coefficient de r\u00e9sistance au glissement est \u22640,15N. Il peut \u00eatre ouvert en douceur d'une seule main, et l'exp\u00e9rience d'utilisation est comparable \u00e0 celle d'un emballage de luxe.<\/li>\n<li><strong>Langage de conception de luxe enti\u00e8rement noir<\/strong>\u00a0La surface est compos\u00e9e d'un film tactile mat (coefficient de frottement de 0,3 \u00e0 0,5), combin\u00e9 \u00e0 un processus de marquage \u00e0 chaud \u00e0 l'encre blanche, la pr\u00e9cision minimale du texte du marquage \u00e0 chaud est de 0,2 mm. Selon la v\u00e9rification de la psychologie des couleurs, l'emballage noir peut augmenter de 35% la perception haut de gamme des produits par les consommateurs.<\/li>\n<\/ol>\n<h4 id=\"-2-environmentally-friendly-materials-and-intelligent-protection-\"><strong>2. Mat\u00e9riaux respectueux de l'environnement et protection intelligente<\/strong><\/h4>\n<ol>\n<li><strong>Syst\u00e8me de mat\u00e9riaux durables<\/strong> Le corps de la bo\u00eete adopte une structure composite papier artistique couch\u00e9 C2S 157g + carton rigide 1200g certifi\u00e9 FSC, avec une duret\u00e9 Shaw D85 et a pass\u00e9 le test de transport ISTA 3A. L'encre UV \u00e0 base d'eau (\u00e9mission de COV &lt;50g\/L) est utilis\u00e9e pour l&#039;impression et est conforme \u00e0 la double certification REACH et RoHS de l&#039;UE.<\/li>\n<li><strong>Syst\u00e8me intelligent de rev\u00eatement antisismique<\/strong>\u00a0Fournir une doublure en mousse EVA de densit\u00e9 45D, un plateau blister en PS, un plateau moul\u00e9 en fibre recycl\u00e9e et d'autres solutions :<\/li>\n<li><strong>Couche de mousse EVA<\/strong>Les mat\u00e9riaux utilis\u00e9s sont : moul\u00e9s selon le contour du produit, taux d'absorption des chocs \u226585%, surface en microfibre composite (coefficient de friction \u22640,2) ;<\/li>\n<li><strong>Plateau blister<\/strong>Fen\u00eatre transparente en PVC de 0,5 mm d'\u00e9paisseur, transmission de la lumi\u00e8re \u226592%, permettant de voir les d\u00e9tails du produit.<\/li>\n<\/ol>\n<h4 id=\"-three-flexible-intelligent-manufacturing-and-global-services-\"><strong>3. Fabrication intelligente et flexible et services mondiaux<\/strong><\/h4>\n<ol>\n<li><strong>Dimensions personnalisables illimit\u00e9es<\/strong><\/li>\n<li><strong>Adaptation de la taille<\/strong>: Couvrant toute la gamme des sp\u00e9cifications de 10 cm \u00e0 50 cm, il soutient le d\u00e9veloppement de 12 types de bo\u00eetes telles que les bo\u00eetes de forme sp\u00e9ciale, les bo\u00eetes \u00e0 tiroirs et les bo\u00eetes en forme de livre ;<\/li>\n<li><strong>Processus d'impression<\/strong>: Fournir 20 solutions de traitement de surface telles que le gaufrage 3D, le marquage \u00e0 chaud (profondeur tridimensionnelle de 0,5 mm), le vernis UV local et le pelliculage laser.<\/li>\n<li><strong>Syst\u00e8me de fabrication intelligent de Shenzhen<\/strong>\u00a0S'appuyant sur les avantages de la grappe industrielle du delta de la rivi\u00e8re des Perles, l'atelier est \u00e9quip\u00e9 d'un syst\u00e8me de gestion MES qui permet de visualiser l'ensemble du processus de production :<\/li>\n<li><strong>Garantie de contr\u00f4le de la qualit\u00e9<\/strong>: Certifi\u00e9 ISO9001, \u00e9quip\u00e9 d'un testeur de chute de 1,2 m et d'une chambre \u00e0 temp\u00e9rature et humidit\u00e9 constantes, avec un taux de qualification des lots de \u226599,8% ;<\/li>\n<li><strong>Avantage en termes de productivit\u00e9<\/strong>: Machine de d\u00e9coupe enti\u00e8rement automatique (pr\u00e9cision \u00b10,1 mm) et ligne d'impression offset six couleurs, avec une capacit\u00e9 de production quotidienne de plus de 50 000 pi\u00e8ces.<\/li>\n<\/ol>\n<h4 id=\"-fourth-application-scenarios-and-market-verification-\"><strong>4, Sc\u00e9narios d'application et v\u00e9rification du march\u00e9<\/strong><\/h4>\n<ul>\n<li><strong>Valeur fondamentale<\/strong>: Gr\u00e2ce \u00e0 un design magn\u00e9tique minimaliste, \u00e0 un syst\u00e8me esth\u00e9tique noir et \u00e0 un syst\u00e8me de production flexible, les marques pour adultes peuvent augmenter leur prix de 40%-60% ;<\/li>\n<li><strong>Cat\u00e9gories applicables<\/strong>Les jouets sexuels intelligents, les poup\u00e9es sexuelles en silicone et les coffrets-cadeaux de pr\u00e9servatifs haut de gamme ;<\/li>\n<li><strong>Cas r\u00e9ussis<\/strong>: A servi le fournisseur principal de Durex, Dingfu Plastic, le commerce \u00e9lectronique transfrontalier, les produits finis Chunmeng et d'autres marques, avec un taux de rachat de 89%.<\/li>\n<\/ul>","protected":false},"excerpt":{"rendered":"<p>1. Bo\u00eete d'emballage \u00e0 fermeture magn\u00e9tique, conception int\u00e9gr\u00e9e \u00e0 l'aimant pour \u00e9viter l'usure externe, simplicit\u00e9 visuelle, peut mettre en \u00e9vidence les caract\u00e9ristiques du produit dans une plus large mesure.<br \/>\n2. Le corps de la bo\u00eete est enti\u00e8rement noir, ce qui allie parfaitement le symbole du luxe et de la modernit\u00e9.<br \/>\n3. Fabriqu\u00e9 en papier couch\u00e9 C2S 157g + carton rigide 1200g, des mat\u00e9riaux durables et \u00e9cologiques pour prot\u00e9ger l'environnement de la pollution.<br \/>\n4. Personnaliser la doublure de produit appropri\u00e9e pour vous en fonction de votre produit et du positionnement de votre marque sur le march\u00e9.<\/p>","protected":false},"featured_media":8395,"template":"","meta":[],"product_brand":[],"product_cat":[30,413,424,31],"product_tag":[682,680,681],"class_list":{"0":"post-8394","1":"product","2":"type-product","3":"status-publish","4":"has-post-thumbnail","6":"product_cat-by-industry","7":"product_cat-consumer-electronics-boxes","8":"product_cat-magnetic-closure-boxes","9":"product_cat-paper-box-style","10":"product_tag-adult-sex-toy-packaging","11":"product_tag-custom-sex-toy-boxes","12":"product_tag-sex-toys-packaging","14":"first","15":"instock","16":"shipping-taxable","17":"product-type-simple"},"_links":{"self":[{"href":"https:\/\/zojopackaging.com\/fr\/wp-json\/wp\/v2\/product\/8394","targetHints":{"allow":["GET"]}}],"collection":[{"href":"https:\/\/zojopackaging.com\/fr\/wp-json\/wp\/v2\/product"}],"about":[{"href":"https:\/\/zojopackaging.com\/fr\/wp-json\/wp\/v2\/types\/product"}],"version-history":[{"count":1,"href":"https:\/\/zojopackaging.com\/fr\/wp-json\/wp\/v2\/product\/8394\/revisions"}],"predecessor-version":[{"id":8400,"href":"https:\/\/zojopackaging.com\/fr\/wp-json\/wp\/v2\/product\/8394\/revisions\/8400"}],"wp:featuredmedia":[{"embeddable":true,"href":"https:\/\/zojopackaging.com\/fr\/wp-json\/wp\/v2\/media\/8395"}],"wp:attachment":[{"href":"https:\/\/zojopackaging.com\/fr\/wp-json\/wp\/v2\/media?parent=8394"}],"wp:term":[{"taxonomy":"product_brand","embeddable":true,"href":"https:\/\/zojopackaging.com\/fr\/wp-json\/wp\/v2\/product_brand?post=8394"},{"taxonomy":"product_cat","embeddable":true,"href":"https:\/\/zojopackaging.com\/fr\/wp-json\/wp\/v2\/product_cat?post=8394"},{"taxonomy":"product_tag","embeddable":true,"href":"https:\/\/zojopackaging.com\/fr\/wp-json\/wp\/v2\/product_tag?post=8394"}],"curies":[{"name":"wp","href":"https:\/\/api.w.org\/{rel}","templated":true}]}}