{"id":8401,"date":"2025-03-27T16:26:34","date_gmt":"2025-03-27T08:26:34","guid":{"rendered":"https:\/\/zojopackaging.com\/?post_type=product&#038;p=8401"},"modified":"2025-03-27T17:04:04","modified_gmt":"2025-03-27T09:04:04","slug":"oem-custom-drawer-mini-fragrance-perfume-gift-paper-box","status":"publish","type":"product","link":"https:\/\/zojopackaging.com\/fr\/product\/oem-custom-drawer-mini-fragrance-perfume-gift-paper-box\/","title":{"rendered":"Bo\u00eete en papier OEM pour mini-fragrance \u00e0 tiroir"},"content":{"rendered":"<h3 id=\"oem-customized-drawer-style-mini-perfume-gift-box\">OEM Bo\u00eete \u00e0 tiroir en papier pour mini parfums<\/h3>\n<h4 id=\"-i-innovative-box-type-and-user-experience-\"><strong>I. Type de bo\u00eete innovante et exp\u00e9rience de l'utilisateur<\/strong><\/h4>\n<ol>\n<li><strong>Syst\u00e8me de bo\u00eetes \u00e0 tiroirs<\/strong>\u00a0Adopte une structure d'extraction sur rail de pr\u00e9cision, un coefficient de r\u00e9sistance au glissement \u22640,15N, et peut \u00eatre ouvert et ferm\u00e9 en douceur d'une seule main. La boucle anti-chute est plac\u00e9e \u00e0 l'int\u00e9rieur du corps de la bo\u00eete, qui ne subit aucune d\u00e9formation apr\u00e8s 5000 tests de traction. La capacit\u00e9 de charge est de 2 kg, ce qui convient aux flacons de parfum de 1 ml \u00e0 50 ml.<\/li>\n<li><strong>Renforcement des mat\u00e9riaux<\/strong>: Carton gris haute densit\u00e9 1200 GSM et papier couch\u00e9 157 GSM, duret\u00e9 Shaw D80, test de transport ISTA 3A, possibilit\u00e9 d'empiler 5 couches sans d\u00e9formation.<\/li>\n<li><strong>Dopamine Couleur Syst\u00e8me visuel<\/strong>\u00a0L'ensemble de la bo\u00eete est recouvert de la couleur annuelle Pantone (comme 13-0755 TCX jaune cr\u00e8me, 16-1546 TPX rose corail), et le contr\u00f4le de la diff\u00e9rence de couleur \u0394E\u22640,8. V\u00e9rifi\u00e9 par la psychologie des couleurs, le syst\u00e8me de couleurs Macron peut augmenter l'indice de plaisir de l'utilisateur de 25%. La surface est compos\u00e9e d'un film tactile mat (coefficient de friction 0,3-0,5), qui est anti-traces de doigts et respectueux de la peau.<\/li>\n<\/ol>\n<h4 id=\"-second-protection-system-and-brand-recognition-\"><strong>2. Syst\u00e8me de protection et reconnaissance de la marque<\/strong><\/h4>\n<ol>\n<li><strong>Doublure antisismique intelligente en EVA<\/strong>\u00a0En utilisant une doublure en mousse EVA de densit\u00e9 45D, la rainure est personnalis\u00e9e en fonction du contour du flacon de parfum, et le taux d'absorption des chocs est \u226585%. La surface est compos\u00e9e de flanelle en microfibre (coefficient de friction \u22640,2), et le taux de dommages dus au transport est inf\u00e9rieur \u00e0 0,3% apr\u00e8s un test de chute de 1,2m.<\/li>\n<li><strong>Syst\u00e8me de ruban tr\u00e8s reconnaissable<\/strong>\u00a0Fournit 6 types de mat\u00e9riaux de ruban tels que le satin, le fil neige et le film laser, et permet une personnalisation gratuite de 3 mm \u00e0 30 mm de largeur. La conception originale du \"localisateur de ruban magn\u00e9tique\" permet de graver au laser le LOGO de la marque (largeur de ligne minimale de 0,1 mm). Lorsqu'il est tir\u00e9, le ruban tombe naturellement pour former un point de mire visuel, et la reconnaissance de la marque est augment\u00e9e de 200%.<\/li>\n<\/ol>\n<h4 id=\"-iii-printing-technology-and-flexible-intelligent-manufacturing-\"><strong>3. Technologie d'impression et fabrication flexible et intelligente<\/strong><\/h4>\n<ol>\n<li><strong>Impression CMYK de haute pr\u00e9cision<\/strong>\u00a0La technologie d'impression offset \u00e0 six couleurs (CMYK+spot color), le contr\u00f4le de la diff\u00e9rence de couleur \u0394E\u22641.0, permettent l'impression haute d\u00e9finition des diagrammes de structure mol\u00e9culaire des ingr\u00e9dients de parfum et des motifs artistiques. Elle utilise une encre de soja respectueuse de l'environnement et r\u00e9pond aux normes de s\u00e9curit\u00e9 alimentaire certifi\u00e9es par SGS. Elle peut entrer directement en contact avec le produit.<\/li>\n<li><strong>Dimensions personnalis\u00e9es illimit\u00e9es<\/strong><\/li>\n<li><strong>Adaptation de la taille<\/strong>: Couvrant toute la gamme des sp\u00e9cifications de 5 ml \u00e0 100 ml, elle soutient le d\u00e9veloppement de bouteilles cylindriques, de bouteilles carr\u00e9es et de bouteilles de forme sp\u00e9ciale (telles que les bouteilles en forme de c\u0153ur ou de diamant) ;<\/li>\n<li><strong>Technologie de surface<\/strong>: 15 options de traitement telles que le gaufrage 3D, l'estampage \u00e0 chaud (profondeur tridimensionnelle de 0,5 mm), le vernis UV local et le pelliculage laser ;<\/li>\n<li><strong>R\u00e9ponse extr\u00eame<\/strong>: La mod\u00e9lisation 3D est disponible en 24 heures, les \u00e9chantillons physiques sont livr\u00e9s en 72 heures et le cycle de production de masse est r\u00e9duit \u00e0 7 jours ouvrables.<\/li>\n<\/ol>\n<h4 id=\"-fourth-shenzhen-smart-manufacturing-and-cost-advantages-\"><strong>4. Avantages de Shenzhen en mati\u00e8re de fabrication intelligente et de co\u00fbts<\/strong><\/h4>\n<ol>\n<li><strong>Syst\u00e8me d'approvisionnement direct \u00e0 partir de l'usine source<\/strong><\/li>\n<li><strong>Garantie de capacit\u00e9<\/strong>: La capacit\u00e9 de production journali\u00e8re d\u00e9passe 80 000 pi\u00e8ces, ce qui permet de r\u00e9pondre \u00e0 des commandes flexibles de 50 \u00e0 100 000 pi\u00e8ces ;<\/li>\n<li><strong>Avantage tarifaire<\/strong>: Le prix unitaire de 10 000 pi\u00e8ces n'est que de 1,2 yuan\/set, ce qui repr\u00e9sente une \u00e9conomie de 40% par rapport au mod\u00e8le traditionnel.<\/li>\n<\/ol>\n<h4 id=\"-five-market-competitiveness-and-verification-data-\"><strong>5. Comp\u00e9titivit\u00e9 du march\u00e9 et donn\u00e9es de v\u00e9rification<\/strong><\/h4>\n<ul>\n<li><strong>Valeur fondamentale<\/strong>: Gr\u00e2ce \u00e0 l'innovation du type de bo\u00eete extractible, \u00e0 la conception des couleurs de la dopamine et \u00e0 la flexibilit\u00e9 de la production, il permet aux marques de parfum d'augmenter leur prime de 30%-50% ;<\/li>\n<li><strong>Cat\u00e9gories applicables<\/strong>: EDP parfum l\u00e9ger, EDT parfum l\u00e9ger, parfum solide, parfum en rouleau ;<\/li>\n<li><strong>Cas r\u00e9ussis<\/strong>: a servi des marques telles que Jo Malone OEM et Bing Xili, et le taux de rachat transfrontalier par le commerce \u00e9lectronique d\u00e9passe 85%.<\/li>\n<\/ul>","protected":false},"excerpt":{"rendered":"<p>1. La bo\u00eete \u00e0 papier \u00e0 tiroir s'ouvre en coulissant, ce qui facilite l'ouverture et la fermeture et r\u00e9duit le temps de travail de l'utilisateur.<br \/>\n2. Avec le ruban accessoire, il est facile de dessiner et d'am\u00e9liorer la reconnaissance de la marque.<br \/>\n3. La doublure en EVA peut amortir et r\u00e9sister aux chocs pendant le transport, prot\u00e9geant ainsi le produit contre les dommages.<\/p>","protected":false},"featured_media":8407,"template":"","meta":[],"product_brand":[],"product_cat":[30,417,31,426],"product_tag":[683,685,684],"class_list":{"0":"post-8401","1":"product","2":"type-product","3":"status-publish","4":"has-post-thumbnail","6":"product_cat-by-industry","7":"product_cat-custom-perfume-boxes-by-industry","8":"product_cat-paper-box-style","9":"product_cat-paper-drawer-boxes","10":"product_tag-mini-fragrance-box","11":"product_tag-oem-perfume-packaging","12":"product_tag-perfume-gift-paper-box","14":"first","15":"instock","16":"shipping-taxable","17":"product-type-simple"},"_links":{"self":[{"href":"https:\/\/zojopackaging.com\/fr\/wp-json\/wp\/v2\/product\/8401","targetHints":{"allow":["GET"]}}],"collection":[{"href":"https:\/\/zojopackaging.com\/fr\/wp-json\/wp\/v2\/product"}],"about":[{"href":"https:\/\/zojopackaging.com\/fr\/wp-json\/wp\/v2\/types\/product"}],"version-history":[{"count":1,"href":"https:\/\/zojopackaging.com\/fr\/wp-json\/wp\/v2\/product\/8401\/revisions"}],"predecessor-version":[{"id":8408,"href":"https:\/\/zojopackaging.com\/fr\/wp-json\/wp\/v2\/product\/8401\/revisions\/8408"}],"wp:featuredmedia":[{"embeddable":true,"href":"https:\/\/zojopackaging.com\/fr\/wp-json\/wp\/v2\/media\/8407"}],"wp:attachment":[{"href":"https:\/\/zojopackaging.com\/fr\/wp-json\/wp\/v2\/media?parent=8401"}],"wp:term":[{"taxonomy":"product_brand","embeddable":true,"href":"https:\/\/zojopackaging.com\/fr\/wp-json\/wp\/v2\/product_brand?post=8401"},{"taxonomy":"product_cat","embeddable":true,"href":"https:\/\/zojopackaging.com\/fr\/wp-json\/wp\/v2\/product_cat?post=8401"},{"taxonomy":"product_tag","embeddable":true,"href":"https:\/\/zojopackaging.com\/fr\/wp-json\/wp\/v2\/product_tag?post=8401"}],"curies":[{"name":"wp","href":"https:\/\/api.w.org\/{rel}","templated":true}]}}