{"id":8490,"date":"2025-03-28T17:50:25","date_gmt":"2025-03-28T09:50:25","guid":{"rendered":"https:\/\/zojopackaging.com\/?post_type=product&#038;p=8490"},"modified":"2025-03-28T17:55:33","modified_gmt":"2025-03-28T09:55:33","slug":"luxury-custom-nail-polish-packaging-gift-boxes-wholesale","status":"publish","type":"product","link":"https:\/\/zojopackaging.com\/fr\/product\/luxury-custom-nail-polish-packaging-gift-boxes-wholesale\/","title":{"rendered":"Bo\u00eete cadeau de luxe personnalis\u00e9e pour vernis \u00e0 ongles Wholesale"},"content":{"rendered":"<h3 id=\"-luxury-customized-nail-polish-packaging-gift-box-wholesale-product-description-\"><strong>Bo\u00eete cadeau de luxe personnalis\u00e9e pour vernis \u00e0 ongles Wholesale<\/strong><\/h3>\n<h4 id=\"-i-magnetic-embedded-packaging-box-design-a-double-breakthrough-of-convenience-and-aesthetics-\"><strong>I. Fermeture magn\u00e9tique Conception de la bo\u00eete d'emballage : Une double avanc\u00e9e en mati\u00e8re de commodit\u00e9 et d'esth\u00e9tique<\/strong><\/h4>\n<ol>\n<li><strong>Fermeture par aimant Structure<\/strong>: Adoptant un syst\u00e8me d'ouverture et de fermeture magn\u00e9tique cach\u00e9, l'aimant est enti\u00e8rement int\u00e9gr\u00e9 dans le corps de la bo\u00eete et dans la plaque de couverture afin d'\u00e9viter les probl\u00e8mes d'usure ou d'oxydation caus\u00e9s par l'exposition des aimants traditionnels et de prolonger la dur\u00e9e de vie. Le \"clic\" \u00e9mis lors de la fermeture du couvercle de la bo\u00eete donne une impression de rituel, et la douceur d'ouverture et de fermeture est am\u00e9lior\u00e9e par 300%, et les utilisateurs peuvent l'utiliser d'une seule main.<\/li>\n<li><strong>Propri\u00e9t\u00e9s circulaires et respectueuses de l'environnement<\/strong>: La structure magn\u00e9tique permet une ouverture et une fermeture illimit\u00e9es sans dommage. Gr\u00e2ce \u00e0 sa doublure rempla\u00e7able, la bo\u00eete d'emballage peut \u00eatre transform\u00e9e en bo\u00eete \u00e0 bijoux, en bo\u00eete de rangement pour articles de papeterie, etc., concr\u00e9tisant ainsi le concept de modernisation du consommateur selon lequel \"l'emballage est le produit\".<\/li>\n<\/ol>\n<h4 id=\"-ii-environmentally-friendly-material-system-sustainable-development-from-raw-materials-to-process-\"><strong>2. Syst\u00e8me de mat\u00e9riaux respectueux de l'environnement : d\u00e9veloppement durable des mati\u00e8res premi\u00e8res au processus<\/strong><\/h4>\n<ol>\n<li><strong>Sch\u00e9ma de combinaison des mat\u00e9riaux<\/strong>:<\/li>\n<li><strong>Couche ext\u00e9rieure<\/strong>: Papier d'art couch\u00e9 C2S 157g (papier couch\u00e9 double face), avec toucher soyeux et haute reproduction des couleurs<\/li>\n<li><strong>Couche int\u00e9rieure<\/strong>: Carton rigide 1200g (carton gris haute r\u00e9sistance), r\u00e9sistance \u00e0 la compression de 15kg\/cm\u00b2.<\/li>\n<li><strong>Norme de certification<\/strong>: Certification foresti\u00e8re FSC, impression avec de l'encre \u00e9cologique \u00e0 base d'eau, conforme \u00e0 la directive environnementale REACH de l'UE.<\/li>\n<li><strong>Logo visuel de protection de l'environnement<\/strong>:<\/li>\n<li>Le corps de la bo\u00eete utilise comme couleur principale le Pantone PANTONE 17-5936 TPG (vert \u00e9cologique), qui a \u00e9t\u00e9 reconnu comme un symbole de protection de l'environnement par 87% des consommateurs du monde entier.<\/li>\n<li>Le fond de la bo\u00eete est imprim\u00e9 d'un logo d\u00e9gradable et d'un code QR d'empreinte carbone, qui peut \u00eatre scann\u00e9 pour retracer les donn\u00e9es relatives \u00e0 la protection de l'environnement tout au long du cycle de vie de l'emballage.<\/li>\n<\/ol>\n<h4 id=\"-iii-eva-anti-seismic-lining-system-a-scientific-solution-for-transportation-safety-\"><strong>3. Syst\u00e8me de rev\u00eatement antisismique EVA : une solution scientifique pour la s\u00e9curit\u00e9 des transports<\/strong><\/h4>\n<ol>\n<li><strong>Performance de la m\u00e9moire tampon<\/strong>:<\/li>\n<li>Doublure personnalis\u00e9e en mousse EVA haute densit\u00e9 de 3 mm, taux d'absorption des chocs \u226585%<\/li>\n<li>La structure \u00e0 rainures moul\u00e9es avec pr\u00e9cision peut fixer 6 \u00e0 12 flacons de vernis \u00e0 ongles pour \u00e9viter les collisions et les d\u00e9placements pendant le transport.<\/li>\n<li><strong>Am\u00e9lioration de l'environnement<\/strong>:<\/li>\n<li>Mat\u00e9riau EVA biod\u00e9gradable \u00e0 base d'amidon de ma\u00efs en option, taux de d\u00e9composition naturelle sup\u00e9rieur \u00e0 90% en 180 jours.<\/li>\n<li>La surface de la doublure est recouverte d'un tissu flock\u00e9 pour renforcer la sensation visuelle de luxe et le confort tactile lors du d\u00e9ballage.<\/li>\n<\/ol>\n<h4 id=\"-fourth-full-dimensional-customization-service-seamless-connection-from-concept-to-finished-product-\"><strong>4. Service de personnalisation complet : connexion transparente du concept au produit fini<\/strong><\/h4>\n<ol>\n<li><strong>Innovation structurelle<\/strong>:<\/li>\n<li>Prise en charge de 27 types de bo\u00eetes personnalis\u00e9es, telles que les bo\u00eetes \u00e0 tiroirs, les bo\u00eetes en forme de livre et les couvercles, avec une pr\u00e9cision de d\u00e9coupe des formes sp\u00e9ciales de \u00b10,3 mm.<\/li>\n<li><strong>Personnalisation du syst\u00e8me visuel<\/strong>:<\/li>\n<li>Machine d'impression offset allemande Heidelberg \u00e0 7 couleurs, diff\u00e9rence de couleur \u0394E\u22641,5 (norme internationale \u0394E\u22643).<\/li>\n<li>Prend en charge 12 proc\u00e9d\u00e9s de surface tels que le marquage \u00e0 chaud\/UV\/embossage, et l'adh\u00e9rence de la texture m\u00e9tallique du marquage \u00e0 chaud atteint le niveau 5B (norme ASTM D3359).<\/li>\n<\/ol>\n<h3 id=\"-v-china-s-smart-manufacturing-advantages-flexible-production-capacity-of-the-source-factory-\"><strong>5. Avantages de la Chine en mati\u00e8re de fabrication intelligente : capacit\u00e9 de production flexible de l'usine source<\/strong><\/h3>\n<ol>\n<li><strong>Garantie de capacit\u00e9 de production<\/strong>:<\/li>\n<li>12 lignes de production enti\u00e8rement automatiques, avec une capacit\u00e9 de production quotidienne de plus de 100 000 bo\u00eetes, permettant un \u00e9preuvage ultra-rapide en 48 heures.<\/li>\n<li>Base de donn\u00e9es de 1000+SKU avec correspondance intelligente pour r\u00e9duire le co\u00fbt du d\u00e9veloppement de nouveaux clients<\/li>\n<li><strong>Syst\u00e8me de contr\u00f4le de la qualit\u00e9<\/strong>:<\/li>\n<li>Mise en \u0153uvre des normes de qualit\u00e9 d'impression GB\/T 7705-2023, 36 proc\u00e9dures d'inspection de la qualit\u00e9 tout au long du processus.<\/li>\n<li>\u00c9quip\u00e9 d'un spectrophotom\u00e8tre X-Rite pour contr\u00f4ler la couleur en temps r\u00e9el afin d'assurer la coh\u00e9rence des lots.<\/li>\n<\/ol>\n<p><strong>Valeur de coop\u00e9ration<\/strong>\u00a0En tant qu'entreprise centrale de la ceinture de l'industrie de l'emballage en Chine, nous utilisons le concept de \"l'emballage en tant que support\" pour aider les marques \u00e0 atteindre les objectifs suivants gr\u00e2ce \u00e0 trois modules innovants : ouverture et fermeture magn\u00e9tiques, mat\u00e9riaux respectueux de l'environnement et rev\u00eatement antisismique :<\/p>\n<ul>\n<li><strong>Prime de produit<\/strong>: Le co\u00fbt de l'emballage repr\u00e9sente \u226415%, et le prix terminal peut \u00eatre augment\u00e9 de 40-60%.<\/li>\n<li><strong>R\u00e9tention des utilisateurs<\/strong>92% des consommateurs sont pr\u00eats \u00e0 conserver des bo\u00eetes d'emballage r\u00e9utilisables (donn\u00e9es de l'enqu\u00eate Nielsen de 2024)<\/li>\n<li><strong>Valeur ESG<\/strong>: R\u00e9duire les \u00e9missions de carbone de 3,2 tonnes pour 100 000 bo\u00eetes, en aidant les marques \u00e0 atteindre leurs objectifs de neutralit\u00e9 carbone.<\/li>\n<\/ul>","protected":false},"excerpt":{"rendered":"<p>1. Bo\u00eete d'emballage \u00e0 fermeture magn\u00e9tique, avec aimant int\u00e9gr\u00e9 pour \u00e9viter l'usure externe, facile \u00e0 ouvrir et \u00e0 fermer, respectueuse de l'environnement et r\u00e9utilisable.<br \/>\n2. 157g de papier couch\u00e9 C2S + 1200g de carton rigide, bo\u00eete d'emballage d\u00e9veloppement durable<br \/>\n3. La couleur verte de protection de l'environnement du corps de la bo\u00eete est un symbole universel de protection de l'environnement, qui peut rapidement \u00e9tablir des marques et un d\u00e9veloppement durable.<br \/>\n4. La doublure en EVA peut amortir les chocs pendant le transport et prot\u00e9ger l'emballage du vernis \u00e0 ongles contre les dommages.<br \/>\n5. Le type de bo\u00eete, le mat\u00e9riau, la couleur et la taille peuvent \u00eatre personnalis\u00e9s pour s'adapter \u00e0 votre bo\u00eete cadeau d'emballage de vernis \u00e0 ongles.<\/p>","protected":false},"featured_media":8491,"template":"","meta":[],"product_brand":[],"product_cat":[30,390,424,31],"product_tag":[837,838,839],"class_list":{"0":"post-8490","1":"product","2":"type-product","3":"status-publish","4":"has-post-thumbnail","6":"product_cat-by-industry","7":"product_cat-custom-cosmetics-boxes","8":"product_cat-magnetic-closure-boxes","9":"product_cat-paper-box-style","10":"product_tag-custom-nail-polish-packaging","11":"product_tag-luxury-nail-polish-boxes","12":"product_tag-nail-polish-gift-boxes-wholesale","14":"first","15":"instock","16":"shipping-taxable","17":"product-type-simple"},"_links":{"self":[{"href":"https:\/\/zojopackaging.com\/fr\/wp-json\/wp\/v2\/product\/8490","targetHints":{"allow":["GET"]}}],"collection":[{"href":"https:\/\/zojopackaging.com\/fr\/wp-json\/wp\/v2\/product"}],"about":[{"href":"https:\/\/zojopackaging.com\/fr\/wp-json\/wp\/v2\/types\/product"}],"version-history":[{"count":2,"href":"https:\/\/zojopackaging.com\/fr\/wp-json\/wp\/v2\/product\/8490\/revisions"}],"predecessor-version":[{"id":8493,"href":"https:\/\/zojopackaging.com\/fr\/wp-json\/wp\/v2\/product\/8490\/revisions\/8493"}],"wp:featuredmedia":[{"embeddable":true,"href":"https:\/\/zojopackaging.com\/fr\/wp-json\/wp\/v2\/media\/8491"}],"wp:attachment":[{"href":"https:\/\/zojopackaging.com\/fr\/wp-json\/wp\/v2\/media?parent=8490"}],"wp:term":[{"taxonomy":"product_brand","embeddable":true,"href":"https:\/\/zojopackaging.com\/fr\/wp-json\/wp\/v2\/product_brand?post=8490"},{"taxonomy":"product_cat","embeddable":true,"href":"https:\/\/zojopackaging.com\/fr\/wp-json\/wp\/v2\/product_cat?post=8490"},{"taxonomy":"product_tag","embeddable":true,"href":"https:\/\/zojopackaging.com\/fr\/wp-json\/wp\/v2\/product_tag?post=8490"}],"curies":[{"name":"wp","href":"https:\/\/api.w.org\/{rel}","templated":true}]}}