{"id":8494,"date":"2025-03-28T17:55:43","date_gmt":"2025-03-28T09:55:43","guid":{"rendered":"https:\/\/zojopackaging.com\/?post_type=product&#038;p=8494"},"modified":"2025-03-28T21:44:01","modified_gmt":"2025-03-28T13:44:01","slug":"custom-printed-presentation-boxes-wholesale-with-logo","status":"publish","type":"product","link":"https:\/\/zojopackaging.com\/fr\/product\/custom-printed-presentation-boxes-wholesale-with-logo\/","title":{"rendered":"Bo\u00eetes de pr\u00e9sentation imprim\u00e9es en gros avec logo"},"content":{"rendered":"<h3 id=\"custom-printed-display-box-wholesale-with-logo-product-description\">Bo\u00eete d'affichage imprim\u00e9e en gros avec logo<\/h3>\n<h4 id=\"-i-environmentally-friendly-material-system-dual-guarantee-of-sustainability-and-quality-\"><strong>I. Syst\u00e8me de mat\u00e9riaux respectueux de l'environnement : double garantie de durabilit\u00e9 et de qualit\u00e9<\/strong><\/h4>\n<ol>\n<li><strong>Combinaison papier couch\u00e9 C2S 157g + carton gris haute r\u00e9sistance 1200g<\/strong>:<\/li>\n<li><strong>Couche ext\u00e9rieure<\/strong>: Le papier couch\u00e9 double face de 157 g (papier d'art couch\u00e9 C2S) est utilis\u00e9, la surface a un toucher soyeux, la reproduction des couleurs est aussi \u00e9lev\u00e9e que 98%, et il permet l'impression haute d\u00e9finition de logos de marque et de motifs complexes.<\/li>\n<li><strong>Couche int\u00e9rieure<\/strong>: Le carton gris haute r\u00e9sistance de 1200 g (carton rigide) offre une performance de compression super forte (\u226515kg\/cm\u00b2), garantissant que le corps de la bo\u00eete ne se d\u00e9forme pas pendant le transport et l'empilage.<\/li>\n<li><strong>Certification environnementale<\/strong>: Le mat\u00e9riau a obtenu la certification foresti\u00e8re FSC et l'impression utilise de l'encre \u00e9cologique \u00e0 base d'eau, conforme \u00e0 la directive REACH de l'UE, en tenant compte \u00e0 la fois de l'image de marque et des besoins en mati\u00e8re de d\u00e9veloppement durable.<\/li>\n<li><strong>Logo visuel de protection de l'environnement<\/strong>: La couleur principale de la bo\u00eete peut \u00eatre choisie parmi le Pantone Classic Blue. La recherche a prouv\u00e9 que cette couleur r\u00e9duisait la fatigue visuelle et cr\u00e9ait une atmosph\u00e8re d\u00e9tendue et apaisante pour la marque. Elle est compl\u00e9t\u00e9e par un logo d\u00e9gradable et un code QR sur l'empreinte carbone afin de renforcer la diffusion des concepts de protection de l'environnement.<\/li>\n<\/ol>\n<h4 id=\"-second-the-design-of-the-top-and-bottom-lid-box-type-the-perfect-combination-of-ritual-sense-and-functionality-\"><strong>2. La conception du couvercle sup\u00e9rieur et inf\u00e9rieur de la bo\u00eete : la combinaison parfaite du sens du rituel et de la fonctionnalit\u00e9.<\/strong><\/h4>\n<ol>\n<li><strong>Optimisation de la structure des paupi\u00e8res sup\u00e9rieures et inf\u00e9rieures<\/strong>:<\/li>\n<li>Le type de bo\u00eete \u00e0 couvercle sup\u00e9rieur et inf\u00e9rieur est adopt\u00e9, et les couvercles sup\u00e9rieur et inf\u00e9rieur sont ferm\u00e9s avec une pr\u00e9cision de \u00b10,5 mm. Lors de l'ouverture et de la fermeture, l'aspiration magn\u00e9tique facilite le positionnement. Les utilisateurs peuvent op\u00e9rer d'une seule main et l'exp\u00e9rience de d\u00e9ballage est facilit\u00e9e par le 40%.<\/li>\n<li>Le bord de la bo\u00eete adopte un design arrondi anti-rayures, combin\u00e9 \u00e0 une fente pour carte de 3 mm d'\u00e9paisseur pour am\u00e9liorer la fixation et l'effet de pr\u00e9sentation des produits artisanaux.<\/li>\n<li><strong>Extension personnalis\u00e9e<\/strong>: Il prend en charge 27 types de bo\u00eetes, telles que les bo\u00eetes \u00e0 tiroirs, les bo\u00eetes en forme de livre et les d\u00e9coupes de formes sp\u00e9ciales. La pr\u00e9cision de la structure en forme sp\u00e9ciale est de \u00b10,3 mm, ce qui permet de s'adapter aux exigences de taille et de forme de diff\u00e9rents produits faits \u00e0 la main, tels que les bijoux, les c\u00e9ramiques et les tissus.<\/li>\n<\/ol>\n<h4 id=\"-iii-eva-anti-seismic-lining-system-all-round-protection-solution-\"><strong>3. Syst\u00e8me de rev\u00eatement antisismique EVA : solution de protection int\u00e9grale<\/strong><\/h4>\n<ol>\n<li><strong>Rev\u00eatement de tampon personnalis\u00e9<\/strong>:<\/li>\n<li>Gr\u00e2ce \u00e0 la mousse EVA haute densit\u00e9 de 3 mm, le taux d'absorption des chocs est \u226585%, et la rainure pr\u00e9cise du moule permet de fixer les objets fragiles afin d'\u00e9viter les collisions et les d\u00e9placements pendant le transport.<\/li>\n<li>La surface de la doublure peut \u00eatre floqu\u00e9e ou recouverte d'un film mat, d\u00e9licat et antid\u00e9rapant, qui prot\u00e8ge la surface des produits artisanaux contre les rayures.<\/li>\n<li><strong>Am\u00e9lioration de l'environnement<\/strong>: Le mat\u00e9riau EVA biod\u00e9gradable \u00e0 base d'amidon de ma\u00efs a un taux de d\u00e9composition naturelle de plus de 90% en 180 jours, ce qui correspond au positionnement de la marque en mati\u00e8re de protection de l'environnement.<\/li>\n<\/ol>\n<h4 id=\"-iv-high-precision-printing-and-craftsmanship-luxurious-presentation-of-brand-vision-\"><strong>4. Impression et artisanat de haute pr\u00e9cision : pr\u00e9sentation luxueuse de la vision de la marque<\/strong><\/h4>\n<ol>\n<li><strong>Technologie d'impression sans diff\u00e9rence de couleur<\/strong>:<\/li>\n<li>Gr\u00e2ce \u00e0 la machine d'impression offset allemande Heidelberg \u00e0 7 couleurs, le contr\u00f4le de la diff\u00e9rence de couleur \u0394E\u22641,5 (norme internationale \u0394E\u22643) garantit que le LOGO de la marque et l'impression du motif sont clairs et nets.<\/li>\n<li>Elle prend en charge l'impression de couleurs d'accompagnement et les effets de d\u00e9grad\u00e9, et la saturation des couleurs atteint 98%, correspondant aux cartes de couleurs Pantone.<\/li>\n<li><strong>La technologie du marquage \u00e0 chaud renforce la texture<\/strong>:<\/li>\n<li>L'estampage \u00e0 chaud partiel utilise une feuille d'or 24K avec une adh\u00e9rence de niveau 5B (norme ASTM D3359), qui peut pr\u00e9senter de multiples textures telles que le relief et le givrage, conf\u00e9rant \u00e0 l'emballage un sentiment de luxe et une valeur de collection.<\/li>\n<li>La r\u00e9sistance \u00e0 l'usure de la zone de marquage \u00e0 chaud est augment\u00e9e de 50%, et elle ne s'estompe pas apr\u00e8s une utilisation \u00e0 long terme, ce qui renforce l'image haut de gamme de la marque.<\/li>\n<\/ol>\n<h4 id=\"-v-direct-supply-from-china-s-source-factory-flexible-production-and-efficient-response-\"><strong>5. Approvisionnement direct aupr\u00e8s de l'usine chinoise : production flexible et r\u00e9ponse efficace.<\/strong><\/h4>\n<ol>\n<li><strong>Garantie du syst\u00e8me de contr\u00f4le de la qualit\u00e9<\/strong>:<\/li>\n<li>Mise en \u0153uvre des normes de qualit\u00e9 GB\/T 7705-2023 pour les produits imprim\u00e9s, 36 proc\u00e9dures d'inspection de la qualit\u00e9 tout au long du processus, et \u00e9quipement d'un spectrophotom\u00e8tre X-Rite pour contr\u00f4ler la coh\u00e9rence des couleurs en temps r\u00e9el.<\/li>\n<li>Soutenir l'inspection par des tiers et le suivi logistique afin de garantir la transparence et le contr\u00f4le de la production \u00e0 la livraison.<\/li>\n<\/ol>\n<p><strong>Valeur de la coop\u00e9ration<\/strong>\u00a0Gr\u00e2ce aux quatre modules de base que sont les mat\u00e9riaux respectueux de l'environnement, la structure du couvercle, le rev\u00eatement personnalis\u00e9 et la technologie de marquage \u00e0 chaud, la marque peut atteindre ses objectifs :<\/p>\n<ul>\n<li><strong>Prime de produit<\/strong>: Le co\u00fbt de l'emballage repr\u00e9sente \u226412%, et le prix de vente terminal peut \u00eatre augment\u00e9 de 30 \u00e0 50% ;<\/li>\n<li><strong>Am\u00e9lioration de l'exp\u00e9rience utilisateur<\/strong>L'emballage de haute qualit\u00e9 a \u00e9t\u00e9 retenu par 92% des utilisateurs pour la m\u00e9moire de la marque ;<\/li>\n<li><strong>Valeur environnementale<\/strong>: R\u00e9duire de 2,8 tonnes les \u00e9missions de carbone pour 100 000 bo\u00eetes, aidant l'entreprise \u00e0 atteindre ses objectifs ESG.<\/li>\n<\/ul>","protected":false},"excerpt":{"rendered":"<p>1. 157g de papier couch\u00e9 C2S + 1200g de carton rigide, mat\u00e9riaux durables et respectueux de l'environnement<br \/>\n2. bo\u00eete \u00e0 couvercle et \u00e0 base, avec une structure de couvercle sup\u00e9rieure et inf\u00e9rieure pour am\u00e9liorer l'exp\u00e9rience de d\u00e9ballage du client<br \/>\n3. Personnalisation illimit\u00e9e du type de bo\u00eete, du mat\u00e9riau, de la couleur et de la taille pour s'adapter \u00e0 votre bo\u00eete cadeau faite \u00e0 la main.<\/p>","protected":false},"featured_media":8496,"template":"","meta":[],"product_brand":[],"product_cat":[30,423,425,31],"product_tag":[857,859,858],"class_list":{"0":"post-8494","1":"product","2":"type-product","3":"status-publish","4":"has-post-thumbnail","6":"product_cat-by-industry","7":"product_cat-custom-presentation-boxes-by-industry","8":"product_cat-lid-and-base-gift-box","9":"product_cat-paper-box-style","10":"product_tag-custom-presentation-boxes","11":"product_tag-presentation-boxes","12":"product_tag-presentation-boxes-wholesale","14":"first","15":"instock","16":"shipping-taxable","17":"product-type-simple"},"_links":{"self":[{"href":"https:\/\/zojopackaging.com\/fr\/wp-json\/wp\/v2\/product\/8494","targetHints":{"allow":["GET"]}}],"collection":[{"href":"https:\/\/zojopackaging.com\/fr\/wp-json\/wp\/v2\/product"}],"about":[{"href":"https:\/\/zojopackaging.com\/fr\/wp-json\/wp\/v2\/types\/product"}],"version-history":[{"count":1,"href":"https:\/\/zojopackaging.com\/fr\/wp-json\/wp\/v2\/product\/8494\/revisions"}],"predecessor-version":[{"id":8508,"href":"https:\/\/zojopackaging.com\/fr\/wp-json\/wp\/v2\/product\/8494\/revisions\/8508"}],"wp:featuredmedia":[{"embeddable":true,"href":"https:\/\/zojopackaging.com\/fr\/wp-json\/wp\/v2\/media\/8496"}],"wp:attachment":[{"href":"https:\/\/zojopackaging.com\/fr\/wp-json\/wp\/v2\/media?parent=8494"}],"wp:term":[{"taxonomy":"product_brand","embeddable":true,"href":"https:\/\/zojopackaging.com\/fr\/wp-json\/wp\/v2\/product_brand?post=8494"},{"taxonomy":"product_cat","embeddable":true,"href":"https:\/\/zojopackaging.com\/fr\/wp-json\/wp\/v2\/product_cat?post=8494"},{"taxonomy":"product_tag","embeddable":true,"href":"https:\/\/zojopackaging.com\/fr\/wp-json\/wp\/v2\/product_tag?post=8494"}],"curies":[{"name":"wp","href":"https:\/\/api.w.org\/{rel}","templated":true}]}}