{"id":8509,"date":"2025-03-28T21:44:24","date_gmt":"2025-03-28T13:44:24","guid":{"rendered":"https:\/\/zojopackaging.com\/?post_type=product&#038;p=8509"},"modified":"2025-03-29T10:02:44","modified_gmt":"2025-03-29T02:02:44","slug":"custom-luxury-medal-gold-coin-gift-packaging-boxes-wholesale","status":"publish","type":"product","link":"https:\/\/zojopackaging.com\/fr\/product\/custom-luxury-medal-gold-coin-gift-packaging-boxes-wholesale\/","title":{"rendered":"M\u00e9daille de luxe en or Bo\u00eete d'emballage cadeau pour pi\u00e8ces de monnaie Wholesale"},"content":{"rendered":"<h3 id=\"-customized-luxury-medal-gold-coin-gift-packaging-box-wholesale-\"><strong>Bo\u00eete d'emballage cadeau personnalis\u00e9e pour m\u00e9daille d'or en gros<\/strong><\/h3>\n<h4 id=\"-1-top-and-bottom-cover-box-type-full-wrapping-structure-ultimate-protection-\"><strong>1. Couvercle et bo\u00eete de base : structure enti\u00e8rement enveloppante, protection ultime<\/strong><\/h4>\n<p>Adoptant la conception classique du couvercle et de la bo\u00eete de base, le couvercle sup\u00e9rieur et la bo\u00eete de base sont imbriqu\u00e9s avec pr\u00e9cision pour former une structure d'emballage compl\u00e8te, qui est efficacement \u00e9tanche \u00e0 la poussi\u00e8re et anti-extrusion, \u00e9vitant le risque de d\u00e9formation ou de fuite caus\u00e9e par des forces externes pendant le transport ou le stockage. Le type de bo\u00eete s'inspire du concept d'emballage de boutique haut de gamme, qui non seulement r\u00e9pond aux besoins fonctionnels, mais conf\u00e8re \u00e9galement au produit un sentiment de dignit\u00e9. Par exemple, le couvercle sup\u00e9rieur peut r\u00e9server un espace d'ouverture, et le couvercle inf\u00e9rieur utilise la structure de renforcement du bord int\u00e9rieur pour assurer la stabilit\u00e9 de la bo\u00eete lorsqu'elle est ferm\u00e9e. En outre, il est possible de personnaliser l'ouverture oblique, la taille expos\u00e9e ou les types de bo\u00eetes de forme sp\u00e9ciale (hexagonale, circulaire, etc.) pour r\u00e9pondre aux besoins de l'exposition artistique.<\/p>\n<h4 id=\"-second-unlimited-customization-comprehensive-adaptation-of-materials-sizes-and-processes-\"><strong>2. Personnalisation illimit\u00e9e : adaptation compl\u00e8te des mat\u00e9riaux, des dimensions et des processus<\/strong><\/h4>\n<ol>\n<li><strong>S\u00e9lection flexible des mat\u00e9riaux<\/strong><\/li>\n<li><strong>Mat\u00e9riel de base<\/strong>: 120g Soft Touch Paper (toucher d\u00e9licat) + 1200g Paperboard (carton haute densit\u00e9), qui est \u00e0 la fois respectueux de l'environnement et r\u00e9sistant \u00e0 la charge, conform\u00e9ment \u00e0 la tendance de l'emballage durable.<\/li>\n<li><strong>Adaptation pr\u00e9cise de la taille et de la couleur<\/strong>\u00a0La personnalisation de la taille au millim\u00e8tre pr\u00e8s permet de s'adapter aux sp\u00e9cifications particuli\u00e8res de diverses m\u00e9dailles, pi\u00e8ces d'or ou \u0153uvres d'art. Le design de la bo\u00eete rouge \u00e0 fort contraste peut am\u00e9liorer de mani\u00e8re significative l'attractivit\u00e9 de la pr\u00e9sentation en rayon, et gr\u00e2ce au processus de laminage mat, il peut \u00e9viter les reflets qui interf\u00e8rent avec la focalisation visuelle.<\/li>\n<li><strong>Processus d'impression et traitement de surface<\/strong><\/li>\n<li><strong>Impression haute d\u00e9finition<\/strong>: La technologie de gravure CNC et d'impression offset permet de garantir que le motif et le texte sont clairs et sans reflet. L'estampage \u00e0 chaud, le gaufrage UV, la s\u00e9rigraphie et d'autres proc\u00e9d\u00e9s permettent de restituer avec pr\u00e9cision le logo de la marque.<\/li>\n<li><strong>Rev\u00eatement en film mat<\/strong>: La surface est recouverte d'un film mat, imperm\u00e9able \u00e0 l'eau et \u00e0 l'huile, qui prolonge la dur\u00e9e de vie de l'emballage, tout en conservant la texture d\u00e9licate du papier tactile.<\/li>\n<\/ol>\n<h4 id=\"-iii-eva-customized-lining-shock-resistant-cushioning-and-brand-value-added-\"><strong>3. Doublure personnalis\u00e9e en EVA : amortissement r\u00e9sistant aux chocs et valeur ajout\u00e9e \u00e0 la marque.<\/strong><\/h4>\n<ol>\n<li><strong>Protection du c\u0153ur<\/strong>: La doublure en EVA est standard dans la bo\u00eete. Elle s'adapte au contour de la m\u00e9daille\/pi\u00e8ce gr\u00e2ce \u00e0 une ouverture de moule pr\u00e9cise, afin de fournir une protection amortissante r\u00e9sistante aux chocs et d'\u00e9viter les dommages caus\u00e9s au produit par les chocs lors du transport.<\/li>\n<li><strong>Personnalisation de la marque<\/strong>: Il est possible d'opter pour une doublure en \u00e9ponge de velours, un flocage ou une doublure d\u00e9gradable respectueuse de l'environnement. La surface de la doublure peut \u00eatre imprim\u00e9e avec des slogans de la marque ou des motifs narratifs pour renforcer le sens de la c\u00e9r\u00e9monie de d\u00e9ballage et les points de m\u00e9moire du client.<\/li>\n<\/ol>\n<h4 id=\"-iv-advantages-of-china-s-source-factory-one-stop-service-guarantee-\"><strong>4. Avantages de l'usine chinoise : garantie d'un service \u00e0 guichet unique<\/strong><\/h4>\n<p>En tant qu'usine chinoise de bo\u00eetes d'emballage, nous int\u00e9grons l'ensemble de la cha\u00eene de conception, d'\u00e9preuvage et de production afin de fournir une r\u00e9ponse efficace :<\/p>\n<ol>\n<li><strong>\u00c9preuve rapide<\/strong>: La mod\u00e9lisation 3D et les \u00e9chantillons physiques sont parall\u00e8les, et un processus strict d'\u00e9talonnage des couleurs permet d'\u00e9viter les diff\u00e9rences de couleur et de garantir la coh\u00e9rence entre les projets de conception et les produits finis.<\/li>\n<li><strong>Production de masse<\/strong>: S'appuyant sur des lignes de production automatis\u00e9es et des cha\u00eenes d'approvisionnement flexibles, elle propose des commandes minimales de 500 pi\u00e8ces et des livraisons express en 72 heures pour r\u00e9pondre aux besoins urgents des clients du commerce de gros.<\/li>\n<li><strong>Engagement environnemental<\/strong>: Utiliser du papier certifi\u00e9 FSC et de l'encre \u00e0 base d'eau, respecter les normes d'exportation et aider les marques \u00e0 assumer leur responsabilit\u00e9 sociale.<\/li>\n<\/ol>\n<h4 id=\"-v-application-scenarios-and-successful-cases-\"><strong>5. Sc\u00e9narios d'application et cas de r\u00e9ussite<\/strong><\/h4>\n<ul>\n<li><strong>Distinctions d\u00e9cern\u00e9es aux entreprises<\/strong>: Personnalisation d'une bo\u00eete hexagonale noire mate pour une entreprise technologique de renom, avec une structure d'ouverture et de fermeture magn\u00e9tique int\u00e9gr\u00e9e et un LOGO en argent chaud, pour la remise de la m\u00e9daille annuelle des employ\u00e9s.<\/li>\n<li><strong>Collection d'art<\/strong>: Bo\u00eete ronde en acrylique personnalis\u00e9e pour une exposition de pi\u00e8ces de monnaie, avec un couvercle transparent qui affiche intuitivement les d\u00e9tails de la pi\u00e8ce d'or, et une doublure en velours imprim\u00e9e avec le num\u00e9ro de la collection.<\/li>\n<li><strong>Pr\u00e9sentoir de vente au d\u00e9tail<\/strong>: Le coffret cadeau rouge est assorti d'un sceau de taille en or, ce qui a permis \u00e0 la s\u00e9rie de pi\u00e8ces d'or en \u00e9dition limit\u00e9e d'une marque de luxe de s'\u00e9couler d\u00e8s le premier jour de son lancement.<\/li>\n<\/ul>","protected":false},"excerpt":{"rendered":"<p>1. Le couvercle et la base de la bo\u00eete sont \u00e9troitement imbriqu\u00e9s pour former une structure enti\u00e8rement envelopp\u00e9e, ce qui permet d'\u00e9viter la poussi\u00e8re et l'extrusion et de prot\u00e9ger le contenu contre les fuites.<br \/>\n2. Le type de bo\u00eete, le mat\u00e9riau, la couleur, la taille et le processus d'impression de surface peuvent \u00eatre personnalis\u00e9s pour s'adapter \u00e0 l'emballage de vos m\u00e9dailles, pi\u00e8ces d'or, cadeaux et \u0153uvres d'art.<br \/>\n3. Nous sommes l'usine d'origine de bo\u00eetes d'emballage en Chine, et nous nous occupons principalement de diverses bo\u00eetes cadeaux, bo\u00eetes de couleur, bo\u00eetes \u00e0 cartes, bo\u00eetes cylindriques en papier, sacs \u00e0 main \u00e0 \u00e9tiquettes et autres produits d'emballage en papier.<\/p>","protected":false},"featured_media":8511,"template":"","meta":[],"product_brand":[],"product_cat":[30,423,425,31],"product_tag":[871,872,873],"class_list":{"0":"post-8509","1":"product","2":"type-product","3":"status-publish","4":"has-post-thumbnail","6":"product_cat-by-industry","7":"product_cat-custom-presentation-boxes-by-industry","8":"product_cat-lid-and-base-gift-box","9":"product_cat-paper-box-style","10":"product_tag-custom-medal-packaging-boxes","11":"product_tag-gold-coin-boxes-wholesale","12":"product_tag-medal-gold-coin-packaging","14":"first","15":"instock","16":"shipping-taxable","17":"product-type-simple"},"_links":{"self":[{"href":"https:\/\/zojopackaging.com\/fr\/wp-json\/wp\/v2\/product\/8509","targetHints":{"allow":["GET"]}}],"collection":[{"href":"https:\/\/zojopackaging.com\/fr\/wp-json\/wp\/v2\/product"}],"about":[{"href":"https:\/\/zojopackaging.com\/fr\/wp-json\/wp\/v2\/types\/product"}],"version-history":[{"count":2,"href":"https:\/\/zojopackaging.com\/fr\/wp-json\/wp\/v2\/product\/8509\/revisions"}],"predecessor-version":[{"id":8523,"href":"https:\/\/zojopackaging.com\/fr\/wp-json\/wp\/v2\/product\/8509\/revisions\/8523"}],"wp:featuredmedia":[{"embeddable":true,"href":"https:\/\/zojopackaging.com\/fr\/wp-json\/wp\/v2\/media\/8511"}],"wp:attachment":[{"href":"https:\/\/zojopackaging.com\/fr\/wp-json\/wp\/v2\/media?parent=8509"}],"wp:term":[{"taxonomy":"product_brand","embeddable":true,"href":"https:\/\/zojopackaging.com\/fr\/wp-json\/wp\/v2\/product_brand?post=8509"},{"taxonomy":"product_cat","embeddable":true,"href":"https:\/\/zojopackaging.com\/fr\/wp-json\/wp\/v2\/product_cat?post=8509"},{"taxonomy":"product_tag","embeddable":true,"href":"https:\/\/zojopackaging.com\/fr\/wp-json\/wp\/v2\/product_tag?post=8509"}],"curies":[{"name":"wp","href":"https:\/\/api.w.org\/{rel}","templated":true}]}}