{"id":8532,"date":"2025-03-29T10:26:01","date_gmt":"2025-03-29T02:26:01","guid":{"rendered":"https:\/\/zojopackaging.com\/?post_type=product&#038;p=8532"},"modified":"2025-03-29T10:51:54","modified_gmt":"2025-03-29T02:51:54","slug":"custom-printed-hair-extension-packaging-boxes-wholesale","status":"publish","type":"product","link":"https:\/\/zojopackaging.com\/fr\/product\/custom-printed-hair-extension-packaging-boxes-wholesale\/","title":{"rendered":"Bo\u00eetes d'emballage pour extensions de cheveux imprim\u00e9es sur mesure Wholesale"},"content":{"rendered":"<h2 id=\"product-description-of-printed-hair-extension-packaging-box-wholesale-\">Bo\u00eete d'emballage pour extension de cheveux imprim\u00e9e sur mesure Wholesale<\/h2>\n<h3 id=\"-1-350g-high-weight-white-card-substrate-double-guarantee-of-printing-accuracy-and-protection-\"><strong>1. Support en carton blanc de 350 g \u00e0 fort grammage : double garantie de pr\u00e9cision et de protection de l'impression<\/strong><\/h3>\n<p>Utilisant le carton blanc 350g comme mat\u00e9riau de base, la surface est polie avec pr\u00e9cision et la douceur atteint le niveau d'impression standard (\u226590% de brillance), ce qui permet de pr\u00e9senter parfaitement des graphiques haute d\u00e9finition et des couleurs d\u00e9grad\u00e9es. Ses caract\u00e9ristiques sont les suivantes<\/p>\n<ul>\n<li><strong>Capacit\u00e9 de charge \u00e9lev\u00e9e<\/strong>: Adapt\u00e9e au poids des perruques (poids conventionnel des extensions de cheveux : 0,1-0,5 kg), la r\u00e9sistance \u00e0 la compression est 1,2 fois sup\u00e9rieure \u00e0 la norme industrielle, ce qui garantit que la bo\u00eete ne se d\u00e9forme pas pendant le transport.<\/li>\n<li><strong>Certification environnementale<\/strong>: Certification de gestion foresti\u00e8re FSC, conforme aux normes d'exportation europ\u00e9ennes et am\u00e9ricaines, et r\u00e9pondant aux besoins de d\u00e9veloppement durable de la marque.<\/li>\n<li><strong>Reproduction des couleurs<\/strong>: Prend en charge l'impression de couleurs d'accompagnement Pantone, le contr\u00f4le de la diff\u00e9rence de couleur \u22643%, correspond pr\u00e9cis\u00e9ment \u00e0 la s\u00e9rie de vert macaron (comme Pantone 13-0110 Green Ash), r\u00e9duit la fatigue visuelle et cr\u00e9e une atmosph\u00e8re de gu\u00e9rison naturelle.<\/li>\n<\/ul>\n<h3 id=\"-second-window-design-macaron-color-system-a-deep-combination-of-aesthetics-and-function-\"><strong>2. Design de fen\u00eatre + syst\u00e8me de couleurs macaron : une combinaison profonde d'esth\u00e9tique et de fonction<\/strong><\/h3>\n<ol>\n<li><strong>La fen\u00eatre transparente optimise l'exp\u00e9rience du consommateur<\/strong><\/li>\n<li><strong>Mat\u00e9riau de la fen\u00eatre<\/strong>: Film transparent personnalisable en PVC ou voile acrylique, \u00e9paisseur optionnelle de 0,5-1,2 mm, transmission de la lumi\u00e8re \u226590%, affichant intuitivement la couleur et la texture des produits d'extension de cheveux.<\/li>\n<li><strong>Forme de la fen\u00eatre<\/strong>: Le bord de la fen\u00eatre adopte la technologie de marquage \u00e0 chaud\/UV pour am\u00e9liorer la r\u00e9sistance \u00e0 la d\u00e9chirure et la sophistication visuelle.<\/li>\n<li><strong>La psychologie des couleurs au service des marques<\/strong><\/li>\n<li><strong>Tonalit\u00e9 principale vert macaron<\/strong>: Gr\u00e2ce \u00e0 la combinaison d'un vert \u00e0 faible saturation et d'un d\u00e9grad\u00e9 de blanc ivoire, il simule l'image visuelle d'un \"bar \u00e0 oxyg\u00e8ne forestier\" et correspond au concept de soins capillaires sains.<\/li>\n<li><strong>Processus d'impression dynamique<\/strong>: L'utilisation de l'impression offset et de la technologie UV locale pour obtenir un relief de texture de feuille verte ou un effet de contraste mat, am\u00e9liore la narration de l'emballage et l'attrait en rayon.<\/li>\n<\/ol>\n<h3 id=\"-three-full-dimensional-customized-services-exclusive-adaptation-from-box-type-to-lining-\"><strong>3. Services personnalis\u00e9s complets : adaptation exclusive du type de bo\u00eete \u00e0 la doublure.<\/strong><\/h3>\n<ol>\n<li><strong>Type de bo\u00eete et innovation structurelle<\/strong><\/li>\n<li><strong>Type de bo\u00eete de base<\/strong>Les caract\u00e9ristiques de la collection sont les suivantes : couvercle sup\u00e9rieur et inf\u00e9rieur (\u00e9tanche \u00e0 la poussi\u00e8re et \u00e0 la pression), bo\u00eete \u00e0 tiroirs (acc\u00e8s pratique), bo\u00eete en forme de livre \u00e0 rabat (sens aigu de la c\u00e9r\u00e9monie), crochet de support con\u00e7u pour s'adapter \u00e0 la pr\u00e9sentation verticale dans les supermarch\u00e9s.<\/li>\n<li><strong>D\u00e9veloppement en forme sp\u00e9ciale<\/strong>Les dimensions de l'appareil sont les suivantes : hexagone (style r\u00e9tro), trap\u00e8ze arrondi (prise en main ergonomique), couvercle magn\u00e9tique (ouverture et fermeture haut de gamme), la taille au millim\u00e8tre correspond exactement aux sp\u00e9cifications des produits d'extension de cheveux.<\/li>\n<li><strong>Matrice du processus de surface<\/strong><\/li>\n<li><strong>Couche protectrice<\/strong>Les produits de la gamme sont les suivants : film brillant (anti-rayures), film mat (anti-empreintes digitales), rev\u00eatement nano \u00e9tanche en option pour prolonger la dur\u00e9e de vie de l'emballage.<\/li>\n<li><strong>Processus \u00e0 valeur ajout\u00e9e<\/strong>: hot stamping LOGO, embossed brand pattern, silk-screen fluorescent slogan, support QR code\/NFC chip implantation to achieve anti-counterfeiting traceability.<\/li>\n<\/ol>\n<h3 id=\"-fourth-branded-lining-system-an-advanced-solution-from-protection-to-value-added-\"><strong>4. Syst\u00e8me de doublure de marque : une solution avanc\u00e9e, de la protection \u00e0 la valeur ajout\u00e9e<\/strong><\/h3>\n<ol>\n<li><strong>Configuration de la protection du noyau<\/strong><\/li>\n<li><strong>Rev\u00eatement antisismique<\/strong>: Le moule de pr\u00e9cision EVA s'adapte au contour de l'extension de cheveux, et les performances d'amortissement sont conformes \u00e0 la norme ASTM D4169, ce qui convient aux besoins de transport transfrontalier.<\/li>\n<li><strong>Traitement antistatique<\/strong>: La r\u00e9sistance de surface de la doublure de flocage est \u226410^6\u03a9, ce qui emp\u00eache l'adsorption statique des fibres de perruque due au frottement.<\/li>\n<li><strong>Extension de la valeur de la marque<\/strong><\/li>\n<li><strong>Positionnement environnemental<\/strong>: Doublure en papier alv\u00e9ol\u00e9 d\u00e9gradable + impression \u00e0 l'encre de soja, conforme \u00e0 la certification environnementale REACH de l'UE.<\/li>\n<li><strong>Positionnement haut de gamme<\/strong>: Doublure en coton velours + illustration de l'histoire de la marque en argent chaud, renfor\u00e7ant le sentiment de c\u00e9r\u00e9monie de d\u00e9ballage et le souvenir du client.<\/li>\n<\/ol>\n<h3 id=\"-five-china-s-source-factory-advantages-extreme-cost-effectiveness-and-agile-delivery-\"><strong>5. Les avantages de la Chine en tant qu'usine d'origine : une rentabilit\u00e9 extr\u00eame et une livraison rapide<\/strong><\/h3>\n<p>En tant qu'usine source de la ceinture de l'industrie de l'emballage dans le delta de la rivi\u00e8re des Perles, nous int\u00e9grons les ressources de l'ensemble de la cha\u00eene :<\/p>\n<ol>\n<li><strong>Avantage en termes de co\u00fbts<\/strong>: S'appuyant sur une cha\u00eene de production automatis\u00e9e d'une capacit\u00e9 de production annuelle de plus de 5 000 tonnes, le prix de la m\u00eame qualit\u00e9 est inf\u00e9rieur de 15%-20% au prix moyen du march\u00e9.<\/li>\n<li><strong>R\u00e9ponse agile<\/strong><\/li>\n<li><strong>Cycle d'\u00e9preuvage<\/strong>: Des rendus en 3D et des bo\u00eetes d'\u00e9chantillons physiques sont fournis dans les 48 heures, et une inspection AR \u00e0 distance est possible.<\/li>\n<li><strong>Production de masse<\/strong>: Commande minimale de 1 000 pi\u00e8ces, livraison extr\u00eamement rapide en 72 heures et exp\u00e9dition logistique transfrontali\u00e8re FOB\/DDP.<\/li>\n<li><strong>Syst\u00e8me de contr\u00f4le de la qualit\u00e9<\/strong><\/li>\n<li>Tests d'assurance qualit\u00e9 en cours de processus (colorim\u00e8tre, testeur de chute), taux de rendement \u2265 99,5%.<\/li>\n<li>Fournir des documents de certification ISO9001 et des rapports sur les mat\u00e9riaux SGS afin d'aider les marques \u00e0 s'implanter \u00e0 l'\u00e9tranger en toute conformit\u00e9.<\/li>\n<\/ol>\n<p><strong>Cas r\u00e9ussis et adaptation de la sc\u00e8ne<\/strong><\/p>\n<ul>\n<li><strong>Le commerce \u00e9lectronique transfrontalier touch\u00e9<\/strong>: Bo\u00eete \u00e0 crochets \u00e0 fen\u00eatre vert macaron personnalis\u00e9e pour une marque de perruques nord-am\u00e9ricaine, avec doublure antichoc en EVA, le taux de rachat dans la m\u00eame cat\u00e9gorie sur Amazon a augment\u00e9 de 35%.<\/li>\n<li><strong>Exclusivement pour les salons haut de gamme<\/strong>: Bo\u00eete d'aspiration magn\u00e9tique hexagonale + doublure en flocage + marquage \u00e0 chaud du LOGO, aidant les marques nationales d'extensions capillaires \u00e0 atteindre une prime terminale de 40%.<\/li>\n<li><strong>Produit respectueux de l'environnement<\/strong>Les produits sont fabriqu\u00e9s \u00e0 partir de papier alv\u00e9ol\u00e9 biod\u00e9gradable et d'encre de soja, approuv\u00e9s pour l'achat en gros par les marques europ\u00e9ennes certifi\u00e9es B Corp.<\/li>\n<\/ul>","protected":false},"excerpt":{"rendered":"<p>1. Carton blanc de 350 g, surface lisse convenant \u00e0 une impression de haute qualit\u00e9<br \/>\n2. La conception de la fen\u00eatre permet aux consommateurs d'observer directement les produits internes,<br \/>\n3. La couleur vert macaron r\u00e9duit la fatigue visuelle et cr\u00e9e une atmosph\u00e8re relaxante et curative.<br \/>\n4. Le type de bo\u00eete, le mat\u00e9riau, la couleur, la taille et le processus d'impression de surface peuvent \u00eatre personnalis\u00e9s \u00e0 l'infini pour s'adapter \u00e0 votre emballage de perruque d'extension de cheveux.<\/p>","protected":false},"featured_media":8533,"template":"","meta":[],"product_brand":[],"product_cat":[30,421,430,31],"product_tag":[877,879,878],"class_list":{"0":"post-8532","1":"product","2":"type-product","3":"status-publish","4":"has-post-thumbnail","6":"product_cat-by-industry","7":"product_cat-custom-hair-extension-boxes","8":"product_cat-folding-cartons","9":"product_cat-paper-box-style","10":"product_tag-custom-hair-extension-packaging","11":"product_tag-hair-extension-boxes-wholesale","12":"product_tag-hair-extension-packaging","14":"first","15":"instock","16":"shipping-taxable","17":"product-type-simple"},"_links":{"self":[{"href":"https:\/\/zojopackaging.com\/fr\/wp-json\/wp\/v2\/product\/8532","targetHints":{"allow":["GET"]}}],"collection":[{"href":"https:\/\/zojopackaging.com\/fr\/wp-json\/wp\/v2\/product"}],"about":[{"href":"https:\/\/zojopackaging.com\/fr\/wp-json\/wp\/v2\/types\/product"}],"version-history":[{"count":1,"href":"https:\/\/zojopackaging.com\/fr\/wp-json\/wp\/v2\/product\/8532\/revisions"}],"predecessor-version":[{"id":8539,"href":"https:\/\/zojopackaging.com\/fr\/wp-json\/wp\/v2\/product\/8532\/revisions\/8539"}],"wp:featuredmedia":[{"embeddable":true,"href":"https:\/\/zojopackaging.com\/fr\/wp-json\/wp\/v2\/media\/8533"}],"wp:attachment":[{"href":"https:\/\/zojopackaging.com\/fr\/wp-json\/wp\/v2\/media?parent=8532"}],"wp:term":[{"taxonomy":"product_brand","embeddable":true,"href":"https:\/\/zojopackaging.com\/fr\/wp-json\/wp\/v2\/product_brand?post=8532"},{"taxonomy":"product_cat","embeddable":true,"href":"https:\/\/zojopackaging.com\/fr\/wp-json\/wp\/v2\/product_cat?post=8532"},{"taxonomy":"product_tag","embeddable":true,"href":"https:\/\/zojopackaging.com\/fr\/wp-json\/wp\/v2\/product_tag?post=8532"}],"curies":[{"name":"wp","href":"https:\/\/api.w.org\/{rel}","templated":true}]}}