{"id":8540,"date":"2025-03-29T10:52:04","date_gmt":"2025-03-29T02:52:04","guid":{"rendered":"https:\/\/zojopackaging.com\/?post_type=product&#038;p=8540"},"modified":"2025-03-29T11:18:18","modified_gmt":"2025-03-29T03:18:18","slug":"custom-cannabis-concentrate-telescopic-packaging-wholesale","status":"publish","type":"product","link":"https:\/\/zojopackaging.com\/fr\/product\/custom-cannabis-concentrate-telescopic-packaging-wholesale\/","title":{"rendered":"Emballage t\u00e9lescopique personnalis\u00e9 pour concentr\u00e9 de cannabis Wholesale"},"content":{"rendered":"<h2 id=\"product-description-of-cannabis-concentrate-telescopic-packaging-wholesale\">Emballage t\u00e9lescopique personnalis\u00e9 pour concentr\u00e9 de cannabis Wholesale<\/h2>\n<h3 id=\"-1-environmentally-friendly-and-sustainable-material-system-industrial-grade-protection-and-green-certification-\"><strong>1. Syst\u00e8me de mat\u00e9riaux respectueux de l'environnement et durable : protection de qualit\u00e9 industrielle et certification verte<\/strong><\/h3>\n<p>Adopter\u00a0<strong>Papier d'art couch\u00e9 C2S 157g + carton dur 1000g<\/strong>\u00a0structure composite pour r\u00e9aliser une double avanc\u00e9e en mati\u00e8re de protection de l'environnement et de fonctionnalit\u00e9 :<\/p>\n<ul>\n<li><strong>Caract\u00e9ristiques des mat\u00e9riaux<\/strong>: Le liss\u00e9 de surface du papier couch\u00e9 C2S atteint la norme de qualit\u00e9 d'impression (\u226585% glossiness), restitue avec pr\u00e9cision les couleurs \u00e0 haute saturation ; la r\u00e9sistance \u00e0 la compression du carton dur atteint 1,5 fois la norme industrielle, ce qui convient au poids et \u00e0 la forme des concentr\u00e9s de cannabis (tels que la cire dab, la r\u00e9sine vivante).<\/li>\n<li><strong>Certification environnementale<\/strong>: Certifi\u00e9 FSC (gestion foresti\u00e8re) et ISO 14001 (syst\u00e8me de gestion environnementale), le taux de recyclabilit\u00e9 du mat\u00e9riau est sup\u00e9rieur \u00e0 95%, ce qui r\u00e9pond aux exigences r\u00e9glementaires des march\u00e9s europ\u00e9en et am\u00e9ricain en mati\u00e8re d'emballage durable.<\/li>\n<\/ul>\n<h3 id=\"-second-magnetic-embedded-structure-minimalist-aesthetics-and-functional-innovation-\"><strong>2. Structure de fermeture magn\u00e9tique : esth\u00e9tique minimaliste et innovation fonctionnelle<\/strong><\/h3>\n<ol>\n<li><strong>Technologie de verrouillage magn\u00e9tique<\/strong><\/li>\n<li><strong>Aimant cach\u00e9<\/strong>: L'aimant est int\u00e9gr\u00e9 \u00e0 l'int\u00e9rieur de la bo\u00eete pour \u00e9viter l'usure externe (comme l'anneau magn\u00e9tique traditionnel en NdFeB, qui s'oxyde facilement). Le mat\u00e9riau magn\u00e9tique en ferrite est combin\u00e9 au carton par le biais du processus de moulage par injection pour obtenir une force d'aspiration verticale \u2265 3N\/cm\u00b2, et la dur\u00e9e de vie de l'ouverture et de la fermeture d\u00e9passe 5000 fois.<\/li>\n<li><strong>Optimisation structurelle<\/strong>: Convient aux couvercles sup\u00e9rieurs et inf\u00e9rieurs et aux bo\u00eetes \u00e0 clapet, prend en charge les clapets magn\u00e9tiques (positionnement haut de gamme) ou les glissi\u00e8res magn\u00e9tiques de type tiroir (acc\u00e8s pratique), et le contr\u00f4le de la tol\u00e9rance au niveau du millim\u00e8tre garantit l'\u00e9tanch\u00e9it\u00e9 de la fermeture.<\/li>\n<li><strong>Minimalisme visuel<\/strong><\/li>\n<li>La fermeture magn\u00e9tique sans vis ni boucle apparente, associ\u00e9e au traitement de surface par film mat\/brillant, renforce l'impression de technologie et de positionnement haut de gamme.<\/li>\n<\/ol>\n<h3 id=\"-iii-spot-uv-process-high-precision-printing-and-second-level-curing-\"><strong>3. Proc\u00e9d\u00e9 UV ponctuel : impression de haute pr\u00e9cision et s\u00e9chage de deuxi\u00e8me niveau<\/strong><\/h3>\n<ol>\n<li><strong>Technologie d'impression dynamique<\/strong><\/li>\n<li><strong>Gaufrage partiel aux UV<\/strong>: L'effet de gaufrage 3D du LOGO et de la texture de la feuille de cannabis est obtenu par la technologie d'impression offset CNC, le temps de s\u00e9chage UV \u22645 secondes, et l'efficacit\u00e9 est augment\u00e9e de 90% par rapport au s\u00e9chage thermique traditionnel.<\/li>\n<li><strong>Gestion des couleurs<\/strong>: Prise en charge des couleurs d'accompagnement Pantone + impression en d\u00e9grad\u00e9 de quatre couleurs, contr\u00f4le de la diff\u00e9rence de couleur \u22643%, par exemple, le vert fluorescent (Pantone 802C) peut augmenter le taux de reconnaissance de l'affichage en rayon de 40%.<\/li>\n<li><strong>Syst\u00e8me de protection de surface<\/strong><\/li>\n<li>Rev\u00eatement en film brillant (anti-rayures) + rev\u00eatement nano \u00e9tanche (anti-fuites), adapt\u00e9 aux caract\u00e9ristiques des concentr\u00e9s de cannabis qui sont facilement affect\u00e9s par la temp\u00e9rature et l'humidit\u00e9.<\/li>\n<\/ol>\n<h3 id=\"-iv-full-dimensional-customization-solution-precise-adaptation-from-box-type-to-lining-\"><strong>4. Solution de personnalisation compl\u00e8te : adaptation pr\u00e9cise du type de bo\u00eete \u00e0 la doublure<\/strong><\/h3>\n<ol>\n<li><strong>Innovation de type bo\u00eete<\/strong><\/li>\n<li><strong>Type de bo\u00eete de base<\/strong>Bo\u00eete t\u00e9lescopique (adapt\u00e9e \u00e0 de multiples sp\u00e9cifications de concentr\u00e9s), bo\u00eete magn\u00e9tique hexagonale (style r\u00e9tro), bo\u00eete \u00e0 fen\u00eatre transparente (affichage intuitif de la texture du produit).<\/li>\n<li><strong>Int\u00e9gration fonctionnelle<\/strong>: Le design du crochet optimise la pr\u00e9sentation verticale dans les supermarch\u00e9s, ou int\u00e8gre des puces NFC pour assurer une tra\u00e7abilit\u00e9 anti-contrefa\u00e7on.<\/li>\n<li><strong>Syst\u00e8me de rev\u00eatement<\/strong><\/li>\n<li><strong>Doublure antisismique en EVA<\/strong>: L'ouverture du moule de pr\u00e9cision s'adapte au contour du concentr\u00e9 (tels que les bocaux en verre, les r\u00e9cipients en silicone), la performance de rembourrage atteint la norme ASTM D4169, et permet d'am\u00e9liorer le rev\u00eatement en flocage (antistatique) ou en papier nid d'abeille d\u00e9gradable (positionnement environnemental).<\/li>\n<\/ol>\n<h3 id=\"-v-advantages-of-china-s-source-factory-compliance-cost-and-agile-delivery-\"><strong>5. Avantages de l'usine source chinoise : conformit\u00e9, co\u00fbt et rapidit\u00e9 de livraison<\/strong><\/h3>\n<p>En tant qu'usine situ\u00e9e au c\u0153ur de la ceinture industrielle du delta de la rivi\u00e8re des Perles, nous fournissons.. :<\/p>\n<ol>\n<li><strong>Garantie de conformit\u00e9<\/strong><\/li>\n<li>Mati\u00e8res premi\u00e8res en papier certifi\u00e9es FSC + syst\u00e8me de contr\u00f4le de la qualit\u00e9 ISO 9001, fourniture de rapports d'essai SGS et de documents de conformit\u00e9 \u00e0 l'exportation.<\/li>\n<li><strong>Performance ultime en mati\u00e8re de co\u00fbts<\/strong><\/li>\n<li>La capacit\u00e9 de production annuelle d\u00e9passe 5 000 tonnes, et l'approvisionnement \u00e0 grande \u00e9chelle rend le co\u00fbt 15%-20% inf\u00e9rieur au prix moyen du march\u00e9, ce qui permet de passer une commande minimale de 1 000 pi\u00e8ces.<\/li>\n<li><strong>R\u00e9ponse agile<\/strong><\/li>\n<li>Fournir des rendus en 3D et des bo\u00eetes d'\u00e9chantillons physiques dans les 48 heures, production de masse dans les 72 heures, prendre en charge l'exp\u00e9dition transfrontali\u00e8re FOB\/DDP.<\/li>\n<\/ol>\n<p><strong>Sc\u00e9narios d'application et cas de r\u00e9ussite<\/strong><\/p>\n<ul>\n<li><strong>Produits \u00e0 succ\u00e8s du commerce \u00e9lectronique transfrontalier<\/strong>: Bo\u00eetes magn\u00e9tiques r\u00e9tractables vertes fluorescentes personnalis\u00e9es pour une marque nord-am\u00e9ricaine, avec doublure anti-vibration en EVA, le taux de rachat de la m\u00eame cat\u00e9gorie sur Amazon a augment\u00e9 de 35%.<\/li>\n<li><strong>March\u00e9 m\u00e9dical haut de gamme<\/strong>: Bo\u00eetes magn\u00e9tiques noir mat + processus partiel de marquage \u00e0 chaud aux UV, aident une marque europ\u00e9enne de marijuana m\u00e9dicale \u00e0 obtenir une prime de terminal de 50%.<\/li>\n<li><strong>Ligne conceptuelle de protection de l'environnement<\/strong>: Doublure en papier nid d'abeille d\u00e9gradable + impression \u00e0 l'encre de soja, entreprises certifi\u00e9es B Corp, achat en vrac.<\/li>\n<\/ul>","protected":false},"excerpt":{"rendered":"<p>1. 157g de papier couch\u00e9 C2S + 1000g de carton rigide, mat\u00e9riaux durables et respectueux de l'environnement<br \/>\n2. Bo\u00eete \u00e0 fermeture magn\u00e9tique, conception int\u00e9gr\u00e9e \u00e0 l'aimant pour \u00e9viter l'usure externe, visuellement plus simple.<br \/>\n3. Spot UV, s\u00e9chage complet en quelques secondes, production \u00e0 haut rendement<br \/>\n4. Personnalisation illimit\u00e9e du type de bo\u00eete, du mat\u00e9riau, de la couleur, de la taille, du processus d'impression de surface pour s'adapter \u00e0 votre concentr\u00e9, \u00e0 la r\u00e9sion en direct, \u00e0 l'emballage de la cire de dab.<\/p>","protected":false},"featured_media":8543,"template":"","meta":[],"product_brand":[],"product_cat":[30,420,424,31],"product_tag":[880,750,881],"class_list":{"0":"post-8540","1":"product","2":"type-product","3":"status-publish","4":"has-post-thumbnail","6":"product_cat-by-industry","7":"product_cat-custom-cannabis-boxes","8":"product_cat-magnetic-closure-boxes","9":"product_cat-paper-box-style","10":"product_tag-cannabis-packaging-wholesale","11":"product_tag-concentrate-packaging","12":"product_tag-concentrate-telescopic-packaging","14":"first","15":"instock","16":"shipping-taxable","17":"product-type-simple"},"_links":{"self":[{"href":"https:\/\/zojopackaging.com\/fr\/wp-json\/wp\/v2\/product\/8540","targetHints":{"allow":["GET"]}}],"collection":[{"href":"https:\/\/zojopackaging.com\/fr\/wp-json\/wp\/v2\/product"}],"about":[{"href":"https:\/\/zojopackaging.com\/fr\/wp-json\/wp\/v2\/types\/product"}],"version-history":[{"count":1,"href":"https:\/\/zojopackaging.com\/fr\/wp-json\/wp\/v2\/product\/8540\/revisions"}],"predecessor-version":[{"id":8547,"href":"https:\/\/zojopackaging.com\/fr\/wp-json\/wp\/v2\/product\/8540\/revisions\/8547"}],"wp:featuredmedia":[{"embeddable":true,"href":"https:\/\/zojopackaging.com\/fr\/wp-json\/wp\/v2\/media\/8543"}],"wp:attachment":[{"href":"https:\/\/zojopackaging.com\/fr\/wp-json\/wp\/v2\/media?parent=8540"}],"wp:term":[{"taxonomy":"product_brand","embeddable":true,"href":"https:\/\/zojopackaging.com\/fr\/wp-json\/wp\/v2\/product_brand?post=8540"},{"taxonomy":"product_cat","embeddable":true,"href":"https:\/\/zojopackaging.com\/fr\/wp-json\/wp\/v2\/product_cat?post=8540"},{"taxonomy":"product_tag","embeddable":true,"href":"https:\/\/zojopackaging.com\/fr\/wp-json\/wp\/v2\/product_tag?post=8540"}],"curies":[{"name":"wp","href":"https:\/\/api.w.org\/{rel}","templated":true}]}}