{"id":8548,"date":"2025-03-29T11:18:27","date_gmt":"2025-03-29T03:18:27","guid":{"rendered":"https:\/\/zojopackaging.com\/?post_type=product&#038;p=8548"},"modified":"2025-03-29T11:36:38","modified_gmt":"2025-03-29T03:36:38","slug":"custom-vitamin-nutritional-dietary-supplement-packaging-box","status":"publish","type":"product","link":"https:\/\/zojopackaging.com\/fr\/product\/custom-vitamin-nutritional-dietary-supplement-packaging-box\/","title":{"rendered":"Bo\u00eete d'emballage de vitamines et de compl\u00e9ments alimentaires sur mesure"},"content":{"rendered":"<h2 id=\"product-description-of-vitamin-nutrition-dietary-supplement-packaging-box-\">Bo\u00eete d'emballage de vitamines et de compl\u00e9ments alimentaires sur mesure<\/h2>\n<h3 id=\"-1-fsc-certified-environmentally-friendly-material-system-industrial-grade-protection-and-green-commitment-\"><strong>1. Syst\u00e8me de mat\u00e9riaux respectueux de l'environnement certifi\u00e9 FSC : protection de niveau industriel et engagement \u00e9cologique<\/strong><\/h3>\n<p>Adopter\u00a0<strong>Papier d'art couch\u00e9 C2S 157g + carton dur 1200g<\/strong>\u00a0pour r\u00e9aliser une double perc\u00e9e en mati\u00e8re de protection de l'environnement et de fonctionnalit\u00e9 :<\/p>\n<ul>\n<li><strong>Caract\u00e9ristiques des mat\u00e9riaux<\/strong>: La surface du papier couch\u00e9 C2S atteint la norme de qualit\u00e9 d'impression (\u226590% glossiness), restitue avec pr\u00e9cision les couleurs \u00e0 saturation \u00e9lev\u00e9e ; la r\u00e9sistance \u00e0 la compression du carton dur 1200g atteint 1,8 fois la norme industrielle, et peut supporter la pression d'empilage pour le transport (&gt;50kg\/m\u00b2), convenant aux vitamines en bouteille, en sachet et \u00e0 d'autres formes de produits.<\/li>\n<li><strong>Certification environnementale<\/strong>: Certifi\u00e9 FSC, le taux de recyclabilit\u00e9 du mat\u00e9riau est sup\u00e9rieur \u00e0 95%, ce qui r\u00e9pond aux exigences r\u00e9glementaires des march\u00e9s europ\u00e9en et am\u00e9ricain en mati\u00e8re d'emballage durable.<\/li>\n<\/ul>\n<h3 id=\"-second-the-box-design-of-the-top-and-bottom-cover-full-protection-and-ritual-experience-\"><strong>2. La conception de la bo\u00eete des couvercles sup\u00e9rieur et inf\u00e9rieur : protection compl\u00e8te et exp\u00e9rience rituelle<\/strong><\/h3>\n<ol>\n<li><strong>Structure de protection \u00e0 double couche<\/strong><\/li>\n<li><strong>Processus d'imbrication de pr\u00e9cision<\/strong>: Le couvercle sup\u00e9rieur et la bo\u00eete inf\u00e9rieure sont contr\u00f4l\u00e9s par une tol\u00e9rance de l'ordre du millim\u00e8tre, et une structure enti\u00e8rement envelopp\u00e9e est form\u00e9e apr\u00e8s la fermeture, ce qui am\u00e9liore la r\u00e9sistance \u00e0 la poussi\u00e8re et \u00e0 l'humidit\u00e9 de 40%, et convient au transport transfrontalier et aux besoins d'entreposage.<\/li>\n<li><strong>Optimisation ergonomique<\/strong>: Il prend en charge les couvercles magn\u00e9tiques (positionnement haut de gamme) ou les glissi\u00e8res de type tiroir (acc\u00e8s pratique), avec une dur\u00e9e de vie de plus de 5 000 ouvertures et fermetures, ce qui permet de r\u00e9pondre aux sc\u00e9narios d'utilisation \u00e0 haute fr\u00e9quence.<\/li>\n<li><strong>Int\u00e9gration visuelle et fonctionnelle<\/strong><\/li>\n<li><strong>Le type de bo\u00eete des couvercles sup\u00e9rieur et inf\u00e9rieur<\/strong>\u00a0peut \u00eatre dot\u00e9 d'une fen\u00eatre acrylique transparente (transmission de la lumi\u00e8re \u2265 90%), qui permet d'afficher intuitivement l'\u00e9tiquette de la bouteille ou la couleur de la capsule et de renforcer la confiance du consommateur.<\/li>\n<\/ol>\n<h3 id=\"-three-emboss-hot-stamping-silver-process-luxurious-texture-and-brand-recognition-\"><strong>3. Gaufrage + marquage \u00e0 chaud : texture luxueuse et reconnaissance de la marque<\/strong><\/h3>\n<ol>\n<li><strong>Proc\u00e9d\u00e9 de relief tridimensionnel (Emboss)<\/strong><\/li>\n<li>La technologie de gravure CNC permet d'obtenir des effets de relief en 3D, tels que le logo de la marque, la structure mol\u00e9culaire des vitamines, etc., avec un toucher d\u00e9licat et une augmentation de la r\u00e9sistance \u00e0 l'usure, conform\u00e9ment au positionnement des produits de sant\u00e9 haut de gamme.<\/li>\n<li><strong>Marquage \u00e0 chaud du processus d'autonomisation de l'argent<\/strong><\/li>\n<li>L'utilisation de la technologie de marquage \u00e0 chaud de feuilles d'argent miroir, le contr\u00f4le de la diff\u00e9rence de couleur \u22643%, le syst\u00e8me de marque VI Pantone de correspondance des couleurs sp\u00e9ciales, tel que le d\u00e9grad\u00e9 argent-gris peut renforcer le \"sens de la technologie\", le marquage \u00e0 chaud en or est adapt\u00e9 au concept de \"naturel organique\".<\/li>\n<li><strong>Syst\u00e8me de protection de surface<\/strong><\/li>\n<li>L'enduction de film brillant (anti-rayures) combin\u00e9e \u00e0 l'enduction nano \u00e9tanche pour prolonger la dur\u00e9e de vie de l'emballage, convient aux produits en poudre qui sont facilement affect\u00e9s par l'humidit\u00e9.<\/li>\n<\/ol>\n<h3 id=\"-fourth-full-dimensional-customization-solution-precise-adaptation-from-box-type-to-lining-\"><strong>4. Solution de personnalisation compl\u00e8te : adaptation pr\u00e9cise du type de bo\u00eete \u00e0 la doublure<\/strong><\/h3>\n<ol>\n<li><strong>Matrice d'innovation de type bo\u00eete<\/strong><\/li>\n<li><strong>Type de bo\u00eete de base<\/strong>La conception de l'espace de pr\u00e9sentation verticale dans les supermarch\u00e9s est optimis\u00e9e par la pr\u00e9sence d'un couvercle sup\u00e9rieur et inf\u00e9rieur, d'un rabat en forme de livre, d'une bo\u00eete magn\u00e9tique hexagonale et d'un crochet d'appui.<\/li>\n<li><strong>D\u00e9veloppement en forme sp\u00e9ciale<\/strong>La bo\u00eete bionique \u00e0 capsules, pliable et de taille millim\u00e9trique, convient \u00e0 un seul flacon ou \u00e0 un ensemble de plusieurs flacons.<\/li>\n<li><strong>Matrice du processus d'impression<\/strong><\/li>\n<li>Ils supportent le relief partiel par UV, le slogan fluorescent par s\u00e9rigraphie, l'implantation d'une puce NFC (tra\u00e7abilit\u00e9 anti-contrefa\u00e7on), et m\u00eame un lien QR code personnalis\u00e9 vers la page de service du nutritionniste.<\/li>\n<li><strong>Am\u00e9lioration du syst\u00e8me de rev\u00eatement<\/strong><\/li>\n<li><strong>Protection du c\u0153ur<\/strong>: Doublure de pr\u00e9cision en EVA, performance d'amortissement conforme \u00e0 la norme ASTM D4169, adapt\u00e9e aux bouteilles en verre ou aux capsules souples fragiles.<\/li>\n<li><strong>Valeur ajout\u00e9e \u00e0 la marque<\/strong>: Doublure en flocage (antistatique) imprim\u00e9e avec des illustrations de l'histoire de la marque, ou doublure en papier alv\u00e9ol\u00e9 d\u00e9gradable avec impression \u00e0 l'encre de soja, conform\u00e9ment au concept de protection de l'environnement.<\/li>\n<\/ol>\n<h3 id=\"-v-advantages-of-china-s-source-factory-extreme-cost-effectiveness-and-agile-service-\"><strong>5. Avantages de l'usine source chinoise : rentabilit\u00e9 extr\u00eame et service agile<\/strong><\/h3>\n<p>En tant qu'usine situ\u00e9e dans la zone industrielle centrale du delta de la rivi\u00e8re des Perles, nous int\u00e9grons les ressources de l'ensemble de la cha\u00eene :<\/p>\n<ol>\n<li><strong>D\u00e9marrage sans frais<\/strong><\/li>\n<li><strong>\u00c9preuve gratuite<\/strong>: Des rendus en 3D et des bo\u00eetes d'\u00e9chantillons physiques sont fournis dans les 48 heures, et l'inspection \u00e0 distance par AR est possible.<\/li>\n<li><strong>Conception gratuite<\/strong>: L'\u00e9quipe professionnelle propose des solutions de fusion VI, telles que le d\u00e9grad\u00e9 de bleu et de blanc pour r\u00e9duire la fatigue visuelle, ou la couleur macaron pour cr\u00e9er une sensation de gu\u00e9rison.<\/li>\n<li><strong>Avantage en termes de co\u00fbts<\/strong><\/li>\n<li>La capacit\u00e9 de production annuelle d\u00e9passe 8 000 tonnes, et l'approvisionnement \u00e0 grande \u00e9chelle rend le prix 15%-20% inf\u00e9rieur au prix moyen du march\u00e9, avec une commande minimale de 1 000 pi\u00e8ces.<\/li>\n<li><strong>Livraison agile<\/strong><\/li>\n<li>Production de masse rapide en 72 heures, prise en charge des envois transfrontaliers FOB\/DDP et fourniture de rapports d'essai SGS et de documents de conformit\u00e9 \u00e0 l'exportation.<\/li>\n<\/ol>\n<p><strong>Sc\u00e9narios d'application et cas de r\u00e9ussite<\/strong><\/p>\n<ul>\n<li><strong>Produits \u00e0 succ\u00e8s du commerce \u00e9lectronique transfrontalier<\/strong>: Bo\u00eetes magn\u00e9tiques hexagonales argent\u00e9es personnalis\u00e9es pour une marque nord-am\u00e9ricaine, avec doublure en flocage, le taux de r\u00e9achat d'Amazon a augment\u00e9 de 35%.<\/li>\n<li><strong>Exclusivement pour les cliniques haut de gamme<\/strong>: Bo\u00eete gaufr\u00e9e + doublure biod\u00e9gradable, aidant les marques europ\u00e9ennes de vitamines biologiques \u00e0 obtenir une prime de terminal 50%.<\/li>\n<li><strong>Service d'abonnement<\/strong>: Les couvercles sup\u00e9rieur et inf\u00e9rieur sont \u00e9quip\u00e9s de puces NFC, et vous pouvez scanner le code pour obtenir directement un plan nutritionnel personnalis\u00e9, et faire des achats en gros aupr\u00e8s de marques personnalis\u00e9es telles que HandLove.<\/li>\n<\/ul>","protected":false},"excerpt":{"rendered":"<p>1. 157g de papier couch\u00e9 C2S + 1200g de carton rigide certifi\u00e9 FSC<br \/>\n2. Le type de bo\u00eete \u00e0 couvercle et \u00e0 base utilise le couvercle sup\u00e9rieur et la bo\u00eete inf\u00e9rieure pour s'embo\u00eeter \u00e9troitement afin de former une structure enti\u00e8rement envelopp\u00e9e, et la double couche prot\u00e8ge votre produit contre les dommages.<br \/>\n3. La technologie du gaufrage conf\u00e8re \u00e0 l'emballage une impression de luxe et une pr\u00e9sentation visuelle de haute qualit\u00e9.<br \/>\n4. La technologie de la feuille d'argent estamp\u00e9e \u00e0 chaud a une excellente expression visuelle et peut mettre en valeur le luxe de la bo\u00eete.<\/p>","protected":false},"featured_media":8550,"template":"","meta":[],"product_brand":[],"product_cat":[30,422,425,31],"product_tag":[882,883,884],"class_list":{"0":"post-8548","1":"product","2":"type-product","3":"status-publish","4":"has-post-thumbnail","6":"product_cat-by-industry","7":"product_cat-custom-gourmet-boxes-by-industry","8":"product_cat-lid-and-base-gift-box","9":"product_cat-paper-box-style","10":"product_tag-custom-vitamin-packaging","11":"product_tag-nutritional-packaging-box","12":"product_tag-supplement-packaging-box","14":"first","15":"instock","16":"shipping-taxable","17":"product-type-simple"},"_links":{"self":[{"href":"https:\/\/zojopackaging.com\/fr\/wp-json\/wp\/v2\/product\/8548","targetHints":{"allow":["GET"]}}],"collection":[{"href":"https:\/\/zojopackaging.com\/fr\/wp-json\/wp\/v2\/product"}],"about":[{"href":"https:\/\/zojopackaging.com\/fr\/wp-json\/wp\/v2\/types\/product"}],"version-history":[{"count":1,"href":"https:\/\/zojopackaging.com\/fr\/wp-json\/wp\/v2\/product\/8548\/revisions"}],"predecessor-version":[{"id":8554,"href":"https:\/\/zojopackaging.com\/fr\/wp-json\/wp\/v2\/product\/8548\/revisions\/8554"}],"wp:featuredmedia":[{"embeddable":true,"href":"https:\/\/zojopackaging.com\/fr\/wp-json\/wp\/v2\/media\/8550"}],"wp:attachment":[{"href":"https:\/\/zojopackaging.com\/fr\/wp-json\/wp\/v2\/media?parent=8548"}],"wp:term":[{"taxonomy":"product_brand","embeddable":true,"href":"https:\/\/zojopackaging.com\/fr\/wp-json\/wp\/v2\/product_brand?post=8548"},{"taxonomy":"product_cat","embeddable":true,"href":"https:\/\/zojopackaging.com\/fr\/wp-json\/wp\/v2\/product_cat?post=8548"},{"taxonomy":"product_tag","embeddable":true,"href":"https:\/\/zojopackaging.com\/fr\/wp-json\/wp\/v2\/product_tag?post=8548"}],"curies":[{"name":"wp","href":"https:\/\/api.w.org\/{rel}","templated":true}]}}