{"id":8555,"date":"2025-03-29T11:36:53","date_gmt":"2025-03-29T03:36:53","guid":{"rendered":"https:\/\/zojopackaging.com\/?post_type=product&#038;p=8555"},"modified":"2025-03-29T11:58:19","modified_gmt":"2025-03-29T03:58:19","slug":"customized-underwear-packaging-boxes-sliding-drawer-box","status":"publish","type":"product","link":"https:\/\/zojopackaging.com\/fr\/product\/customized-underwear-packaging-boxes-sliding-drawer-box\/","title":{"rendered":"Bo\u00eetes d'emballage de sous-v\u00eatements personnalis\u00e9es Bo\u00eete \u00e0 tiroir coulissant"},"content":{"rendered":"<h2 id=\"product-description-of-sliding-drawer-box-for-underwear-packaging-box-\">Bo\u00eete \u00e0 tiroirs coulissants personnalis\u00e9e pour l'emballage de sous-v\u00eatements<\/h2>\n<h3 id=\"-1-environmentally-friendly-material-system-fsc-certification-and-industrial-grade-protection-\"><strong>1. Syst\u00e8me de mat\u00e9riaux respectueux de l'environnement : Certification FSC et protection de qualit\u00e9 industrielle<\/strong><\/h3>\n<p>Adopter\u00a0<strong>Papier d'art couch\u00e9 C2S 157g + carton dur 1200g<\/strong>\u00a0structure composite, qui est \u00e0 la fois \u00e9cologique et fonctionnelle :<\/p>\n<ul>\n<li><strong>Caract\u00e9ristiques des mat\u00e9riaux<\/strong>: La surface du papier couch\u00e9 C2S atteint la norme de qualit\u00e9 d'impression (\u226590% glossiness), restituant avec pr\u00e9cision les couleurs \u00e0 haute saturation ; la r\u00e9sistance \u00e0 la compression du carton dur 1200g atteint 1,8 fois la norme industrielle, et peut supporter la pression d'empilage pour le transport (&gt;50kg\/m\u00b2), convenant aux cat\u00e9gories de luxe l\u00e9g\u00e8res telles que les sous-v\u00eatements et les v\u00eatements en soie.<\/li>\n<li><strong>Certification environnementale<\/strong>: Certifi\u00e9 FSC, le taux de recyclabilit\u00e9 du mat\u00e9riau atteint 95%, ce qui r\u00e9pond aux exigences r\u00e9glementaires des march\u00e9s europ\u00e9en et am\u00e9ricain en mati\u00e8re d'emballage durable.<\/li>\n<\/ul>\n<h3 id=\"-second-pull-out-sliding-box-design-convenient-operation-and-ritual-fusion-\"><strong>2. Bo\u00eete \u00e0 papier \u00e0 tiroir : utilisation pratique et fusion rituelle<\/strong><\/h3>\n<ol>\n<li><strong>Innovation fonctionnelle<\/strong><\/li>\n<li><strong>Structure du rail coulissant<\/strong>: Adopte une conception d'embo\u00eetement de rails et de rainures de pr\u00e9cision, un amortissement mod\u00e9r\u00e9 de l'ouverture et de la fermeture, une op\u00e9ration de retrait d'une seule main peut \u00eatre r\u00e9alis\u00e9e, ce qui permet de gagner du temps par rapport aux bo\u00eetes \u00e0 couvercle basculant traditionnelles.<\/li>\n<li><strong>Optimisation ergonomique<\/strong>: Permet de personnaliser la taille au millim\u00e8tre pr\u00e8s, convient aux soutiens-gorge, aux sous-v\u00eatements, aux chaussettes et \u00e0 d'autres cat\u00e9gories d'ensembles combin\u00e9s, et le bord de la bo\u00eete adopte un design arrondi anti-rayures.<\/li>\n<li><strong>Int\u00e9gration visuelle et fonctionnelle<\/strong><\/li>\n<li>Peut \u00eatre int\u00e9gr\u00e9 dans une fen\u00eatre transparente en acrylique (transmission de la lumi\u00e8re \u2265 90%), afficher intuitivement la texture du produit, renforcer la confiance du consommateur.<\/li>\n<\/ol>\n<h3 id=\"-third-branded-visual-system-ribbon-accessories-and-matte-film-protection-\"><strong>3. Syst\u00e8me visuel de marque : accessoires de ruban et protection par film mat<\/strong><\/h3>\n<ol>\n<li><strong>Am\u00e9lioration des d\u00e9tails esth\u00e9tiques<\/strong><\/li>\n<li><strong>D\u00e9coration en ruban<\/strong>: Sangles standard en soie ou en satin, avec marquage \u00e0 chaud du LOGO de la marque ou texture tiss\u00e9e de couleur personnalis\u00e9e, renfor\u00e7ant le sentiment de c\u00e9r\u00e9monie de d\u00e9ballage et l'attrait de l'\u00e9talage.<\/li>\n<li><strong>Rev\u00eatement de film mat<\/strong>: La surface est recouverte d'un film mat, les performances d'imperm\u00e9abilit\u00e9 \u00e0 l'eau et \u00e0 l'huile sont am\u00e9lior\u00e9es par 40%, ce qui convient au stockage \u00e0 long terme de mat\u00e9riaux facilement salissants tels que la soie et la dentelle.<\/li>\n<li><strong>Matrice du processus d'impression<\/strong><\/li>\n<li><strong>Impression haute d\u00e9finition<\/strong>: Utilisation de l'impression offset + technologie de gaufrage local UV, supportant les couleurs d'accompagnement Pantone et les gradients de quatre couleurs, le contr\u00f4le de la diff\u00e9rence de couleur \u22643%, par exemple, le syst\u00e8me de couleur macaron peut r\u00e9duire la fatigue visuelle, ce qui correspond au positionnement de la marque du syst\u00e8me de gu\u00e9rison.<\/li>\n<li><strong>Processus \u00e0 valeur ajout\u00e9e<\/strong>Le logo peut \u00eatre argent\u00e9 \u00e0 chaud, le slogan fluorescent s\u00e9rigraphi\u00e9, et m\u00eame une puce NFC peut \u00eatre implant\u00e9e pour \u00e9tablir un lien avec la page de service en ligne de la marque.<\/li>\n<\/ol>\n<h3 id=\"-fourth-full-dimensional-customization-solution-precise-adaptation-from-box-type-to-lining-\"><strong>4. Solution de personnalisation compl\u00e8te : adaptation pr\u00e9cise du type de bo\u00eete \u00e0 la doublure<\/strong><\/h3>\n<ol>\n<li><strong>Matrice d'innovation de type bo\u00eete<\/strong><\/li>\n<li><strong>Type de bo\u00eete de base<\/strong>Les bo\u00eetes \u00e0 glissi\u00e8re : bo\u00eete \u00e0 tiroir \u00e0 une ou plusieurs couches, bo\u00eete \u00e0 glissi\u00e8re magn\u00e9tique hexagonale, crochet de support pour optimiser la pr\u00e9sentation verticale dans les supermarch\u00e9s.<\/li>\n<li><strong>D\u00e9veloppement en forme sp\u00e9ciale<\/strong>: Bionic curve box (simulant un contour ergonomique), colis de voyage pliable, adapt\u00e9 aux besoins du commerce \u00e9lectronique transfrontalier dans de multiples sc\u00e9narios.<\/li>\n<li><strong>Am\u00e9lioration du syst\u00e8me de rev\u00eatement<\/strong><\/li>\n<li><strong>Protection du c\u0153ur<\/strong>: Doublure EVA moul\u00e9e avec pr\u00e9cision, performance d'amortissement conforme \u00e0 la norme ASTM D4169, adapt\u00e9e aux sous-v\u00eatements sans couture ou aux produits en tulle qui sont faciles \u00e0 d\u00e9former.<\/li>\n<li><strong>Valeur ajout\u00e9e \u00e0 la marque<\/strong>: Doublure en flocage (antistatique) imprim\u00e9e avec des illustrations de l'histoire de la marque, ou doublure en papier alv\u00e9ol\u00e9 d\u00e9gradable avec impression \u00e0 l'encre de soja, conform\u00e9ment au concept de protection de l'environnement.<\/li>\n<\/ol>\n<h3 id=\"-v-advantages-of-source-factory-agile-delivery-and-cost-control-\"><strong>5. Avantages de l'usine source : souplesse de livraison et ma\u00eetrise des co\u00fbts<\/strong><\/h3>\n<p>En tant qu'usine situ\u00e9e dans la zone industrielle centrale du delta de la rivi\u00e8re des Perles, nous int\u00e9grons les ressources de toute la cha\u00eene :<\/p>\n<ol>\n<li><strong>D\u00e9marrage sans frais<\/strong><\/li>\n<li><strong>Conception gratuite<\/strong>: L'\u00e9quipe professionnelle propose des solutions de fusion VI, telles que le d\u00e9grad\u00e9 de bleu et de blanc pour r\u00e9duire la fatigue visuelle, ou le syst\u00e8me de couleurs Morandi pour cr\u00e9er un sentiment de luxe.<\/li>\n<li><strong>\u00c9chantillon de 3 jours<\/strong>: Le rendu 3D et la bo\u00eete d'\u00e9chantillons physique sont fournis dans les 48 heures. L'inspection \u00e0 distance AR permet d'assurer la coh\u00e9rence entre le projet de conception et le produit fini.<\/li>\n<li><strong>Syst\u00e8me de contr\u00f4le de la qualit\u00e9<\/strong><\/li>\n<li>Tests d'assurance qualit\u00e9 en cours de processus (colorim\u00e8tre, testeur de chute), taux de rendement \u2265 99,5%, rapport SGS sur les mat\u00e9riaux et documents de conformit\u00e9 \u00e0 l'exportation.<\/li>\n<li><strong>Avantage en termes de co\u00fbts<\/strong><\/li>\n<li>La capacit\u00e9 de production annuelle d\u00e9passe 8 000 tonnes, et l'approvisionnement \u00e0 grande \u00e9chelle rend le prix 15%-20% inf\u00e9rieur au prix moyen du march\u00e9, avec une commande minimale de 1 000 pi\u00e8ces.<\/li>\n<\/ol>\n<p><strong>Sc\u00e9narios d'application et cas de r\u00e9ussite<\/strong><\/p>\n<ul>\n<li><strong>Produits \u00e0 succ\u00e8s du commerce \u00e9lectronique transfrontalier<\/strong>: Bo\u00eetes \u00e0 tiroirs vertes Morandi personnalis\u00e9es pour une marque de sous-v\u00eatements nord-am\u00e9ricaine, avec sangles en soie et doublure en flocage, le taux de r\u00e9achat d'Amazon a augment\u00e9 de 35%.<\/li>\n<li><strong>Exclusivement pour les comptoirs haut de gamme<\/strong>: Bo\u00eete magn\u00e9tique noire mate + processus partiel de marquage \u00e0 chaud aux UV, permettant aux marques europ\u00e9ennes de luxe l\u00e9ger d'atteindre une prime terminale de 50%.<\/li>\n<li><strong>Ligne conceptuelle de protection de l'environnement<\/strong>: Doublure en papier alv\u00e9ol\u00e9 d\u00e9gradable + impression \u00e0 l'encre de soja, approvisionnement en vrac par des entreprises certifi\u00e9es B Corp.<\/li>\n<\/ul>","protected":false},"excerpt":{"rendered":"<p>1. 157g de papier couch\u00e9 C2S + 1200g de carton rigide, mat\u00e9riau respectueux de l'environnement<br \/>\n2. Bo\u00eete \u00e0 tiroirs coulissants, facile \u00e0 ouvrir et \u00e0 fermer, permettant de r\u00e9duire le temps d'utilisation et d'am\u00e9liorer l'exp\u00e9rience de d\u00e9ballage.<br \/>\n3. Avec des accessoires tels que des rubans, rehaussez l'attrait visuel de la bo\u00eete et am\u00e9liorez le point de m\u00e9moire du client.<br \/>\n4. Hautement personnalisable, mat\u00e9riau, couleur, taille, processus d'impression de surface pour s'adapter \u00e0 votre emballage de v\u00eatements.<\/p>","protected":false},"featured_media":8556,"template":"","meta":[],"product_brand":[],"product_cat":[30,414,31,426],"product_tag":[885,886,739],"class_list":{"0":"post-8555","1":"product","2":"type-product","3":"status-publish","4":"has-post-thumbnail","6":"product_cat-by-industry","7":"product_cat-custom-apparel-boxes","8":"product_cat-paper-box-style","9":"product_cat-paper-drawer-boxes","10":"product_tag-customized-underwear-packaging","11":"product_tag-underwear-packaging-boxes","12":"product_tag-underwear-sliding-drawer-box","14":"first","15":"instock","16":"shipping-taxable","17":"product-type-simple"},"_links":{"self":[{"href":"https:\/\/zojopackaging.com\/fr\/wp-json\/wp\/v2\/product\/8555","targetHints":{"allow":["GET"]}}],"collection":[{"href":"https:\/\/zojopackaging.com\/fr\/wp-json\/wp\/v2\/product"}],"about":[{"href":"https:\/\/zojopackaging.com\/fr\/wp-json\/wp\/v2\/types\/product"}],"version-history":[{"count":1,"href":"https:\/\/zojopackaging.com\/fr\/wp-json\/wp\/v2\/product\/8555\/revisions"}],"predecessor-version":[{"id":8562,"href":"https:\/\/zojopackaging.com\/fr\/wp-json\/wp\/v2\/product\/8555\/revisions\/8562"}],"wp:featuredmedia":[{"embeddable":true,"href":"https:\/\/zojopackaging.com\/fr\/wp-json\/wp\/v2\/media\/8556"}],"wp:attachment":[{"href":"https:\/\/zojopackaging.com\/fr\/wp-json\/wp\/v2\/media?parent=8555"}],"wp:term":[{"taxonomy":"product_brand","embeddable":true,"href":"https:\/\/zojopackaging.com\/fr\/wp-json\/wp\/v2\/product_brand?post=8555"},{"taxonomy":"product_cat","embeddable":true,"href":"https:\/\/zojopackaging.com\/fr\/wp-json\/wp\/v2\/product_cat?post=8555"},{"taxonomy":"product_tag","embeddable":true,"href":"https:\/\/zojopackaging.com\/fr\/wp-json\/wp\/v2\/product_tag?post=8555"}],"curies":[{"name":"wp","href":"https:\/\/api.w.org\/{rel}","templated":true}]}}