{"id":8563,"date":"2025-03-29T11:58:47","date_gmt":"2025-03-29T03:58:47","guid":{"rendered":"https:\/\/zojopackaging.com\/?post_type=product&#038;p=8563"},"modified":"2025-03-29T13:47:18","modified_gmt":"2025-03-29T05:47:18","slug":"custom-vape-kit-packaging-gift-lid-and-base-box-manufacturer","status":"publish","type":"product","link":"https:\/\/zojopackaging.com\/fr\/product\/custom-vape-kit-packaging-gift-lid-and-base-box-manufacturer\/","title":{"rendered":"Emballage de kit de vaporisation personnalis\u00e9 Fabricant de couvercles et de bo\u00eetes de base pour cadeaux"},"content":{"rendered":"<h2 id=\"-1-environmentally-friendly-and-sustainable-material-system-industrial-grade-protection-and-green-commitment-\"><strong>Emballage de kit de vaporisation personnalis\u00e9 Fabricant de couvercles et de bo\u00eetes de base pour cadeaux<\/p>\n<p>1. Syst\u00e8me de mat\u00e9riaux respectueux de l'environnement et durable : protection de qualit\u00e9 industrielle et engagement \u00e9cologique<\/strong><\/h2>\n<p>Adopter\u00a0<strong>Papier d'art couch\u00e9 C2S 157g + carton dur 1000g<\/strong>\u00a0structure composite, en tenant compte de la protection de l'environnement et de la fonctionnalit\u00e9 :<\/p>\n<ul>\n<li><strong>Caract\u00e9ristiques des mat\u00e9riaux<\/strong>: La douceur de surface du papier couch\u00e9 C2S atteint la norme du niveau d'impression (\u226590% glossiness), reproduisant avec pr\u00e9cision les couleurs \u00e0 haute saturation ; la r\u00e9sistance \u00e0 la compression du carton dur de 1000g atteint 1,5 fois la norme de l'industrie, et convient au poids de l'\u00e9quipement de cigarette \u00e9lectronique (tel que le dank mod et d'autres produits conventionnels de 0,2-0,6kg).<\/li>\n<li><strong>Certification environnementale<\/strong>: Certifi\u00e9 FSC et ISO 14001, le taux de recyclabilit\u00e9 du mat\u00e9riau est \u226595%, ce qui r\u00e9pond aux exigences r\u00e9glementaires en mati\u00e8re d'emballage durable sur les march\u00e9s europ\u00e9ens et am\u00e9ricains.<\/li>\n<\/ul>\n<h3 id=\"-second-the-box-design-of-the-top-and-bottom-cover-full-protection-and-ritual-experience-\"><strong>2. La conception du couvercle et de la base de la bo\u00eete : protection totale et exp\u00e9rience rituelle<\/strong><\/h3>\n<ol>\n<li><strong>Structure d'embo\u00eetement de pr\u00e9cision<\/strong><\/li>\n<li><strong>Protection totale<\/strong>: Le couvercle sup\u00e9rieur et la bo\u00eete de base sont contr\u00f4l\u00e9s par une tol\u00e9rance de l'ordre du millim\u00e8tre, et un espace scell\u00e9 est form\u00e9 apr\u00e8s la fermeture, ce qui am\u00e9liore la r\u00e9sistance \u00e0 la poussi\u00e8re et \u00e0 l'humidit\u00e9 de 40%, et convient au transport transfrontalier et aux besoins d'entreposage.<\/li>\n<li><strong>Performance de compression<\/strong>: La r\u00e9sistance \u00e0 la compression du carton est \u226580kg\/m\u00b2, et la capacit\u00e9 de charge d'empilage est sup\u00e9rieure \u00e0 la norme industrielle, ce qui permet d'\u00e9viter les d\u00e9formations ou les dommages pendant le transport.<\/li>\n<li><strong>Esth\u00e9tique et int\u00e9gration fonctionnelle<\/strong><\/li>\n<li>Peut \u00eatre int\u00e9gr\u00e9 dans des fen\u00eatres transparentes en acrylique (transmission de la lumi\u00e8re \u226590%), afficher intuitivement les d\u00e9tails de l'e-cigarette et renforcer la confiance des consommateurs.<\/li>\n<\/ol>\n<h3 id=\"-three-full-dimensional-customization-solutions-precise-adaptation-from-color-to-process-\"><strong>3. Solutions de personnalisation compl\u00e8te : adaptation pr\u00e9cise de la couleur au processus<\/strong><\/h3>\n<ol>\n<li><strong>Technologie de la couleur et de l'impression<\/strong><\/li>\n<li><strong>Syst\u00e8me de couleurs des macarons<\/strong>: Gr\u00e2ce \u00e0 la biblioth\u00e8que de couleurs sp\u00e9ciales Pantone (telles que Pantone 12-1009 blanc cr\u00e8me, Pantone 15-5519 vert menthe), le processus de d\u00e9grad\u00e9 \u00e0 faible saturation r\u00e9duit la fatigue visuelle et cr\u00e9e un sentiment de gu\u00e9rison et de haut de gamme.<\/li>\n<li><strong>Impression haute d\u00e9finition<\/strong>: Support de l'impression offset quatre couleurs + technologie de gaufrage UV locale, contr\u00f4le de la diff\u00e9rence de couleur \u22643%, comme le marquage \u00e0 chaud LOGO, la texture de la feuille de chanvre impression 3D st\u00e9r\u00e9oscopique, am\u00e9liorer la reconnaissance de la marque.<\/li>\n<li><strong>Type de bo\u00eete et innovation de processus<\/strong><\/li>\n<li><strong>D\u00e9veloppement en forme sp\u00e9ciale<\/strong>: Supporte les bo\u00eetes magn\u00e9tiques hexagonales, les bo\u00eetes \u00e0 tiroirs arrondies et d'autres structures, avec une conception de crochet pour optimiser la pr\u00e9sentation verticale dans les supermarch\u00e9s.<\/li>\n<li><strong>Traitement de surface<\/strong>: Rev\u00eatement par film mat (anti-traces de doigts) ou rev\u00eatement par film brillant (anti-rayures), rev\u00eatement nano \u00e9tanche en option pour prolonger la dur\u00e9e de vie de l'emballage.<\/li>\n<\/ol>\n<h3 id=\"-fourth-fully-automated-production-system-double-guarantee-of-efficiency-and-quality-\"><strong>4. Syst\u00e8me de production enti\u00e8rement automatis\u00e9 : double garantie d'efficacit\u00e9 et de qualit\u00e9<\/strong><\/h3>\n<ol>\n<li><strong>Ligne de production intelligente<\/strong><\/li>\n<li><strong>Capacit\u00e9 de production journali\u00e8re de 1 million de pi\u00e8ces<\/strong>L'entreprise est \u00e9quip\u00e9e d'une machine de d\u00e9coupe enti\u00e8rement automatique, d'une machine d'impression offset \u00e0 grande vitesse et d'un syst\u00e8me intelligent de contr\u00f4le de la qualit\u00e9, permettant une production de masse ultra-rapide en 72 heures.<\/li>\n<li><strong>Norme de contr\u00f4le de la qualit\u00e9<\/strong>Les produits de cette cat\u00e9gorie ont \u00e9t\u00e9 test\u00e9s et certifi\u00e9s par SGS et ont fait l'objet de tests d'assurance qualit\u00e9 complets (colorim\u00e8tre, testeur de chute). Le taux de rendement est \u2265 99,5%.<\/li>\n<li><strong>Livraison agile<\/strong><\/li>\n<li><strong>Livraison en 7-12 jours ouvrables<\/strong>Les services de logistique de l'entreprise : ils prennent en charge les envois transfrontaliers FOB\/DDP et fournissent des solutions logistiques de premier niveau pour le programme FBA d'Amazon.<\/li>\n<\/ol>\n<h3 id=\"-five-source-factory-advantages-zero-cost-startup-and-ultimate-cost-effectiveness-\"><strong>5. Avantages de l'usine source : co\u00fbt de d\u00e9marrage nul et rentabilit\u00e9 maximale<\/strong><\/h3>\n<ol>\n<li><strong>Service d'assistance gratuit<\/strong><\/li>\n<li><strong>\u00c9chantillon de 3 jours<\/strong>Les produits de cette cat\u00e9gorie sont les suivants : rendus en 3D et bo\u00eetes d'\u00e9chantillons physiques dans un d\u00e9lai de 48 heures, inspection \u00e0 distance des syst\u00e8mes d'AR.<\/li>\n<li><strong>Conception gratuite<\/strong>L'\u00e9quipe professionnelle de VI fusion propose des solutions, telles que le d\u00e9grad\u00e9 bleu et blanc pour r\u00e9duire la fatigue visuelle, ou le marquage \u00e0 chaud au laser pour s'adapter au sens du positionnement de la technologie.<\/li>\n<li><strong>Avantage en termes de co\u00fbts<\/strong><\/li>\n<li>S'appuyant sur un approvisionnement \u00e0 grande \u00e9chelle avec une capacit\u00e9 de production annuelle de plus de 5 000 tonnes, le prix est 15%-20% inf\u00e9rieur au prix moyen du march\u00e9, et supporte une commande minimale de 1 000 pi\u00e8ces.<\/li>\n<\/ol>\n<p><strong>Cas r\u00e9ussis et adaptation de la sc\u00e8ne<\/strong><\/p>\n<ul>\n<li><strong>Le commerce \u00e9lectronique transfrontalier touch\u00e9<\/strong>: Bo\u00eete de couverture sup\u00e9rieure et inf\u00e9rieure vert menthe personnalis\u00e9e pour une marque nord-am\u00e9ricaine, avec un processus partiel de marquage \u00e0 chaud par UV, le taux de rachat sur Amazon a augment\u00e9 de 35%.<\/li>\n<li><strong>March\u00e9 m\u00e9dical haut de gamme<\/strong>: Bo\u00eete magn\u00e9tique noire mate + doublure en flocage, aidant les marques europ\u00e9ennes de marijuana m\u00e9dicale \u00e0 atteindre une prime terminale de 50%.<\/li>\n<li><strong>Ligne conceptuelle de protection de l'environnement<\/strong>: Doublure en papier alv\u00e9ol\u00e9 d\u00e9gradable + impression \u00e0 l'encre de soja, les entreprises certifi\u00e9es B Corp ach\u00e8tent en vrac.<\/li>\n<\/ul>\n<hr \/>\n<p><strong>Agir maintenant<\/strong>\u00a0De la conception \u00e0 la livraison, nous fournissons une solution d'emballage unique, afin que chaque e-cigarette puisse v\u00e9hiculer la valeur de la marque gr\u00e2ce \u00e0 un emballage optimal !<\/p>","protected":false},"excerpt":{"rendered":"<p>Description du produit : Bo\u00eetes d'emballage de mods de vape imprim\u00e9es sur mesure, bo\u00eetes de kits de mods de vape sur mesure, bo\u00eetes de vape sur mesure, bo\u00eetes d'emballage de mods de vape imprim\u00e9es sur mesure, bo\u00eetes de batteries de vape sur mesure.<\/p>","protected":false},"featured_media":8564,"template":"","meta":[],"product_brand":[],"product_cat":[30,420,425,31],"product_tag":[888,887,889],"class_list":{"0":"post-8563","1":"product","2":"type-product","3":"status-publish","4":"has-post-thumbnail","6":"product_cat-by-industry","7":"product_cat-custom-cannabis-boxes","8":"product_cat-lid-and-base-gift-box","9":"product_cat-paper-box-style","10":"product_tag-custom-vape-box-manufacturer","11":"product_tag-vape-kit-packaging","12":"product_tag-vape-lid-and-base-box","14":"first","15":"instock","16":"shipping-taxable","17":"product-type-simple"},"_links":{"self":[{"href":"https:\/\/zojopackaging.com\/fr\/wp-json\/wp\/v2\/product\/8563","targetHints":{"allow":["GET"]}}],"collection":[{"href":"https:\/\/zojopackaging.com\/fr\/wp-json\/wp\/v2\/product"}],"about":[{"href":"https:\/\/zojopackaging.com\/fr\/wp-json\/wp\/v2\/types\/product"}],"version-history":[{"count":1,"href":"https:\/\/zojopackaging.com\/fr\/wp-json\/wp\/v2\/product\/8563\/revisions"}],"predecessor-version":[{"id":8570,"href":"https:\/\/zojopackaging.com\/fr\/wp-json\/wp\/v2\/product\/8563\/revisions\/8570"}],"wp:featuredmedia":[{"embeddable":true,"href":"https:\/\/zojopackaging.com\/fr\/wp-json\/wp\/v2\/media\/8564"}],"wp:attachment":[{"href":"https:\/\/zojopackaging.com\/fr\/wp-json\/wp\/v2\/media?parent=8563"}],"wp:term":[{"taxonomy":"product_brand","embeddable":true,"href":"https:\/\/zojopackaging.com\/fr\/wp-json\/wp\/v2\/product_brand?post=8563"},{"taxonomy":"product_cat","embeddable":true,"href":"https:\/\/zojopackaging.com\/fr\/wp-json\/wp\/v2\/product_cat?post=8563"},{"taxonomy":"product_tag","embeddable":true,"href":"https:\/\/zojopackaging.com\/fr\/wp-json\/wp\/v2\/product_tag?post=8563"}],"curies":[{"name":"wp","href":"https:\/\/api.w.org\/{rel}","templated":true}]}}