{"id":8571,"date":"2025-03-29T13:47:37","date_gmt":"2025-03-29T05:47:37","guid":{"rendered":"https:\/\/zojopackaging.com\/?post_type=product&#038;p=8571"},"modified":"2025-03-29T15:21:51","modified_gmt":"2025-03-29T07:21:51","slug":"elegant-vintage-custom-jewelry-necklace-packaging-ring-boxes","status":"publish","type":"product","link":"https:\/\/zojopackaging.com\/fr\/product\/elegant-vintage-custom-jewelry-necklace-packaging-ring-boxes\/","title":{"rendered":"Bo\u00eetes \u00e0 bijoux personnalis\u00e9es \u00e9l\u00e9gantes et vintage pour colliers et bagues"},"content":{"rendered":"<h2 id=\"product-description-of-vintage-customized-jewelry-necklace-packaging-ring-box-\">Bo\u00eetes \u00e0 bijoux personnalis\u00e9es \u00e9l\u00e9gantes et vintage pour colliers et bagues<\/h2>\n<h3 id=\"-1-environmentally-friendly-material-system-sustainability-and-luxury-coexist-\"><strong>1. Syst\u00e8me de mat\u00e9riaux respectueux de l'environnement : durabilit\u00e9 et luxe coexistent<\/strong><\/h3>\n<p>Adopter\u00a0<strong>120g de papier d'art sp\u00e9cial + 1200g de carton dur<\/strong>\u00a0structure composite, en tenant compte de la protection de l'environnement et des besoins esth\u00e9tiques :<\/p>\n<ul>\n<li><strong>Caract\u00e9ristiques des mat\u00e9riaux<\/strong>: La surface du papier sp\u00e9cial est gaufr\u00e9e avec des fibres naturelles pour pr\u00e9senter une texture vintage (comme le parchemin ou le toucher de la soie), et est assortie \u00e0 un carton de 1200 g \u00e0 fort grammage. La r\u00e9sistance \u00e0 la compression est 1,5 fois sup\u00e9rieure \u00e0 la norme industrielle, ce qui permet de supporter la pression d'empilage pour le transport (&gt;50kg\/m\u00b2), adapt\u00e9e \u00e0 la forme d\u00e9licate des bijoux.<\/li>\n<li><strong>Certification environnementale<\/strong>: Certifi\u00e9 FSC, le taux de recyclabilit\u00e9 du mat\u00e9riau est sup\u00e9rieur \u00e0 95%, ce qui r\u00e9pond aux exigences r\u00e9glementaires en mati\u00e8re d'emballage durable sur les march\u00e9s europ\u00e9en et am\u00e9ricain.<\/li>\n<\/ul>\n<h3 id=\"-second-the-top-and-bottom-cover-box-design-ritual-sense-and-functional-innovation-\"><strong>2. Conception des couvercles sup\u00e9rieur et inf\u00e9rieur : sens du rituel et innovation fonctionnelle<\/strong><\/h3>\n<ol>\n<li><strong>Structure de s\u00e9paration du couvercle sup\u00e9rieur<\/strong><\/li>\n<li>Le couvercle sup\u00e9rieur et la bo\u00eete inf\u00e9rieure sont s\u00e9par\u00e9s par une aspiration magn\u00e9tique ou des rails coulissants, et il n'est pas n\u00e9cessaire de les s\u00e9parer compl\u00e8tement lors de l'ouverture et de la fermeture, ce qui permet non seulement d'\u00e9viter que le couvercle sup\u00e9rieur et le couvercle inf\u00e9rieur traditionnels ne basculent facilement, mais aussi d'am\u00e9liorer la sensation de rituel lors de l'ouverture de la bo\u00eete.<\/li>\n<li>Contr\u00f4le de la tol\u00e9rance de pr\u00e9cision (\u00b10,3 mm), apr\u00e8s la fermeture, un espace de protection enti\u00e8rement envelopp\u00e9 est form\u00e9, et les performances en mati\u00e8re d'\u00e9tanch\u00e9it\u00e9 \u00e0 la poussi\u00e8re et \u00e0 l'humidit\u00e9 sont am\u00e9lior\u00e9es par 40%.<\/li>\n<li><strong>D\u00e9tails esth\u00e9tiques r\u00e9tro<\/strong><\/li>\n<li>Le bord du corps de la bo\u00eete adopte un processus d'estampage \u00e0 chaud pour simuler le style de reliure des livres classiques ; la paroi int\u00e9rieure peut \u00eatre recouverte d'un tissu de soie mat, qui a un toucher d\u00e9licat et r\u00e9duit le risque de dommages dus au frottement des bijoux.<\/li>\n<\/ol>\n<h3 id=\"-three-full-dimensional-customization-solution-precise-adaptation-from-material-to-process-\"><strong>3. solution de personnalisation compl\u00e8te : adaptation pr\u00e9cise du mat\u00e9riau au processus<\/strong><\/h3>\n<ol>\n<li><strong>Innovation dans les mat\u00e9riaux et les couleurs<\/strong><\/li>\n<li><strong>S\u00e9lection de papier sp\u00e9cial<\/strong>: Fournir 20+ textures telles que le papier kraft antique, le papier de soie m\u00e9tallique, le papier de fibre v\u00e9g\u00e9tale, etc, prendre en charge la biblioth\u00e8que de couleurs sp\u00e9ciales Pantone (comme le rouge vin vintage Pantone 19-1655) ou l'impression en d\u00e9grad\u00e9, le contr\u00f4le de la diff\u00e9rence de couleur \u22643%.<\/li>\n<li><strong>Processus de surface<\/strong>Les produits de l'UE sont disponibles en plusieurs versions : rev\u00eatement par film mat (anti-traces de doigts), relief UV local (tel que le totem floral \u00e0 effet st\u00e9r\u00e9oscopique 3D), ou proc\u00e9d\u00e9 de rouille de cuivre antique gaufr\u00e9 pour am\u00e9liorer la texture r\u00e9tro.<\/li>\n<li><strong>Adaptation du type et de la taille de la bo\u00eete<\/strong><\/li>\n<li>Type de bo\u00eete de base : ronde, hexagonale, couvercle \u00e0 rabat en forme de livre, d\u00e9veloppement de formes sp\u00e9ciales (bo\u00eete \u00e0 fen\u00eatre creuse en forme de c\u0153ur, par exemple).<\/li>\n<li>Taille flexible : adaptable \u00e0 une bague unique (taille minimale de 5\u00d75 cm) ou \u00e0 des ensembles multiples (tels que collier + boucles d'oreilles + bo\u00eete combin\u00e9e de bracelets).<\/li>\n<\/ol>\n<h3 id=\"-fourth-three-dimensional-display-lining-system-a-deep-combination-of-function-and-aesthetics-\"><strong>4. Syst\u00e8me d'affichage tridimensionnel : une combinaison profonde de la fonction et de l'esth\u00e9tique<\/strong><\/h3>\n<ol>\n<li><strong>Technologie de la doublure d'oreiller<\/strong><\/li>\n<li>La mousse EVA haute densit\u00e9 est utilis\u00e9e pour sculpter un support tridimensionnel, recouvert de soie ou de velours \u00e0 la surface, qui s'adapte pr\u00e9cis\u00e9ment au contour du bijou (comme la rainure du collier, le support en forme de colonne de la bague) et permet d'obtenir un effet d'affichage \"flottant\".<\/li>\n<li>Cloisons personnalisables : ajoutez des compartiments ind\u00e9pendants pour ranger les outils d'entretien ou les cartes de pr\u00e9sentation de la marque afin d'accro\u00eetre la valeur ajout\u00e9e.<\/li>\n<li><strong>Options de mise \u00e0 niveau des mat\u00e9riaux<\/strong><\/li>\n<li><strong>Positionnement environnemental<\/strong>: Doublure en papier alv\u00e9ol\u00e9 d\u00e9gradable + impression \u00e0 l'encre de soja, conforme aux normes de certification B Corp.<\/li>\n<li><strong>Positionnement haut de gamme<\/strong>: Flocage de la doublure par marquage \u00e0 chaud d'embl\u00e8mes familiaux ou de motifs peints \u00e0 la main pour v\u00e9hiculer l'h\u00e9ritage historique de la marque.<\/li>\n<\/ol>\n<h3 id=\"-v-hot-stamping-technology-empowerment-luxury-vision-and-brand-narrative-\"><strong>5. Renforcement de la technologie de marquage \u00e0 chaud : vision du luxe et r\u00e9cit de la marque<\/strong><\/h3>\n<ol>\n<li><strong>Technologie de marquage \u00e0 chaud en relief 3D<\/strong><\/li>\n<li>Le gaufrage \u00e0 haute temp\u00e9rature des moules CNC permet d'obtenir des effets de marquage \u00e0 chaud tridimensionnels tels que des LOGO et des motifs de vigne. L'\u00e9paisseur de la feuille de m\u00e9tal peut varier de 0,1 \u00e0 0,3 mm (comme l'or bronze et l'or rose), et la r\u00e9sistance \u00e0 l'usure est augment\u00e9e par le 60%.<\/li>\n<li>Conception dynamique : soutient le contraste entre le marquage \u00e0 chaud et le fond mat, tel que le motif d'herbe fris\u00e9e europ\u00e9enne marqu\u00e9 \u00e0 chaud sur une base de vieux papier, r\u00e9tablissant l'esth\u00e9tique de la Renaissance.<\/li>\n<li><strong>Fonctions anti-contrefa\u00e7on et \u00e0 valeur ajout\u00e9e<\/strong><\/li>\n<li>Des \u00e9tiquettes holographiques de marquage \u00e0 chaud ou des puces NFC peuvent \u00eatre implant\u00e9es, et l'authenticit\u00e9 peut \u00eatre v\u00e9rifi\u00e9e en scannant le code et en acc\u00e9dant \u00e0 la page de la culture de la marque.<\/li>\n<\/ol>\n<h3 id=\"-vi-intelligent-manufacturing-and-service-system-transparent-delivery-and-cost-advantages-\"><strong>6. Syst\u00e8me intelligent de fabrication et de service : livraison transparente et avantages en termes de co\u00fbts<\/strong><\/h3>\n<ol>\n<li><strong>Syst\u00e8me de gestion MES<\/strong><\/li>\n<li>Suivi num\u00e9rique de l'ensemble du processus : de l'enregistrement de la commande \u00e0 l'inspection de la qualit\u00e9 et \u00e0 l'emballage, synchronisation en temps r\u00e9el de l'avancement de la production afin de garantir une livraison dans les d\u00e9lais impartis (7 \u00e0 12 jours ouvrables).<\/li>\n<li>Contr\u00f4le de la qualit\u00e9 : Gr\u00e2ce au colorim\u00e8tre (\u0394E\u22642), au testeur de chute (hauteur de 1,2 m non destructive) et \u00e0 d'autres \u00e9quipements, le taux de rendement est \u226599,5%.<\/li>\n<li><strong>Aide au d\u00e9marrage sans frais<\/strong><\/li>\n<li><strong>Conception gratuite<\/strong>: Les rendus 3D + l'inspection virtuelle AR sont fournis dans les 48 heures, prenant en charge les propositions de style r\u00e9tro rococo, Art nouveau et autres.<\/li>\n<li><strong>\u00c9chantillon de 3 jours<\/strong>: Adoption d'une ligne de production flexible en petites s\u00e9ries et livraison des bo\u00eetes d'\u00e9chantillons physiques dans un d\u00e9lai de 72 heures.<\/li>\n<li><strong>Avantage tarifaire<\/strong><\/li>\n<li>S'appuyant sur la capacit\u00e9 de production \u00e0 grande \u00e9chelle de la ceinture industrielle du delta de la rivi\u00e8re des Perles, le prix de la m\u00eame qualit\u00e9 est inf\u00e9rieur de 15%-20% au prix moyen du march\u00e9, avec une commande minimale de 1 000 pi\u00e8ces.<\/li>\n<\/ol>\n<p><strong>Sc\u00e9narios d'application et cas de r\u00e9ussite<\/strong><\/p>\n<ul>\n<li><strong>Marque de bijoux de luxe l\u00e9gers<\/strong>: Bo\u00eete en forme de livre personnalis\u00e9e, rouge vin, avec marquage \u00e0 chaud, pour une marque europ\u00e9enne, doubl\u00e9e d'un support tridimensionnel pour pr\u00e9senter des colliers anciens, et la prime terminale a augment\u00e9 de 50%.<\/li>\n<li><strong>Le commerce \u00e9lectronique transfrontalier en vogue<\/strong>: Bo\u00eete de texture rouille cuivre antique avec doublure d\u00e9gradable, a remport\u00e9 10 000 commandes de marques nord-am\u00e9ricaines de protection de l'environnement.<\/li>\n<li><strong>Personnalisation du mariage<\/strong>: Bo\u00eete \u00e0 fen\u00eatre en forme de c\u0153ur + embl\u00e8me familial estampill\u00e9 en or, devenant la bo\u00eete cadeau standard pour les marques d'alliances haut de gamme.<\/li>\n<\/ul>\n<p><strong>Agir maintenant<\/strong>\u00a0De la conception \u00e0 la livraison, nous fournissons une solution d'emballage unique, permettant \u00e0 chaque bijou de raconter l'histoire de la marque \u00e0 travers l'emballage ultime !<\/p>","protected":false},"excerpt":{"rendered":"<p>1. Papier sp\u00e9cial de 120 g + carton de 1200 g, mat\u00e9riau respectueux de l'environnement<br \/>\n2. Le couvercle et la bo\u00eete de base adoptent la m\u00e9thode de s\u00e9paration du couvercle sup\u00e9rieur pour am\u00e9liorer l'exp\u00e9rience de d\u00e9ballage de l'utilisateur.<br \/>\n3. Le papier sp\u00e9cial rend la bo\u00eete simple mais donne une impression de luxe haut de gamme.<br \/>\n4. Hautement personnalisable, mat\u00e9riau, couleur, taille, processus d'impression de surface pour s'adapter \u00e0 l'emballage de vos bijoux, colliers et bagues.<\/p>","protected":false},"featured_media":8573,"template":"","meta":[],"product_brand":[],"product_cat":[30,415,425,31],"product_tag":[890,892,891],"class_list":{"0":"post-8571","1":"product","2":"type-product","3":"status-publish","4":"has-post-thumbnail","6":"product_cat-by-industry","7":"product_cat-custom-jewelry-boxes-by-industry","8":"product_cat-lid-and-base-gift-box","9":"product_cat-paper-box-style","10":"product_tag-custom-jewelry-packaging","11":"product_tag-elegant-necklace-packaging","12":"product_tag-vintage-ring-boxes","14":"first","15":"instock","16":"shipping-taxable","17":"product-type-simple"},"_links":{"self":[{"href":"https:\/\/zojopackaging.com\/fr\/wp-json\/wp\/v2\/product\/8571","targetHints":{"allow":["GET"]}}],"collection":[{"href":"https:\/\/zojopackaging.com\/fr\/wp-json\/wp\/v2\/product"}],"about":[{"href":"https:\/\/zojopackaging.com\/fr\/wp-json\/wp\/v2\/types\/product"}],"version-history":[{"count":1,"href":"https:\/\/zojopackaging.com\/fr\/wp-json\/wp\/v2\/product\/8571\/revisions"}],"predecessor-version":[{"id":8579,"href":"https:\/\/zojopackaging.com\/fr\/wp-json\/wp\/v2\/product\/8571\/revisions\/8579"}],"wp:featuredmedia":[{"embeddable":true,"href":"https:\/\/zojopackaging.com\/fr\/wp-json\/wp\/v2\/media\/8573"}],"wp:attachment":[{"href":"https:\/\/zojopackaging.com\/fr\/wp-json\/wp\/v2\/media?parent=8571"}],"wp:term":[{"taxonomy":"product_brand","embeddable":true,"href":"https:\/\/zojopackaging.com\/fr\/wp-json\/wp\/v2\/product_brand?post=8571"},{"taxonomy":"product_cat","embeddable":true,"href":"https:\/\/zojopackaging.com\/fr\/wp-json\/wp\/v2\/product_cat?post=8571"},{"taxonomy":"product_tag","embeddable":true,"href":"https:\/\/zojopackaging.com\/fr\/wp-json\/wp\/v2\/product_tag?post=8571"}],"curies":[{"name":"wp","href":"https:\/\/api.w.org\/{rel}","templated":true}]}}