{"id":8580,"date":"2025-03-29T14:12:52","date_gmt":"2025-03-29T06:12:52","guid":{"rendered":"https:\/\/zojopackaging.com\/?post_type=product&#038;p=8580"},"modified":"2025-03-29T15:21:37","modified_gmt":"2025-03-29T07:21:37","slug":"wholesale-heart-shaped-rose-packaging-valentines-day-boxes","status":"publish","type":"product","link":"https:\/\/zojopackaging.com\/fr\/product\/wholesale-heart-shaped-rose-packaging-valentines-day-boxes\/","title":{"rendered":"Grossiste Emballage Rose en forme de coeur Bo\u00eetes pour la Saint-Valentin"},"content":{"rendered":"<h3 id=\"wholesale-description-of-heart-shaped-rose-valentine-s-day-gift-box-the-perfect-combination-of-environmentally-friendly-materials-and-emotional-design\">Description en gros du coffret cadeau de la Saint-Valentin en forme de rose en forme de c\u0153ur<\/h3>\n<p>Lors des f\u00eates romantiques telles que la Saint-Valentin et la Saint-Valentin chinoise, le paquet de roses soigneusement con\u00e7u n'est pas seulement un contenant pour l'amour, mais aussi un support symbolique pour transmettre une valeur \u00e9motionnelle. Voici une pr\u00e9sentation d\u00e9taill\u00e9e d'une\u00a0<strong>bo\u00eete cadeau haut de gamme en forme de c\u0153ur<\/strong>\u00a0sp\u00e9cialement con\u00e7u pour les bouquets de roses du point de vue des mat\u00e9riaux, de la structure, de la conception et des services personnalis\u00e9s, qui r\u00e9pond aux multiples besoins des clients en gros en mati\u00e8re de qualit\u00e9, de fonction et d'expression \u00e9motionnelle.<\/p>\n<h4 id=\"-1-environmentally-friendly-materials-taking-into-account-both-aesthetics-and-sustainability-\"><strong>1. Mat\u00e9riaux respectueux de l'environnement : prise en compte de l'esth\u00e9tique et de la durabilit\u00e9<\/strong><\/h4>\n<p>Le coffret cadeau utilise\u00a0<strong>Papier couch\u00e9 C2S 157g (papier d'art couch\u00e9 double face)<\/strong>\u00a0avec\u00a0<strong>Panneau dur de 1200 g<\/strong>\u00a0comme mat\u00e9riau de base.<\/p>\n<ul>\n<li><strong>Papier couch\u00e9 C2S<\/strong>\u00a0a une surface d\u00e9licate et lisse et une reproduction \u00e9lev\u00e9e des couleurs. Il peut pr\u00e9senter des effets d'impression complexes tels que le gaufrage \u00e0 chaud et le vernis local UV, et pr\u00e9sente une bonne r\u00e9sistance \u00e0 la d\u00e9chirure.<\/li>\n<li><strong>Panneau dur de 1200 g<\/strong>\u00a0offre une grande capacit\u00e9 de charge. Il a \u00e9t\u00e9 test\u00e9 pour r\u00e9sister \u00e0 l'\u00e9crasement et aux chocs pendant le transport. Il r\u00e9pond aux normes de protection de l'environnement et peut \u00eatre recycl\u00e9 et d\u00e9grad\u00e9.<\/li>\n<li>La surface est couverte de\u00a0<strong>film mat\/brillant respectueux de l'environnement<\/strong>Les bo\u00eetes-cadeaux sont fabriqu\u00e9es \u00e0 partir de mat\u00e9riaux de haute qualit\u00e9, ce qui permet non seulement de pr\u00e9server la couleur et d'\u00e9viter la d\u00e9coloration, mais aussi de r\u00e9sister aux environnements humides, garantissant ainsi que la bo\u00eete-cadeau reste neuve pendant le stockage et le transport.<\/li>\n<\/ul>\n<h4 id=\"-second-the-box-type-with-a-top-and-bottom-lid-convenient-opening-and-closing-and-a-sense-of-ceremony-\"><strong>2. Le type de bo\u00eete avec un couvercle et une bo\u00eete de base : ouverture et fermeture pratiques et sens de la c\u00e9r\u00e9monie.<\/strong><\/h4>\n<p>Le coffret cadeau adopte une\u00a0<strong>structure du couvercle sup\u00e9rieur et inf\u00e9rieur<\/strong>Le couvercle sup\u00e9rieur recouvre enti\u00e8rement la bo\u00eete inf\u00e9rieure. L'ouverture et la fermeture ne sont pas n\u00e9cessairement laborieuses et peuvent \u00eatre facilement ouvertes en tenant les deux extr\u00e9mit\u00e9s avec les deux mains.<\/p>\n<ul>\n<li><strong>Sc\u00e9narios applicables<\/strong>Les produits de la collection sont souvent utilis\u00e9s dans les domaines suivants : les pr\u00e9sentoirs de vente au d\u00e9tail qui sont fr\u00e9quemment utilis\u00e9s, le transport logistique qui n\u00e9cessite la protection des bouquets et le sentiment de c\u00e9r\u00e9monie lorsque les utilisateurs d\u00e9ballent leurs produits.<\/li>\n<li><strong>Conception d\u00e9taill\u00e9e<\/strong>: Le couvercle est muni d'une boucle magn\u00e9tique ou d'un ruban, ce qui est \u00e0 la fois esth\u00e9tique et emp\u00eache toute ouverture accidentelle ; les quatre coins de la bo\u00eete inf\u00e9rieure sont renforc\u00e9s pour \u00e9viter toute d\u00e9formation.<\/li>\n<\/ul>\n<h4 id=\"-three-heart-shaped-symbolic-design-strengthen-emotional-memory-points-\"><strong>3. Conception symbolique en forme de c\u0153ur : renforcement des points de m\u00e9moire \u00e9motionnelle<\/strong><\/h4>\n<p>La bo\u00eete en forme de c\u0153ur convient naturellement \u00e0 la Saint-Valentin, aux mariages et \u00e0 d'autres \u00e9v\u00e9nements, et am\u00e9liore l'exp\u00e9rience de l'utilisateur gr\u00e2ce aux \u00e9l\u00e9ments suivants\u00a0<strong>symboles visuels et r\u00e9sonance \u00e9motionnelle<\/strong>:<\/p>\n<ul>\n<li><strong>Langage de mod\u00e9lisation<\/strong>: Le bord lisse et incurv\u00e9 symbolise la perfection de l'amour, et la surface de la bo\u00eete peut \u00eatre imprim\u00e9e avec des motifs tels que des c\u0153urs marqu\u00e9s \u00e0 chaud et des vignes enroul\u00e9es, qui font \u00e9cho au th\u00e8me de la rose.<\/li>\n<li><strong>Valeur \u00e9motionnelle<\/strong>: Par exemple, des mots d'amour \u00e9crits \u00e0 la main peuvent \u00eatre imprim\u00e9s \u00e0 l'int\u00e9rieur du couvercle de la bo\u00eete, ou associ\u00e9s \u00e0 un n\u0153ud en velours pour renforcer l'effet de surprise au moment du d\u00e9ballage.<\/li>\n<\/ul>\n<h4 id=\"-four-highly-customized-services-flexible-adaptation-needs-\"><strong>4. Services hautement personnalis\u00e9s : besoins d'adaptation flexibles<\/strong><\/h4>\n<p>Afin de r\u00e9pondre aux besoins des diff\u00e9rentes marques et sc\u00e8nes, le coffret cadeau est enti\u00e8rement personnalisable :<\/p>\n<ol>\n<li><strong>Mat\u00e9riaux et ex\u00e9cution<\/strong>: Mat\u00e9riaux sp\u00e9ciaux optionnels tels que papier nacr\u00e9, film tactile, gaufrage, etc. ; les proc\u00e9d\u00e9s d'impression comprennent l'estampage \u00e0 chaud, la s\u00e9rigraphie, la gravure au laser, etc.<\/li>\n<li><strong>Taille et structure<\/strong>: Ajustez la proportion de la bo\u00eete en fonction de la hauteur et du diam\u00e8tre du bouquet, par exemple une bo\u00eete mini \u00e0 une rose ou une bo\u00eete super grande \u00e0 99 roses.<\/li>\n<li><strong>Protection de la doublure int\u00e9rieure<\/strong>: Support int\u00e9rieur personnalis\u00e9 en \u00e9ponge EVA ou en papier ondul\u00e9, positionnement pr\u00e9cis des tiges et des t\u00eates de fleurs afin d'\u00e9viter les dommages dus aux secousses pendant le transport.<\/li>\n<li><strong>Couleur et motif<\/strong>: Permet une correspondance pr\u00e9cise des couleurs des cartes de couleurs Pantone, permet l'impression personnalis\u00e9e du LOGO de la marque, des motifs de constellation, des photos de couple, etc.<\/li>\n<\/ol>\n<h4 id=\"-v-production-and-technical-support-one-stop-solution-\"><strong>5. Production et assistance technique : Une solution unique<\/strong><\/h4>\n<p>Les usines coop\u00e9ratives fournissent\u00a0<strong>v\u00e9rification gratuite de la conception et assistance technique<\/strong>\u00a0afin d'assurer une connexion transparente entre la cr\u00e9ativit\u00e9 et la production de masse :<\/p>\n<ul>\n<li><strong>\u00c9preuve rapide<\/strong>: Fournir des \u00e9chantillons physiques dans un d\u00e9lai de 3 \u00e0 5 jours ouvrables, soutenir plusieurs s\u00e9ries d'ajustements au niveau de la structure, des mat\u00e9riaux et du processus.<\/li>\n<li><strong>Remise en vrac<\/strong>: Les commandes de plus de 1 000 pi\u00e8ces peuvent b\u00e9n\u00e9ficier de remises \u00e9chelonn\u00e9es et de canaux logistiques exclusifs afin d'optimiser les co\u00fbts de transport.<\/li>\n<li><strong>Service de garantie<\/strong>: D\u00e9lai de livraison de 7 \u00e0 15 jours et garantie de remplacement en cas de dommage.<\/li>\n<\/ul>\n<h4 id=\"-conclusion-\"><strong>Conclusion<\/strong><\/h4>\n<p>Ce coffret-cadeau en forme de c\u0153ur int\u00e8gre des fonctions pratiques et une expression \u00e9motionnelle gr\u00e2ce \u00e0 des mat\u00e9riaux respectueux de l'environnement, \u00e0 une structure humanis\u00e9e et \u00e0 des services de personnalisation pouss\u00e9s, devenant ainsi un outil puissant pour am\u00e9liorer la notori\u00e9t\u00e9 de la marque et la fid\u00e9lit\u00e9 des utilisateurs dans le cadre du marketing de la Saint-Valentin. Qu'il s'agisse d'un magasin de fleurs haut de gamme, d'un marchand de cadeaux ou d'un \u00e9v\u00e9nement conjoint de marque, vous pouvez utiliser ce support pour cr\u00e9er un souvenir romantique unique.<\/p>\n<p><strong>Consultez d\u00e8s \u00e0 pr\u00e9sent le plan de personnalisation pour que chaque rose porte un c\u0153ur unique.<\/strong><\/p>","protected":false},"excerpt":{"rendered":"<p>1. 157g de papier couch\u00e9 C2S + 1200g de carton rigide, mat\u00e9riaux de haute qualit\u00e9 et respectueux de l'environnement<br \/>\n2. La bo\u00eete en forme de c\u0153ur convient naturellement \u00e0 la Saint-Valentin, \u00e0 la Saint-Valentin chinoise, aux mariages et \u00e0 d'autres occasions. Elle transmet une valeur \u00e9motionnelle par le biais d'un design symbolique et augmente les points de m\u00e9morisation de l'exp\u00e9rience de l'utilisateur.<br \/>\n3. Hautement personnalisable, mat\u00e9riau, couleur, taille, processus d'impression de surface pour s'adapter \u00e0 votre emballage de roses de la Saint-Valentin.<\/p>","protected":false},"featured_media":8583,"template":"","meta":[],"product_brand":[],"product_cat":[30,423,425,31],"product_tag":[893,894,895],"class_list":{"0":"post-8580","1":"product","2":"type-product","3":"status-publish","4":"has-post-thumbnail","6":"product_cat-by-industry","7":"product_cat-custom-presentation-boxes-by-industry","8":"product_cat-lid-and-base-gift-box","9":"product_cat-paper-box-style","10":"product_tag-rose-packaging","11":"product_tag-valentines-day-boxes","12":"product_tag-wholesale-rose-boxes","14":"first","15":"instock","16":"shipping-taxable","17":"product-type-simple"},"_links":{"self":[{"href":"https:\/\/zojopackaging.com\/fr\/wp-json\/wp\/v2\/product\/8580","targetHints":{"allow":["GET"]}}],"collection":[{"href":"https:\/\/zojopackaging.com\/fr\/wp-json\/wp\/v2\/product"}],"about":[{"href":"https:\/\/zojopackaging.com\/fr\/wp-json\/wp\/v2\/types\/product"}],"version-history":[{"count":1,"href":"https:\/\/zojopackaging.com\/fr\/wp-json\/wp\/v2\/product\/8580\/revisions"}],"predecessor-version":[{"id":8586,"href":"https:\/\/zojopackaging.com\/fr\/wp-json\/wp\/v2\/product\/8580\/revisions\/8586"}],"wp:featuredmedia":[{"embeddable":true,"href":"https:\/\/zojopackaging.com\/fr\/wp-json\/wp\/v2\/media\/8583"}],"wp:attachment":[{"href":"https:\/\/zojopackaging.com\/fr\/wp-json\/wp\/v2\/media?parent=8580"}],"wp:term":[{"taxonomy":"product_brand","embeddable":true,"href":"https:\/\/zojopackaging.com\/fr\/wp-json\/wp\/v2\/product_brand?post=8580"},{"taxonomy":"product_cat","embeddable":true,"href":"https:\/\/zojopackaging.com\/fr\/wp-json\/wp\/v2\/product_cat?post=8580"},{"taxonomy":"product_tag","embeddable":true,"href":"https:\/\/zojopackaging.com\/fr\/wp-json\/wp\/v2\/product_tag?post=8580"}],"curies":[{"name":"wp","href":"https:\/\/api.w.org\/{rel}","templated":true}]}}