{"id":8587,"date":"2025-03-29T14:41:35","date_gmt":"2025-03-29T06:41:35","guid":{"rendered":"https:\/\/zojopackaging.com\/?post_type=product&#038;p=8587"},"modified":"2025-03-29T15:21:23","modified_gmt":"2025-03-29T07:21:23","slug":"custom-printed-candle-packaging-boxes-wholesale","status":"publish","type":"product","link":"https:\/\/zojopackaging.com\/fr\/product\/custom-printed-candle-packaging-boxes-wholesale\/","title":{"rendered":"Bo\u00eetes d'emballage pour bougies imprim\u00e9es sur mesure Wholesale"},"content":{"rendered":"<h3 id=\"custom-printed-candle-packaging-box-wholesale\">Bo\u00eete d'emballage pour bougies imprim\u00e9e sur mesure Wholesale<\/h3>\n<h4 id=\"-i-environmentally-friendly-materials-and-recyclable-design-\"><strong>1. Mat\u00e9riaux respectueux de l'environnement et conception recyclable<\/strong><\/h4>\n<ol>\n<li><strong>Carton ondul\u00e9<\/strong>\u00a0Utilisant du carton ondul\u00e9 tr\u00e8s r\u00e9sistant comme mat\u00e9riau de base, il pr\u00e9sente une excellente r\u00e9sistance \u00e0 la compression et d'excellentes performances de rembourrage, et peut \u00eatre r\u00e9utilis\u00e9 ou recycl\u00e9 gr\u00e2ce \u00e0 la technologie de la p\u00e2te recycl\u00e9e. Son cycle de d\u00e9gradation naturelle est court (environ 3 \u00e0 6 mois), ce qui est conforme aux normes environnementales internationales et r\u00e9duit le poids des d\u00e9chets d'emballage sur l'environnement.<\/li>\n<\/ol>\n<h4 id=\"-ii-highly-customized-services-\"><strong>2. Des services hautement personnalis\u00e9s<\/strong><\/h4>\n<ol>\n<li><strong>Options de personnalisation flexibles<\/strong><\/li>\n<li><strong>Mat\u00e9riau<\/strong>: Outre le papier ondul\u00e9, il prend en charge des mat\u00e9riaux composites tels que le carton blanc et le carton kraft pour r\u00e9pondre \u00e0 diff\u00e9rentes exigences en mati\u00e8re de portance.<\/li>\n<li><strong>Couleur<\/strong>: 42 couleurs standard et des couleurs macaron (comme le rose p\u00eache et le violet myrtille) sont disponibles. Les tons \u00e0 faible saturation peuvent r\u00e9duire la fatigue visuelle et am\u00e9liorer l'attrait des rayons.<\/li>\n<li><strong>Taille<\/strong>: Prise en charge de la personnalisation pleine taille du diam\u00e8tre int\u00e9rieur\/ext\u00e9rieur (erreur \u2264 0,1 mm), adapt\u00e9e aux conteneurs de bougies cylindriques, carr\u00e9s et de forme sp\u00e9ciale.<\/li>\n<li><strong>Processus d'impression<\/strong>: En option, impression offset, s\u00e9rigraphie, laminage UV, marquage \u00e0 chaud\/argent, gaufrage, etc., pour obtenir des logos de marque ou des motifs artistiques de haute pr\u00e9cision.<\/li>\n<li><strong>Plateau int\u00e9rieur et protection de la surface respectueux de l'environnement<\/strong><\/li>\n<li><strong>Plateau int\u00e9rieur moul\u00e9 en p\u00e2te \u00e0 papier<\/strong>: Le plateau int\u00e9rieur en p\u00e2te d\u00e9gradable est personnalis\u00e9 par un proc\u00e9d\u00e9 de pressage \u00e0 sec afin de fixer avec pr\u00e9cision la position de la bougie et d'\u00e9viter les dommages li\u00e9s au transport.<\/li>\n<li><strong>Technologie de pelliculage<\/strong>: La surface est recouverte d'un film PET ou BOPP, qui est \u00e0 la fois imperm\u00e9able \u00e0 l'eau et \u00e0 l'humidit\u00e9, et la couleur imprim\u00e9e est prot\u00e9g\u00e9e contre la d\u00e9coloration pendant plus de 5 ans gr\u00e2ce \u00e0 la technologie de rev\u00eatement UV.<\/li>\n<\/ol>\n<h4 id=\"-iii-intelligent-production-and-fast-delivery-\"><strong>3. Production intelligente et livraison rapide<\/strong><\/h4>\n<ol>\n<li><strong>Ligne de production enti\u00e8rement automatique<\/strong>\u00a0L'usine est \u00e9quip\u00e9e de machines de d\u00e9coupe enti\u00e8rement automatiques, de machines de laminage et d'\u00e9quipements d'impression \u00e0 grande vitesse, avec une capacit\u00e9 de production quotidienne d'un million de pi\u00e8ces, permettant une production continue 24 heures sur 24. Par exemple, la ligne de production de bo\u00eetes pliantes de Qingdao Shimei Packaging peut atteindre une production standardis\u00e9e de 100 000 pi\u00e8ces par jour.<\/li>\n<li><strong>Processus de r\u00e9ponse rapide<\/strong><\/li>\n<li><strong>\u00c9chantillon de 3 jours<\/strong>: Une fois que le client a fourni le projet de conception ou l'\u00e9chantillon, la confirmation de l'\u00e9chantillon est effectu\u00e9e dans les 72 heures.<\/li>\n<li><strong>7-14 jours de livraison<\/strong>: S'appuyant sur le syst\u00e8me ERP pour optimiser la programmation de la production, il ne faut que 7 jours ouvrables entre la confirmation de la commande et l'exp\u00e9dition du lot, ce qui r\u00e9pond aux exigences de rapidit\u00e9 du commerce \u00e9lectronique transfrontalier et des promotions de vacances.<\/li>\n<\/ol>\n<h4 id=\"-iv-value-added-services-and-cost-advantages-\"><strong>4. Services \u00e0 valeur ajout\u00e9e et avantages en termes de co\u00fbts<\/strong><\/h4>\n<ol>\n<li><strong>Assistance technique gratuite<\/strong><\/li>\n<li><strong>Soutien \u00e0 la conception<\/strong>: L'usine met \u00e0 disposition une \u00e9quipe de concepteurs professionnels pour optimiser gratuitement la structure de la bo\u00eete, la disposition et les solutions visuelles de la marque.<\/li>\n<li><strong>Exemple d'exp\u00e9rience<\/strong>: Les clients qui passent commande pour la premi\u00e8re fois peuvent demander des \u00e9chantillons gratuits (limit\u00e9s \u00e0 3 mod\u00e8les) pour tester l'adaptabilit\u00e9 de l'emballage et les performances en mati\u00e8re de protection.<\/li>\n<li><strong>Comp\u00e9titivit\u00e9 des prix<\/strong>\u00a0Gr\u00e2ce \u00e0 l'achat \u00e0 grande \u00e9chelle de mati\u00e8res premi\u00e8res (comme la r\u00e9duction de 15% des co\u00fbts d'achat en gros de carton blanc) et \u00e0 la production automatis\u00e9e, le co\u00fbt par pi\u00e8ce n'est que de 0,1 yuan (commande minimale de 5 000 pi\u00e8ces), soit 30% de moins que le co\u00fbt global de l'emballage traditionnel.<\/li>\n<\/ol>\n<h4 id=\"-v-application-scenarios-and-market-adaptation-\"><strong>5. Sc\u00e9narios d'application et adaptation au march\u00e9<\/strong><\/h4>\n<ul>\n<li><strong>Pr\u00e9sentoir de vente au d\u00e9tail<\/strong>: La palette de couleurs Macaron avec des motifs g\u00e9om\u00e9triques minimalistes, convient aux boutiques de cadeaux, aux marques de maison et aux comptoirs de parfums haut de gamme.<\/li>\n<li><strong>Transport transfrontalier<\/strong>: Des mat\u00e9riaux respectueux de l'environnement, conformes \u00e0 la certification FSC, sont adapt\u00e9s aux exigences de la plate-forme en mati\u00e8re d'emballage \u00e9cologique.<\/li>\n<\/ul>\n<p><strong>R\u00e9sum\u00e9<\/strong>\u00a0Les bo\u00eetes d'emballage de bougies imprim\u00e9es sur mesure concilient l'image de marque, la ma\u00eetrise des co\u00fbts et la responsabilit\u00e9 durable gr\u00e2ce \u00e0 des mat\u00e9riaux respectueux de l'environnement, \u00e0 une production intelligente et \u00e0 des services personnalis\u00e9s approfondis. L'optimisation compl\u00e8te, de la conception \u00e0 la livraison, offre aux fabricants et aux d\u00e9taillants de bougies des solutions d'emballage efficaces et \u00e0 faible seuil.<\/p>","protected":false},"excerpt":{"rendered":"<p>1. Le carton ondul\u00e9 peut \u00eatre r\u00e9utilis\u00e9 ou recycl\u00e9 en p\u00e2te \u00e0 papier, le cycle de d\u00e9gradation naturelle est rapide, il est respectueux de l'environnement.<br \/>\n2. Conception pliable, aplatie pour le stockage, r\u00e9duisant l'espace de stockage<br \/>\n3. Hautement personnalisable, mat\u00e9riau, couleur, taille, processus d'impression de surface pour s'adapter \u00e0 l'emballage de la bougie.<\/p>","protected":false},"featured_media":8588,"template":"","meta":[],"product_brand":[],"product_cat":[30,416,430,31],"product_tag":[896,898,897],"class_list":{"0":"post-8587","1":"product","2":"type-product","3":"status-publish","4":"has-post-thumbnail","6":"product_cat-by-industry","7":"product_cat-custom-candle-boxes","8":"product_cat-folding-cartons","9":"product_cat-paper-box-style","10":"product_tag-candle-packaging","11":"product_tag-candle-packaging-boxes","12":"product_tag-custom-boxes-wholesale","14":"first","15":"instock","16":"shipping-taxable","17":"product-type-simple"},"_links":{"self":[{"href":"https:\/\/zojopackaging.com\/fr\/wp-json\/wp\/v2\/product\/8587","targetHints":{"allow":["GET"]}}],"collection":[{"href":"https:\/\/zojopackaging.com\/fr\/wp-json\/wp\/v2\/product"}],"about":[{"href":"https:\/\/zojopackaging.com\/fr\/wp-json\/wp\/v2\/types\/product"}],"version-history":[{"count":1,"href":"https:\/\/zojopackaging.com\/fr\/wp-json\/wp\/v2\/product\/8587\/revisions"}],"predecessor-version":[{"id":8594,"href":"https:\/\/zojopackaging.com\/fr\/wp-json\/wp\/v2\/product\/8587\/revisions\/8594"}],"wp:featuredmedia":[{"embeddable":true,"href":"https:\/\/zojopackaging.com\/fr\/wp-json\/wp\/v2\/media\/8588"}],"wp:attachment":[{"href":"https:\/\/zojopackaging.com\/fr\/wp-json\/wp\/v2\/media?parent=8587"}],"wp:term":[{"taxonomy":"product_brand","embeddable":true,"href":"https:\/\/zojopackaging.com\/fr\/wp-json\/wp\/v2\/product_brand?post=8587"},{"taxonomy":"product_cat","embeddable":true,"href":"https:\/\/zojopackaging.com\/fr\/wp-json\/wp\/v2\/product_cat?post=8587"},{"taxonomy":"product_tag","embeddable":true,"href":"https:\/\/zojopackaging.com\/fr\/wp-json\/wp\/v2\/product_tag?post=8587"}],"curies":[{"name":"wp","href":"https:\/\/api.w.org\/{rel}","templated":true}]}}