{"id":8595,"date":"2025-03-29T15:22:14","date_gmt":"2025-03-29T07:22:14","guid":{"rendered":"https:\/\/zojopackaging.com\/?post_type=product&#038;p=8595"},"modified":"2025-03-29T15:50:59","modified_gmt":"2025-03-29T07:50:59","slug":"premium-luxury-spirits-whisky-paper-tube-packaging-wholesale","status":"publish","type":"product","link":"https:\/\/zojopackaging.com\/fr\/product\/premium-luxury-spirits-whisky-paper-tube-packaging-wholesale\/","title":{"rendered":"Tube en papier pour spiritueux de luxe Whisky Emballage en gros"},"content":{"rendered":"<h3 id=\"wholesale-instructions-for-premium-luxury-spirits-whiskey-paper-tube-packaging\">Wholesale Premium Luxury Spirits Whiskey Paper Tube Packaging<\/h3>\n<h4 id=\"-1-structural-advantages-scientific-pressure-bearing-all-round-protection-\"><strong>1. Avantages structurels : Protection scientifique contre la pression, protection sur tout le pourtour<\/strong><\/h4>\n<p>L'emballage en tube de papier adopte une\u00a0<strong>conception d'une structure cylindrique<\/strong>Il est particuli\u00e8rement adapt\u00e9 aux spiritueux et aux whiskies fragiles et de grande valeur. Ses propri\u00e9t\u00e9s physiques permettent d'att\u00e9nuer efficacement les vibrations et les chocs pendant le transport. La couche int\u00e9rieure peut \u00eatre assortie d'un\u00a0<strong>structure de rev\u00eatement personnalis\u00e9e<\/strong>\u00a0(comme un encliquetage sym\u00e9trique ou une doublure en grille de type oreiller) pour am\u00e9liorer encore les performances de fixation et de rembourrage, garantissant que la bouteille est s\u00fbre et intacte dans un environnement logistique complexe.<\/p>\n<h4 id=\"-2-functional-innovation-sealing-and-convenience-coexist-\"><strong>2. Innovation fonctionnelle : L'\u00e9tanch\u00e9it\u00e9 et la commodit\u00e9 coexistent<\/strong><\/h4>\n<p>L'emballage en tube de papier permet\u00a0<strong>structure enti\u00e8rement scell\u00e9e ou r\u00e9-ouvrable<\/strong>\u00a0la conception :<\/p>\n<ul>\n<li><strong>version enti\u00e8rement scell\u00e9e<\/strong>L'emballage de la liqueur : il utilise une technologie de laminage de qualit\u00e9 alimentaire, combin\u00e9e \u00e0 des mat\u00e9riaux de couche int\u00e9rieure r\u00e9sistants \u00e0 l'humidit\u00e9 (tels que le papier composite d'aluminium), pour bloquer la p\u00e9n\u00e9tration de l'oxyg\u00e8ne et de l'humidit\u00e9, et prolonger la dur\u00e9e de conservation de la liqueur.<\/li>\n<li><strong>Version ouverte<\/strong>: Le couvercle magn\u00e9tique ou la structure \u00e0 boucle filet\u00e9e sont con\u00e7us pour que les consommateurs puissent les prendre plusieurs fois, tout en maintenant l'\u00e9tanch\u00e9it\u00e9, ce qui r\u00e9pond aux besoins de collection et d'exposition des coffrets cadeaux pour spiritueux haut de gamme.<\/li>\n<\/ul>\n<h4 id=\"-third-environmental-sustainability-green-technology-empowers-brand-value-\"><strong>3. Durabilit\u00e9 environnementale : les technologies vertes renforcent la valeur de la marque<\/strong><\/h4>\n<p>Le mat\u00e9riau d'emballage est\u00a0<strong>100% p\u00e2te recyclable<\/strong>\u00a0ou\u00a0<strong>Fibre de bois certifi\u00e9e FSC<\/strong>Le processus de production adopte une technologie de moulage par pliage sans adh\u00e9sif afin de r\u00e9duire la pollution chimique. Associ\u00e9 \u00e0 l'impression \u00e0 l'encre \u00e0 base d'eau et \u00e0 la technologie de laminage biod\u00e9gradable, il permet de r\u00e9duire les \u00e9missions de carbone et de prot\u00e9ger l'environnement tout au long du cycle de vie, de la production \u00e0 l'\u00e9limination, conform\u00e9ment aux normes environnementales REACH de l'Union europ\u00e9enne.<\/p>\n<h4 id=\"-fourth-visual-impact-red-aesthetics-and-brand-memory-enhancement-\"><strong>4. Impact visuel : esth\u00e9tique du rouge et renforcement de la m\u00e9moire de la marque<\/strong><\/h4>\n<p>La couleur principale adopte\u00a0<strong>rouge \u00e0 haute saturation (comptabilit\u00e9 pour 70%)<\/strong>Le rouge, associ\u00e9 \u00e0 un traitement mat ou brillant, donne un ton luxueux et passionn\u00e9 \u00e0 la marque. Le rouge a\u00a0<strong>attraction visuelle naturelle<\/strong>\u00a0dans les rayons. Des donn\u00e9es exp\u00e9rimentales montrent que le taux d'attention du consommateur pour un emballage rouge est 37% plus \u00e9lev\u00e9 que celui des couleurs conventionnelles. Le design peut incorporer un LOGO marqu\u00e9 \u00e0 chaud, une texture en relief ou un totem culturel (comme les motifs de style boh\u00e9mien) pour renforcer la reconnaissance de la marque.<\/p>\n<h4 id=\"-v-efficient-production-process-spot-uv-and-automation-empowerment-\"><strong>5. Processus de production efficace : Spot UV et renforcement de l'automatisation<\/strong><\/h4>\n<p>Adopter\u00a0<strong>Proc\u00e9d\u00e9 de vernissage local UV Spot<\/strong>La technologie de s\u00e9chage instantan\u00e9 aux ultraviolets permet d'obtenir un effet de surface localement brillant et pr\u00e9cis, de r\u00e9duire le temps de s\u00e9chage \u00e0 0,1 seconde, de prendre en charge l'impression en continu et la connexion transparente avec le post-traitement, et d'am\u00e9liorer l'efficacit\u00e9 de la production de plus de 30%. Associ\u00e9e \u00e0 la technologie de composition num\u00e9rique (telle que la mod\u00e9lisation 3D), la disposition des motifs peut \u00eatre rapidement ajust\u00e9e pour r\u00e9pondre aux besoins des commandes personnalis\u00e9es en petits lots.<\/p>\n<h4 id=\"-sixth-highly-customized-service-flexible-adaptation-from-material-to-process-\"><strong>6. Service hautement personnalis\u00e9 : adaptation flexible du mat\u00e9riau au processus<\/strong><\/h4>\n<ul>\n<li><strong>S\u00e9lection des mat\u00e9riaux<\/strong>: Fournir une vari\u00e9t\u00e9 de substrats tels que le papier ondul\u00e9, le carton dur, le papier composite \u00e0 base de fibres de bambou, etc. pour r\u00e9pondre aux diff\u00e9rentes exigences en mati\u00e8re de portance et de texture.<\/li>\n<li><strong>Taille et structure<\/strong>: Les gammes de personnalisation vont de 50 mm \u00e0 300 mm de diam\u00e8tre et de 200 mm \u00e0 800 mm de hauteur, et peuvent \u00eatre adapt\u00e9es \u00e0 des bouteilles de vin individuelles ou \u00e0 des ensembles combin\u00e9s de plusieurs bouteilles.<\/li>\n<li><strong>Technologie de surface<\/strong>Les produits de l'Union europ\u00e9enne peuvent \u00eatre utilis\u00e9s dans le cadre d'autres processus : marquage \u00e0 chaud, gaufrage, gravure au laser, pelliculage au laser et autres processus, et m\u00eame des puces NFC int\u00e9gr\u00e9es pour assurer la tra\u00e7abilit\u00e9 de la contrefa\u00e7on.<\/li>\n<\/ul>\n<h4 id=\"-vii-added-value-enhancement-lamination-and-lamination-technology-upgrade-\"><strong>7. Am\u00e9lioration de la valeur ajout\u00e9e : Am\u00e9lioration de la technologie du pelliculage et de la stratification<\/strong><\/h4>\n<p>A travers\u00a0<strong>Pelliculage BOPP<\/strong>\u00a0ou\u00a0<strong>Processus de laminage du PETG<\/strong>La r\u00e9sistance \u00e0 l'usure, l'imperm\u00e9abilit\u00e9 et la brillance de l'emballage sont consid\u00e9rablement am\u00e9lior\u00e9es, ce qui rend le tube en papier comparable \u00e0 la texture des bo\u00eetes en m\u00e9tal et en bois, tout en r\u00e9duisant le poids total et les co\u00fbts de transport. La couche de pelliculage peut \u00e9galement \u00eatre dot\u00e9e d'un rev\u00eatement antibact\u00e9rien afin de r\u00e9pondre aux normes \u00e9lev\u00e9es d'hygi\u00e8ne et de s\u00e9curit\u00e9 pour l'alcool haut de gamme.<\/p>\n<h4 id=\"-viii-one-stop-service-support-zero-cost-cooperation-start-\"><strong>8. Soutien par un service unique : d\u00e9marrage de la coop\u00e9ration \u00e0 co\u00fbt z\u00e9ro<\/strong><\/h4>\n<p>En tant qu'usine professionnelle d'emballage de spiritueux, nous fournissons :<\/p>\n<ul>\n<li><strong>Conception gratuite<\/strong>: Une \u00e9quipe r\u00e9compens\u00e9e par des prix internationaux de design con\u00e7oit des solutions d'emballage sur mesure, en int\u00e9grant la culture de la marque et les tendances du march\u00e9.<\/li>\n<li><strong>\u00c9chantillons gratuits<\/strong>: Des rendus en 3D et des preuves physiques sont fournis dans les 48 heures, \u00e0 l'appui des tests de performance (tels que la simulation de chute et d'humidit\u00e9).<\/li>\n<li><strong>Assistance technique<\/strong>: Assistance compl\u00e8te, de l'optimisation structurelle au processus de production de masse, pour garantir un taux de rendement \u2265 99,5%.<\/li>\n<li><strong>Avantage tarifaire<\/strong>: L'approvisionnement \u00e0 grande \u00e9chelle et la production automatis\u00e9e r\u00e9duisent les co\u00fbts, et le prix d'une qualit\u00e9 similaire est 15%-20% inf\u00e9rieur \u00e0 la moyenne du march\u00e9.<\/li>\n<\/ul>","protected":false},"excerpt":{"rendered":"<p>1. Le tube de papier cylindrique r\u00e9partit uniform\u00e9ment les forces ext\u00e9rieures. La structure est stable et protectrice.<br \/>\n2. Il peut \u00eatre con\u00e7u comme une structure enti\u00e8rement scell\u00e9e ou r\u00e9-ouvrable selon les besoins, emp\u00eachant efficacement l'humidit\u00e9 et l'oxydation.<br \/>\n3. Il peut \u00eatre hautement personnalis\u00e9 en termes de mat\u00e9riau, de couleur, de taille et de processus d'impression de surface pour s'adapter \u00e0 l'emballage des spiritueux, du whisky et du vin rouge.<\/p>","protected":false},"featured_media":8598,"template":"","meta":[],"product_brand":[],"product_cat":[30,419,31,429],"product_tag":[900,899,901],"class_list":{"0":"post-8595","1":"product","2":"type-product","3":"status-publish","4":"has-post-thumbnail","6":"product_cat-by-industry","7":"product_cat-custom-wines-spirits-boxes","8":"product_cat-paper-box-style","9":"product_cat-paper-tube-boxes","10":"product_tag-luxury-whisky-packaging-wholesale","11":"product_tag-premium-spirits-paper-tube","12":"product_tag-spirits-whisky-packaging-wholesale","14":"first","15":"instock","16":"shipping-taxable","17":"product-type-simple"},"_links":{"self":[{"href":"https:\/\/zojopackaging.com\/fr\/wp-json\/wp\/v2\/product\/8595","targetHints":{"allow":["GET"]}}],"collection":[{"href":"https:\/\/zojopackaging.com\/fr\/wp-json\/wp\/v2\/product"}],"about":[{"href":"https:\/\/zojopackaging.com\/fr\/wp-json\/wp\/v2\/types\/product"}],"version-history":[{"count":1,"href":"https:\/\/zojopackaging.com\/fr\/wp-json\/wp\/v2\/product\/8595\/revisions"}],"predecessor-version":[{"id":8602,"href":"https:\/\/zojopackaging.com\/fr\/wp-json\/wp\/v2\/product\/8595\/revisions\/8602"}],"wp:featuredmedia":[{"embeddable":true,"href":"https:\/\/zojopackaging.com\/fr\/wp-json\/wp\/v2\/media\/8598"}],"wp:attachment":[{"href":"https:\/\/zojopackaging.com\/fr\/wp-json\/wp\/v2\/media?parent=8595"}],"wp:term":[{"taxonomy":"product_brand","embeddable":true,"href":"https:\/\/zojopackaging.com\/fr\/wp-json\/wp\/v2\/product_brand?post=8595"},{"taxonomy":"product_cat","embeddable":true,"href":"https:\/\/zojopackaging.com\/fr\/wp-json\/wp\/v2\/product_cat?post=8595"},{"taxonomy":"product_tag","embeddable":true,"href":"https:\/\/zojopackaging.com\/fr\/wp-json\/wp\/v2\/product_tag?post=8595"}],"curies":[{"name":"wp","href":"https:\/\/api.w.org\/{rel}","templated":true}]}}