{"id":8603,"date":"2025-03-29T15:51:07","date_gmt":"2025-03-29T07:51:07","guid":{"rendered":"https:\/\/zojopackaging.com\/?post_type=product&#038;p=8603"},"modified":"2025-03-29T16:22:10","modified_gmt":"2025-03-29T08:22:10","slug":"custom-child-proof-1ml-vape-cartridge-packaging-boxes","status":"publish","type":"product","link":"https:\/\/zojopackaging.com\/fr\/product\/custom-child-proof-1ml-vape-cartridge-packaging-boxes\/","title":{"rendered":"Bo\u00eetes d'emballage personnalis\u00e9es \u00e0 l'\u00e9preuve des enfants pour cartouches de vaporisation de 1ml"},"content":{"rendered":"<h3 id=\"customized-child-proof-1ml-electronic-cigarette-cartridge-packaging-box-description\">Description de la bo\u00eete d'emballage de cartouches de cigarettes \u00e9lectroniques 1ml personnalis\u00e9es et s\u00e9curis\u00e9es pour les enfants<\/h3>\n<h4 id=\"-2-child-proof-opening-and-humanized-design-\"><strong>1. Ouverture \u00e0 l'\u00e9preuve des enfants et conception humanis\u00e9e<\/strong><\/h4>\n<ol>\n<li><strong>Structure de la bo\u00eete \u00e0 papier du tiroir<\/strong>: Il adopte une\u00a0<strong>conception de l'ouverture coulissante<\/strong>Gr\u00e2ce \u00e0 la coop\u00e9ration pr\u00e9cise de la boucle entre le corps de la bo\u00eete et le couvercle, il est non seulement difficile pour les enfants d'ouvrir la bo\u00eete d'une seule main (les deux mains sont n\u00e9cessaires pour appuyer sur les rainures des deux c\u00f4t\u00e9s et faire glisser la bo\u00eete en m\u00eame temps), mais les adultes b\u00e9n\u00e9ficient \u00e9galement d'une ouverture et d'une fermeture en douceur, en tenant compte de la s\u00e9curit\u00e9 et de la commodit\u00e9.<\/li>\n<li><strong>Optimisation de la rainure du pouce<\/strong>: Ergonomique\u00a0<strong>rainures d'arc<\/strong>\u00a0sont plac\u00e9s de part et d'autre du corps de la bo\u00eete. La profondeur et la largeur sont adapt\u00e9es \u00e0 la taille des pouces des adultes, ce qui facilite l'ouverture forc\u00e9e. Par ailleurs, les bords des rainures sont arrondis et exempts de bavures pour \u00e9viter les rayures.<\/li>\n<\/ol>\n<h4 id=\"-iii-visual-and-brand-communication-\"><strong>2. Communication visuelle et communication de marque<\/strong><\/h4>\n<ol>\n<li><strong>Application de la psychologie des couleurs<\/strong>: La couleur principale est\u00a0<strong>jaune vif<\/strong>qui favorise la s\u00e9cr\u00e9tion de dopamine gr\u00e2ce \u00e0 une stimulation visuelle \u00e0 haute saturation, transmet vitalit\u00e9 et plaisir, et convient particuli\u00e8rement pour soulager les \u00e9motions d\u00e9pressives des utilisateurs de CBD ou de vape de cannabis.<\/li>\n<li><strong>Proc\u00e9d\u00e9 UV partiel<\/strong>:\u00a0<strong>Vernis UV partiel<\/strong>\u00a0est utilis\u00e9 sur les logos de marque, les textes cl\u00e9s et les motifs pour cr\u00e9er un effet de contraste entre les surfaces mates et brillantes et am\u00e9liorer la texture ; la zone UV est r\u00e9sistante aux rayures et aux empreintes digitales, ce qui convient aux besoins d'affichage dans les sc\u00e9narios de consommation haut de gamme.<\/li>\n<\/ol>\n<h4 id=\"-fourth-highly-customized-services-\"><strong>3. des services hautement personnalis\u00e9s<\/strong><\/h4>\n<ol>\n<li><strong>Des besoins d'adaptation flexibles<\/strong>: Personnalisation compl\u00e8te des mat\u00e9riaux (papier mat, papier ondul\u00e9), des couleurs (personnalisation des cartes de couleurs Pantone), des formats (adaptation aux diff\u00e9rentes capacit\u00e9s des cartouches) et des proc\u00e9d\u00e9s de surface (estampage \u00e0 chaud, gaufrage, laser), pour r\u00e9pondre au positionnement de diff\u00e9renciation de la marque.<\/li>\n<li><strong>Assistance technique en usine<\/strong>: L'usine coop\u00e9rative fournit\u00a0<strong>conception libre<\/strong>\u00a0(y compris la mod\u00e9lisation 3D et l'optimisation structurelle),\u00a0<strong>\u00e9preuve gratuite de l'\u00e9chantillon<\/strong>\u00a0et\u00a0<strong>orientation technique pour l'ensemble du processus de production<\/strong>\u00a0afin de garantir une mise en \u0153uvre pr\u00e9cise des dessins aux produits finis. En termes de prix, la production \u00e0 grande \u00e9chelle et les avantages de la cha\u00eene d'approvisionnement permettent d'offrir la solution la moins ch\u00e8re du secteur.<\/li>\n<\/ol>\n<h4 id=\"-five-compliance-and-safety-standards-\"><strong>4. Normes de conformit\u00e9 et de s\u00e9curit\u00e9<\/strong><\/h4>\n<ol>\n<li><strong>Certification en mati\u00e8re de protection de l'enfance<\/strong>: L'emballage a pass\u00e9 le test de la norme internationale ASTM, et les enfants de moins de 5 ans ne peuvent pas l'ouvrir en moins de 5 minutes lors du test de simulation, ce qui r\u00e9pond aux exigences r\u00e9glementaires de la FDA en mati\u00e8re d'emballage \u00e0 l'\u00e9preuve des enfants.<\/li>\n<li><strong>R\u00e9sistance aux produits chimiques et durabilit\u00e9<\/strong>: Le mat\u00e9riau a pass\u00e9 les tests de r\u00e9sistance \u00e0 la corrosion, de r\u00e9sistance aux temp\u00e9ratures \u00e9lev\u00e9es (adaptation \u00e0 l'environnement de transport) et de r\u00e9sistance \u00e0 la p\u00e9n\u00e9tration de l'encre afin de garantir la stabilit\u00e9 du stockage \u00e0 long terme.<\/li>\n<\/ol>\n<h4 id=\"-vi-application-scenarios-and-added-value-\"><strong>5. Sc\u00e9narios d'application et valeur ajout\u00e9e<\/strong><\/h4>\n<p>Ce type d'emballage convient non seulement aux cartouches de cigarettes \u00e9lectroniques, mais peut \u00e9galement \u00eatre \u00e9tendu aux atomiseurs de CBD, aux m\u00e9dicaments et \u00e0 d'autres domaines n\u00e9cessitant une protection des enfants. L'int\u00e9gration d'histoires de marque (telles que des concepts de protection de l'environnement ou des all\u00e9gations de sant\u00e9) et d'\u00e9tiquettes intelligentes (telles que des codes de tra\u00e7abilit\u00e9 RFID) permet de renforcer la confiance des consommateurs et la valeur ajout\u00e9e des produits.<\/p>","protected":false},"excerpt":{"rendered":"<p>1. Papier d'art couch\u00e9 C2S 157g, carton rigide 1200g, surface lisse, mat\u00e9riau respectueux de l'environnement<br \/>\n2. Spot UV met en valeur la sc\u00e8ne haut de gamme du logo de la marque et l'exp\u00e9rience de l'utilisateur.<br \/>\n3. Hautement personnalisable, mat\u00e9riau, couleur, taille, processus d'impression de surface pour s'adapter \u00e0 votre emballage de cartouche d'e-cigarette de 1ml.<\/p>","protected":false},"featured_media":8606,"template":"","meta":[],"product_brand":[],"product_cat":[30,431,420,31],"product_tag":[903,902,792],"class_list":{"0":"post-8603","1":"product","2":"type-product","3":"status-publish","4":"has-post-thumbnail","6":"product_cat-by-industry","7":"product_cat-child-resistant-packaging","8":"product_cat-custom-cannabis-boxes","9":"product_cat-paper-box-style","10":"product_tag-1ml-vape-boxes","11":"product_tag-1ml-vape-cartridge-packaging","12":"product_tag-child-proof-vape-packaging","14":"first","15":"instock","16":"shipping-taxable","17":"product-type-simple"},"_links":{"self":[{"href":"https:\/\/zojopackaging.com\/fr\/wp-json\/wp\/v2\/product\/8603","targetHints":{"allow":["GET"]}}],"collection":[{"href":"https:\/\/zojopackaging.com\/fr\/wp-json\/wp\/v2\/product"}],"about":[{"href":"https:\/\/zojopackaging.com\/fr\/wp-json\/wp\/v2\/types\/product"}],"version-history":[{"count":1,"href":"https:\/\/zojopackaging.com\/fr\/wp-json\/wp\/v2\/product\/8603\/revisions"}],"predecessor-version":[{"id":8610,"href":"https:\/\/zojopackaging.com\/fr\/wp-json\/wp\/v2\/product\/8603\/revisions\/8610"}],"wp:featuredmedia":[{"embeddable":true,"href":"https:\/\/zojopackaging.com\/fr\/wp-json\/wp\/v2\/media\/8606"}],"wp:attachment":[{"href":"https:\/\/zojopackaging.com\/fr\/wp-json\/wp\/v2\/media?parent=8603"}],"wp:term":[{"taxonomy":"product_brand","embeddable":true,"href":"https:\/\/zojopackaging.com\/fr\/wp-json\/wp\/v2\/product_brand?post=8603"},{"taxonomy":"product_cat","embeddable":true,"href":"https:\/\/zojopackaging.com\/fr\/wp-json\/wp\/v2\/product_cat?post=8603"},{"taxonomy":"product_tag","embeddable":true,"href":"https:\/\/zojopackaging.com\/fr\/wp-json\/wp\/v2\/product_tag?post=8603"}],"curies":[{"name":"wp","href":"https:\/\/api.w.org\/{rel}","templated":true}]}}