{"id":8611,"date":"2025-03-29T16:22:17","date_gmt":"2025-03-29T08:22:17","guid":{"rendered":"https:\/\/zojopackaging.com\/?post_type=product&#038;p=8611"},"modified":"2025-03-29T16:55:13","modified_gmt":"2025-03-29T08:55:13","slug":"high-quality-customized-jewelry-drawer-paper-box-manufacturer","status":"publish","type":"product","link":"https:\/\/zojopackaging.com\/fr\/product\/high-quality-customized-jewelry-drawer-paper-box-manufacturer\/","title":{"rendered":"Bo\u00eete en papier de haute qualit\u00e9 pour tiroirs \u00e0 bijoux Fabricant"},"content":{"rendered":"<h2 id=\"manufacturer-s-description-of-high-quality-custom-jewelry-drawer-paper-boxes\">Description du fabricant de bo\u00eetes en papier pour tiroirs \u00e0 bijoux personnalis\u00e9es de haute qualit\u00e9<\/h2>\n<h3 id=\"-1-innovative-box-design-and-environmental-sustainability-\"><strong>1. Conception innovante de la bo\u00eete et durabilit\u00e9 environnementale<\/strong><\/h3>\n<p>En tant qu'usine sp\u00e9cialis\u00e9e dans la fabrication de bo\u00eetes d'emballage pour bijoux, nous adoptons des techniques de pointe pour la fabrication de bo\u00eetes d'emballage pour bijoux.<strong>conception d'une bo\u00eete en t\u00f4le d'acier<\/strong>La bo\u00eete est compos\u00e9e d'une structure d'ouverture coulissante, combin\u00e9e \u00e0 l'ergonomie pour optimiser l'exp\u00e9rience d'ouverture et de fermeture. Le corps de la bo\u00eete et le tiroir int\u00e9rieur sont reli\u00e9s par des rails de pr\u00e9cision, l'ouverture et la fermeture sont fluides et l'amortissement est mod\u00e9r\u00e9, ce qui permet non seulement d'\u00e9viter les glissements accidentels, mais aussi de v\u00e9rifier la durabilit\u00e9 de l'ouverture et de la fermeture r\u00e9p\u00e9t\u00e9es. Le mat\u00e9riau est\u00a0<strong>157g de papier couch\u00e9 C2S + 1200g de carton dur<\/strong>La surface est trait\u00e9e par un proc\u00e9d\u00e9 d'enduction \u00e0 haute brillance, le toucher est d\u00e9licat et lisse, et l'adh\u00e9rence de l'impression est excellente, ce qui permet de pr\u00e9senter avec pr\u00e9cision des motifs complexes et des logos de marque. En outre, le carton a obtenu la certification foresti\u00e8re FSC, qui garantit que la source des mati\u00e8res premi\u00e8res r\u00e9pond aux normes de protection de l'environnement et favorise le recyclage.<\/p>\n<h3 id=\"-second-luxury-details-and-brand-value-enhancement-\"><strong>2. D\u00e9tails de luxe et am\u00e9lioration de la valeur de la marque<\/strong><\/h3>\n<p>Pour am\u00e9liorer l'attrait visuel et la reconnaissance de la marque de l'emballage, nous incrustons\u00a0<strong>perles naturelles ou accessoires en imitation de perles<\/strong> sur le dessus de la bo\u00eete et les fixer par incrustation \u00e0 la main, ce qui permet non seulement de conserver le lustre naturel mais aussi de rehausser l'aspect luxueux de l'ensemble. L'impression de surface adopte la technologie CMKY<strong>\u00a0technologie d'impression de haute pr\u00e9cision<\/strong>Le logo de la marque peut \u00eatre personnalis\u00e9 en fonction des couleurs Pantone et est partiellement compatible avec les technologies de marquage \u00e0 chaud, de pelliculage UV ou de gaufrage. Par exemple, des renflements UV tridimensionnels sont utilis\u00e9s au niveau du logo de la marque pour former un double point de m\u00e9moire tactile et visuelle. La doublure est fabriqu\u00e9e en\u00a0<strong>mat\u00e9riau de flocage sur mesure<\/strong>La mod\u00e9lisation en 3D permet d'adapter avec pr\u00e9cision le contour du bijou. Par exemple, la rainure de l'anneau adopte une rainure de velours ondul\u00e9e, et le support du collier adopte une structure de suspension r\u00e9glable, ce qui non seulement prot\u00e8ge le produit des rayures, mais am\u00e9liore \u00e9galement l'esth\u00e9tique de l'exposition.<\/p>\n<h3 id=\"-three-full-link-customized-service-capabilities-\"><strong>3. les capacit\u00e9s de services personnalis\u00e9s en lien int\u00e9gral<\/strong><\/h3>\n<p>S'appuyer sur\u00a0<strong>16 ans d'exp\u00e9rience dans la fabrication d'emballages pour bijoux<\/strong>Nous proposons une personnalisation compl\u00e8te, de la conception \u00e0 la production :<\/p>\n<ol>\n<li><strong>Adaptation flexible de la bo\u00eete<\/strong>: Il prend en charge divers types de bo\u00eetes d\u00e9riv\u00e9es, telles que les couvercles sup\u00e9rieurs et inf\u00e9rieurs, les couvercles \u00e0 rabat, les fermetures magn\u00e9tiques, etc., avec une gamme de dimensions allant de 30 mm \u00d7 30 mm \u00e0 300 mm \u00d7 300 mm, ce qui permet de r\u00e9pondre aux besoins de stockage de bijoux individuels ou de s\u00e9ries compl\u00e8tes de bijoux.<\/li>\n<li><strong>Solution de mise \u00e0 niveau des mat\u00e9riaux<\/strong>: Outre le carton standard, il est possible de s\u00e9lectionner des mat\u00e9riaux sp\u00e9ciaux tels que le carton or et argent, le papier nacr\u00e9 et le papier rempli de cuir, ou de superposer des proc\u00e9d\u00e9s composites tels que la bordure m\u00e9tallique et le placage de cuir pour s'adapter \u00e0 des sc\u00e9narios personnalis\u00e9s haut de gamme.<\/li>\n<li><strong>Extension intelligente des fonctions<\/strong>: Il peut int\u00e9grer des puces RFID anti-contrefa\u00e7on, des \u00e9tiquettes de d\u00e9tection NFC, etc. Les utilisateurs peuvent obtenir des informations sur la tra\u00e7abilit\u00e9 des produits en touchant leur t\u00e9l\u00e9phone portable, ce qui renforce la confiance des consommateurs.<\/li>\n<\/ol>\n<h3 id=\"-fourth-large-scale-production-and-quality-control-guarantee-\"><strong>4. Production \u00e0 grande \u00e9chelle et garantie de contr\u00f4le de la qualit\u00e9<\/strong><\/h3>\n<p>L'usine a\u00a0<strong>20 lignes de production enti\u00e8rement automatiques<\/strong>L'entreprise dispose d'une capacit\u00e9 de production quotidienne moyenne de 100 000 pi\u00e8ces, de machines de d\u00e9coupe CNC, de machines d'estampage \u00e0 chaud de haute pr\u00e9cision et d'\u00e9quipements intelligents d'inspection de la qualit\u00e9. Elle est en mesure de fournir des \u00e9preuves ultra-rapides en 48 heures et d'effectuer des livraisons \u00e0 grande \u00e9chelle dans un d\u00e9lai de 15 jours. Le syst\u00e8me de contr\u00f4le de la qualit\u00e9 a pass\u00e9\u00a0<strong>Certification de gestion de la qualit\u00e9 ISO 9001<\/strong>\u00a0et\u00a0<strong>Certification environnementale FSC<\/strong>et met en \u0153uvre un triple processus d'essai :<\/p>\n<ul>\n<li><strong>Essais sur les mati\u00e8res premi\u00e8res<\/strong>: Test en laboratoire du poids du carton, de la r\u00e9sistance au pliage et de la teneur en m\u00e9taux lourds de l'encre ;<\/li>\n<li><strong>Contr\u00f4le du processus de production<\/strong>: Utilisez un colorim\u00e8tre pour calibrer les couleurs d'impression en temps r\u00e9el afin d'assurer la coh\u00e9rence des lots ;<\/li>\n<li><strong>Essais sous pression des produits finis<\/strong>: Simuler l'environnement de transport pour tester la bo\u00eete d'emballage pour la compression, la chute et les cycles de temp\u00e9rature et d'humidit\u00e9, avec une force portante de plus de 20 kg.<\/li>\n<\/ul>\n<h4 id=\"-five-one-stop-service-and-industry-solutions-\"><strong>5. Service \u00e0 guichet unique et solutions sectorielles<\/strong><\/h4>\n<p>Notre \u00e9quipe de professionnels fournit\u00a0<strong>soutien gratuit \u00e0 la conception<\/strong>Les services de conseil et d'assistance aux entreprises, y compris le rendu structurel en 3D, les solutions d'int\u00e9gration de la marque VI et les suggestions d'optimisation des co\u00fbts. Cibler diff\u00e9rents positionnements sur le march\u00e9 :<\/p>\n<ul>\n<li><strong>Clients du commerce \u00e9lectronique transfrontalier<\/strong>: Fournir des emballages l\u00e9gers et des solutions logistiques antichocs qui r\u00e9pondent aux exigences des plateformes Amazon et eBay ;<\/li>\n<li><strong>Marques de bijoux haut de gamme<\/strong>: Coop\u00e9rer avec des \u00e9quipes de designers italiens pour d\u00e9velopper des coffrets cadeaux en \u00e9dition limit\u00e9e, int\u00e9grant l'artisanat de la laque orientale \u00e0 l'esth\u00e9tique minimaliste occidentale ;<\/li>\n<li><strong>Besoins en activit\u00e9s promotionnelles<\/strong>: Ils peuvent \u00eatre command\u00e9s en petites quantit\u00e9s (minimum 500 pi\u00e8ces) et peuvent \u00eatre assortis de sacs \u00e0 main personnalis\u00e9s, de cartes de garantie et d'autres mat\u00e9riels p\u00e9riph\u00e9riques.<\/li>\n<\/ul>\n<p><strong>Valeur de coop\u00e9ration<\/strong>: En nous choisissant, vous obtiendrez une solution d'emballage de bijoux qui allie fonctionnalit\u00e9, art et responsabilit\u00e9 environnementale, qui transmet l'histoire de la marque par le biais de l'emballage et qui augmente l'espace de vente du produit.<\/p>","protected":false},"excerpt":{"rendered":"<p>1. Papier d'art couch\u00e9 C2S 157g, carton rigide 1200g, surface lisse, forte adh\u00e9rence, impression claire.<br \/>\n2. Les accessoires en perles renforcent le sentiment de luxe et l'attrait visuel, et am\u00e9liorent la reconnaissance de la marque.<br \/>\n3. Le type de bo\u00eete, la taille, le mat\u00e9riau et l'impression de surface peuvent \u00eatre fortement personnalis\u00e9s pour s'adapter \u00e0 votre bo\u00eete d'emballage de bijoux.<\/p>","protected":false},"featured_media":8612,"template":"","meta":[],"product_brand":[],"product_cat":[30,415,31,426],"product_tag":[906,904,905],"class_list":{"0":"post-8611","1":"product","2":"type-product","3":"status-publish","4":"has-post-thumbnail","6":"product_cat-by-industry","7":"product_cat-custom-jewelry-boxes-by-industry","8":"product_cat-paper-box-style","9":"product_cat-paper-drawer-boxes","10":"product_tag-customized-jewelry-box","11":"product_tag-high-quality-logo-customized-jewelry-drawer-paper-box-manufacturer-jewelry-drawer-paper-box","12":"product_tag-jewelry-box-manufacturer","14":"first","15":"instock","16":"shipping-taxable","17":"product-type-simple"},"_links":{"self":[{"href":"https:\/\/zojopackaging.com\/fr\/wp-json\/wp\/v2\/product\/8611","targetHints":{"allow":["GET"]}}],"collection":[{"href":"https:\/\/zojopackaging.com\/fr\/wp-json\/wp\/v2\/product"}],"about":[{"href":"https:\/\/zojopackaging.com\/fr\/wp-json\/wp\/v2\/types\/product"}],"version-history":[{"count":1,"href":"https:\/\/zojopackaging.com\/fr\/wp-json\/wp\/v2\/product\/8611\/revisions"}],"predecessor-version":[{"id":8623,"href":"https:\/\/zojopackaging.com\/fr\/wp-json\/wp\/v2\/product\/8611\/revisions\/8623"}],"wp:featuredmedia":[{"embeddable":true,"href":"https:\/\/zojopackaging.com\/fr\/wp-json\/wp\/v2\/media\/8612"}],"wp:attachment":[{"href":"https:\/\/zojopackaging.com\/fr\/wp-json\/wp\/v2\/media?parent=8611"}],"wp:term":[{"taxonomy":"product_brand","embeddable":true,"href":"https:\/\/zojopackaging.com\/fr\/wp-json\/wp\/v2\/product_brand?post=8611"},{"taxonomy":"product_cat","embeddable":true,"href":"https:\/\/zojopackaging.com\/fr\/wp-json\/wp\/v2\/product_cat?post=8611"},{"taxonomy":"product_tag","embeddable":true,"href":"https:\/\/zojopackaging.com\/fr\/wp-json\/wp\/v2\/product_tag?post=8611"}],"curies":[{"name":"wp","href":"https:\/\/api.w.org\/{rel}","templated":true}]}}