{"id":8626,"date":"2025-03-29T16:56:23","date_gmt":"2025-03-29T08:56:23","guid":{"rendered":"https:\/\/zojopackaging.com\/?post_type=product&#038;p=8626"},"modified":"2025-03-29T17:22:16","modified_gmt":"2025-03-29T09:22:16","slug":"premium-custom-printed-perfume-fragrance-boxes-manufacturer","status":"publish","type":"product","link":"https:\/\/zojopackaging.com\/fr\/product\/premium-custom-printed-perfume-fragrance-boxes-manufacturer\/","title":{"rendered":"Fabricant de bo\u00eetes \u00e0 parfum imprim\u00e9es sur mesure de premi\u00e8re qualit\u00e9"},"content":{"rendered":"<h3 id=\"manufacturer-s-description-of-high-quality-custom-printed-perfume-and-aromatherapy-boxes\">Description du fabricant de bo\u00eetes de parfum et d'aromath\u00e9rapie imprim\u00e9es personnalis\u00e9es de haute qualit\u00e9<\/h3>\n<h4 id=\"-1-innovative-design-and-humanized-experience-\"><strong>1. Conception innovante et exp\u00e9rience humanis\u00e9e<\/strong><\/h4>\n<p>En tant qu'usine professionnelle profond\u00e9ment impliqu\u00e9e dans le domaine de la fabrication d'emballages depuis de nombreuses ann\u00e9es, nous red\u00e9finissons la commodit\u00e9 des bo\u00eetes de parfum et d'aromath\u00e9rapie avec\u00a0<strong>papier et fermeture du tiroir<\/strong>\u00a0comme noyau. Le corps de la bo\u00eete adopte une structure \u00e0 glissi\u00e8res de pr\u00e9cision, et le couvercle de la bo\u00eete peut \u00eatre ouvert et ferm\u00e9 en douceur d'une seule main, sans qu'il soit n\u00e9cessaire d'exercer une pression \u00e0 deux mains ou de suivre des \u00e9tapes compliqu\u00e9es (voir le concept brevet\u00e9 d'optimisation de la structure). Le tiroir int\u00e9rieur et la coque ext\u00e9rieure sont fix\u00e9s par des boucles magn\u00e9tiques, ce qui garantit non seulement la stabilit\u00e9 du transport, mais permet \u00e9galement aux utilisateurs de prendre et de d\u00e9poser rapidement les produits. Les bords de la bo\u00eete sont arrondis et assortis \u00e0 la technologie de surface mate, qui a un toucher d\u00e9licat et est antid\u00e9rapante, en tenant compte de la praticit\u00e9 et de la sensation haut de gamme.<\/p>\n<h4 id=\"-2-luxury-materials-and-environmental-protection-concept-\"><strong>2. Mat\u00e9riaux de luxe et concept de protection de l'environnement<\/strong><\/h4>\n<p>Le corps principal de l'emballage adopte\u00a0<strong>157g de papier couch\u00e9 C2S + 1200g de carton dur<\/strong>La surface est trait\u00e9e avec une technologie d'enduction de haute pr\u00e9cision, avec une forte adh\u00e9rence de l'impression et une grande r\u00e9sistance aux rayures. La brillance du papier couch\u00e9 permet de pr\u00e9senter avec pr\u00e9cision les d\u00e9tails des processus tels que l'estampage \u00e0 chaud et le gaufrage UV, tandis que le panneau dur a obtenu la certification foresti\u00e8re FSC pour garantir que la source des mati\u00e8res premi\u00e8res respecte les normes environnementales et favorise le recyclage. La doublure utilise des mat\u00e9riaux biod\u00e9gradables\u00a0<strong>flocage personnalis\u00e9 ou mat\u00e9riau EVA<\/strong>La technologie de mod\u00e9lisation en 3D permet d'adapter l'emballage \u00e0 la forme du produit. Par exemple, le flacon de parfum rond est fix\u00e9 \u00e0 l'aide d'un anneau rainur\u00e9, et le b\u00e2ton d'aromath\u00e9rapie est con\u00e7u avec un support encliquetable afin de r\u00e9duire l'espace de l'emballage tout en am\u00e9liorant la r\u00e9sistance aux chocs.<\/p>\n<h4 id=\"-third-visual-aesthetics-and-brand-value-transmission-\"><strong>3. Esth\u00e9tique visuelle et transmission de la valeur de la marque<\/strong><\/h4>\n<ol>\n<li><strong>Syst\u00e8me de d\u00e9coration des rubans<\/strong>:\u00a0<strong>Rubans tiss\u00e9s \u00e0 la main<\/strong>\u00a0sont int\u00e9gr\u00e9s au centre ou sur le c\u00f4t\u00e9 du couvercle de la bo\u00eete. Des mat\u00e9riaux de soie, de satin ou de marquage \u00e0 chaud sont disponibles, et des n\u0153uds, des glands et d'autres formes sont utilis\u00e9s pour renforcer la reconnaissance de la marque. Par exemple, un ruban rose clair avec des boucles en perles convient au ton romantique d'un parfum f\u00e9minin ; un ruban tress\u00e9 bleu fonc\u00e9 correspond au temp\u00e9rament calme d'un parfum neutre.<\/li>\n<li><strong>Langage de conception minimaliste<\/strong>: Avec la couleur Morandi comme tonalit\u00e9 principale, l'esth\u00e9tique \u00e9l\u00e9gante du \"moins c'est plus\" est mise en valeur par le contraste entre les mat\u00e9riaux mats et brillants, la disposition en blanc et d'autres techniques. Le logo de la marque adopte la technologie locale de gaufrage UV, qui est tridimensionnelle et r\u00e9sistante au toucher, formant un point de m\u00e9moire visuelle unique sous la lumi\u00e8re et l'ombre.<\/li>\n<\/ol>\n<h4 id=\"-fourth-full-link-customized-service-\"><strong>4. Service personnalis\u00e9 \u00e0 lien complet<\/strong><\/h4>\n<p>S'appuyer sur\u00a0<strong>16 ans d'exp\u00e9rience dans la fabrication d'emballages<\/strong>Nous proposons une solution unique, de la conception \u00e0 la production en s\u00e9rie :<\/p>\n<ul>\n<li><strong>Adaptation flexible de la bo\u00eete<\/strong>: Il prend en charge les structures d\u00e9riv\u00e9es telles que les couvercles sup\u00e9rieurs et inf\u00e9rieurs, les bo\u00eetes en forme de livre et les rabats magn\u00e9tiques. Les dimensions vont de 30 mm \u00d7 30 mm \u00e0 300 mm \u00d7 300 mm, et conviennent aux bo\u00eetes d'essai de parfum de 1 ml jusqu'aux bo\u00eetes-cadeaux d'aromath\u00e9rapie de 200 ml.<\/li>\n<li><strong>Extension de la fonction<\/strong>: Il peut int\u00e9grer des puces RFID anti-contrefa\u00e7on et des \u00e9tiquettes de d\u00e9tection NFC, et les utilisateurs peuvent obtenir des informations sur la tra\u00e7abilit\u00e9 des produits en touchant leur t\u00e9l\u00e9phone portable ; ou ajouter des modules de diffusion lente de parfum pour faire de la bo\u00eete d'emballage elle-m\u00eame un vecteur de parfum.<\/li>\n<li><strong>Syst\u00e8me de production intelligent<\/strong>L'entreprise dispose de 20 lignes de production enti\u00e8rement automatiques \u00e9quip\u00e9es de machines de d\u00e9coupe CNC et d'\u00e9quipements d'estampage \u00e0 chaud de haute pr\u00e9cision. Elle est en mesure de fournir des \u00e9preuves ultra-rapides en 48 heures, de livrer des commandes de 100 000 pi\u00e8ces dans un d\u00e9lai de 15 jours et d'obtenir la certification du syst\u00e8me de qualit\u00e9 ISO 9001.<\/li>\n<\/ul>\n<h4 id=\"-v-scenario-based-application-and-market-competitiveness-\"><strong>5. Application bas\u00e9e sur des sc\u00e9narios et comp\u00e9titivit\u00e9 du march\u00e9<\/strong><\/h4>\n<p>Ce type d'emballage convient non seulement aux parfums et aux produits d'aromath\u00e9rapie, mais peut \u00e9galement \u00eatre \u00e9tendu aux produits de soins de la peau haut de gamme, aux bijoux-cadeaux et \u00e0 d'autres domaines. En voici quelques exemples :<\/p>\n<ul>\n<li><strong>Bo\u00eete cadeau limit\u00e9e au festival<\/strong>: Combinez des rubans de flocons de neige en marquage \u00e0 chaud avec des cartons en bois de pin pour cr\u00e9er un ensemble sur le th\u00e8me de l'hiver ;<\/li>\n<li><strong>Marque s\u00e9rie commune<\/strong>: Coop\u00e9rer avec des artistes pour concevoir des rubans \u00e0 motifs abstraits, assortis au corps de la bo\u00eete noir mat, et cr\u00e9er un style de luxe l\u00e9ger. En transmettant l'histoire de la marque par le biais de l'emballage, l'espace premium des produits du client peut \u00eatre augment\u00e9 de plus de 30%, tout en r\u00e9duisant le taux de perte de transport \u00e0 moins de 0,5%.<\/li>\n<\/ul>\n<p><strong>Valeur de coop\u00e9ration<\/strong>: En nous choisissant, vous obtiendrez une solution d'emballage qui allie fonctionnalit\u00e9, art et responsabilit\u00e9 environnementale, et qui valorise la valeur de la marque gr\u00e2ce \u00e0 un savoir-faire artisanal.<\/p>","protected":false},"excerpt":{"rendered":"<p>1. La conception de l'ouverture et de la fermeture de la bo\u00eete \u00e0 papier \u00e0 tiroir ne n\u00e9cessite pas d'\u00e9tapes compliqu\u00e9es. Les utilisateurs peuvent facilement prendre et mettre les produits d'une seule main, ce qui am\u00e9liore l'efficacit\u00e9 de l'ouverture de la bo\u00eete.<br \/>\n2. Les accessoires de ruban sont des \u00e9l\u00e9ments d\u00e9coratifs essentiels qui peuvent accro\u00eetre la valeur ajout\u00e9e du produit.<br \/>\n3. Le papier d'art couch\u00e9 C2S 157g et le carton rigide 1200g sont des mat\u00e9riaux respectueux de l'environnement, solides et durables.<\/p>","protected":false},"featured_media":8627,"template":"","meta":[],"product_brand":[],"product_cat":[30,417,31,426],"product_tag":[225,910,911],"class_list":{"0":"post-8626","1":"product","2":"type-product","3":"status-publish","4":"has-post-thumbnail","6":"product_cat-by-industry","7":"product_cat-custom-perfume-boxes-by-industry","8":"product_cat-paper-box-style","9":"product_cat-paper-drawer-boxes","10":"product_tag-custom-perfume-boxes","11":"product_tag-fragrance-boxes-manufacturer","12":"product_tag-premium-perfume-boxes","14":"first","15":"instock","16":"shipping-taxable","17":"product-type-simple"},"_links":{"self":[{"href":"https:\/\/zojopackaging.com\/fr\/wp-json\/wp\/v2\/product\/8626","targetHints":{"allow":["GET"]}}],"collection":[{"href":"https:\/\/zojopackaging.com\/fr\/wp-json\/wp\/v2\/product"}],"about":[{"href":"https:\/\/zojopackaging.com\/fr\/wp-json\/wp\/v2\/types\/product"}],"version-history":[{"count":1,"href":"https:\/\/zojopackaging.com\/fr\/wp-json\/wp\/v2\/product\/8626\/revisions"}],"predecessor-version":[{"id":8636,"href":"https:\/\/zojopackaging.com\/fr\/wp-json\/wp\/v2\/product\/8626\/revisions\/8636"}],"wp:featuredmedia":[{"embeddable":true,"href":"https:\/\/zojopackaging.com\/fr\/wp-json\/wp\/v2\/media\/8627"}],"wp:attachment":[{"href":"https:\/\/zojopackaging.com\/fr\/wp-json\/wp\/v2\/media?parent=8626"}],"wp:term":[{"taxonomy":"product_brand","embeddable":true,"href":"https:\/\/zojopackaging.com\/fr\/wp-json\/wp\/v2\/product_brand?post=8626"},{"taxonomy":"product_cat","embeddable":true,"href":"https:\/\/zojopackaging.com\/fr\/wp-json\/wp\/v2\/product_cat?post=8626"},{"taxonomy":"product_tag","embeddable":true,"href":"https:\/\/zojopackaging.com\/fr\/wp-json\/wp\/v2\/product_tag?post=8626"}],"curies":[{"name":"wp","href":"https:\/\/api.w.org\/{rel}","templated":true}]}}