{"id":8637,"date":"2025-03-29T17:22:30","date_gmt":"2025-03-29T09:22:30","guid":{"rendered":"https:\/\/zojopackaging.com\/?post_type=product&#038;p=8637"},"modified":"2025-03-29T18:37:47","modified_gmt":"2025-03-29T10:37:47","slug":"custom-luxury-hair-extension-wig-packaging-boxes-wholesale","status":"publish","type":"product","link":"https:\/\/zojopackaging.com\/fr\/product\/custom-luxury-hair-extension-wig-packaging-boxes-wholesale\/","title":{"rendered":"Bo\u00eetes d'emballage pour perruques d'extension de cheveux de luxe sur mesure Wholesale"},"content":{"rendered":"<h3 id=\"customized-luxury-hair-extension-wig-packaging-box-wholesale-instructions\">Bo\u00eete d'emballage de perruque d'extension de cheveux de luxe personnalis\u00e9e Wholesale<\/h3>\n<h4 id=\"-1-environmentally-friendly-materials-and-innovative-design-\"><strong>1. Mat\u00e9riaux respectueux de l'environnement et conception innovante<\/strong><\/h4>\n<p>La bo\u00eete d'emballage utilise\u00a0<strong>Papier paillet\u00e9 120g (papier color\u00e9)<\/strong>\u00a0superpos\u00e9 \u00e0\u00a0<strong>Carton rigide 1200g (carton rigide)<\/strong>Le papier paillet\u00e9 est un produit de qualit\u00e9 sup\u00e9rieure, qui atteint un \u00e9quilibre entre la protection de l'environnement et le luxe gr\u00e2ce \u00e0 la combinaison de l'innovation mat\u00e9rielle et de la conception optique. La surface du papier paillet\u00e9 est recouverte de paillettes d\u00e9gradables respectueuses de l'environnement et, gr\u00e2ce \u00e0 une technologie d'enduction optique de niveau nanom\u00e9trique, elle pr\u00e9sente un effet de clignotement dynamique sous la lumi\u00e8re naturelle ou la lumi\u00e8re, tout en garantissant que le mat\u00e9riau r\u00e9pond aux normes de certification foresti\u00e8re FSC. Le carton rigide adopte un processus de laminage \u00e0 haute densit\u00e9 avec une r\u00e9sistance \u00e0 la compression de 50 kg\/cm\u00b2, qui peut \u00eatre recycl\u00e9 et r\u00e9utilis\u00e9 pour r\u00e9duire l'empreinte carbone. La couche int\u00e9rieure est compl\u00e9t\u00e9e par une couche de papier d\u00e9gradable.\u00a0<strong>flocage personnalis\u00e9<\/strong>La mod\u00e9lisation en 3D est utilis\u00e9e pour adapter avec pr\u00e9cision le contour de la perruque (structure d'empilage des cheveux boucl\u00e9s ou support des faisceaux de cheveux raides) afin d'\u00e9viter les d\u00e9formations dues aux secousses pendant le transport.<\/p>\n<h4 id=\"-ii-magnetic-box-type-and-intelligent-interaction-\"><strong>2. Type de bo\u00eete \u00e0 fermeture magn\u00e9tique et interaction intelligente<\/strong><\/h4>\n<ol>\n<li><strong>Technologie de fermeture magn\u00e9tique<\/strong>: Le corps de la bo\u00eete adopte une structure magn\u00e9tique brevet\u00e9e, et le couvercle de la bo\u00eete et la base sont automatiquement adsorb\u00e9s et align\u00e9s gr\u00e2ce \u00e0 un r\u00e9seau d'aimants n\u00e9odyme int\u00e9gr\u00e9, avec une erreur inf\u00e9rieure \u00e0 0,1 mm. Lors de l'ouverture, il suffit de pousser l\u00e9g\u00e8rement d'une main, et la force magn\u00e9tique atteint 1,5 N lors de la fermeture, ce qui garantit que la perruque est stable et ne s'\u00e9parpille pas pendant le transport.<\/li>\n<li><strong>Int\u00e9gration d'accessoires multifonctionnels<\/strong>: La boucle magn\u00e9tique int\u00e9gr\u00e9e permet de fixer les outils de soin des perruques (tels que les peignes et les filets \u00e0 cheveux), et la force d'adsorption peut \u00eatre ajust\u00e9e pour s'adapter aux accessoires de poids diff\u00e9rents. Par exemple, le peigne \u00e0 cheveux est fix\u00e9 par une rainure d'aspiration magn\u00e9tique, et l'efficacit\u00e9 de la prise et de la pose est augment\u00e9e de 60%.<\/li>\n<\/ol>\n<h4 id=\"-iii-visual-aesthetics-and-brand-empowerment-\"><strong>3. Esth\u00e9tique visuelle et autonomisation de la marque<\/strong><\/h4>\n<ol>\n<li><strong>Processus d'impression de haute pr\u00e9cision<\/strong>: La surface du papier paillet\u00e9 adopte une impression offset en quatre couleurs superpos\u00e9e \u00e0 un processus de gaufrage UV local. Par exemple, le logo de la marque est mis en valeur par un proc\u00e9d\u00e9 UV tridimensionnel en relief pour am\u00e9liorer le toucher, et la zone des paillettes utilise un contraste mat et brillant pour former un effet \"d'empreinte visuelle\".<\/li>\n<li><strong>Langage de conception bas\u00e9 sur des sc\u00e9narios<\/strong>: La couleur principale permet de personnaliser les couleurs Pantone, comme le bleu \u00e9toil\u00e9 avec des paillettes d\u00e9grad\u00e9es pour simuler la texture de la galaxie, ou des paillettes or rose pour faire \u00e9cho au positionnement de luxe des produits de perruque haut de gamme. Le code QR de l'histoire de la marque, grav\u00e9 au laser, peut \u00eatre int\u00e9gr\u00e9 sur le c\u00f4t\u00e9 de la bo\u00eete, et les utilisateurs peuvent scanner le code pour consulter le tutoriel sur l'entretien des perruques ou les informations sur la tra\u00e7abilit\u00e9 de la marque.<\/li>\n<\/ol>\n<h4 id=\"-fourth-full-link-customized-service-\"><strong>4. Service personnalis\u00e9 \u00e0 lien complet<\/strong><\/h4>\n<ol>\n<li><strong>Adaptation flexible de la bo\u00eete<\/strong>: Il est possible d'utiliser une vari\u00e9t\u00e9 de structures telles que les couvercles sup\u00e9rieurs et inf\u00e9rieurs, l'aspiration magn\u00e9tique flip-top et le type de tiroir, avec des tailles allant de 15cm\u00d78cm (extension de cheveux en un seul paquet) \u00e0 40cm\u00d730cm (ensemble de perruques \u00e0 t\u00eate compl\u00e8te). Par exemple, l'ensemble pour cheveux boucl\u00e9s utilise une bo\u00eete \u00e0 tiroirs ondul\u00e9e, et la couche de s\u00e9paration interne peut \u00eatre d\u00e9mont\u00e9e et r\u00e9organis\u00e9e.<\/li>\n<li><strong>Module d'expansion des fonctions<\/strong>: En option, des \u00e9tiquettes de d\u00e9tection de la temp\u00e9rature et de l'humidit\u00e9 (surveillance en temps r\u00e9el de l'environnement de stockage), des puces RFID anti-contrefa\u00e7on (lecture du code pour v\u00e9rifier l'authenticit\u00e9) ou des couches de parfum int\u00e9gr\u00e9es \u00e0 diffusion lente (telles que l'enrobage d'huile essentielle de lavande) pour am\u00e9liorer l'exp\u00e9rience au moment du d\u00e9ballage.<\/li>\n<\/ol>\n<h4 id=\"-v-intelligent-manufacturing-and-quality-control-guarantee-\"><strong>5. Fabrication intelligente et garantie de contr\u00f4le de la qualit\u00e9<\/strong><\/h4>\n<ol>\n<li><strong>MES Syst\u00e8me de gestion de la production<\/strong>: Collecte de donn\u00e9es en temps r\u00e9el de la ligne de production (comme la pr\u00e9cision de d\u00e9coupe, la temp\u00e9rature de durcissement des UV) par le biais de dispositifs IoT, et g\u00e9n\u00e9ration d'un tableau de bord de progression dynamique dans le cloud. Les clients peuvent visualiser les \u00e9tapes de la production (comme le \"compoundage du mat\u00e9riau termin\u00e9 70%), les rapports d'\u00e9chantillonnage de la qualit\u00e9 et le d\u00e9lai de livraison estim\u00e9 par le biais d'un port d\u00e9di\u00e9.<\/li>\n<li><strong>Contr\u00f4le de qualit\u00e9 enti\u00e8rement automatis\u00e9<\/strong>: L'\u00e9quipement d'inspection visuelle AI est utilis\u00e9 pour effectuer un balayage au niveau de la milliseconde de l'uniformit\u00e9 de la distribution des paillettes et de la pr\u00e9cision des points d'aspiration magn\u00e9tiques, et le taux de tri automatique des produits d\u00e9fectueux atteint 99,8%. Les tests de stress simulent des environnements extr\u00eames de -20\u2103 \u00e0 50\u2103 pour assurer la stabilit\u00e9 des bo\u00eetes d'emballage pendant le transport transfrontalier.<\/li>\n<\/ol>\n<h4 id=\"-sixth-industry-solutions-and-added-value-\"><strong>6. Solutions industrielles et valeur ajout\u00e9e<\/strong><\/h4>\n<p>Fournir des services diff\u00e9renci\u00e9s pour diff\u00e9rents positionnements sur le march\u00e9 :<\/p>\n<ul>\n<li><strong>Clients du commerce \u00e9lectronique transfrontalier<\/strong>: Prise en charge de types de bo\u00eetes l\u00e9g\u00e8res (r\u00e9duction du volume d'exp\u00e9dition) et de solutions d'emballage antichocs conformes aux exigences de l'Amazon FBA ;<\/li>\n<li><strong>Cha\u00eenes de salon haut de gamme<\/strong>: Coop\u00e9rer avec des designers pour d\u00e9velopper des bo\u00eetes d'art limit\u00e9es, telles que la transformation de formes de perruques en motifs abstraits de marquage \u00e0 chaud et l'utilisation de mat\u00e9riaux composites en soie et en mousse \u00e0 m\u00e9moire de forme pour la doublure ;<\/li>\n<li><strong>Exigences en mati\u00e8re d'activit\u00e9s promotionnelles<\/strong>: Commandes en petites s\u00e9ries (minimum 500 pi\u00e8ces) et personnalisation des sacs \u00e0 main et des jeux de cartes de garantie afin d'augmenter le taux de r\u00e9achat des clients.<\/li>\n<\/ul>\n<p><strong>Valeur de coop\u00e9ration<\/strong>: En nous choisissant, vous obtiendrez une solution d'emballage qui allie l'art, la fonctionnalit\u00e9 et la responsabilit\u00e9 environnementale. S'appuyant sur\u00a0<strong>15 ans d'exp\u00e9rience dans la fabrication d'emballages pour perruques<\/strong>Au cours des derni\u00e8res ann\u00e9es, nous avons servi plus de 200 marques internationales, avec une capacit\u00e9 de production quotidienne moyenne de 100 pi\u00e8ces et un taux de livraison \u00e0 temps de 99,3%. Nous avons fait conna\u00eetre la marque par le biais de l'emballage, ce qui a permis d'augmenter les primes des produits de plus de 30%.<\/p>","protected":false},"excerpt":{"rendered":"<p>1. 120g de papier paillet\u00e9 + 1200g de carton rigide mat\u00e9riaux respectueux de l'environnement<br \/>\n2. Le papier paillet\u00e9 est la cl\u00e9 des solutions d'emballage durables gr\u00e2ce \u00e0 la combinaison de l'innovation des mat\u00e9riaux et de la conception optique.<br \/>\n3. La bo\u00eete de fermeture magn\u00e9tique peut r\u00e9aliser l'alignement automatique et l'adsorption ferme des dispositifs et des accessoires, ce qui am\u00e9liore grandement l'efficacit\u00e9 de l'utilisation.<\/p>","protected":false},"featured_media":8638,"template":"","meta":[],"product_brand":[],"product_cat":[30,421,424,31],"product_tag":[921,879,878],"class_list":{"0":"post-8637","1":"product","2":"type-product","3":"status-publish","4":"has-post-thumbnail","6":"product_cat-by-industry","7":"product_cat-custom-hair-extension-boxes","8":"product_cat-magnetic-closure-boxes","9":"product_cat-paper-box-style","10":"product_tag-custom-wig-packaging-boxes","11":"product_tag-hair-extension-boxes-wholesale","12":"product_tag-hair-extension-packaging","14":"first","15":"instock","16":"shipping-taxable","17":"product-type-simple"},"_links":{"self":[{"href":"https:\/\/zojopackaging.com\/fr\/wp-json\/wp\/v2\/product\/8637","targetHints":{"allow":["GET"]}}],"collection":[{"href":"https:\/\/zojopackaging.com\/fr\/wp-json\/wp\/v2\/product"}],"about":[{"href":"https:\/\/zojopackaging.com\/fr\/wp-json\/wp\/v2\/types\/product"}],"version-history":[{"count":1,"href":"https:\/\/zojopackaging.com\/fr\/wp-json\/wp\/v2\/product\/8637\/revisions"}],"predecessor-version":[{"id":8649,"href":"https:\/\/zojopackaging.com\/fr\/wp-json\/wp\/v2\/product\/8637\/revisions\/8649"}],"wp:featuredmedia":[{"embeddable":true,"href":"https:\/\/zojopackaging.com\/fr\/wp-json\/wp\/v2\/media\/8638"}],"wp:attachment":[{"href":"https:\/\/zojopackaging.com\/fr\/wp-json\/wp\/v2\/media?parent=8637"}],"wp:term":[{"taxonomy":"product_brand","embeddable":true,"href":"https:\/\/zojopackaging.com\/fr\/wp-json\/wp\/v2\/product_brand?post=8637"},{"taxonomy":"product_cat","embeddable":true,"href":"https:\/\/zojopackaging.com\/fr\/wp-json\/wp\/v2\/product_cat?post=8637"},{"taxonomy":"product_tag","embeddable":true,"href":"https:\/\/zojopackaging.com\/fr\/wp-json\/wp\/v2\/product_tag?post=8637"}],"curies":[{"name":"wp","href":"https:\/\/api.w.org\/{rel}","templated":true}]}}