{"id":8650,"date":"2025-03-29T18:38:04","date_gmt":"2025-03-29T10:38:04","guid":{"rendered":"https:\/\/zojopackaging.com\/?post_type=product&#038;p=8650"},"modified":"2025-03-29T18:51:30","modified_gmt":"2025-03-29T10:51:30","slug":"custom-hard-packing-wax-figure-statue-ceramic-packaging-box","status":"publish","type":"product","link":"https:\/\/zojopackaging.com\/fr\/product\/custom-hard-packing-wax-figure-statue-ceramic-packaging-box\/","title":{"rendered":"Bo\u00eete d'emballage en c\u00e9ramique pour figurine en cire personnalis\u00e9e"},"content":{"rendered":"<h3 id=\"customized-hard-packaging-wax-statue-ceramic-packaging-box-product-description\">Bo\u00eete d'emballage en cire dure personnalis\u00e9e statue en c\u00e9ramique<\/h3>\n<h4 id=\"1-environmentally-friendly-and-sustainable-materials-a-balance-between-nature-and-technology-\">1.\u00a0<strong>Mat\u00e9riaux respectueux de l'environnement et durables : un \u00e9quilibre entre nature et technologie<\/strong><\/h4>\n<p>Ce produit utilise\u00a0<strong>157g de papier d'art couch\u00e9 C2S (papier couch\u00e9) et 1200g de carton rigide (carton)<\/strong>\u00a0des mat\u00e9riaux combin\u00e9s, qui sont \u00e0 la fois esth\u00e9tiques et fonctionnels.<\/p>\n<ul>\n<li><strong>Avantages pour l'environnement<\/strong>: Toutes les mati\u00e8res premi\u00e8res sont certifi\u00e9es FSC et favorisent le recyclage. Le carton int\u00e9rieur adopte un processus de collage sans colle pour r\u00e9duire la pollution chimique ; le papier couch\u00e9 ext\u00e9rieur est recouvert d'un rev\u00eatement mat pour \u00e9viter la pollution par r\u00e9flexion et am\u00e9liorer le toucher d\u00e9licat.<\/li>\n<li><strong>Conception durable<\/strong>: En optimisant la structure pour r\u00e9duire les d\u00e9chets mat\u00e9riels, la bo\u00eete d'emballage peut \u00eatre enti\u00e8rement recycl\u00e9e ou d\u00e9grad\u00e9e, conform\u00e9ment aux normes de protection de l'environnement REACH de l'UE.<\/li>\n<\/ul>\n<h4 id=\"2-head-and-earth-cover-box-type-dual-upgrade-of-ritual-sense-and-protection-\">2. Couvercle et base<strong>\u00a0Type de bo\u00eete : double am\u00e9lioration du sens rituel et de la protection<\/strong><\/h4>\n<p>Adopter le mod\u00e8le classique\u00a0<strong>structure des couvercles sup\u00e9rieur et inf\u00e9rieur<\/strong>Les statues en cire, combin\u00e9es aux propri\u00e9t\u00e9s exquises des statues en cire, cr\u00e9ent une exp\u00e9rience immersive de d\u00e9ballage.<\/p>\n<ul>\n<li><strong>Avantages structurels<\/strong>: La bo\u00eete \u00e0 couvercle sup\u00e9rieur et inf\u00e9rieur dispose d'un grand espace int\u00e9rieur et peut accueillir des statues en c\u00e9ramique d'une hauteur maximale de 50 cm. La conception de la fente du rev\u00eatement, calcul\u00e9e avec pr\u00e9cision, garantit un d\u00e9placement nul pendant le transport.<\/li>\n<li><strong>Valeur esth\u00e9tique<\/strong>: Lorsque le couvercle est ouvert, il pr\u00e9sente un effet visuel \"sc\u00e9nique\", comme si une \u0153uvre d'art \u00e9tait d\u00e9voil\u00e9e. Le LOGO de la marque ou le totem personnalis\u00e9 est grav\u00e9 \u00e0 chaud sur la surface, et la couleur principale, le bleu mat, cr\u00e9e une atmosph\u00e8re bienfaisante.<\/li>\n<\/ul>\n<h4 id=\"3-unlimited-customization-comprehensive-adaptation-from-function-to-art-\">3.\u00a0<strong>Personnalisation illimit\u00e9e : Adaptation compl\u00e8te de la fonction \u00e0 l'art<\/strong><\/h4>\n<ol>\n<li><strong>Type et taille de la bo\u00eete<\/strong>: Permet de d\u00e9couper des formes sp\u00e9ciales (telles que des arcs, des fen\u00eatres creuses), des tiroirs superpos\u00e9s, et convient aux figurines en cire et aux sculptures en c\u00e9ramique de diff\u00e9rentes tailles.<\/li>\n<li><strong>Couleur et artisanat<\/strong>:<\/li>\n<li><strong>Couleur principale<\/strong>: Adopter\u00a0<strong>Morandi bleu<\/strong>Les couleurs sont ajust\u00e9es avec pr\u00e9cision gr\u00e2ce \u00e0 la carte de couleurs Pantone, ce qui permet de r\u00e9duire la fatigue visuelle et de s'adapter au temp\u00e9rament des produits artisanaux haut de gamme.<\/li>\n<li><strong>Technologie d'impression<\/strong>: Impression offset haute d\u00e9finition + technologie UV locale, pour une absence de diff\u00e9rence de couleur dans le motif, une nettet\u00e9 du texte de 300 dpi, et une pr\u00e9sentation parfaite des d\u00e9tails peints \u00e0 la main et des logos de la marque.<\/li>\n<li><strong>Protection de la doublure int\u00e9rieure<\/strong>:<\/li>\n<li><strong>Plateau int\u00e9rieur personnalis\u00e9<\/strong>: L'\u00e9ponge EVA ou le papier nid d'abeille d\u00e9gradable sont utilis\u00e9s, d\u00e9coup\u00e9s selon le contour du produit, et la performance d'amortissement atteint la norme ASTM D4169, qui est r\u00e9sistante aux chocs et \u00e0 la pression.<\/li>\n<li><strong>Conception en couches<\/strong>: Des barri\u00e8res ind\u00e9pendantes peuvent \u00eatre ajout\u00e9es pour prot\u00e9ger les accessoires (tels que les certificats, les outils de maintenance).<\/li>\n<\/ol>\n<h4 id=\"4-direct-connection-to-the-source-factory-double-guarantee-of-efficiency-and-quality-\">4.\u00a0<strong>Connexion directe \u00e0 l'usine source : double garantie d'efficacit\u00e9 et de qualit\u00e9<\/strong><\/h4>\n<ul>\n<li><strong>Cha\u00eene de production<\/strong>: Directement connect\u00e9 au\u00a0<strong>bo\u00eete d'emballage professionnelle pour produits faits \u00e0 la main<\/strong>\u00a0dans la r\u00e9gion du delta de la rivi\u00e8re des Perles en Chine, en utilisant une machine d'emballage enti\u00e8rement automatique pour les couvercles sup\u00e9rieur et inf\u00e9rieur, avec une capacit\u00e9 de production quotidienne moyenne de plus de 5 000 unit\u00e9s et un taux d'erreur de &lt;0,1 mm.<\/li>\n<li><strong>Avantages du service<\/strong>:<\/li>\n<li>Les fichiers d'\u00e9preuvage en 3D sont fournis dans les 48 heures, et la livraison des bo\u00eetes d'\u00e9chantillons physiques est effectu\u00e9e dans les 72 heures ;<\/li>\n<li>Prise en charge de la personnalisation de petits lots (commande minimale de 50 pi\u00e8ces), sans frais de version suppl\u00e9mentaires.<\/li>\n<\/ul>\n<h4 id=\"5-application-scenarios-and-brand-empowerment-\">5.\u00a0<strong>Sc\u00e9narios d'application et autonomisation des marques<\/strong><\/h4>\n<ul>\n<li><strong>Adaptation des sc\u00e9narios<\/strong>: Applicable au transport de figurines de cire de niveau mus\u00e9al, aux collections d'art c\u00e9ramique haut de gamme, aux coffrets cadeaux faits \u00e0 la main en \u00e9dition limit\u00e9e, etc.<\/li>\n<li><strong>Valeur de la marque<\/strong>: A travers les\u00a0<strong>\"Fonction \"affichage secondaire<\/strong>\u00a0de la bo\u00eete d'emballage (comme le corps de la bo\u00eete qui peut \u00eatre suspendu, la conception combin\u00e9e de l'affichage), prolonger le cycle d'exposition de la marque et renforcer la volont\u00e9 des utilisateurs de partager sur les m\u00e9dias sociaux.<\/li>\n<\/ul>\n<h4 id=\"6-technical-parameters-and-after-sales-commitment-\">6.\u00a0<strong>Param\u00e8tres techniques et engagement apr\u00e8s-vente<\/strong><\/h4>\n<table>\n<thead>\n<tr>\n<th>Projet<\/th>\n<th>Param\u00e8tres\/engagements<\/th>\n<\/tr>\n<\/thead>\n<tbody>\n<tr>\n<td>Capacit\u00e9 de charge<\/td>\n<td>Charge statique \u226520kg, hauteur dynamique anti-chute 1,2m<\/td>\n<\/tr>\n<tr>\n<td>Certification environnementale<\/td>\n<td>FSC, SGS, RoHS<\/td>\n<\/tr>\n<tr>\n<td>Norme de diff\u00e9rence de couleur<\/td>\n<td>\u0394E\u22641.5 (ISO 12647-2)<\/td>\n<\/tr>\n<tr>\n<td>Garantie apr\u00e8s-vente<\/td>\n<td>Indemnisation compl\u00e8te en cas de dommages dus au transport, stockage gratuit \u00e0 vie des fichiers de conception<\/td>\n<\/tr>\n<\/tbody>\n<\/table>\n<p><strong>Nous choisir, c'est non seulement choisir un emballage, mais c'est aussi donner \u00e0 votre \u0153uvre d'art une vitalit\u00e9 durable.<\/strong><\/p>","protected":false},"excerpt":{"rendered":"<p>1. 157g de papier couch\u00e9 C2S + 1200g de carton rigide, mat\u00e9riaux durables et respectueux de l'environnement<br \/>\n2. Bo\u00eete \u00e0 couvercle sup\u00e9rieur et inf\u00e9rieur, avec une structure de couvercle sup\u00e9rieur et inf\u00e9rieur pour am\u00e9liorer l'exp\u00e9rience de d\u00e9ballage du client.<br \/>\n3. Personnalisation illimit\u00e9e du type de bo\u00eete, du mat\u00e9riau, de la couleur et de la taille pour s'adapter \u00e0 l'emballage des statues de cire en c\u00e9ramique.<\/p>","protected":false},"featured_media":8651,"template":"","meta":[],"product_brand":[],"product_cat":[30,423,425,31],"product_tag":[931,929,930],"class_list":{"0":"post-8650","1":"product","2":"type-product","3":"status-publish","4":"has-post-thumbnail","6":"product_cat-by-industry","7":"product_cat-custom-presentation-boxes-by-industry","8":"product_cat-lid-and-base-gift-box","9":"product_cat-paper-box-style","10":"product_tag-ceramic-packaging-box","11":"product_tag-hard-packing-wax-figure","12":"product_tag-statue-packaging","14":"first","15":"instock","16":"shipping-taxable","17":"product-type-simple"},"_links":{"self":[{"href":"https:\/\/zojopackaging.com\/fr\/wp-json\/wp\/v2\/product\/8650","targetHints":{"allow":["GET"]}}],"collection":[{"href":"https:\/\/zojopackaging.com\/fr\/wp-json\/wp\/v2\/product"}],"about":[{"href":"https:\/\/zojopackaging.com\/fr\/wp-json\/wp\/v2\/types\/product"}],"version-history":[{"count":1,"href":"https:\/\/zojopackaging.com\/fr\/wp-json\/wp\/v2\/product\/8650\/revisions"}],"predecessor-version":[{"id":8660,"href":"https:\/\/zojopackaging.com\/fr\/wp-json\/wp\/v2\/product\/8650\/revisions\/8660"}],"wp:featuredmedia":[{"embeddable":true,"href":"https:\/\/zojopackaging.com\/fr\/wp-json\/wp\/v2\/media\/8651"}],"wp:attachment":[{"href":"https:\/\/zojopackaging.com\/fr\/wp-json\/wp\/v2\/media?parent=8650"}],"wp:term":[{"taxonomy":"product_brand","embeddable":true,"href":"https:\/\/zojopackaging.com\/fr\/wp-json\/wp\/v2\/product_brand?post=8650"},{"taxonomy":"product_cat","embeddable":true,"href":"https:\/\/zojopackaging.com\/fr\/wp-json\/wp\/v2\/product_cat?post=8650"},{"taxonomy":"product_tag","embeddable":true,"href":"https:\/\/zojopackaging.com\/fr\/wp-json\/wp\/v2\/product_tag?post=8650"}],"curies":[{"name":"wp","href":"https:\/\/api.w.org\/{rel}","templated":true}]}}