{"id":8662,"date":"2025-03-29T18:52:17","date_gmt":"2025-03-29T10:52:17","guid":{"rendered":"https:\/\/zojopackaging.com\/?post_type=product&#038;p=8662"},"modified":"2025-03-29T19:08:58","modified_gmt":"2025-03-29T11:08:58","slug":"black-small-cardboard-100ml-perfume-spray-packaging-boxes","status":"publish","type":"product","link":"https:\/\/zojopackaging.com\/fr\/product\/black-small-cardboard-100ml-perfume-spray-packaging-boxes\/","title":{"rendered":"Bo\u00eetes d'emballage en carton noir pour vaporisateurs de parfum 100ml"},"content":{"rendered":"<h3 id=\"black-small-cardboard-100ml-perfume-spray-packaging-box-product\">Bo\u00eete d'emballage en carton noir pour vaporisateur de parfum 100ml produit<\/h3>\n<h4 id=\"1-environmentally-friendly-materials-and-sustainable-design-\">1.\u00a0<strong>Mat\u00e9riaux respectueux de l'environnement et conception durable<\/strong><\/h4>\n<p>Ce produit utilise\u00a0<strong>Papier simili-cuir 120 g (papier simili-cuir) et carton rigide 1200 g (carton)<\/strong>\u00a0des mat\u00e9riaux combin\u00e9s, en tenant compte des concepts de texture haut de gamme et de protection de l'environnement.<\/p>\n<ul>\n<li><strong>Substrat vert<\/strong>: Le papier simili-cuir est fabriqu\u00e9 \u00e0 partir d'un substrat en papier recyclable et biod\u00e9gradable, avec un rev\u00eatement mat en surface, combinant la texture d\u00e9licate du cuir avec les caract\u00e9ristiques de protection de l'environnement du papier. La couche int\u00e9rieure en carton de 1200 g est fabriqu\u00e9e \u00e0 l'aide d'une technologie de collage sans colle, conforme aux normes REACH de l'UE, et favorise le recyclage.<\/li>\n<li><strong>Certification durable<\/strong>: Le mat\u00e9riau a pass\u00e9 la certification foresti\u00e8re FSC et les tests environnementaux SGS, avec un cycle de d\u00e9gradation de \u2264180 jours, ce qui est conforme \u00e0 la tendance mondiale de la consommation verte.<\/li>\n<\/ul>\n<h4 id=\"2-magnetic-box-type-precise-alignment-and-efficient-opening-and-closing-\">2.\u00a0<strong>Bo\u00eete \u00e0 fermeture magn\u00e9tique : alignement pr\u00e9cis et ouverture et fermeture efficaces<\/strong><\/h4>\n<p>Innovante\u00a0<strong>bo\u00eete \u00e0 fermeture magn\u00e9tique<\/strong>Le couvercle de la bo\u00eete est automatiquement align\u00e9 et fermement fix\u00e9 par des aimants int\u00e9gr\u00e9s, et l'efficacit\u00e9 de l'ouverture et de la fermeture est augment\u00e9e de 50%.<\/p>\n<ul>\n<li><strong>Avantages fonctionnels<\/strong>:<\/li>\n<li>Erreur d'espacement des aimants \u22640,1mm, force d'adsorption \u22651,2N, garantissant l'absence de desserrement pendant le transport ;<\/li>\n<li>Le couvercle est con\u00e7u pour \u00eatre sans soudure lorsqu'il est ferm\u00e9, isolant efficacement l'oxyg\u00e8ne et l'humidit\u00e9, et prolongeant la dur\u00e9e de conservation du parfum.<\/li>\n<li><strong>Exp\u00e9rience de l'utilisateur<\/strong>: Les op\u00e9rations d'ouverture et de fermeture peuvent \u00eatre effectu\u00e9es d'une seule main, et le son magn\u00e9tique est net et agr\u00e9able, donnant un sentiment de rituel lors du d\u00e9ballage.<\/li>\n<\/ul>\n<h4 id=\"3-hot-stamping-process-dual-empowerment-of-vision-and-value-\">3. Feuille de marquage \u00e0 chaud argent\u00e9e <strong>processus : double habilitation de la vision et de la valeur<\/strong><\/h4>\n<p>Adopter\u00a0<strong>Technologie de marquage \u00e0 chaud de l'argent au niveau nanom\u00e9trique<\/strong>La feuille de m\u00e9tal est fix\u00e9e avec pr\u00e9cision \u00e0 la surface de la bo\u00eete par un proc\u00e9d\u00e9 de gaufrage \u00e0 haute temp\u00e9rature.<\/p>\n<ul>\n<li><strong>Points forts de la technologie<\/strong>:<\/li>\n<li>La r\u00e9sistance au frottement de la zone de marquage \u00e0 chaud atteint une duret\u00e9 de 3H et la clart\u00e9 du motif est de 300 dpi ;<\/li>\n<li>LOGO de marque personnalisable, totem ou texte artistique, diff\u00e9rence de couleur standard \u0394E\u22641,5 (ISO 12647-2), pour augmenter l'espace premium du produit.<\/li>\n<li><strong>Cas d'application<\/strong>: Se r\u00e9f\u00e9rer \u00e0 la conception d'emballages de luxe, comme le processus de marquage \u00e0 chaud de la bo\u00eete de parfum Dita von Teese Signature, pour transformer le logo de la marque en un symbole visuel \u00e0 collectionner.<\/li>\n<\/ul>\n<h4 id=\"4-unlimited-customization-comprehensive-adaptation-from-function-to-aesthetics-\">4.\u00a0<strong>Personnalisation illimit\u00e9e : adaptation compl\u00e8te de la fonction \u00e0 l'esth\u00e9tique<\/strong><\/h4>\n<ol>\n<li><strong>Type et taille de la bo\u00eete<\/strong>: Prend en charge le couvercle \u00e0 rabat magn\u00e9tique, le couvercle sup\u00e9rieur et inf\u00e9rieur, le type de tiroir et d'autres types de bo\u00eetes, adapt\u00e9 aux flacons de parfum de 30 ml \u00e0 200 ml, avec un taux d'erreur de \u22640,1 mm.<\/li>\n<li><strong>Couleur et mat\u00e9riau<\/strong>:<\/li>\n<li><strong>Couleur principale<\/strong>: Fournit 12 cartes de couleurs Pantone telles que le noir classique, le bleu Morandi, l'or champagne, etc. et les effets mat\/brillant peuvent \u00eatre modifi\u00e9s ;<\/li>\n<li><strong>Mat\u00e9riau am\u00e9lior\u00e9<\/strong>: Papier de flocage en option, papier composite \u00e0 base de feuilles m\u00e9talliques, etc., pour r\u00e9pondre aux besoins des emballages de luxe.<\/li>\n<li><strong>Optimisation de la doublure int\u00e9rieure<\/strong>:<\/li>\n<li><strong>Plateau int\u00e9rieur en EVA d\u00e9coup\u00e9 \u00e0 l'emporte-pi\u00e8ce<\/strong>: D\u00e9coup\u00e9 avec pr\u00e9cision selon le contour du flacon de parfum, la performance de rembourrage atteint la norme ASTM D4169, et le taux de vide est \u22645% ;<\/li>\n<li><strong>Conception en couches<\/strong>: Des blocs ind\u00e9pendants peuvent \u00eatre ajout\u00e9s pour stocker les instructions et les accessoires des buses, et le taux d'utilisation de l'espace est augment\u00e9 de 30%.<\/li>\n<\/ol>\n<h4 id=\"5-production-strength-and-delivery-guarantee-\">5.\u00a0<strong>Force de production et garantie de livraison<\/strong><\/h4>\n<ul>\n<li><strong>Capacit\u00e9 de l'usine<\/strong>: Directement connect\u00e9 au\u00a0<strong>usine professionnelle d'emballage de parfum en carton<\/strong>\u00a0dans la r\u00e9gion du delta de la rivi\u00e8re des Perles, \u00e9quip\u00e9e de plus de 20 lignes de production enti\u00e8rement automatiques, couvrant l'estampage \u00e0 chaud, la d\u00e9coupe, le collage de bo\u00eetes et d'autres processus, avec une capacit\u00e9 de production quotidienne moyenne de plus de 100 000 unit\u00e9s.<\/li>\n<li><strong>Avantages du service<\/strong>:<\/li>\n<li>Les fichiers d'\u00e9preuvage en 3D sont fournis dans les 48 heures et les bo\u00eetes d'\u00e9chantillons physiques sont livr\u00e9es dans les 72 heures ;<\/li>\n<li>Commande minimale de 50 pi\u00e8ces, pas de frais de version suppl\u00e9mentaires, et le prix unitaire des commandes importantes peut \u00eatre aussi bas que 3 yuans\/bo\u00eete.<\/li>\n<li><strong>Normes de contr\u00f4le de la qualit\u00e9<\/strong>: Certifi\u00e9 par le syst\u00e8me de qualit\u00e9 ISO 9001, capacit\u00e9 de charge \u226515kg, et hauteur anti-chute 1,5m.<\/li>\n<\/ul>\n<h4 id=\"vi-technical-parameters-and-scene-adaptation-\">6. <strong>Param\u00e8tres techniques et adaptation de la sc\u00e8ne<\/strong><\/h4>\n<table>\n<thead>\n<tr>\n<th>Projet<\/th>\n<th>Param\u00e8tres\/engagements<\/th>\n<\/tr>\n<\/thead>\n<tbody>\n<tr>\n<td>Certification environnementale<\/td>\n<td>FSC, SGS, RoHS, REACH<\/td>\n<\/tr>\n<tr>\n<td>Vie magn\u00e9tique<\/td>\n<td>\u2265100 000 ouvertures et fermetures<\/td>\n<\/tr>\n<tr>\n<td style=\"text-align: center;\">Adh\u00e9sion au marquage \u00e0 chaud<\/td>\n<td>Note 4B au test de Baige<\/td>\n<\/tr>\n<tr>\n<td>Quantit\u00e9 minimale de commande<\/td>\n<td>500 pi\u00e8ces<\/td>\n<\/tr>\n<tr>\n<td>Cycle de livraison<\/td>\n<td>7-10 jours (moins de 10 000 pi\u00e8ces)<\/td>\n<\/tr>\n<\/tbody>\n<\/table>\n<p><strong>Nous choisir, c'est non seulement choisir un emballage, mais c'est aussi offrir \u00e0 votre parfum une exp\u00e9rience de luxe durable.<\/strong><\/p>","protected":false},"excerpt":{"rendered":"<p>1. Papier simili-cuir 120g, carton rigide 1200g 100% mat\u00e9riau respectueux de l'environnement<br \/>\n2. La bo\u00eete de fermeture magn\u00e9tique peut r\u00e9aliser l'alignement automatique et l'adsorption ferme des aimants, ce qui am\u00e9liore consid\u00e9rablement l'efficacit\u00e9 de l'utilisation.<br \/>\n3. Le papier simili-cuir est fabriqu\u00e9 \u00e0 partir de papier recyclable et biod\u00e9gradable, ce qui est conforme \u00e0 la tendance de la consommation verte.<\/p>","protected":false},"featured_media":8665,"template":"","meta":[],"product_brand":[],"product_cat":[30,417,424,31],"product_tag":[943,945,944],"class_list":{"0":"post-8662","1":"product","2":"type-product","3":"status-publish","4":"has-post-thumbnail","6":"product_cat-by-industry","7":"product_cat-custom-perfume-boxes-by-industry","8":"product_cat-magnetic-closure-boxes","9":"product_cat-paper-box-style","10":"product_tag-100ml-perfume-packaging","11":"product_tag-black-perfume-boxes","12":"product_tag-perfume-spray-packaging","14":"first","15":"instock","16":"shipping-taxable","17":"product-type-simple"},"_links":{"self":[{"href":"https:\/\/zojopackaging.com\/fr\/wp-json\/wp\/v2\/product\/8662","targetHints":{"allow":["GET"]}}],"collection":[{"href":"https:\/\/zojopackaging.com\/fr\/wp-json\/wp\/v2\/product"}],"about":[{"href":"https:\/\/zojopackaging.com\/fr\/wp-json\/wp\/v2\/types\/product"}],"version-history":[{"count":1,"href":"https:\/\/zojopackaging.com\/fr\/wp-json\/wp\/v2\/product\/8662\/revisions"}],"predecessor-version":[{"id":8675,"href":"https:\/\/zojopackaging.com\/fr\/wp-json\/wp\/v2\/product\/8662\/revisions\/8675"}],"wp:featuredmedia":[{"embeddable":true,"href":"https:\/\/zojopackaging.com\/fr\/wp-json\/wp\/v2\/media\/8665"}],"wp:attachment":[{"href":"https:\/\/zojopackaging.com\/fr\/wp-json\/wp\/v2\/media?parent=8662"}],"wp:term":[{"taxonomy":"product_brand","embeddable":true,"href":"https:\/\/zojopackaging.com\/fr\/wp-json\/wp\/v2\/product_brand?post=8662"},{"taxonomy":"product_cat","embeddable":true,"href":"https:\/\/zojopackaging.com\/fr\/wp-json\/wp\/v2\/product_cat?post=8662"},{"taxonomy":"product_tag","embeddable":true,"href":"https:\/\/zojopackaging.com\/fr\/wp-json\/wp\/v2\/product_tag?post=8662"}],"curies":[{"name":"wp","href":"https:\/\/api.w.org\/{rel}","templated":true}]}}