{"id":8676,"date":"2025-03-29T19:09:27","date_gmt":"2025-03-29T11:09:27","guid":{"rendered":"https:\/\/zojopackaging.com\/?post_type=product&#038;p=8676"},"modified":"2025-03-29T19:35:04","modified_gmt":"2025-03-29T11:35:04","slug":"custom-personalized-rings-necklaces-gift-box-wholesale","status":"publish","type":"product","link":"https:\/\/zojopackaging.com\/fr\/product\/custom-personalized-rings-necklaces-gift-box-wholesale\/","title":{"rendered":"Bagues personnalis\u00e9es Colliers Bo\u00eete cadeau Wholesale"},"content":{"rendered":"<h3 id=\"customized-personalized-ring-and-necklace-gift-box-wholesale-product-description\">Bo\u00eete cadeau personnalis\u00e9e pour bague et collier en gros<\/h3>\n<h4 id=\"1-head-and-bottom-lid-box-type-the-perfect-balance-of-ritual-and-convenience-\">1.\u00a0<strong>Couvercle et bo\u00eete de base : l'\u00e9quilibre parfait entre le rituel et la commodit\u00e9<\/strong><\/h4>\n<p>Ce produit adopte\u00a0<strong>type de bo\u00eete de couvercle et de base<\/strong>Le couvercle sup\u00e9rieur et la bo\u00eete inf\u00e9rieure s'ouvrent et se ferment d'une seule main gr\u00e2ce \u00e0 une structure d'embo\u00eetement pr\u00e9cise, ce qui am\u00e9liore l'exp\u00e9rience de d\u00e9ballage tout en assurant la protection.<\/p>\n<ul>\n<li><strong>Avantages fonctionnels<\/strong>: L'espace interne du corps de la bo\u00eete est adapt\u00e9 \u00e0 la taille des bagues, colliers et autres accessoires, l'angle d'ouverture du couvercle sup\u00e9rieur est \u226560\u00b0, et l'ouverture et la fermeture peuvent \u00eatre r\u00e9alis\u00e9es d'une seule pouss\u00e9e de la main, \u00e9vitant ainsi les dommages \u00e0 l'emballage caus\u00e9s par une op\u00e9ration encombrante.<\/li>\n<li><strong>Conception esth\u00e9tique<\/strong>: Le couvercle de la bo\u00eete s'adapte parfaitement lorsqu'il est ferm\u00e9, et la surface peut \u00eatre personnalis\u00e9e avec des textures gaufr\u00e9es ou des totems de marque, avec une couleur principale bleu macaron mat pour cr\u00e9er une atmosph\u00e8re de gu\u00e9rison.<\/li>\n<\/ul>\n<h4 id=\"2-special-paper-material-a-double-breakthrough-in-environmental-protection-and-high-end-\">2.\u00a0<strong>Papier sp\u00e9cial : une double avanc\u00e9e en mati\u00e8re de protection de l'environnement et de haut de gamme<\/strong><\/h4>\n<p>S\u00e9lectionner\u00a0<strong>Papier sp\u00e9cial certifi\u00e9 FSC<\/strong>L'objectif est de d\u00e9passer les limites du papier traditionnel et de combiner les technologies de protection de l'environnement pour parvenir \u00e0 des solutions d'emballage durables.<\/p>\n<ul>\n<li><strong>Propri\u00e9t\u00e9s des mat\u00e9riaux<\/strong>:<\/li>\n<li>La couche superficielle est compos\u00e9e de\u00a0<strong>papier tactile imitant le cuir<\/strong>\u00a0ou\u00a0<strong>papier sp\u00e9cial \u00e0 texture st\u00e9nop\u00e9ique<\/strong>avec une \u00e9paisseur de 0,12 mm, une rigidit\u00e9 conforme \u00e0 la norme ASTM D774 et une r\u00e9sistance \u00e0 l'\u00e9clatement \u226580kPa ;<\/li>\n<li>La couche int\u00e9rieure est assortie de\u00a0<strong>Carton recycl\u00e9 1200g<\/strong>Le processus de collage sans colle r\u00e9duit la pollution chimique et le cycle de d\u00e9gradation est \u2264180 jours.<\/li>\n<li><strong>Sc\u00e9narios d'application<\/strong>: Convient aux pr\u00e9sentoirs des bijouteries, au transport du commerce \u00e9lectronique, \u00e0 la personnalisation de cadeaux haut de gamme et \u00e0 d'autres sc\u00e9narios, favorisant le recyclage.<\/li>\n<\/ul>\n<h4 id=\"3-hot-stamping-process-details-empower-brand-value-\">3. Sliver h<strong>Processus d'estampage de la feuille d'aluminium : les d\u00e9tails renforcent la valeur de la marque<\/strong><\/h4>\n<p>A travers\u00a0<strong>technologie de marquage \u00e0 chaud de niveau nanom\u00e9trique<\/strong>Il est possible de r\u00e9aliser des lignes de marquage \u00e0 chaud et des logos d'une \u00e9paisseur de 0,1 mm afin d'accro\u00eetre la valeur ajout\u00e9e du produit.<\/p>\n<ul>\n<li><strong>Points forts de la technologie<\/strong>:<\/li>\n<li>Soutien\u00a0<strong>marquage \u00e0 chaud en relief tridimensionnel<\/strong>,\u00a0<strong>effet laser miroir<\/strong>La norme de diff\u00e9rence de couleur \u0394E\u22641,5 (ISO 12647-2), l'adh\u00e9rence atteint le niveau 4B du test de Baige ;<\/li>\n<li>LOGO de la marque, texte artistique ou totem culturel personnalisable. Parmi les cas de r\u00e9f\u00e9rence, citons le coffret \u00e0 bagues de la s\u00e9rie ING de Chow Tai Fook avec marquage \u00e0 chaud et le coffret cadeau de Tiffany Blue Book.<\/li>\n<\/ul>\n<h4 id=\"4-unlimited-customization-comprehensive-adaptation-from-function-to-aesthetics-\">4.\u00a0<strong>Personnalisation illimit\u00e9e : adaptation compl\u00e8te de la fonction \u00e0 l'esth\u00e9tique<\/strong><\/h4>\n<ol>\n<li><strong>Type et taille de la bo\u00eete<\/strong>: Prend en charge les types de bo\u00eetes tels que le couvercle sup\u00e9rieur et inf\u00e9rieur, le type de tiroir, le couvercle \u00e0 rabat magn\u00e9tique, etc., adapt\u00e9 aux bagues (5\u00d75cm \u00e0 9\u00d79cm), aux colliers (bo\u00eete longue de 22\u00d75cm) et \u00e0 d'autres tailles, avec un taux d'erreur de \u22640,1mm.<\/li>\n<li><strong>Couleur et mat\u00e9riau<\/strong>:<\/li>\n<li><strong>Couleur principale<\/strong>: 12 cartes de couleurs Pantone comprenant\u00a0<strong>Morandi bleu<\/strong>\u00a0et or champagne sont disponibles, et les effets mats\/brillants peuvent \u00eatre modifi\u00e9s ;<\/li>\n<li><strong>Options de mise \u00e0 niveau<\/strong>: Papier flock\u00e9 en option, papier composite \u00e0 base de feuilles m\u00e9talliques ou surface tactile gaufr\u00e9e personnalis\u00e9e.<\/li>\n<li><strong>Optimisation de la doublure int\u00e9rieure<\/strong>:<\/li>\n<li><strong>Plateau int\u00e9rieur en EVA d\u00e9coup\u00e9 \u00e0 l'emporte-pi\u00e8ce<\/strong>: D\u00e9coup\u00e9 avec pr\u00e9cision selon le contour du produit, taux de vide \u22645%, performance d'amortissement conforme \u00e0 la norme ASTM D4169 ;<\/li>\n<li><strong>Conception en couches<\/strong>: Des blocs ind\u00e9pendants peuvent \u00eatre ajout\u00e9s pour ranger les certificats et les outils d'entretien. Les mallettes de r\u00e9f\u00e9rence comprennent la doublure en velours de coton perl\u00e9 de la s\u00e9rie Petit Prince.<\/li>\n<\/ol>\n<h4 id=\"5-production-strength-and-delivery-guarantee-\">5.\u00a0<strong>Force de production et garantie de livraison<\/strong><\/h4>\n<ul>\n<li><strong>Production enti\u00e8rement automatique<\/strong>: Directement connect\u00e9 au\u00a0<strong>usine professionnelle de bo\u00eetes d'emballage<\/strong>\u00a0dans la r\u00e9gion du delta de la rivi\u00e8re des Perles, \u00e9quip\u00e9e de plus de 20 lignes de production enti\u00e8rement automatiques, couvrant le marquage \u00e0 chaud, la d\u00e9coupe, le collage de bo\u00eetes et d'autres processus, avec une capacit\u00e9 de production quotidienne moyenne de plus de 100 000 unit\u00e9s, et la livraison est effectu\u00e9e dans un d\u00e9lai de 7 \u00e0 14 jours.<\/li>\n<li><strong>Avantages du service<\/strong>:<\/li>\n<li><strong>\u00c9chantillons et dessins gratuits<\/strong>: Les fichiers d'\u00e9preuvage en 3D sont fournis dans les 48 heures, les bo\u00eetes d'\u00e9chantillons physiques sont livr\u00e9es dans les 72 heures, et une commande minimale de 50 pi\u00e8ces est prise en charge sans frais de version ;<\/li>\n<li><strong>Avantages en termes de prix<\/strong>: Le mod\u00e8le de vente directe \u00e0 l'usine r\u00e9duit la diff\u00e9rence de prix entre les interm\u00e9diaires, et le prix unitaire est aussi bas que 1,6 yuan\/bo\u00eete (n\u00e9gociable pour les grandes quantit\u00e9s).<\/li>\n<li><strong>Normes de contr\u00f4le de la qualit\u00e9<\/strong>: Certification ISO 9001, capacit\u00e9 de charge \u226515kg, hauteur anti-chute 1,5m, et indemnisation compl\u00e8te pour les dommages li\u00e9s au transport.<\/li>\n<\/ul>\n<h4 id=\"vi-technical-parameters-and-brand-empowerment-\">6. <strong>Param\u00e8tres techniques et autonomisation de la marque<\/strong><\/h4>\n<table>\n<thead>\n<tr>\n<th>Projet<\/th>\n<th>Param\u00e8tres\/engagements<\/th>\n<\/tr>\n<\/thead>\n<tbody>\n<tr>\n<td>Certification environnementale<\/td>\n<td>FSC, SGS, RoHS, REACH<\/td>\n<\/tr>\n<tr>\n<td>Pr\u00e9cision du marquage \u00e0 chaud<\/td>\n<td>Pr\u00e9cision du trait 0,1 mm, r\u00e9solution du motif 300 dpi<\/td>\n<\/tr>\n<tr>\n<td>Quantit\u00e9 minimale de commande<\/td>\n<td>500 pi\u00e8ces<\/td>\n<\/tr>\n<tr>\n<td>Cycle de livraison<\/td>\n<td>7-14 jours (moins de 10 000 pi\u00e8ces)<\/td>\n<\/tr>\n<\/tbody>\n<\/table>\n<p><strong>Nous choisir, c'est non seulement choisir un emballage, mais c'est aussi donner \u00e0 votre marque un g\u00e8ne de luxe durable.<\/strong><\/p>","protected":false},"excerpt":{"rendered":"<p>1. Le couvercle et la bo\u00eete de base sont \u00e9troitement embo\u00eet\u00e9s et peuvent \u00eatre ouverts d'une seule main pour une utilisation ais\u00e9e.<br \/>\n2. Le papier sp\u00e9cial rompt avec l'utilisation du papier traditionnel et s'inscrit dans la tendance du d\u00e9veloppement durable.<br \/>\n3. La feuille argent\u00e9e de marquage \u00e0 chaud augmente la valeur ajout\u00e9e du produit, et le petit effet de marquage \u00e0 chaud peut \u00e9galement \u00eatre clairement mis en \u00e9vidence.<\/p>","protected":false},"featured_media":8678,"template":"","meta":[],"product_brand":[],"product_cat":[30,415,425,31],"product_tag":[948,947,946],"class_list":{"0":"post-8676","1":"product","2":"type-product","3":"status-publish","4":"has-post-thumbnail","6":"product_cat-by-industry","7":"product_cat-custom-jewelry-boxes-by-industry","8":"product_cat-lid-and-base-gift-box","9":"product_cat-paper-box-style","10":"product_tag-custom-box-wholesale","11":"product_tag-necklaces-gift-box","12":"product_tag-rings-gift-box","14":"first","15":"instock","16":"shipping-taxable","17":"product-type-simple"},"_links":{"self":[{"href":"https:\/\/zojopackaging.com\/fr\/wp-json\/wp\/v2\/product\/8676","targetHints":{"allow":["GET"]}}],"collection":[{"href":"https:\/\/zojopackaging.com\/fr\/wp-json\/wp\/v2\/product"}],"about":[{"href":"https:\/\/zojopackaging.com\/fr\/wp-json\/wp\/v2\/types\/product"}],"version-history":[{"count":2,"href":"https:\/\/zojopackaging.com\/fr\/wp-json\/wp\/v2\/product\/8676\/revisions"}],"predecessor-version":[{"id":8683,"href":"https:\/\/zojopackaging.com\/fr\/wp-json\/wp\/v2\/product\/8676\/revisions\/8683"}],"wp:featuredmedia":[{"embeddable":true,"href":"https:\/\/zojopackaging.com\/fr\/wp-json\/wp\/v2\/media\/8678"}],"wp:attachment":[{"href":"https:\/\/zojopackaging.com\/fr\/wp-json\/wp\/v2\/media?parent=8676"}],"wp:term":[{"taxonomy":"product_brand","embeddable":true,"href":"https:\/\/zojopackaging.com\/fr\/wp-json\/wp\/v2\/product_brand?post=8676"},{"taxonomy":"product_cat","embeddable":true,"href":"https:\/\/zojopackaging.com\/fr\/wp-json\/wp\/v2\/product_cat?post=8676"},{"taxonomy":"product_tag","embeddable":true,"href":"https:\/\/zojopackaging.com\/fr\/wp-json\/wp\/v2\/product_tag?post=8676"}],"curies":[{"name":"wp","href":"https:\/\/api.w.org\/{rel}","templated":true}]}}