{"id":8684,"date":"2025-03-29T19:35:52","date_gmt":"2025-03-29T11:35:52","guid":{"rendered":"https:\/\/zojopackaging.com\/?post_type=product&#038;p=8684"},"modified":"2025-03-29T20:12:05","modified_gmt":"2025-03-29T12:12:05","slug":"premium-custom-assorted-loose-teas-gift-boxes-manufacturer","status":"publish","type":"product","link":"https:\/\/zojopackaging.com\/fr\/product\/premium-custom-assorted-loose-teas-gift-boxes-manufacturer\/","title":{"rendered":"Bo\u00eetes cadeaux pour th\u00e9s en vrac de premi\u00e8re qualit\u00e9 fabriqu\u00e9es sur mesure"},"content":{"rendered":"<h3 id=\"product-description-of-high-quality-customized-assorted-bulk-tea-gift-box\">Bo\u00eete \u00e0 th\u00e9 en vrac personnalis\u00e9e de haute qualit\u00e9<\/h3>\n<h4 id=\"-1-environmentally-friendly-and-sustainable-materials-157g-c2s-coated-art-paper-1200g-hardboard-\"><strong>1. Mat\u00e9riaux respectueux de l'environnement et durables : Papier d'art couch\u00e9 C2S 157g + panneau dur 1200g<\/strong><\/h4>\n<p>La bo\u00eete cadeau est fabriqu\u00e9e \u00e0 partir d'un papier d'art couch\u00e9 C2S de 157 g et d'un carton dur de 1200 g, en tenant compte des propri\u00e9t\u00e9s de texture et de protection de l'environnement. La surface du papier couch\u00e9 C2S est d\u00e9licate et lisse, ce qui permet d'obtenir des effets d'impression de haute pr\u00e9cision, tandis que le carton dur conf\u00e8re \u00e0 la bo\u00eete cadeau un support structurel qui garantit sa r\u00e9sistance \u00e0 la compression et sa durabilit\u00e9. Le mat\u00e9riau est conforme \u00e0 la certification FSC, est d\u00e9gradable et recyclable, et r\u00e9pond aux exigences des consommateurs modernes en mati\u00e8re d'emballage \u00e9cologique.<\/p>\n<h4 id=\"-2-magnetic-box-design-embedded-magnets-taking-into-account-both-aesthetics-and-functionality-\"><strong>2. Conception de la bo\u00eete \u00e0 fermeture magn\u00e9tique : aimants int\u00e9gr\u00e9s, tenant compte \u00e0 la fois de l'esth\u00e9tique et de la fonctionnalit\u00e9.<\/strong><\/h4>\n<p>La structure de fermeture magn\u00e9tique \u00e9vite le probl\u00e8me d'usure des boucles magn\u00e9tiques expos\u00e9es traditionnelles gr\u00e2ce \u00e0 la conception de l'aimant int\u00e9gr\u00e9, et am\u00e9liore la fluidit\u00e9 de l'ouverture et de la fermeture ainsi que la dur\u00e9e de vie. La ligne de la bo\u00eete est simple et nette, et elle est bien ajust\u00e9e lorsqu'elle est ferm\u00e9e, ce qui lui conf\u00e8re un aspect plus haut de gamme. Cette conception est particuli\u00e8rement adapt\u00e9e aux sc\u00e8nes de cadeaux d'affaires, v\u00e9hiculant un sentiment de raffinement et de rituel.<\/p>\n<h4 id=\"-3-geometric-design-aesthetic-balance-between-rationality-and-sensibility-\"><strong>3. Conception g\u00e9om\u00e9trique : L'\u00e9quilibre esth\u00e9tique entre rationalit\u00e9 et sensibilit\u00e9<\/strong><\/h4>\n<p>La surface de la bo\u00eete cadeau utilise des graphiques g\u00e9om\u00e9triques comme langage de conception de base et construit un \u00e9quilibre entre l'ordre rationnel et la tension artistique par la d\u00e9construction et la r\u00e9organisation d'\u00e9l\u00e9ments tels que les triangles et les cercles. Par exemple, la ligne de s\u00e9paration en losange symbolise les veines naturelles des feuilles de th\u00e9, et l'embellissement circulaire par marquage \u00e0 chaud fait \u00e9cho au go\u00fbt moelleux de la soupe de th\u00e9. Ce design peut non seulement v\u00e9hiculer le style minimaliste moderne, mais aussi impliquer l'implication culturelle du \"carr\u00e9 et du cercle\" dans la philosophie orientale.<\/p>\n<h4 id=\"-4-cardboard-lining-both-economical-and-environmentally-friendly-advantages-\"><strong>4. Rev\u00eatement en carton : avantages \u00e0 la fois \u00e9conomiques et \u00e9cologiques<\/strong><\/h4>\n<p>Le rev\u00eatement est d\u00e9coup\u00e9 \u00e0 l'emporte-pi\u00e8ce dans du carton haute densit\u00e9 et la protection contre les chocs est assur\u00e9e par une structure en nid d'abeille ou une conception en couches. Le co\u00fbt du carton ne repr\u00e9sente qu'un tiers de celui de la doublure en EVA, et le traitement est flexible, ce qui permet de r\u00e9pondre aux besoins personnalis\u00e9s des bo\u00eetes de th\u00e9 de forme sp\u00e9ciale ou des sachets de th\u00e9 en vrac. Le mat\u00e9riau ne contient pas d'adh\u00e9sifs chimiques, r\u00e9pond aux normes de contact alimentaire et permet le recyclage 100%.<\/p>\n<h4 id=\"-5-lamination-process-physical-protection-and-visual-upgrade-in-one-\"><strong>5. Proc\u00e9d\u00e9 de pelliculage : protection physique et am\u00e9lioration visuelle en une seule op\u00e9ration<\/strong><\/h4>\n<p>La surface adopte un processus de laminage \u00e0 base d'eau pour former une couche protectrice transparente, \u00e9tanche \u00e0 l'humidit\u00e9, antisalissure et r\u00e9sistante \u00e0 l'usure. Le pelliculage mat pr\u00e9sente une texture discr\u00e8te, tandis que le pelliculage brillant am\u00e9liore la saturation des couleurs. Par exemple, la texture de l'or est plus tridimensionnelle apr\u00e8s le pelliculage. Le co\u00fbt du processus n'est que de 60% par rapport au vernis UV, mais il permet d'obtenir des effets visuels haut de gamme similaires, ce qui constitue la meilleure solution en termes de co\u00fbt-efficacit\u00e9.<\/p>\n<h4 id=\"-6-highly-customized-service-comprehensive-adaptation-from-box-type-to-printing-\"><strong>6. Service hautement personnalis\u00e9 : adaptation compl\u00e8te du type de bo\u00eete \u00e0 l'impression<\/strong><\/h4>\n<p>Prise en charge de la personnalisation compl\u00e8te des dimensions :<\/p>\n<ul>\n<li><strong>Type de bo\u00eete<\/strong>Le logiciel permet de cr\u00e9er plus de 20 types de bo\u00eetes de base, tels que des couvercles sup\u00e9rieurs et inf\u00e9rieurs, des bo\u00eetes en forme de livre, des bo\u00eetes \u00e0 tiroirs, etc. et des structures de forme sp\u00e9ciale peuvent \u00eatre d\u00e9velopp\u00e9es ;<\/li>\n<li><strong>Impression<\/strong>Les produits de cette cat\u00e9gorie sont les suivants : marquage \u00e0 chaud, gaufrage, impression UV locale, s\u00e9rigraphie et autres proc\u00e9d\u00e9s, prise en charge des couleurs d'accompagnement Pantone et des effets de gradient ;<\/li>\n<li><strong>Fonction<\/strong>Conception modulaire : fentes int\u00e9gr\u00e9es pour le service \u00e0 th\u00e9, zone ind\u00e9pendante pour le conditionnement des sachets de th\u00e9 et plateau int\u00e9rieur amovible ;<\/li>\n<li><strong>Th\u00e8me<\/strong>Personnalisation en fonction de la sc\u00e8ne : festivals, entreprises et mariages, par exemple marquage \u00e0 chaud d'\u00e9l\u00e9ments du festival de la mi-automne ou implantation du logo de l'entreprise.<\/li>\n<\/ul>\n<h4 id=\"-7-chinese-source-manufacturers-free-design-samples-high-cost-performance-\"><strong>7. Fabricants d'origine chinoise : conception gratuite + \u00e9chantillons + performance \u00e0 un co\u00fbt \u00e9lev\u00e9<\/strong><\/h4>\n<p>En tant qu'entreprise de fabrication chinoise ayant 10 ans d'exp\u00e9rience dans le domaine de l'emballage du th\u00e9, nous fournissons.. :<\/p>\n<ul>\n<li><strong>Service \u00e0 seuil z\u00e9ro<\/strong>: conception et \u00e9preuvage gratuits, commande minimale d'une pi\u00e8ce, livraison dans les 3-7 jours ;<\/li>\n<li><strong>Avantage tarifaire<\/strong>: La production \u00e0 grande \u00e9chelle r\u00e9duit les co\u00fbts de 30%, le prix unitaire d'une bo\u00eete cadeau magn\u00e9tique standard n'\u00e9tant que de $0,15 US\/pi\u00e8ce (\u00e0 partir de 2 000 pi\u00e8ces) ;<\/li>\n<li><strong>Assurance qualit\u00e9<\/strong>: Certifi\u00e9 HACCP, \u00e9quip\u00e9 d'un syst\u00e8me d'inspection de la qualit\u00e9 du processus complet pour garantir une r\u00e9sistance \u00e0 la compression \u2265200kg\/m\u00b2 et une tol\u00e9rance \u00e0 l'humidit\u00e9 \u226585%RH.<\/li>\n<\/ul>\n<h4 id=\"-cooperation-process-\"><strong>Processus de coop\u00e9ration<\/strong><\/h4>\n<ol>\n<li><strong>Communication de la demande<\/strong>: Fournir des informations telles que les cat\u00e9gories de th\u00e9, le budget, les pr\u00e9f\u00e9rences en mati\u00e8re de design, etc ;<\/li>\n<li><strong>Conception du r\u00e9gime<\/strong>: Les rendus 3D et les \u00e9chantillons de mat\u00e9riaux sont produits dans un d\u00e9lai de 3 jours ouvrables ;<\/li>\n<li><strong>Confirmation de l'\u00e9preuve<\/strong>: Des \u00e9chantillons physiques gratuits sont envoy\u00e9s et 5 ajustements d\u00e9taill\u00e9s sont possibles ;<\/li>\n<li><strong>Production de masse<\/strong>: Livraison dans les 30 jours (jusqu'\u00e0 20 000 pi\u00e8ces), suivi logistique mondial.<\/li>\n<\/ol>\n<h3 id=\"-why-choose-us-\"><strong>Pourquoi nous choisir ?<\/strong><\/h3>\n<ul>\n<li><strong>L'autonomisation culturelle<\/strong>: Incorporer des textures calligraphiques et des \u00e9l\u00e9ments du patrimoine culturel immat\u00e9riel dans les emballages (tels que des motifs de nuages estampill\u00e9s d'or) afin de renforcer la valeur culturelle des coffrets cadeaux ;<\/li>\n<li><strong>Service \u00e0 guichet unique<\/strong>: De la conception de l'emballage \u00e0 l'approvisionnement en th\u00e9 et au d\u00e9douanement logistique, nous assurons la tutelle de l'ensemble du processus ;<\/li>\n<li><strong>Engagement durable<\/strong>: Syst\u00e8me de tra\u00e7abilit\u00e9 de l'empreinte carbone + encre v\u00e9g\u00e9tale pour contribuer \u00e0 la strat\u00e9gie ESG de la marque.<\/li>\n<\/ul>\n<p><strong>Obtenez des \u00e9chantillons et des devis gratuits d\u00e8s maintenant<\/strong>: Envoyez un message priv\u00e9 ou visitez le site officiel pour commencer \u00e0 personnaliser votre bo\u00eete \u00e0 th\u00e9 exclusive.<\/p>","protected":false},"excerpt":{"rendered":"<p>1. Papier d'art couch\u00e9 C2S 157g, carton rigide 1200g, mat\u00e9riaux durables et respectueux de l'environnement<br \/>\n2. Bo\u00eete \u00e0 fermeture magn\u00e9tique, avec aimant int\u00e9gr\u00e9 pour \u00e9viter l'usure externe, ce qui donne \u00e0 la bo\u00eete d'emballage un aspect haut de gamme.<br \/>\n3. La conception g\u00e9om\u00e9trique \u00e9quilibre la rationalit\u00e9 et la sensibilit\u00e9, tout en tenant compte de la profondeur esth\u00e9tique et du pragmatisme.<\/p>","protected":false},"featured_media":8685,"template":"","meta":[],"product_brand":[],"product_cat":[30,422,424,31],"product_tag":[951,949,950],"class_list":{"0":"post-8684","1":"product","2":"type-product","3":"status-publish","4":"has-post-thumbnail","6":"product_cat-by-industry","7":"product_cat-custom-gourmet-boxes-by-industry","8":"product_cat-magnetic-closure-boxes","9":"product_cat-paper-box-style","10":"product_tag-custom-assorted-boxes","11":"product_tag-loose-teas-gift-boxes","12":"product_tag-teas-gift-boxes-manufacturer","14":"first","15":"instock","16":"shipping-taxable","17":"product-type-simple"},"_links":{"self":[{"href":"https:\/\/zojopackaging.com\/fr\/wp-json\/wp\/v2\/product\/8684","targetHints":{"allow":["GET"]}}],"collection":[{"href":"https:\/\/zojopackaging.com\/fr\/wp-json\/wp\/v2\/product"}],"about":[{"href":"https:\/\/zojopackaging.com\/fr\/wp-json\/wp\/v2\/types\/product"}],"version-history":[{"count":1,"href":"https:\/\/zojopackaging.com\/fr\/wp-json\/wp\/v2\/product\/8684\/revisions"}],"predecessor-version":[{"id":8690,"href":"https:\/\/zojopackaging.com\/fr\/wp-json\/wp\/v2\/product\/8684\/revisions\/8690"}],"wp:featuredmedia":[{"embeddable":true,"href":"https:\/\/zojopackaging.com\/fr\/wp-json\/wp\/v2\/media\/8685"}],"wp:attachment":[{"href":"https:\/\/zojopackaging.com\/fr\/wp-json\/wp\/v2\/media?parent=8684"}],"wp:term":[{"taxonomy":"product_brand","embeddable":true,"href":"https:\/\/zojopackaging.com\/fr\/wp-json\/wp\/v2\/product_brand?post=8684"},{"taxonomy":"product_cat","embeddable":true,"href":"https:\/\/zojopackaging.com\/fr\/wp-json\/wp\/v2\/product_cat?post=8684"},{"taxonomy":"product_tag","embeddable":true,"href":"https:\/\/zojopackaging.com\/fr\/wp-json\/wp\/v2\/product_tag?post=8684"}],"curies":[{"name":"wp","href":"https:\/\/api.w.org\/{rel}","templated":true}]}}