{"id":8691,"date":"2025-03-29T20:12:13","date_gmt":"2025-03-29T12:12:13","guid":{"rendered":"https:\/\/zojopackaging.com\/?post_type=product&#038;p=8691"},"modified":"2025-03-29T20:43:31","modified_gmt":"2025-03-29T12:43:31","slug":"custom-towel-athletic-sleeve-shoe-packaging-box-wholesale","status":"publish","type":"product","link":"https:\/\/zojopackaging.com\/fr\/product\/custom-towel-athletic-sleeve-shoe-packaging-box-wholesale\/","title":{"rendered":"Bo\u00eete d'emballage de chaussures pour serviettes de sport sur mesure Wholesale"},"content":{"rendered":"<h2 id=\"-high-end-customized-towel-sports-overshoe-packaging-box-technical-parameters-\"><strong>1. Bo\u00eete d'emballage de serviettes de sport personnalis\u00e9es haut de gamme pour chaussures de sport<\/strong><\/h2>\n<ol>\n<li><strong>Technologie des mat\u00e9riaux de base<\/strong>\u00a0Adopte un substrat de carton gris \u00e0 haute r\u00e9sistance de 1200GSM + une structure de couverture de papier couch\u00e9 de 157GSM. Le carton gris fournit un support rigide pour assurer que la r\u00e9sistance \u00e0 la compression du transport atteint 30kg\/\u33a1 ; la surface lisse du papier couch\u00e9 atteint plus de 1000s, supporte 150 lignes d'impression de logo de marque de haute pr\u00e9cision, et le degr\u00e9 de reproduction des couleurs est am\u00e9lior\u00e9 par 40%.<\/li>\n<li><strong>Structure innovante de la bo\u00eete \u00e0 tiroirs<\/strong>\u00a0La r\u00e9sistance \u00e0 l'ouverture et \u00e0 la fermeture est contr\u00f4l\u00e9e dans une fourchette de 0,5 \u00e0 1,2 N et est \u00e9quip\u00e9e d'un syst\u00e8me de boucle antid\u00e9rapante. La bo\u00eete ext\u00e9rieure et le plateau int\u00e9rieur adoptent le processus d'embo\u00eetement des couvercles sup\u00e9rieur et inf\u00e9rieur, avec une tol\u00e9rance de \u00b10,3 mm, afin d'obtenir une exp\u00e9rience d'ouverture soyeuse. Le LOGO en relief peut \u00eatre personnalis\u00e9 sur le c\u00f4t\u00e9 de la bo\u00eete, et la pr\u00e9cision tactile atteint 0,1 mm pour les niveaux concave et convexe.<\/li>\n<li><strong>Syst\u00e8me esth\u00e9tique fonctionnel Ribbon<\/strong>\u00a0Offre trois options de rubans : satin\/mat\/laser, avec une largeur r\u00e9glable de 15 \u00e0 50 mm et un test de r\u00e9sistance \u00e0 la charge de 8 kg. La conception originale brevet\u00e9e du \"double n\u0153ud\" permet non seulement de fixer les surchaussures pour emp\u00eacher leur d\u00e9placement, mais aussi de les d\u00e9tacher pour les utiliser comme bracelet de sport ou comme lacets. Le processus de marquage \u00e0 froid aux UV permet d'imprimer des slogans de marque, et les caract\u00e8res r\u00e9sistent \u00e0 la friction plus de 2 000 fois.<\/li>\n<\/ol>\n<h2 id=\"-visual-and-environmental-performance-optimization-plan-\"><strong>2. Plan d'optimisation des performances visuelles et environnementales<\/strong><\/h2>\n<ol>\n<li><strong>Syst\u00e8me de couleurs anti-stress<\/strong>\u00a0Le vert Morandi (Pantone 16-5938TPG), dont les exp\u00e9riences en psychologie des couleurs ont d\u00e9montr\u00e9 qu'il r\u00e9duisait le taux de cortisol salivaire de 15% et l'indice d'anxi\u00e9t\u00e9 de 22%, est principalement mis en avant. Gr\u00e2ce \u00e0 la texture des veines par estampage \u00e0 chaud en d\u00e9grad\u00e9, l'angle de r\u00e9fraction de la lumi\u00e8re est optimis\u00e9 \u00e0 15\u00b0-75\u00b0, et la lumi\u00e8re et l'ombre dynamiques am\u00e9liorent le niveau visuel.<\/li>\n<li><strong>Technologie de marquage \u00e0 chaud am\u00e9lior\u00e9e<\/strong>\u00a0Gr\u00e2ce \u00e0 la technologie de marquage \u00e0 chaud par nano-embossage, l'\u00e9paisseur de la couche d'or est de 0,08-0,12\u03bcm, et la r\u00e9sistance aux intemp\u00e9ries atteint le niveau 5 (norme ISO 4892). Prend en charge la dorure \u00e0 chaud \u00e0 positionnement 3D, le texte minimum de la dorure \u00e0 chaud est de 0,8 mm et clairement visible, et le contraste entre la texture m\u00e9tallique et le substrat mat est augment\u00e9 de 300%.<\/li>\n<li><strong>Syst\u00e8me de laminage \u00e0 double protection<\/strong>\u00a0Processus de laminage \u00e0 base d'eau (\u00e9mission de COV &lt;2%), \u00e9paisseur du film 12\u03bcm, niveau de r\u00e9sistance \u00e0 l&#039;abrasion de 4H (ASTM D3363). Le module tactile offre trois options : su\u00e8de\/sable de cristal\/sens de la peau, et le coefficient de frottement est optimis\u00e9 \u00e0 0,35\/0,28\/0,18 respectivement, ce qui am\u00e9liore le sens de la c\u00e9r\u00e9monie d&#039;unboxing.<\/li>\n<\/ol>\n<h2 id=\"-in-depth-customization-service-system-\"><strong>3. Syst\u00e8me de service de personnalisation approfondie<\/strong><\/h2>\n<ol>\n<li><strong>Matrice de personnalisation multidimensionnelle<\/strong><\/li>\n<li><strong>Biblioth\u00e8que de type bo\u00eete<\/strong>) + 12 structures de forme sp\u00e9ciale (arc\/creux\/pr\u00e9sentoir pliant, etc.).<\/li>\n<li><strong>Biblioth\u00e8que de mat\u00e9riel<\/strong>Les panneaux de fibres de bambou rempla\u00e7ables (contenant des mat\u00e9riaux renouvelables 30%), le PET de qualit\u00e9 alimentaire et d'autres options respectueuses de l'environnement.<\/li>\n<li><strong>Biblioth\u00e8que de processus<\/strong>Les produits de la gamme sont les suivants : 8 solutions de traitement de surface telles que le marquage \u00e0 chaud combin\u00e9 + le gaufrage + le gla\u00e7age local aux UV<\/li>\n<li><strong>Solution de rev\u00eatement intelligente<\/strong>\u00a0Utilisation de la technologie de d\u00e9coupe de la mousse \u00e0 m\u00e9moire EVA, densit\u00e9 45D\u00b15, adapt\u00e9e \u00e0 la distribution des diff\u00e9rentes pressions exerc\u00e9es par les chaussures. Mise au point d'un syst\u00e8me de cloison \u00e0 trois canaux :<\/li>\n<li>Cabine principale : Mod\u00e9lisation par balayage 3D, erreur &lt;0,5 mm<\/li>\n<li>Zone d'accessoires : tableau de s\u00e9paration magn\u00e9tique, possibilit\u00e9 de combiner jusqu'\u00e0 12 types d'objets.<\/li>\n<li>Couche s\u00e8che : implant\u00e9e avec de la fibre de carbone activ\u00e9e, plage de contr\u00f4le de l'humidit\u00e9 40%-60%RH<\/li>\n<\/ol>\n<h2 id=\"-advantages-of-china-s-source-factory-\"><strong>Avantages de l'usine source chinoise<\/strong><\/h2>\n<ol>\n<li><strong>Garantie d'une cha\u00eene d'approvisionnement flexible<\/strong> 50 unit\u00e9s d'impression Heidelberg Speedmaster allemandes, permettant des commandes flexibles de 500 \u00e0 10 000 000 de pi\u00e8ces. \u00c9preuve ultra-rapide en 48 heures, avec effet de maquette en 3D et double confirmation de la bo\u00eete d'\u00e9chantillon physique. Service de conception gratuit :<\/li>\n<li>Plan d'adaptation de la marque VI (y compris 5 versions de propositions)<\/li>\n<li>Rapport d'essai de simulation de transport (norme ISTA 3A)<\/li>\n<li>Liste de comptabilisation de l'empreinte carbone (conforme \u00e0 la certification EPD)<\/li>\n<\/ol>","protected":false},"excerpt":{"rendered":"<p>1. La bo\u00eete \u00e0 papier du tiroir s'ouvre en coulissant, ce qui est un bon choix pour \u00e9quilibrer la fonctionnalit\u00e9 et l'esth\u00e9tique.<br \/>\n2. Les accessoires en ruban jouent un r\u00f4le important dans la d\u00e9coration, l'image de marque et les applications fonctionnelles en raison de leur diversit\u00e9 et de leur praticit\u00e9.<br \/>\n3. Le type de bo\u00eete, la taille, le mat\u00e9riau, la conception et le processus d'impression de surface peuvent \u00eatre hautement personnalis\u00e9s pour s'adapter \u00e0 votre emballage de chaussures de sport en tissu.<\/p>","protected":false},"featured_media":8696,"template":"","meta":[],"product_brand":[],"product_cat":[30,414,31,426],"product_tag":[953,952,954],"class_list":{"0":"post-8691","1":"product","2":"type-product","3":"status-publish","4":"has-post-thumbnail","6":"product_cat-by-industry","7":"product_cat-custom-apparel-boxes","8":"product_cat-paper-box-style","9":"product_cat-paper-drawer-boxes","10":"product_tag-athletic-sleeve-packaging-box","11":"product_tag-custom-towel-packaging","12":"product_tag-shoe-packaging-box-wholesale","14":"first","15":"instock","16":"shipping-taxable","17":"product-type-simple"},"_links":{"self":[{"href":"https:\/\/zojopackaging.com\/fr\/wp-json\/wp\/v2\/product\/8691","targetHints":{"allow":["GET"]}}],"collection":[{"href":"https:\/\/zojopackaging.com\/fr\/wp-json\/wp\/v2\/product"}],"about":[{"href":"https:\/\/zojopackaging.com\/fr\/wp-json\/wp\/v2\/types\/product"}],"version-history":[{"count":1,"href":"https:\/\/zojopackaging.com\/fr\/wp-json\/wp\/v2\/product\/8691\/revisions"}],"predecessor-version":[{"id":8698,"href":"https:\/\/zojopackaging.com\/fr\/wp-json\/wp\/v2\/product\/8691\/revisions\/8698"}],"wp:featuredmedia":[{"embeddable":true,"href":"https:\/\/zojopackaging.com\/fr\/wp-json\/wp\/v2\/media\/8696"}],"wp:attachment":[{"href":"https:\/\/zojopackaging.com\/fr\/wp-json\/wp\/v2\/media?parent=8691"}],"wp:term":[{"taxonomy":"product_brand","embeddable":true,"href":"https:\/\/zojopackaging.com\/fr\/wp-json\/wp\/v2\/product_brand?post=8691"},{"taxonomy":"product_cat","embeddable":true,"href":"https:\/\/zojopackaging.com\/fr\/wp-json\/wp\/v2\/product_cat?post=8691"},{"taxonomy":"product_tag","embeddable":true,"href":"https:\/\/zojopackaging.com\/fr\/wp-json\/wp\/v2\/product_tag?post=8691"}],"curies":[{"name":"wp","href":"https:\/\/api.w.org\/{rel}","templated":true}]}}