{"id":8699,"date":"2025-03-29T20:43:56","date_gmt":"2025-03-29T12:43:56","guid":{"rendered":"https:\/\/zojopackaging.com\/?post_type=product&#038;p=8699"},"modified":"2025-03-29T21:48:00","modified_gmt":"2025-03-29T13:48:00","slug":"premium-gourmet-assorted-chocolates-truffles-candy-gift-box","status":"publish","type":"product","link":"https:\/\/zojopackaging.com\/fr\/product\/premium-gourmet-assorted-chocolates-truffles-candy-gift-box\/","title":{"rendered":"Coffret de chocolats assortis Premium Gourmet Truffes Bonbons"},"content":{"rendered":"<h2 id=\"-product-description-of-premium-gourmet-assorted-chocolate-truffle-candy-gift-box-\"><strong>Description du produit Premium Gourmet Assorted Chocolate Truffle Candy Gift Box<\/strong><\/h2>\n<h3 id=\"2-special-paper-material-and-surface-technology-luxurious-tactile-and-visual-experience\">1. Papier sp\u00e9cial et technologie de surface : exp\u00e9rience tactile et visuelle luxueuse<\/h3>\n<p>Le coffret cadeau utilise\u00a0<strong>substrat en papier sp\u00e9cial import\u00e9<\/strong>Les emballages sont fabriqu\u00e9s \u00e0 partir d'une vari\u00e9t\u00e9 de papiers, tels que le papier cuir de litchi, le papier perl\u00e9 ou le papier tiss\u00e9, avec une texture de cuir naturel ou de m\u00e9tal mat \u00e0 la surface. Gr\u00e2ce au gaufrage, \u00e0 l'estampage \u00e0 chaud, aux UV partiels et \u00e0 d'autres proc\u00e9d\u00e9s, un effet de relief tridimensionnel est cr\u00e9\u00e9, comme une texture de calligraphie ou des lignes dor\u00e9es, ce qui conf\u00e8re \u00e0 l'emballage une connotation culturelle et une valeur artistique. Les mat\u00e9riaux papier sont tous certifi\u00e9s FSC, respectueux de l'environnement et recyclables, en tenant compte du sens du luxe et du concept de d\u00e9veloppement durable.<\/p>\n<h3 id=\"3-highly-customized-service-all-round-adaptation-from-box-type-to-lining\">2. Service hautement personnalis\u00e9 : adaptation compl\u00e8te du type de bo\u00eete au rev\u00eatement int\u00e9rieur<\/h3>\n<ol>\n<li><strong>Personnalisation flexible du type et de la taille de la bo\u00eete<\/strong>Les truffes en chocolat peuvent \u00eatre dispos\u00e9es de diff\u00e9rentes mani\u00e8res : couvercle sup\u00e9rieur et inf\u00e9rieur, tiroir, d\u00e9coupe de forme sp\u00e9ciale, etc., afin de s'adapter aux exigences de disposition des truffes en chocolat de diff\u00e9rentes sp\u00e9cifications (diam\u00e8tre de 15 \u00e0 30 mm, par exemple).<\/li>\n<li><strong>Processus d'impression de surface<\/strong>: rev\u00eatement optionnel en polyur\u00e9thane \u00e0 base d'eau (imperm\u00e9able \u00e0 l'eau et \u00e0 l'huile), gravure au laser, impression de grilles en 3D, etc. par exemple, l'\u00e9paisseur du rev\u00eatement atteint 8g\/\u33a1, et la r\u00e9sistance aux rayures est am\u00e9lior\u00e9e de 200%.<\/li>\n<li><strong>Solution de rev\u00eatement sur mesure<\/strong>Les moules sont fabriqu\u00e9s en coton perl\u00e9 EVA ou EPE de qualit\u00e9 alimentaire, avec une ouverture de moule pr\u00e9cise gr\u00e2ce \u00e0 la technologie de balayage 3D, afin d'obtenir un positionnement et une fixation ind\u00e9pendants des bonbons \u00e0 la truffe, une excellente performance de tamponnage et un coefficient sismique de 320kPa.<\/li>\n<\/ol>\n<h3 id=\"4-folding-structure-and-logistics-optimization-efficient-warehousing-and-low-cost-transportation\">3. Structure de pliage et optimisation de la logistique : entreposage efficace et transport \u00e0 faible co\u00fbt<\/h3>\n<p>Le coffret cadeau adopte\u00a0<strong>conception de pliage aplatissable<\/strong>Ce syst\u00e8me permet de r\u00e9duire le volume des bo\u00eetes vides de 70% et d'augmenter le taux d'utilisation de l'espace de stockage de 50%. Lors de l'empilage, la conception de la nervure de renforcement inf\u00e9rieure peut supporter une charge de 15 kg, ce qui convient au processus d'emballage de la ligne de production automatis\u00e9e. Il est compatible avec les palettes de taille standard pendant le transport, ce qui r\u00e9duit les co\u00fbts logistiques de 20%-30%.<\/p>\n<h3 id=\"5-triple-protection-process-all-round-guarantee-of-product-quality\">4. Processus de triple protection : garantie totale de la qualit\u00e9 du produit<\/h3>\n<ol>\n<li><strong>Technologie des rev\u00eatements de surface<\/strong>Le rev\u00eatement en polyur\u00e9thane \u00e0 base d'eau est utilis\u00e9 pour former une barri\u00e8re imperm\u00e9able de niveau nanom\u00e9trique. Les performances en mati\u00e8re d'\u00e9tanch\u00e9it\u00e9 \u00e0 l'humidit\u00e9 sont conformes au test 90% de 48 heures et bloquent efficacement la p\u00e9n\u00e9tration de la vapeur d'eau.<\/li>\n<\/ol>\n<h3 id=\"vi-advantages-of-china-s-source-factory-one-stop-service-and-cost-advantage\">5. Avantages de l'usine d'origine chinoise : service \u00e0 guichet unique et avantage en termes de co\u00fbts<\/h3>\n<p>En tant que\u00a0<strong>L'usine d'emballage source de la Chine<\/strong>Nous fournissons :<\/p>\n<ul>\n<li><strong>\u00c9chantillons et dessins gratuits<\/strong>: Le prototypage est r\u00e9alis\u00e9 dans un d\u00e9lai de trois jours ouvrables, et la g\u00e9n\u00e9ration d'une conception intelligente par l'IA est prise en charge.<\/li>\n<li><strong>Production flexible<\/strong>: Prise en charge d'une commande minimale de 100 bo\u00eetes, et le prix est 30%-40% inf\u00e9rieur \u00e0 celui des produits similaires sur le march\u00e9.<\/li>\n<li><strong>Inspection de la qualit\u00e9 de l'ensemble du processus<\/strong>: Certifi\u00e9 ISO 22000 pour la s\u00e9curit\u00e9 alimentaire, et le mat\u00e9riau de la doublure est conforme aux normes de la FDA.<\/li>\n<\/ul>\n<p><strong>Personnalisez d\u00e8s maintenant votre coffret cadeau exclusif<\/strong>\u00a0Contactez-nous pour obtenir des \u00e9chantillons gratuits et des solutions de conception, renforcez la valeur de votre marque gr\u00e2ce \u00e0 des emballages extr\u00eames et faites de chaque truffe au chocolat une \u0153uvre d'art qui transmet votre c\u0153ur.<\/p>","protected":false},"excerpt":{"rendered":"<p>1. La bo\u00eete d'emballage \u00e0 double porte pr\u00e9sente une ouverture sym\u00e9trique unique, ce qui cr\u00e9e un avantage diff\u00e9renci\u00e9 en termes de fonctionnalit\u00e9 et de pr\u00e9sentation visuelle.<br \/>\n2. Papier sp\u00e9cial avec des lignes de texture sp\u00e9ciales, d'aspect luxueux et haut de gamme, qui renforce l'effet de la marque.<br \/>\n3. Le type de bo\u00eete, la taille, le mat\u00e9riau, la conception et le processus d'impression de surface peuvent \u00eatre hautement personnalis\u00e9s pour r\u00e9pondre \u00e0 votre emballage de truffes au chocolat assorties.<\/p>","protected":false},"featured_media":8700,"template":"","meta":[],"product_brand":[],"product_cat":[30,422,428,31],"product_tag":[956,955,957],"class_list":{"0":"post-8699","1":"product","2":"type-product","3":"status-publish","4":"has-post-thumbnail","6":"product_cat-by-industry","7":"product_cat-custom-gourmet-boxes-by-industry","8":"product_cat-irregular-shaped-gift-boxes","9":"product_cat-paper-box-style","10":"product_tag-chocolates-candy-gift-box","11":"product_tag-premium-chocolates-gift-box","12":"product_tag-truffles-candy-gift-box","14":"first","15":"instock","16":"shipping-taxable","17":"product-type-simple"},"_links":{"self":[{"href":"https:\/\/zojopackaging.com\/fr\/wp-json\/wp\/v2\/product\/8699","targetHints":{"allow":["GET"]}}],"collection":[{"href":"https:\/\/zojopackaging.com\/fr\/wp-json\/wp\/v2\/product"}],"about":[{"href":"https:\/\/zojopackaging.com\/fr\/wp-json\/wp\/v2\/types\/product"}],"version-history":[{"count":1,"href":"https:\/\/zojopackaging.com\/fr\/wp-json\/wp\/v2\/product\/8699\/revisions"}],"predecessor-version":[{"id":8707,"href":"https:\/\/zojopackaging.com\/fr\/wp-json\/wp\/v2\/product\/8699\/revisions\/8707"}],"wp:featuredmedia":[{"embeddable":true,"href":"https:\/\/zojopackaging.com\/fr\/wp-json\/wp\/v2\/media\/8700"}],"wp:attachment":[{"href":"https:\/\/zojopackaging.com\/fr\/wp-json\/wp\/v2\/media?parent=8699"}],"wp:term":[{"taxonomy":"product_brand","embeddable":true,"href":"https:\/\/zojopackaging.com\/fr\/wp-json\/wp\/v2\/product_brand?post=8699"},{"taxonomy":"product_cat","embeddable":true,"href":"https:\/\/zojopackaging.com\/fr\/wp-json\/wp\/v2\/product_cat?post=8699"},{"taxonomy":"product_tag","embeddable":true,"href":"https:\/\/zojopackaging.com\/fr\/wp-json\/wp\/v2\/product_tag?post=8699"}],"curies":[{"name":"wp","href":"https:\/\/api.w.org\/{rel}","templated":true}]}}