{"id":8708,"date":"2025-03-29T21:48:29","date_gmt":"2025-03-29T13:48:29","guid":{"rendered":"https:\/\/zojopackaging.com\/?post_type=product&#038;p=8708"},"modified":"2025-03-31T10:38:49","modified_gmt":"2025-03-31T02:38:49","slug":"premium-custom-coffee-magnetic-closure-gift-boxes","status":"publish","type":"product","link":"https:\/\/zojopackaging.com\/fr\/product\/premium-custom-coffee-magnetic-closure-gift-boxes\/","title":{"rendered":"Bo\u00eetes cadeaux \u00e0 fermeture magn\u00e9tique pour le caf\u00e9, personnalis\u00e9es et de qualit\u00e9 sup\u00e9rieure"},"content":{"rendered":"<h2 id=\"-product-description-of-advanced-customized-coffee-magnetic-gift-box-\">Bo\u00eetes cadeaux \u00e0 fermeture magn\u00e9tique pour le caf\u00e9, personnalis\u00e9es et de qualit\u00e9 sup\u00e9rieure<\/h2>\n<h3 id=\"-1-innovative-magnetic-embedded-design-\"><strong>1. Conception innovante des bo\u00eetes \u00e0 fermeture magn\u00e9tique<\/strong><\/h3>\n<p>Ce produit adopte une conception de bo\u00eetes \u00e0 fermeture magn\u00e9tique, et la structure magn\u00e9tique est cach\u00e9e \u00e0 l'int\u00e9rieur du corps de la bo\u00eete, ce qui \u00e9vite les d\u00e9fauts des aimants apparents traditionnels qui sont faciles \u00e0 user et affectent l'apparence. L'ouverture et la fermeture magn\u00e9tiques sont fluides et stables, ce qui am\u00e9liore le confort d'utilisation et prolonge la dur\u00e9e de vie de l'emballage. Il convient aux sc\u00e8nes d'ouverture et de fermeture de cadeaux \u00e0 haute fr\u00e9quence.<\/p>\n<h3 id=\"-2-strong-and-environmentally-friendly-material-\"><strong>2. Mat\u00e9riau solide et respectueux de l'environnement<\/strong><\/h3>\n<p>Le corps de la bo\u00eete adopte la technologie composite du papier carton gris \u00e0 haut grammage 1200 GSM et du papier couch\u00e9 157 GSM, qui pr\u00e9sente \u00e0 la fois une r\u00e9sistance \u00e0 la pression et une durabilit\u00e9, une excellente capacit\u00e9 de charge et peut r\u00e9sister \u00e0 la pression du transport sur de longues distances. Le mat\u00e9riau est conforme aux normes de protection de l'environnement, le papier carton gris est recyclable et d\u00e9gradable, et l'impression sur papier couch\u00e9 est expressive, tenant compte de la durabilit\u00e9 et de la texture haut de gamme.<\/p>\n<h3 id=\"-3-double-sided-high-definition-printing-technology-\"><strong>3. Technologie d'impression haute d\u00e9finition recto-verso<\/strong><\/h3>\n<p>Gr\u00e2ce au processus d'impression recto-verso, le logo de la marque, les informations sur le produit et les motifs artistiques sont pr\u00e9sent\u00e9s avec pr\u00e9cision sur la surface du corps de la bo\u00eete, avec des couleurs d'accompagnement Pantone, un vernis local UV et d'autres processus pour am\u00e9liorer l'impact visuel et la reconnaissance de la marque. Par exemple, le couvercle de la bo\u00eete peut \u00eatre imprim\u00e9 avec l'histoire de l'origine du caf\u00e9, et le fond de la bo\u00eete peut afficher le guide d'infusion pour transmettre la valeur de la marque dans toutes les directions.<\/p>\n<h3 id=\"-4-highly-flexible-customization-scheme-\"><strong>4. Sch\u00e9ma de personnalisation tr\u00e8s souple<\/strong><\/h3>\n<ul>\n<li><strong>Type et taille de la bo\u00eete<\/strong>: Il prend en charge diverses structures telles que les couvercles sup\u00e9rieurs et inf\u00e9rieurs, les bo\u00eetes en forme de livre, les bo\u00eetes \u00e0 tiroirs (telles que les bo\u00eetes \u00e0 tubes et \u00e0 disques), et convient \u00e0 diff\u00e9rentes formes de produits telles que les capsules de caf\u00e9, les sacs d'oreilles suspendus, les grains de caf\u00e9, etc.<\/li>\n<li><strong>Couleur et mat\u00e9riau<\/strong>: Les effets de surface peuvent \u00eatre mats, brillants, marqu\u00e9s \u00e0 chaud\/argent\u00e9s, gaufr\u00e9s et autres, et le mat\u00e9riau peut \u00eatre choisi parmi le papier couch\u00e9, le papier d'art, etc. pour r\u00e9pondre aux besoins des cadeaux d'affaires ou des th\u00e8mes de vacances.<\/li>\n<li><strong>Effet d'impression<\/strong>: La combinaison de l'impression num\u00e9rique et de la s\u00e9rigraphie permet d'obtenir des motifs complexes tels que les d\u00e9grad\u00e9s et la st\u00e9r\u00e9oscopie en 3D, qui conviennent au ton de la marque.<\/li>\n<\/ul>\n<h3 id=\"-5-precisely-fit-eva-shockproof-lining-\"><strong>5. Doublure antichoc EVA ajust\u00e9e avec pr\u00e9cision<\/strong><\/h3>\n<p>Doublure en mousse EVA personnalis\u00e9e en fonction de la taille du produit, avec une densit\u00e9 optionnelle de 25\u00b0-50\u00b0, par d\u00e9coupe CNC pour assurer une adaptation parfaite aux produits de caf\u00e9, r\u00e9duire les vibrations de transport et le gaspillage d'espace. Le rev\u00eatement supporte le traitement antistatique, qui convient aux besoins de protection des accessoires \u00e9lectroniques de caf\u00e9 (tels que les accessoires de cafeti\u00e8res \u00e0 main).<\/p>\n<h3 id=\"-6-triple-protection-lamination-process-\"><strong>6. Proc\u00e9d\u00e9 de pelliculage \u00e0 triple protection<\/strong><\/h3>\n<p>La surface adopte une technologie de laminage de niveau nanom\u00e9trique, qui a des fonctions d'imperm\u00e9abilit\u00e9 \u00e0 l'eau, \u00e0 l'huile et \u00e0 l'humidit\u00e9, r\u00e9siste efficacement aux \u00e9claboussures de liquides et \u00e0 l'environnement humide, et prot\u00e8ge l'impression du corps de la bo\u00eete de la d\u00e9coloration et de la d\u00e9formation. Ce proc\u00e9d\u00e9 permet \u00e9galement d'am\u00e9liorer la r\u00e9sistance \u00e0 l'usure de la surface et de prolonger la dur\u00e9e de stockage des bo\u00eetes cadeaux dans les entrep\u00f4ts et les services logistiques.<\/p>\n<h3 id=\"-7-fully-automated-and-efficient-production-\"><strong>7. Production enti\u00e8rement automatis\u00e9e et efficace<\/strong><\/h3>\n<p>S'appuyant sur une ligne de production enti\u00e8rement automatique, elle atteint une capacit\u00e9 de production quotidienne de 10 millions de pi\u00e8ces (10 000 000 pcs), couvrant la d\u00e9coupe, le laminage, l'assemblage magn\u00e9tique, le laminage de la doublure et d'autres processus. Gr\u00e2ce au syst\u00e8me de contr\u00f4le intelligent PLC et \u00e0 l'\u00e9quipement d'inspection visuelle, nous garantissons que la pr\u00e9cision de la production et le taux de rendement atteignent 99,5%, r\u00e9pondant ainsi aux besoins des commandes urgentes et des livraisons \u00e0 grande \u00e9chelle.<\/p>\n<h3 id=\"-8-advantageous-service-of-the-source-factory-\"><strong>8. Service avantageux de l'usine d'origine<\/strong><\/h3>\n<p>En tant qu'usine source d'emballages de caf\u00e9 en Chine, nous fournissons :<\/p>\n<ul>\n<li><strong>\u00c9chantillons et dessins gratuits<\/strong>: Une \u00e9quipe professionnelle fournit des projets de conception en 3D dans un d\u00e9lai d'un jour, des \u00e9chantillons physiques sont envoy\u00e9s dans un d\u00e9lai de deux jours et des ajustements personnalis\u00e9s sont possibles.<\/li>\n<li><strong>Optimisation des co\u00fbts<\/strong>: L'approvisionnement \u00e0 grande \u00e9chelle et la production automatis\u00e9e r\u00e9duisent les co\u00fbts, et le prix de la m\u00eame qualit\u00e9 est 30% inf\u00e9rieur \u00e0 celui du march\u00e9.<\/li>\n<li><strong>Une solution unique<\/strong>: De la conception de l'emballage \u00e0 la s\u00e9lection des mat\u00e9riaux, en passant par la logistique et la distribution, l'ensemble du service garantit que le projet est mis en \u0153uvre dans les d\u00e9lais impartis.<\/li>\n<\/ul>\n<p><strong>Sc\u00e9nario d'application<\/strong><\/p>\n<ul>\n<li><strong>Cadeau d'affaires<\/strong>: L'ouverture et la fermeture magn\u00e9tiques soulignent le sens de la c\u00e9r\u00e9monie, et la combinaison du syst\u00e8me de couleurs VI de l'entreprise renforce l'image de la marque.<\/li>\n<li><strong>Bo\u00eete cadeau pour les f\u00eates de fin d'ann\u00e9e<\/strong>: Mod\u00e8le de th\u00e8me de vacances personnalis\u00e9, la doublure convient \u00e0 une combinaison de produits de caf\u00e9 de sp\u00e9cifications multiples.<\/li>\n<li><strong>Commerce \u00e9lectronique de d\u00e9tail<\/strong>: Le rev\u00eatement imperm\u00e9able et le rev\u00eatement antisismique garantissent la s\u00e9curit\u00e9 du transport et r\u00e9duisent le taux de perte apr\u00e8s-vente.<\/li>\n<\/ul>\n<p><strong>Agir maintenant<\/strong>\u00a0Contactez l'usine source en Chine, obtenez des \u00e9chantillons gratuits et des solutions de conception, et commencez votre voyage de personnalisation d'emballage de caf\u00e9 haut de gamme !<\/p>","protected":false},"excerpt":{"rendered":"<p>1. Bo\u00eete d'emballage magn\u00e9tique, avec aimant int\u00e9gr\u00e9 pour \u00e9viter l'usure externe.<br \/>\n2. Fabriqu\u00e9 en carton gris 1200 GSM et en papier d'art couch\u00e9 157 GSM, durable et respectueux de l'environnement.<br \/>\n3. L'impression recto-verso permet d'imprimer les informations sur le produit et le logo de la marque sur la surface de la bo\u00eete afin de renforcer l'effet de la marque.<\/p>","protected":false},"featured_media":8713,"template":"","meta":[],"product_brand":[],"product_cat":[30,422,424,31],"product_tag":[959,958,960],"class_list":{"0":"post-8708","1":"product","2":"type-product","3":"status-publish","4":"has-post-thumbnail","6":"product_cat-by-industry","7":"product_cat-custom-gourmet-boxes-by-industry","8":"product_cat-magnetic-closure-boxes","9":"product_cat-paper-box-style","10":"product_tag-coffee-magnetic-closure-boxes","11":"product_tag-custom-coffee-boxes","12":"product_tag-premium-coffee-gift-boxes","14":"first","15":"instock","16":"shipping-taxable","17":"product-type-simple"},"_links":{"self":[{"href":"https:\/\/zojopackaging.com\/fr\/wp-json\/wp\/v2\/product\/8708","targetHints":{"allow":["GET"]}}],"collection":[{"href":"https:\/\/zojopackaging.com\/fr\/wp-json\/wp\/v2\/product"}],"about":[{"href":"https:\/\/zojopackaging.com\/fr\/wp-json\/wp\/v2\/types\/product"}],"version-history":[{"count":3,"href":"https:\/\/zojopackaging.com\/fr\/wp-json\/wp\/v2\/product\/8708\/revisions"}],"predecessor-version":[{"id":8728,"href":"https:\/\/zojopackaging.com\/fr\/wp-json\/wp\/v2\/product\/8708\/revisions\/8728"}],"wp:featuredmedia":[{"embeddable":true,"href":"https:\/\/zojopackaging.com\/fr\/wp-json\/wp\/v2\/media\/8713"}],"wp:attachment":[{"href":"https:\/\/zojopackaging.com\/fr\/wp-json\/wp\/v2\/media?parent=8708"}],"wp:term":[{"taxonomy":"product_brand","embeddable":true,"href":"https:\/\/zojopackaging.com\/fr\/wp-json\/wp\/v2\/product_brand?post=8708"},{"taxonomy":"product_cat","embeddable":true,"href":"https:\/\/zojopackaging.com\/fr\/wp-json\/wp\/v2\/product_cat?post=8708"},{"taxonomy":"product_tag","embeddable":true,"href":"https:\/\/zojopackaging.com\/fr\/wp-json\/wp\/v2\/product_tag?post=8708"}],"curies":[{"name":"wp","href":"https:\/\/api.w.org\/{rel}","templated":true}]}}